{"id":5705,"date":"2026-01-14T12:57:19","date_gmt":"2026-01-14T12:57:19","guid":{"rendered":"https:\/\/turkishtrade.co\/product\/mens-leather-suede-boots\/"},"modified":"2026-04-09T19:26:33","modified_gmt":"2026-04-09T19:26:33","slug":"mens-leather-suede-boots","status":"publish","type":"product","link":"https:\/\/turkishtrade.co\/tr\/shop\/mens-leather-suede-boots\/","title":{"rendered":"Premium Erkek Kahverengi Deri S\u00fcet Ayak Bile\u011fi Botu"},"content":{"rendered":"<p><strong>Erkek Deri S\u00fcet Bot<\/strong><\/p>\n<p>Premium \u00fcr\u00fcnlerimizle sofistike bir ad\u0131m at\u0131n <strong>Erkek Deri S\u00fcet Bot<\/strong>, modern beyefendiler i\u00e7in titizlikle \u00fcretilmi\u015ftir. Klasik \u015f\u0131kl\u0131\u011f\u0131 \u00e7a\u011fda\u015f konforla harmanlayan bu zarif yar\u0131m botlar, her se\u00e7kin gard\u0131robun vazge\u00e7ilmez bir par\u00e7as\u0131d\u0131r. Hem dayan\u0131kl\u0131l\u0131k hem de stil i\u00e7in tasarlanan <strong>erkek deri s\u00fcet botlar<\/strong> g\u00fcnl\u00fck i\u015f hayat\u0131ndan hafta sonu maceralar\u0131na kadar \u00e7ok \u00e7e\u015fitli durumlar i\u00e7in m\u00fckemmeldir.<\/p>\n<p><h3>Rakipsiz \u0130\u015f\u00e7ilik ve Birinci S\u0131n\u0131f Malzemeler<\/h3>\n<\/p>\n<p>Bu ola\u011fan\u00fcst\u00fc \u00e7iftlerin her biri <strong>erkek deri s\u00fcet botlar<\/strong> \u00fcst\u00fcn i\u015f\u00e7ili\u011fin bir kan\u0131t\u0131d\u0131r. D\u0131\u015f k\u0131s\u0131m, tabanda zengin kahverengi dana derisinin l\u00fcks bir kombinasyonuna sahiptir ve yumu\u015fak, dokunsal kahverengi s\u00fcet saya ile m\u00fckemmel bir \u015fekilde tamamlanan cilal\u0131 ve yap\u0131land\u0131r\u0131lm\u0131\u015f bir g\u00f6r\u00fcn\u00fcm sa\u011flar. Dokular\u0131n bu \u00f6zenli kar\u0131\u015f\u0131m\u0131 g\u00f6rsel olarak \u00e7ekici bir kontrast yarat\u0131r ve botlar\u0131n genel zarafetini art\u0131r\u0131r.<\/p>\n<p>\u0130\u00e7 k\u0131s\u0131mda, do\u011fal olarak nefes alabilen ve aya\u011f\u0131n\u0131za \u00f6zel bir uyum i\u00e7in kal\u0131planan esnek ke\u00e7i derisi astar sayesinde ayaklar\u0131n\u0131z benzersiz bir konfor ya\u015fayacak. Sa\u011flam EVA taban sadece m\u00fckemmel yast\u0131klama ve \u015fok emilimi sa\u011flamakla kalmaz, ayn\u0131 zamanda uzun s\u00fcreli a\u015f\u0131nma ve g\u00fcvenilir \u00e7eki\u015f sa\u011flar. <strong>erkek deri s\u00fcet botlar<\/strong> g\u00fcnl\u00fck kullan\u0131m i\u00e7in ak\u0131ll\u0131 bir yat\u0131r\u0131m.<\/p>\n<p><h3>\u00c7ok Y\u00f6nl\u00fc Stil ve Konfor<\/h3>\n<\/p>\n<p>Kahverengi deri ve s\u00fcet ayak bile\u011fi botlar\u0131m\u0131z, klasik cazibeyi yans\u0131tan zamans\u0131z bir burun tasar\u0131m\u0131na sahiptir. Toprak tonlar\u0131 bu botlar\u0131 inan\u0131lmaz derecede \u00e7ok y\u00f6nl\u00fc k\u0131lar, rahat bir g\u00f6r\u00fcn\u00fcm i\u00e7in denimlerle zahmetsizce e\u015fle\u015fir veya daha zarif bir topluluk i\u00e7in chino pantolonlar\u0131 ve \u00f6zel pantolonlar\u0131 tamamlar. \u00d6zenle tasarlanm\u0131\u015f tasar\u0131m, do\u011fal ayak hareketini destekleyen rahat topuk y\u00fcksekli\u011fi (1-3 cm) ile kullan\u0131m kolayl\u0131\u011f\u0131 sa\u011flar.<\/p>\n<p>M\u00fckemmel uyumun \u00f6nemini biliyoruz, bu nedenle bu botlar 39'dan 45'e kadar geni\u015f bir Avrupa beden yelpazesinde mevcuttur ve her m\u00fc\u015fterinin ideal \u00e7iftini bulabilmesini sa\u011flar.<\/p>\n<p><h3>Toptan Sat\u0131\u015f F\u0131rsatlar\u0131<\/h3>\n<\/p>\n<p>Y\u00fcksek kaliteli ayakkab\u0131 arayan perakendeciler ve i\u015fletmeler i\u00e7in bu <strong>erkek deri s\u00fcet botlar<\/strong> m\u00fckemmel bir se\u00e7imdir. Toplu sipari\u015fler i\u00e7in minimum 8 \u00e7ift sipari\u015f miktar\u0131 ile rekabet\u00e7i fiyatlar sunuyoruz. Verimli \u00fcretim ve teslimat s\u00fcrecimiz, sipari\u015finizin nakliye i\u00e7in ek s\u00fcre ile birlikte yakla\u015f\u0131k 12 g\u00fcn i\u00e7inde sevkiyata haz\u0131r olmas\u0131n\u0131 sa\u011flar.<\/p>\n<p>M\u00fc\u015fterilerinize piyasada \u00f6ne \u00e7\u0131kan birinci s\u0131n\u0131f, \u015f\u0131k ve rahat ayakkab\u0131lar sunmak i\u00e7in bizimle i\u015f ortakl\u0131\u011f\u0131 yap\u0131n. Bir \u00e7ift ayakkab\u0131m\u0131za yat\u0131r\u0131m yap\u0131n <strong>erkek deri s\u00fcet botlar<\/strong> Bug\u00fcn koleksiyonumuzu di\u011ferlerinden ay\u0131ran stil, konfor ve dayan\u0131kl\u0131l\u0131k kar\u0131\u015f\u0131m\u0131n\u0131 deneyimleyin.<\/p>","protected":false},"excerpt":{"rendered":"<ul>\n<li>L\u00fcks Dana Derisi d\u0131\u015f y\u00fczeyi ve yumu\u015fak Ke\u00e7i Derisi i\u00e7 k\u0131sm\u0131 ile ustal\u0131kla \u00fcretilmi\u015ftir.<\/li>\n<li>\u00dcst\u00fcn konfor ve destek i\u00e7in dayan\u0131kl\u0131 ve hafif EVA tabana sahiptir.<\/li>\n<li>P\u00fcr\u00fczs\u00fcz kahverengi deri ile zengin kahverengi s\u00fceti birle\u015ftiren zarif iki tonlu tasar\u0131m.<\/li>\n<li>Kapsaml\u0131 bir beden yelpazesinde mevcuttur: AB 39, 40, 41, 42, 43, 44, 45.<\/li>\n<li>Minimum sipari\u015f miktar\u0131: 8 \u00e7ift, toptan ve toplu al\u0131c\u0131lar i\u00e7in idealdir.<\/li>\n<li>Tahmini teslimat 12 g\u00fcn i\u00e7inde, art\u0131 nakliye s\u00fcresi.<\/li>\n<\/ul>","protected":false},"featured_media":3823,"template":"","meta":{"_acf_changed":false,"_uag_custom_page_level_css":"","site-sidebar-layout":"default","site-content-layout":"","ast-site-content-layout":"default","site-content-style":"default","site-sidebar-style":"default","ast-global-header-display":"","ast-banner-title-visibility":"","ast-main-header-display":"","ast-hfb-above-header-display":"","ast-hfb-below-header-display":"","ast-hfb-mobile-header-display":"","site-post-title":"","ast-breadcrumbs-content":"","ast-featured-img":"","footer-sml-layout":"","ast-disable-related-posts":"","theme-transparent-header-meta":"","adv-header-id-meta":"","stick-header-meta":"","header-above-stick-meta":"","header-main-stick-meta":"","header-below-stick-meta":"","astra-migrate-meta-layouts":"default","ast-page-background-enabled":"default","ast-page-background-meta":{"desktop":{"background-color":"var(--ast-global-color-4)","background-image":"","background-repeat":"repeat","background-position":"center center","background-size":"auto","background-attachment":"scroll","background-type":"","background-media":"","overlay-type":"","overlay-color":"","overlay-opacity":"","overlay-gradient":""},"tablet":{"background-color":"","background-image":"","background-repeat":"repeat","background-position":"center center","background-size":"auto","background-attachment":"scroll","background-type":"","background-media":"","overlay-type":"","overlay-color":"","overlay-opacity":"","overlay-gradient":""},"mobile":{"background-color":"","background-image":"","background-repeat":"repeat","background-position":"center center","background-size":"auto","background-attachment":"scroll","background-type":"","background-media":"","overlay-type":"","overlay-color":"","overlay-opacity":"","overlay-gradient":""}},"ast-content-background-meta":{"desktop":{"background-color":"var(--ast-global-color-5)","background-image":"","background-repeat":"repeat","background-position":"center center","background-size":"auto","background-attachment":"scroll","background-type":"","background-media":"","overlay-type":"","overlay-color":"","overlay-opacity":"","overlay-gradient":""},"tablet":{"background-color":"var(--ast-global-color-5)","background-image":"","background-repeat":"repeat","background-position":"center center","background-size":"auto","background-attachment":"scroll","background-type":"","background-media":"","overlay-type":"","overlay-color":"","overlay-opacity":"","overlay-gradient":""},"mobile":{"background-color":"var(--ast-global-color-5)","background-image":"","background-repeat":"repeat","background-position":"center center","background-size":"auto","background-attachment":"scroll","background-type":"","background-media":"","overlay-type":"","overlay-color":"","overlay-opacity":"","overlay-gradient":""}}},"product_brand":[],"product_cat":[52,47,430,40],"product_tag":[463,1009,202,1012,999,474,1005,438,437,997,476,461,472,471,1024],"class_list":{"0":"post-5705","1":"product","2":"type-product","3":"status-publish","4":"has-post-thumbnail","6":"product_cat-boots","7":"product_cat-classic","8":"product_cat-men","9":"product_cat-mens-shoes","10":"product_tag-ankle-boots","11":"product_tag-brown-boots","12":"product_tag-calf-leather","13":"product_tag-cap-toe-boots","14":"product_tag-casual-boots","15":"product_tag-comfortable-boots","16":"product_tag-durable-boots","17":"product_tag-eva-sole","18":"product_tag-goat-leather","19":"product_tag-handmade-boots","20":"product_tag-leather-boots","21":"product_tag-mens-boots","22":"product_tag-premium-boots","23":"product_tag-smart-casual-boots","24":"product_tag-suede-boots","25":"desktop-align-center","26":"tablet-align-center","27":"mobile-align-center","29":"first","30":"instock","31":"shipping-taxable","32":"purchasable","33":"product-type-variable","34":"has-default-attributes"},"acf":[],"uagb_featured_image_src":{"full":["https:\/\/turkishtrade.co\/wp-content\/uploads\/2026\/01\/2400EJOMN00445-CAMEL-X_12580.png",453,250,false],"thumbnail":["https:\/\/turkishtrade.co\/wp-content\/uploads\/2026\/01\/2400EJOMN00445-CAMEL-X_12580-150x150.png",150,150,true],"medium":["https:\/\/turkishtrade.co\/wp-content\/uploads\/2026\/01\/2400EJOMN00445-CAMEL-X_12580-300x166.png",300,166,true],"medium_large":["https:\/\/turkishtrade.co\/wp-content\/uploads\/2026\/01\/2400EJOMN00445-CAMEL-X_12580.png",453,250,false],"large":["https:\/\/turkishtrade.co\/wp-content\/uploads\/2026\/01\/2400EJOMN00445-CAMEL-X_12580.png",453,250,false],"1536x1536":["https:\/\/turkishtrade.co\/wp-content\/uploads\/2026\/01\/2400EJOMN00445-CAMEL-X_12580.png",453,250,false],"2048x2048":["https:\/\/turkishtrade.co\/wp-content\/uploads\/2026\/01\/2400EJOMN00445-CAMEL-X_12580.png",453,250,false],"trp-custom-language-flag":["https:\/\/turkishtrade.co\/wp-content\/uploads\/2026\/01\/2400EJOMN00445-CAMEL-X_12580-18x10.png",18,10,true],"woocommerce_thumbnail":["https:\/\/turkishtrade.co\/wp-content\/uploads\/2026\/01\/2400EJOMN00445-CAMEL-X_12580-400x250.png",400,250,true],"woocommerce_single":["https:\/\/turkishtrade.co\/wp-content\/uploads\/2026\/01\/2400EJOMN00445-CAMEL-X_12580.png",453,250,false],"woocommerce_gallery_thumbnail":["https:\/\/turkishtrade.co\/wp-content\/uploads\/2026\/01\/2400EJOMN00445-CAMEL-X_12580-100x100.png",100,100,true]},"uagb_author_info":{"display_name":"yaser olabi","author_link":"https:\/\/turkishtrade.co\/tr\/author\/"},"uagb_comment_info":0,"uagb_excerpt":"Expertly crafted with a luxurious Calf Leather exterior and soft Goat Leather interior. Features a durable and lightweight EVA sole for superior comfort and support. Elegant two-tone design combining smooth brown leather with rich brown suede. Available in a comprehensive range of sizes: EU 39, 40, 41, 42, 43, 44, 45. Minimum order quantity: 8&hellip;","_links":{"self":[{"href":"https:\/\/turkishtrade.co\/tr\/wp-json\/wp\/v2\/product\/5705","targetHints":{"allow":["GET"]}}],"collection":[{"href":"https:\/\/turkishtrade.co\/tr\/wp-json\/wp\/v2\/product"}],"about":[{"href":"https:\/\/turkishtrade.co\/tr\/wp-json\/wp\/v2\/types\/product"}],"wp:featuredmedia":[{"embeddable":true,"href":"https:\/\/turkishtrade.co\/tr\/wp-json\/wp\/v2\/media\/3823"}],"wp:attachment":[{"href":"https:\/\/turkishtrade.co\/tr\/wp-json\/wp\/v2\/media?parent=5705"}],"wp:term":[{"taxonomy":"product_brand","embeddable":true,"href":"https:\/\/turkishtrade.co\/tr\/wp-json\/wp\/v2\/product_brand?post=5705"},{"taxonomy":"product_cat","embeddable":true,"href":"https:\/\/turkishtrade.co\/tr\/wp-json\/wp\/v2\/product_cat?post=5705"},{"taxonomy":"product_tag","embeddable":true,"href":"https:\/\/turkishtrade.co\/tr\/wp-json\/wp\/v2\/product_tag?post=5705"}],"curies":[{"name":"wp","href":"https:\/\/api.w.org\/{rel}","templated":true}]}}