{"id":5702,"date":"2026-01-14T12:56:54","date_gmt":"2026-01-14T12:56:54","guid":{"rendered":"https:\/\/turkishtrade.co\/product\/mens-leather-brogue-chelsea-boot\/"},"modified":"2026-04-09T19:26:39","modified_gmt":"2026-04-09T19:26:39","slug":"mens-leather-brogue-chelsea-boot","status":"publish","type":"product","link":"https:\/\/turkishtrade.co\/tr\/shop\/mens-leather-brogue-chelsea-boot\/","title":{"rendered":"Toka Detayl\u0131 Erkek El Yap\u0131m\u0131 Deri Brogue Chelsea Bot"},"content":{"rendered":"<p><strong>Erkek Deri Brogue Chelsea \u00c7izme<\/strong><\/p>\n<p>Klasik tarz\u0131n ve modern sofistikeli\u011fin \u00f6z\u00fcn\u00fc zarif tasar\u0131mlar\u0131m\u0131zla ke\u015ffedin <strong>Erkek Deri Brogue Chelsea \u00c7izme<\/strong>. Titizlikle el i\u015f\u00e7ili\u011fiyle \u00fcretilen bu botlar, hem \u015f\u0131kl\u0131\u011fa hem de konfora de\u011fer veren se\u00e7ici beyefendiler i\u00e7in tasarlanm\u0131\u015ft\u0131r. Her bir \u00e7ift, geleneksel brogue detaylar\u0131n\u0131 bir Chelsea botun \u00e7a\u011fda\u015f \u00e7ekicili\u011fiyle harmanlayarak ola\u011fan\u00fcst\u00fc bir sanat sergiliyor ve onlar\u0131 her gard\u0131rop i\u00e7in \u00e7ok y\u00f6nl\u00fc bir eklenti haline getiriyor.<\/p>\n<p>Kaliteye olan ba\u011fl\u0131l\u0131\u011f\u0131m\u0131z malzemelerle ba\u015flar. Bu muhte\u015fem tasar\u0131m\u0131n d\u0131\u015f y\u00fczeyi <strong>Erkek Deri Brogue Chelsea \u00c7izme<\/strong> dayan\u0131kl\u0131l\u0131\u011f\u0131, l\u00fcks hissi ve zaman i\u00e7inde g\u00fczel bir patine geli\u015ftirme yetene\u011fi ile bilinen birinci s\u0131n\u0131f, zengin dana derisinden \u00fcretilmi\u015ftir.<\/p>\n<p>Yumu\u015fak ve nefes alabilen ke\u00e7i derisi astar sayesinde ayaklar\u0131n\u0131z i\u00e7 k\u0131s\u0131mda benzersiz bir konfor ya\u015fayacak. Bu kombinasyon sadece pel\u00fc\u015f bir i\u00e7 mekan de\u011fil, ayn\u0131 zamanda m\u00fckemmel havaland\u0131rma sa\u011flayarak ayaklar\u0131n\u0131z\u0131 g\u00fcn boyunca rahat tutar. Detaylara g\u00f6sterilen bu \u00f6zen, her bir ayakkab\u0131n\u0131n \u00fcst\u00fcn kalitesini tan\u0131mlar. <strong>Erkek Deri Brogue Chelsea \u00c7izme<\/strong> teklif ediyoruz.<\/p>\n<p><h3>Rakipsiz Tasar\u0131m ve Konfor<\/h3>\n<\/p>\n<p>Kendine \u00f6zg\u00fc brogue delikler zamans\u0131z bir \u00e7ekicilik katarken, Chelsea bot stilinin karakteristik \u00f6zelli\u011fi olan elastik yan paneller zahmetsizce giyilebilirlik ve tam oturu\u015f sa\u011flar. \u015e\u0131k toka detay\u0131, botun sofistike profilini zarif bir \u015fekilde geli\u015ftirerek onu s\u0131radan ayakkab\u0131lardan ay\u0131r\u0131r. Sa\u011flam ancak hafif EVA taban, \u00fcst\u00fcn yast\u0131klama ve \u00e7eki\u015f g\u00fcc\u00fc sunarak bu <strong>Erkek Deri Brogue Chelsea \u00c7izme<\/strong> \u00e7e\u015fitli araziler ve hava ko\u015fullar\u0131 i\u00e7in m\u00fckemmeldir.<\/p>\n<p>Klasik 1-3 cm topu\u011fa sahip bu botlar, kendinden emin ad\u0131mlar i\u00e7in ideal y\u00fckseli\u015fi sa\u011flar.<\/p>\n<p>39'dan 45'e kadar geni\u015f bir Avrupa beden yelpazesinde mevcut oldu\u011fundan, m\u00fckemmel uyumunuzu bulmak \u00e7ok kolay. \u0130ster bir i\u015f toplant\u0131s\u0131, ister rahat bir hafta sonu gezisi ya da \u00f6zel bir ak\u015fam etkinli\u011fi i\u00e7in giyiniyor olun, bu <strong>Erkek Deri Brogue Chelsea \u00c7izme<\/strong> e\u015fsizdir. Zarif esteti\u011fi, \u00f6zel tak\u0131m elbiseleri, \u015f\u0131k g\u00fcndelik k\u0131yafetleri ve hatta sofistike denimleri sorunsuz bir \u015fekilde tamamlamas\u0131na olanak tan\u0131r.<\/p>\n<p><h3>S\u00fcrd\u00fcr\u00fclebilir \u0130\u015f\u00e7ilik ve Toplu Bulunabilirlik<\/h3>\n<\/p>\n<p>S\u00fcrd\u00fcr\u00fclebilir i\u015f\u00e7ilikten gurur duyuyoruz ve bu birinci s\u0131n\u0131f botlar\u0131 en az 8 \u00e7iftten ba\u015flayan uygun toplu sat\u0131n alma se\u00e7enekleriyle sunuyoruz. Bu da bizim <strong>Erkek Deri Brogue Chelsea \u00c7izme<\/strong> perakendeciler, \u00fcniforma tedarik\u00e7ileri veya y\u00fcksek kaliteli ayakkab\u0131 stoklamak isteyenler i\u00e7in ideal bir se\u00e7imdir. Her sipari\u015f \u00f6zenle haz\u0131rlan\u0131r ve nakliye dahil yakla\u015f\u0131k 12 g\u00fcnl\u00fck bir teslimat s\u00fcresi sa\u011flan\u0131r.<\/p>\n<p>Bu ola\u011fan\u00fcst\u00fc botlardan bir \u00e7ift al\u0131n ve miras tasar\u0131m, birinci s\u0131n\u0131f malzemeler ve modern konforun m\u00fckemmel birle\u015fimini deneyimleyin. Ayakkab\u0131 koleksiyonunuzu bir <strong>Erkek Deri Brogue Chelsea \u00c7izme<\/strong> kal\u0131c\u0131 stil ve kalite vaat ediyor.<\/p>","protected":false},"excerpt":{"rendered":"<ul>\n<li><strong>Minimum Sipari\u015f:<\/strong> Toplu al\u0131m i\u00e7in 8 \u00e7iftten ba\u015flayan fiyatlarla mevcuttur.<\/li>\n<li><strong>Teslimat:<\/strong> Kargo s\u00fcresi dahil 12 g\u00fcn i\u00e7inde teslim edilmesini bekleyin.<\/li>\n<li><strong>D\u0131\u015f Malzeme:<\/strong> L\u00fcks bir g\u00f6r\u00fcn\u00fcm i\u00e7in birinci s\u0131n\u0131f, esnek Dana Derisi.<\/li>\n<li><strong>\u0130\u00e7 Malzeme:<\/strong> \u00dcst\u00fcn konfor i\u00e7in yumu\u015fak ve nefes alabilen Ke\u00e7i Derisi astar.<\/li>\n<li><strong>Taban:<\/strong> Ola\u011fan\u00fcst\u00fc kavrama ve destek i\u00e7in hafif ve dayan\u0131kl\u0131 EVA Taban.<\/li>\n<li><strong>Topuk Y\u00fcksekli\u011fi:<\/strong> Klasik 1-3 cm topuk, g\u00fcnl\u00fck giyim ve resmi g\u00fcnler i\u00e7in m\u00fckemmeldir.<\/li>\n<li><strong>Mevcut Boyutlar:<\/strong> Avrupa bedenleri 39, 40, 41, 42, 43, 44, 45.<\/li>\n<\/ul>","protected":false},"featured_media":3822,"template":"","meta":{"_acf_changed":false,"_uag_custom_page_level_css":"","site-sidebar-layout":"default","site-content-layout":"","ast-site-content-layout":"default","site-content-style":"default","site-sidebar-style":"default","ast-global-header-display":"","ast-banner-title-visibility":"","ast-main-header-display":"","ast-hfb-above-header-display":"","ast-hfb-below-header-display":"","ast-hfb-mobile-header-display":"","site-post-title":"","ast-breadcrumbs-content":"","ast-featured-img":"","footer-sml-layout":"","ast-disable-related-posts":"","theme-transparent-header-meta":"","adv-header-id-meta":"","stick-header-meta":"","header-above-stick-meta":"","header-main-stick-meta":"","header-below-stick-meta":"","astra-migrate-meta-layouts":"default","ast-page-background-enabled":"default","ast-page-background-meta":{"desktop":{"background-color":"var(--ast-global-color-4)","background-image":"","background-repeat":"repeat","background-position":"center center","background-size":"auto","background-attachment":"scroll","background-type":"","background-media":"","overlay-type":"","overlay-color":"","overlay-opacity":"","overlay-gradient":""},"tablet":{"background-color":"","background-image":"","background-repeat":"repeat","background-position":"center center","background-size":"auto","background-attachment":"scroll","background-type":"","background-media":"","overlay-type":"","overlay-color":"","overlay-opacity":"","overlay-gradient":""},"mobile":{"background-color":"","background-image":"","background-repeat":"repeat","background-position":"center center","background-size":"auto","background-attachment":"scroll","background-type":"","background-media":"","overlay-type":"","overlay-color":"","overlay-opacity":"","overlay-gradient":""}},"ast-content-background-meta":{"desktop":{"background-color":"var(--ast-global-color-5)","background-image":"","background-repeat":"repeat","background-position":"center center","background-size":"auto","background-attachment":"scroll","background-type":"","background-media":"","overlay-type":"","overlay-color":"","overlay-opacity":"","overlay-gradient":""},"tablet":{"background-color":"var(--ast-global-color-5)","background-image":"","background-repeat":"repeat","background-position":"center center","background-size":"auto","background-attachment":"scroll","background-type":"","background-media":"","overlay-type":"","overlay-color":"","overlay-opacity":"","overlay-gradient":""},"mobile":{"background-color":"var(--ast-global-color-5)","background-image":"","background-repeat":"repeat","background-position":"center center","background-size":"auto","background-attachment":"scroll","background-type":"","background-media":"","overlay-type":"","overlay-color":"","overlay-opacity":"","overlay-gradient":""}}},"product_brand":[],"product_cat":[52,47,430,40],"product_tag":[463,993,477,1023,202,999,1003,474,1005,998,438,478,437,1017,476,217,461,198,1021,1022,855],"class_list":{"0":"post-5702","1":"product","2":"type-product","3":"status-publish","4":"has-post-thumbnail","6":"product_cat-boots","7":"product_cat-classic","8":"product_cat-men","9":"product_cat-mens-shoes","10":"product_tag-ankle-boots","11":"product_tag-brogue-boots","12":"product_tag-buckle-boots","13":"product_tag-business-casual-boots","14":"product_tag-calf-leather","15":"product_tag-casual-boots","16":"product_tag-chelsea-boots","17":"product_tag-comfortable-boots","18":"product_tag-durable-boots","19":"product_tag-elegant-boots","20":"product_tag-eva-sole","21":"product_tag-formal-boots","22":"product_tag-goat-leather","23":"product_tag-handcrafted-boots","24":"product_tag-leather-boots","25":"product_tag-luxury-footwear","26":"product_tag-mens-boots","27":"product_tag-mens-fashion","28":"product_tag-mens-leather-brogue-chelsea-boot","29":"product_tag-mens-style","30":"product_tag-sophisticated-footwear","31":"desktop-align-center","32":"tablet-align-center","33":"mobile-align-center","35":"first","36":"instock","37":"shipping-taxable","38":"purchasable","39":"product-type-variable","40":"has-default-attributes"},"acf":[],"uagb_featured_image_src":{"full":["https:\/\/turkishtrade.co\/wp-content\/uploads\/2026\/01\/2400EJOMN00444-DARK-BLUE-X_875.png",453,250,false],"thumbnail":["https:\/\/turkishtrade.co\/wp-content\/uploads\/2026\/01\/2400EJOMN00444-DARK-BLUE-X_875-150x150.png",150,150,true],"medium":["https:\/\/turkishtrade.co\/wp-content\/uploads\/2026\/01\/2400EJOMN00444-DARK-BLUE-X_875-300x166.png",300,166,true],"medium_large":["https:\/\/turkishtrade.co\/wp-content\/uploads\/2026\/01\/2400EJOMN00444-DARK-BLUE-X_875.png",453,250,false],"large":["https:\/\/turkishtrade.co\/wp-content\/uploads\/2026\/01\/2400EJOMN00444-DARK-BLUE-X_875.png",453,250,false],"1536x1536":["https:\/\/turkishtrade.co\/wp-content\/uploads\/2026\/01\/2400EJOMN00444-DARK-BLUE-X_875.png",453,250,false],"2048x2048":["https:\/\/turkishtrade.co\/wp-content\/uploads\/2026\/01\/2400EJOMN00444-DARK-BLUE-X_875.png",453,250,false],"trp-custom-language-flag":["https:\/\/turkishtrade.co\/wp-content\/uploads\/2026\/01\/2400EJOMN00444-DARK-BLUE-X_875-18x10.png",18,10,true],"woocommerce_thumbnail":["https:\/\/turkishtrade.co\/wp-content\/uploads\/2026\/01\/2400EJOMN00444-DARK-BLUE-X_875-400x250.png",400,250,true],"woocommerce_single":["https:\/\/turkishtrade.co\/wp-content\/uploads\/2026\/01\/2400EJOMN00444-DARK-BLUE-X_875.png",453,250,false],"woocommerce_gallery_thumbnail":["https:\/\/turkishtrade.co\/wp-content\/uploads\/2026\/01\/2400EJOMN00444-DARK-BLUE-X_875-100x100.png",100,100,true]},"uagb_author_info":{"display_name":"yaser olabi","author_link":"https:\/\/turkishtrade.co\/tr\/author\/"},"uagb_comment_info":0,"uagb_excerpt":"Minimum Order: Available for bulk purchase, starting from 8 pairs. Delivery: Expect delivery within 12 days, plus shipping time. Outer Material: Premium, supple Calf Leather for a luxurious finish. Inner Material: Soft and breathable Goat Leather lining for ultimate comfort. Sole: Lightweight and durable EVA Sole for exceptional grip and support. Heel Height: Classic 1-3&hellip;","_links":{"self":[{"href":"https:\/\/turkishtrade.co\/tr\/wp-json\/wp\/v2\/product\/5702","targetHints":{"allow":["GET"]}}],"collection":[{"href":"https:\/\/turkishtrade.co\/tr\/wp-json\/wp\/v2\/product"}],"about":[{"href":"https:\/\/turkishtrade.co\/tr\/wp-json\/wp\/v2\/types\/product"}],"wp:featuredmedia":[{"embeddable":true,"href":"https:\/\/turkishtrade.co\/tr\/wp-json\/wp\/v2\/media\/3822"}],"wp:attachment":[{"href":"https:\/\/turkishtrade.co\/tr\/wp-json\/wp\/v2\/media?parent=5702"}],"wp:term":[{"taxonomy":"product_brand","embeddable":true,"href":"https:\/\/turkishtrade.co\/tr\/wp-json\/wp\/v2\/product_brand?post=5702"},{"taxonomy":"product_cat","embeddable":true,"href":"https:\/\/turkishtrade.co\/tr\/wp-json\/wp\/v2\/product_cat?post=5702"},{"taxonomy":"product_tag","embeddable":true,"href":"https:\/\/turkishtrade.co\/tr\/wp-json\/wp\/v2\/product_tag?post=5702"}],"curies":[{"name":"wp","href":"https:\/\/api.w.org\/{rel}","templated":true}]}}