{"id":5700,"date":"2026-01-14T12:56:33","date_gmt":"2026-01-14T12:56:33","guid":{"rendered":"https:\/\/turkishtrade.co\/product\/mens-leather-brogue-boots-2\/"},"modified":"2026-04-09T19:26:43","modified_gmt":"2026-04-09T19:26:43","slug":"mens-leather-brogue-boots-2","status":"publish","type":"product","link":"https:\/\/turkishtrade.co\/tr\/shop\/mens-leather-brogue-boots-2\/","title":{"rendered":"El Yap\u0131m\u0131 Erkek Deri Brogue Bot"},"content":{"rendered":"<p><strong>Erkek Deri Brogue Bot<\/strong><\/p>\n<p>El yap\u0131m\u0131 zarif \u00fcr\u00fcnlerimizle benzersiz bir stil ve konfora ad\u0131m at\u0131n <strong>Erkek Deri Brogue Bot<\/strong>. Modern beyefendiler i\u00e7in titizlikle tasarlanan bu botlar, klasik zarafet ve \u00e7a\u011fda\u015f i\u015flevselli\u011fin m\u00fckemmel bir birle\u015fimini temsil ediyor. Her bir \u00e7iftimiz <strong>erkek deri brogue botlar<\/strong> \u00fcst\u00fcn i\u015f\u00e7ili\u011fin bir kan\u0131t\u0131d\u0131r ve hem \u00e7arp\u0131c\u0131 bir g\u00f6r\u00fcn\u00fcm hem de uzun s\u00fcreli dayan\u0131kl\u0131l\u0131k sa\u011flar.<\/p>\n<p>Bu botlar\u0131n se\u00e7kin d\u0131\u015f y\u00fczeyi, ola\u011fan\u00fcst\u00fc kalitesi, p\u00fcr\u00fczs\u00fcz dokusu ve do\u011fal esnekli\u011fi ile tan\u0131nan birinci s\u0131n\u0131f dana derisinden \u00fcretilmi\u015ftir. Bu malzeme se\u00e7imi, sadece sofistike g\u00f6r\u00fcnmekle kalmayan, ayn\u0131 zamanda g\u00fczel bir \u015fekilde ya\u015flanan ve zamanla benzersiz bir patina geli\u015ftiren bir botu garanti eder. Sa\u011flam d\u0131\u015f y\u00fczeyi tamamlayan i\u00e7 k\u0131s\u0131m, hakiki ke\u00e7i derisiyle g\u00f6rkemli bir \u015fekilde astarlanm\u0131\u015ft\u0131r.<\/p>\n<p>Bu yumu\u015fak, nefes alabilen astar, ola\u011fan\u00fcst\u00fc d\u00fczeyde konfor sa\u011flayarak bunlar\u0131 <strong>erkek deri brogue botlar<\/strong> g\u00fcn boyunca giymek bir zevk.<\/p>\n<p>\u0130mza niteli\u011findeki brogue detaylar, burun kapa\u011f\u0131n\u0131 ve diki\u015fleri s\u00fcsleyerek zengin, perdahlanm\u0131\u015f kahverengi kaplamaya zamans\u0131z ve sofistike bir karakter katar. Klasik ba\u011fc\u0131kl\u0131 tasar\u0131m, botun hem esteti\u011fini hem de pratikli\u011fini art\u0131rarak rahat ve ayarlanabilir bir uyum sa\u011flar. Bu \u00e7ok y\u00f6nl\u00fc yar\u0131m bot, profesyonel ortamlardan hafta sonu gezmelerine zahmetsizce ge\u00e7i\u015f yaparak her gard\u0131robun vazge\u00e7ilmez bir par\u00e7as\u0131 haline gelir.<\/p>\n<p>Bu zarif tasar\u0131mlarla stilinizi zahmetsizce y\u00fckseltin <strong>erkek deri brogue botlar<\/strong>, \u0130ster keskin bir i\u015f g\u00fcndeli\u011fi g\u00f6r\u00fcn\u00fcm\u00fc i\u00e7in \u00f6zel dikim pantolonlarla ister sofistike bir \u015fehir havas\u0131 i\u00e7in birinci s\u0131n\u0131f denimlerle e\u015fle\u015ftirin.<\/p>\n<p>Konfor her \u015feyden \u00f6nemlidir ve bu <strong>erkek deri brogue botlar<\/strong> teslim edin. Her ad\u0131mda m\u00fckemmel yast\u0131klama ve destek sa\u011flamak \u00fczere tasarlanm\u0131\u015f hafif ve esnek EVA tabana sahiptir. \u0130nce 1-3 cm topuk, dengeden \u00f6d\u00fcn vermeden rahat bir y\u00fckselme sunar.<\/p>\n<p>39'dan 45'e kadar kapsaml\u0131 bir Avrupa beden yelpazesinde mevcut olup, \u00e7e\u015fitli m\u00fc\u015fteriler i\u00e7in m\u00fckemmel bir uyum sa\u011fl\u0131yoruz. \u00dcst\u00fcn kaliteli \u00fcr\u00fcnler sunmaya kararl\u0131y\u0131z <strong>erkek deri brogue botlar<\/strong> stil, konfor ve dayan\u0131kl\u0131l\u0131\u011f\u0131 bir araya getiriyor.<\/p>\n<p>\u00dcst\u00fcn kaliteli ayakkab\u0131lar sunmak isteyen perakendeciler ve i\u015fletmeler i\u00e7in <strong>erkek deri brogue botlar<\/strong> toptan sat\u0131n al\u0131nabilir. Bu pop\u00fcler stili stoklaman\u0131za olanak tan\u0131yan minimum 8 \u00e7ift sipari\u015fe ihtiyac\u0131m\u0131z var. Yakla\u015f\u0131k 12 g\u00fcnl\u00fck g\u00fcvenilir teslimat s\u00fcresi ve nakliye ile envanterinizi verimli bir \u015fekilde y\u00f6netebilir ve m\u00fc\u015fteri talebini kar\u015f\u0131layabilirsiniz.<\/p>\n<p>Koleksiyonunuzu bu \u00fcst d\u00fczey \u00fcr\u00fcnlerle geli\u015ftirin <strong>erkek deri brogue botlar<\/strong>, M\u00fc\u015fterilerinize l\u00fcks, konfor ve kal\u0131c\u0131 stilin m\u00fckemmel kar\u0131\u015f\u0131m\u0131n\u0131 sunar.<\/p>","protected":false},"excerpt":{"rendered":"<ul>\n<li>\u00dcst\u00fcn dayan\u0131kl\u0131l\u0131k ve stil i\u00e7in Premium Dana Derisi Saya<\/li>\n<li>Nefes alabilen, g\u00fcn boyu konfor sa\u011flayan Yumu\u015fak Ke\u00e7i Derisi Astar<\/li>\n<li>Klasik 1-3 cm topuk y\u00fcksekli\u011fine sahip Hafif ve Dayan\u0131kl\u0131 EVA Taban<\/li>\n<li>Sofistike bir estetik i\u00e7in Zamans\u0131z Brogue Detayland\u0131rma<\/li>\n<li>Ki\u015fiselle\u015ftirilmi\u015f ve rahat bir uyum i\u00e7in G\u00fcvenli Ba\u011fc\u0131kl\u0131 Kapatma<\/li>\n<li>39, 40, 41, 42, 43, 44, 45 Avrupa Bedenlerinde Mevcuttur<\/li>\n<li>Minimum toptan sipari\u015f: 8 \u00e7ift<\/li>\n<li>Tahmini Teslim S\u00fcresi: 12 g\u00fcn + nakliye<\/li>\n<\/ul>","protected":false},"featured_media":3820,"template":"","meta":{"_acf_changed":false,"_uag_custom_page_level_css":"","site-sidebar-layout":"default","site-content-layout":"","ast-site-content-layout":"default","site-content-style":"default","site-sidebar-style":"default","ast-global-header-display":"","ast-banner-title-visibility":"","ast-main-header-display":"","ast-hfb-above-header-display":"","ast-hfb-below-header-display":"","ast-hfb-mobile-header-display":"","site-post-title":"","ast-breadcrumbs-content":"","ast-featured-img":"","footer-sml-layout":"","ast-disable-related-posts":"","theme-transparent-header-meta":"","adv-header-id-meta":"","stick-header-meta":"","header-above-stick-meta":"","header-main-stick-meta":"","header-below-stick-meta":"","astra-migrate-meta-layouts":"default","ast-page-background-enabled":"default","ast-page-background-meta":{"desktop":{"background-color":"var(--ast-global-color-4)","background-image":"","background-repeat":"repeat","background-position":"center center","background-size":"auto","background-attachment":"scroll","background-type":"","background-media":"","overlay-type":"","overlay-color":"","overlay-opacity":"","overlay-gradient":""},"tablet":{"background-color":"","background-image":"","background-repeat":"repeat","background-position":"center center","background-size":"auto","background-attachment":"scroll","background-type":"","background-media":"","overlay-type":"","overlay-color":"","overlay-opacity":"","overlay-gradient":""},"mobile":{"background-color":"","background-image":"","background-repeat":"repeat","background-position":"center center","background-size":"auto","background-attachment":"scroll","background-type":"","background-media":"","overlay-type":"","overlay-color":"","overlay-opacity":"","overlay-gradient":""}},"ast-content-background-meta":{"desktop":{"background-color":"var(--ast-global-color-5)","background-image":"","background-repeat":"repeat","background-position":"center center","background-size":"auto","background-attachment":"scroll","background-type":"","background-media":"","overlay-type":"","overlay-color":"","overlay-opacity":"","overlay-gradient":""},"tablet":{"background-color":"var(--ast-global-color-5)","background-image":"","background-repeat":"repeat","background-position":"center center","background-size":"auto","background-attachment":"scroll","background-type":"","background-media":"","overlay-type":"","overlay-color":"","overlay-opacity":"","overlay-gradient":""},"mobile":{"background-color":"var(--ast-global-color-5)","background-image":"","background-repeat":"repeat","background-position":"center center","background-size":"auto","background-attachment":"scroll","background-type":"","background-media":"","overlay-type":"","overlay-color":"","overlay-opacity":"","overlay-gradient":""}}},"product_brand":[],"product_cat":[52,47,430,40],"product_tag":[463,993,1009,202,999,644,464,438,437,997,994,476,461,198,473],"class_list":{"0":"post-5700","1":"product","2":"type-product","3":"status-publish","4":"has-post-thumbnail","6":"product_cat-boots","7":"product_cat-classic","8":"product_cat-men","9":"product_cat-mens-shoes","10":"product_tag-ankle-boots","11":"product_tag-brogue-boots","12":"product_tag-brown-boots","13":"product_tag-calf-leather","14":"product_tag-casual-boots","15":"product_tag-classic-footwear","16":"product_tag-dress-boots","17":"product_tag-eva-sole","18":"product_tag-goat-leather","19":"product_tag-handmade-boots","20":"product_tag-lace-up-boots","21":"product_tag-leather-boots","22":"product_tag-mens-boots","23":"product_tag-mens-fashion","24":"product_tag-wholesale-boots","25":"desktop-align-center","26":"tablet-align-center","27":"mobile-align-center","29":"first","30":"instock","31":"shipping-taxable","32":"purchasable","33":"product-type-variable","34":"has-default-attributes"},"acf":[],"uagb_featured_image_src":{"full":["https:\/\/turkishtrade.co\/wp-content\/uploads\/2026\/01\/2400EJOMN00443-DARK-BROWN-X_76-TABAN-NOKTALI.png",453,250,false],"thumbnail":["https:\/\/turkishtrade.co\/wp-content\/uploads\/2026\/01\/2400EJOMN00443-DARK-BROWN-X_76-TABAN-NOKTALI-150x150.png",150,150,true],"medium":["https:\/\/turkishtrade.co\/wp-content\/uploads\/2026\/01\/2400EJOMN00443-DARK-BROWN-X_76-TABAN-NOKTALI-300x166.png",300,166,true],"medium_large":["https:\/\/turkishtrade.co\/wp-content\/uploads\/2026\/01\/2400EJOMN00443-DARK-BROWN-X_76-TABAN-NOKTALI.png",453,250,false],"large":["https:\/\/turkishtrade.co\/wp-content\/uploads\/2026\/01\/2400EJOMN00443-DARK-BROWN-X_76-TABAN-NOKTALI.png",453,250,false],"1536x1536":["https:\/\/turkishtrade.co\/wp-content\/uploads\/2026\/01\/2400EJOMN00443-DARK-BROWN-X_76-TABAN-NOKTALI.png",453,250,false],"2048x2048":["https:\/\/turkishtrade.co\/wp-content\/uploads\/2026\/01\/2400EJOMN00443-DARK-BROWN-X_76-TABAN-NOKTALI.png",453,250,false],"trp-custom-language-flag":["https:\/\/turkishtrade.co\/wp-content\/uploads\/2026\/01\/2400EJOMN00443-DARK-BROWN-X_76-TABAN-NOKTALI-18x10.png",18,10,true],"woocommerce_thumbnail":["https:\/\/turkishtrade.co\/wp-content\/uploads\/2026\/01\/2400EJOMN00443-DARK-BROWN-X_76-TABAN-NOKTALI-400x250.png",400,250,true],"woocommerce_single":["https:\/\/turkishtrade.co\/wp-content\/uploads\/2026\/01\/2400EJOMN00443-DARK-BROWN-X_76-TABAN-NOKTALI.png",453,250,false],"woocommerce_gallery_thumbnail":["https:\/\/turkishtrade.co\/wp-content\/uploads\/2026\/01\/2400EJOMN00443-DARK-BROWN-X_76-TABAN-NOKTALI-100x100.png",100,100,true]},"uagb_author_info":{"display_name":"yaser olabi","author_link":"https:\/\/turkishtrade.co\/tr\/author\/"},"uagb_comment_info":0,"uagb_excerpt":"Premium Calf Leather Upper for superior durability and style Soft Goat Leather Lining for breathable, all-day comfort Lightweight &amp; Durable EVA Sole with a classic 1-3 cm heel height Timeless Brogue Detailing for a sophisticated aesthetic Secure Lace-up Closure for a personalized and snug fit Available in European Sizes 39, 40, 41, 42, 43, 44,&hellip;","_links":{"self":[{"href":"https:\/\/turkishtrade.co\/tr\/wp-json\/wp\/v2\/product\/5700","targetHints":{"allow":["GET"]}}],"collection":[{"href":"https:\/\/turkishtrade.co\/tr\/wp-json\/wp\/v2\/product"}],"about":[{"href":"https:\/\/turkishtrade.co\/tr\/wp-json\/wp\/v2\/types\/product"}],"wp:featuredmedia":[{"embeddable":true,"href":"https:\/\/turkishtrade.co\/tr\/wp-json\/wp\/v2\/media\/3820"}],"wp:attachment":[{"href":"https:\/\/turkishtrade.co\/tr\/wp-json\/wp\/v2\/media?parent=5700"}],"wp:term":[{"taxonomy":"product_brand","embeddable":true,"href":"https:\/\/turkishtrade.co\/tr\/wp-json\/wp\/v2\/product_brand?post=5700"},{"taxonomy":"product_cat","embeddable":true,"href":"https:\/\/turkishtrade.co\/tr\/wp-json\/wp\/v2\/product_cat?post=5700"},{"taxonomy":"product_tag","embeddable":true,"href":"https:\/\/turkishtrade.co\/tr\/wp-json\/wp\/v2\/product_tag?post=5700"}],"curies":[{"name":"wp","href":"https:\/\/api.w.org\/{rel}","templated":true}]}}