{"id":5696,"date":"2026-01-14T12:55:51","date_gmt":"2026-01-14T12:55:51","guid":{"rendered":"https:\/\/turkishtrade.co\/product\/men-s-leather-ankle-boots-2\/"},"modified":"2026-04-09T19:26:49","modified_gmt":"2026-04-09T19:26:49","slug":"mens-leather-ankle-boots","status":"publish","type":"product","link":"https:\/\/turkishtrade.co\/tr\/shop\/mens-leather-ankle-boots\/","title":{"rendered":"Premium Siyah Dana Derisi Erkek Ayak Bile\u011fi Botu"},"content":{"rendered":"<p><strong>Erkek Deri Ayak Bile\u011fi Botlar\u0131<\/strong><\/p>\n<p>Zamans\u0131z stile ve benzersiz konfora ad\u0131m at\u0131n <strong>Premium Siyah Dana Derisi Erkek Ayak Bile\u011fi Botu<\/strong>. Modern beyefendiler i\u00e7in ustal\u0131kla \u00fcretilen bu \u00e7ok y\u00f6nl\u00fc botlar, kalitenin ve sofistike tasar\u0131m\u0131n bir kan\u0131t\u0131d\u0131r. \u0130ster g\u00fcndelik bir i\u015f toplant\u0131s\u0131na gidiyor olun ister hafta sonu gezintisinin tad\u0131n\u0131 \u00e7\u0131kar\u0131n, bu <strong>erkek deri ayak bile\u011fi botlar\u0131<\/strong> \u015f\u0131kl\u0131k ve dayan\u0131kl\u0131l\u0131\u011f\u0131n m\u00fckemmel bir kar\u0131\u015f\u0131m\u0131n\u0131 sunar.<\/p>\n<p><h3>Rakipsiz \u0130\u015f\u00e7ilik ve Malzemeler<\/h3>\n<\/p>\n<p>Bu s\u0131ra d\u0131\u015f\u0131 botlar\u0131n d\u0131\u015f y\u00fczeyi, esnek dokusu ve kal\u0131c\u0131 esnekli\u011fi ile tan\u0131nan y\u00fcksek kaliteli dana derisinden \u00fcretilmi\u015ftir. Tasar\u0131m, hem vampir ve ayak parma\u011f\u0131 b\u00f6lgesinde cilal\u0131, p\u00fcr\u00fczs\u00fcz bir y\u00fczey hem de ayak bile\u011fi \u015faft\u0131nda sofistike bir g\u00f6rsel derinlik katan zarif, mat bir doku i\u00e7eriyor. Birinci s\u0131n\u0131f dana derisinin bu titiz kullan\u0131m\u0131 sadece estetik \u00e7ekicili\u011fi artt\u0131rmakla kalmaz, ayn\u0131 zamanda bu <strong>erkek deri ayak bile\u011fi botlar\u0131<\/strong> zaman i\u00e7inde benzersiz bir patine geli\u015ftirerek g\u00fczelce ya\u015flanacakt\u0131r.<\/p>\n<p>\u0130\u00e7 k\u0131s\u0131mda, ayaklar\u0131n\u0131z g\u00fcn boyu kullan\u0131m i\u00e7in \u00fcst\u00fcn nefes alabilirlik ve konfor sa\u011flayan hakiki ke\u00e7i derisi astar\u0131n l\u00fcks yumu\u015fakl\u0131\u011f\u0131n\u0131 deneyimleyecek. Kaliteli malzemelere olan bu ba\u011fl\u0131l\u0131k, ayaklar\u0131n\u0131z i\u00e7in rahat ve sa\u011fl\u0131kl\u0131 bir ortam\u0131 garanti eder.<\/p>\n<p><h3>Konfor ve \u00c7ok Y\u00f6nl\u00fcl\u00fck i\u00e7in Tasarland\u0131<\/h3>\n<\/p>\n<p>Hem bi\u00e7im hem de i\u015flev g\u00f6z \u00f6n\u00fcnde bulundurularak tasarlanan bu botlar, g\u00fcvenli ve ayarlanabilir bir uyum i\u00e7in klasik bir ba\u011fc\u0131kl\u0131 kapamaya sahiptir. Sa\u011flam ancak hafif EVA taban, m\u00fckemmel yast\u0131klama ve g\u00fcvenilir tutu\u015f sunarak her ad\u0131m\u0131 bir zevk haline getirir. Rahat 1-3 cm topuk y\u00fcksekli\u011fine sahip bu botlar, stilden \u00f6d\u00fcn vermeden s\u00fcrekli konfor i\u00e7in \u00fcretilmi\u015ftir.<\/p>\n<p>EU 39'dan 45'e kadar kapsaml\u0131 bir beden yelpazesinde mevcut oldu\u011fundan, m\u00fckemmel uyumunuzu bulmak zahmetsizdir. Bunlar <strong>erkek deri ayak bile\u011fi botlar\u0131<\/strong> ak\u0131ll\u0131 g\u00fcndelik kombinleri y\u00fckseltmek i\u00e7in ideal bir se\u00e7imdir ve her k\u0131yafete sofistike bir hava katar.<\/p>\n<p><h3>Premium Ayakkab\u0131lar i\u00e7in Toptan Sat\u0131\u015f F\u0131rsat\u0131<\/h3>\n<\/p>\n<p>Y\u00fcksek kaliteli ayakkab\u0131 arayan perakendeciler ve i\u015fletmeler i\u00e7in ideal olan bu ayakkab\u0131lar <strong>erkek deri ayak bile\u011fi botlar\u0131<\/strong> minimum 8 \u00e7ift sipari\u015fle toptan sat\u0131n al\u0131nabilir. Sipari\u015flerin genellikle 12 g\u00fcn i\u00e7inde g\u00f6nderilmesi ve nakliye s\u00fcresi ile verimli bir \u015fekilde i\u015flenmesini sa\u011flayarak g\u00fcvenle stok yapman\u0131za olanak tan\u0131yoruz. Zanaatkar i\u015f\u00e7ili\u011fini kal\u0131c\u0131 stil ile birle\u015ftiren ayakkab\u0131lara yat\u0131r\u0131m yaparak m\u00fc\u015fterilerinize farkl\u0131 bir \u00fcr\u00fcn sunun.<\/p>\n<p>Bu temel ve \u015f\u0131k \u00fcr\u00fcnlerle koleksiyonunuzu geli\u015ftirin <strong>erkek deri ayak bile\u011fi botlar\u0131<\/strong>, her se\u00e7ici al\u0131c\u0131 i\u00e7in sahip olunmas\u0131 gereken bir \u00fcr\u00fcnd\u00fcr.<\/p>","protected":false},"excerpt":{"rendered":"<ul>\n<li><strong>D\u0131\u015f Malzeme:<\/strong> Sofistike stil ve dayan\u0131kl\u0131l\u0131k i\u00e7in Premium Dana Derisi, hem cilal\u0131 hem de mat dokulara sahiptir.<\/li>\n<li><strong>\u0130\u00e7 Malzeme:<\/strong> \u00dcst\u00fcn konfor ve nefes alabilirlik i\u00e7in l\u00fcks Ke\u00e7i Derisi astar.<\/li>\n<li><strong>Taban:<\/strong> G\u00fcn boyu konfor ve m\u00fckemmel tutu\u015f i\u00e7in hafif ama dayan\u0131kl\u0131 EVA taban.<\/li>\n<li><strong>Topuk Y\u00fcksekli\u011fi:<\/strong> Klasik al\u00e7ak topuk (yakla\u015f\u0131k 1-3 cm), s\u00fcrekli konfor i\u00e7in idealdir.<\/li>\n<li><strong>Mevcut Boyutlar:<\/strong> EU 39'dan 45'e kadar farkl\u0131 ihtiya\u00e7lara uygun kapsaml\u0131 \u00fcr\u00fcn yelpazesi.<\/li>\n<li><strong>Minimum Sipari\u015f:<\/strong> Minimum 8 \u00e7ift ile uygun toplu sipari\u015f.<\/li>\n<li><strong>Teslimat S\u00fcresi:<\/strong> Verimli tedarik i\u00e7in sipari\u015fler 12 g\u00fcn + kargo i\u00e7inde g\u00f6nderilir.<\/li>\n<\/ul>","protected":false},"featured_media":3818,"template":"","meta":{"_acf_changed":false,"_uag_custom_page_level_css":"","site-sidebar-layout":"default","site-content-layout":"","ast-site-content-layout":"default","site-content-style":"default","site-sidebar-style":"default","ast-global-header-display":"","ast-banner-title-visibility":"","ast-main-header-display":"","ast-hfb-above-header-display":"","ast-hfb-below-header-display":"","ast-hfb-mobile-header-display":"","site-post-title":"","ast-breadcrumbs-content":"","ast-featured-img":"","footer-sml-layout":"","ast-disable-related-posts":"","theme-transparent-header-meta":"","adv-header-id-meta":"","stick-header-meta":"","header-above-stick-meta":"","header-main-stick-meta":"","header-below-stick-meta":"","astra-migrate-meta-layouts":"default","ast-page-background-enabled":"default","ast-page-background-meta":{"desktop":{"background-color":"var(--ast-global-color-4)","background-image":"","background-repeat":"repeat","background-position":"center center","background-size":"auto","background-attachment":"scroll","background-type":"","background-media":"","overlay-type":"","overlay-color":"","overlay-opacity":"","overlay-gradient":""},"tablet":{"background-color":"","background-image":"","background-repeat":"repeat","background-position":"center center","background-size":"auto","background-attachment":"scroll","background-type":"","background-media":"","overlay-type":"","overlay-color":"","overlay-opacity":"","overlay-gradient":""},"mobile":{"background-color":"","background-image":"","background-repeat":"repeat","background-position":"center center","background-size":"auto","background-attachment":"scroll","background-type":"","background-media":"","overlay-type":"","overlay-color":"","overlay-opacity":"","overlay-gradient":""}},"ast-content-background-meta":{"desktop":{"background-color":"var(--ast-global-color-5)","background-image":"","background-repeat":"repeat","background-position":"center center","background-size":"auto","background-attachment":"scroll","background-type":"","background-media":"","overlay-type":"","overlay-color":"","overlay-opacity":"","overlay-gradient":""},"tablet":{"background-color":"var(--ast-global-color-5)","background-image":"","background-repeat":"repeat","background-position":"center center","background-size":"auto","background-attachment":"scroll","background-type":"","background-media":"","overlay-type":"","overlay-color":"","overlay-opacity":"","overlay-gradient":""},"mobile":{"background-color":"var(--ast-global-color-5)","background-image":"","background-repeat":"repeat","background-position":"center center","background-size":"auto","background-attachment":"scroll","background-type":"","background-media":"","overlay-type":"","overlay-color":"","overlay-opacity":"","overlay-gradient":""}}},"product_brand":[],"product_cat":[52,47,430,40],"product_tag":[463,1008,200,202,474,545,438,437,994,476,461,198,362,210,473],"class_list":{"0":"post-5696","1":"product","2":"type-product","3":"status-publish","4":"has-post-thumbnail","6":"product_cat-boots","7":"product_cat-classic","8":"product_cat-men","9":"product_cat-mens-shoes","10":"product_tag-ankle-boots","11":"product_tag-black-boots","12":"product_tag-business-casual","13":"product_tag-calf-leather","14":"product_tag-comfortable-boots","15":"product_tag-eu-39-45","16":"product_tag-eva-sole","17":"product_tag-goat-leather","18":"product_tag-lace-up-boots","19":"product_tag-leather-boots","20":"product_tag-mens-boots","21":"product_tag-mens-fashion","22":"product_tag-premium-footwear","23":"product_tag-smart-casual","24":"product_tag-wholesale-boots","25":"desktop-align-center","26":"tablet-align-center","27":"mobile-align-center","29":"first","30":"instock","31":"shipping-taxable","32":"purchasable","33":"product-type-variable","34":"has-default-attributes"},"acf":[],"uagb_featured_image_src":{"full":["https:\/\/turkishtrade.co\/wp-content\/uploads\/2026\/01\/2400EJOMN00275-BROWN-Y_433.png",453,250,false],"thumbnail":["https:\/\/turkishtrade.co\/wp-content\/uploads\/2026\/01\/2400EJOMN00275-BROWN-Y_433-150x150.png",150,150,true],"medium":["https:\/\/turkishtrade.co\/wp-content\/uploads\/2026\/01\/2400EJOMN00275-BROWN-Y_433-300x166.png",300,166,true],"medium_large":["https:\/\/turkishtrade.co\/wp-content\/uploads\/2026\/01\/2400EJOMN00275-BROWN-Y_433.png",453,250,false],"large":["https:\/\/turkishtrade.co\/wp-content\/uploads\/2026\/01\/2400EJOMN00275-BROWN-Y_433.png",453,250,false],"1536x1536":["https:\/\/turkishtrade.co\/wp-content\/uploads\/2026\/01\/2400EJOMN00275-BROWN-Y_433.png",453,250,false],"2048x2048":["https:\/\/turkishtrade.co\/wp-content\/uploads\/2026\/01\/2400EJOMN00275-BROWN-Y_433.png",453,250,false],"trp-custom-language-flag":["https:\/\/turkishtrade.co\/wp-content\/uploads\/2026\/01\/2400EJOMN00275-BROWN-Y_433-18x10.png",18,10,true],"woocommerce_thumbnail":["https:\/\/turkishtrade.co\/wp-content\/uploads\/2026\/01\/2400EJOMN00275-BROWN-Y_433-400x250.png",400,250,true],"woocommerce_single":["https:\/\/turkishtrade.co\/wp-content\/uploads\/2026\/01\/2400EJOMN00275-BROWN-Y_433.png",453,250,false],"woocommerce_gallery_thumbnail":["https:\/\/turkishtrade.co\/wp-content\/uploads\/2026\/01\/2400EJOMN00275-BROWN-Y_433-100x100.png",100,100,true]},"uagb_author_info":{"display_name":"yaser olabi","author_link":"https:\/\/turkishtrade.co\/tr\/author\/"},"uagb_comment_info":0,"uagb_excerpt":"Outer Material: Premium Calf Leather for sophisticated style and durability, featuring both polished and matte textures. Inner Material: Luxurious Goat Leather lining for ultimate comfort and breathability. Sole: Lightweight yet durable EVA sole for all-day comfort and excellent traction. Heel Height: Classic low heel (approximately 1-3 cm), ideal for sustained comfort. Available Sizes: Comprehensive range&hellip;","_links":{"self":[{"href":"https:\/\/turkishtrade.co\/tr\/wp-json\/wp\/v2\/product\/5696","targetHints":{"allow":["GET"]}}],"collection":[{"href":"https:\/\/turkishtrade.co\/tr\/wp-json\/wp\/v2\/product"}],"about":[{"href":"https:\/\/turkishtrade.co\/tr\/wp-json\/wp\/v2\/types\/product"}],"wp:featuredmedia":[{"embeddable":true,"href":"https:\/\/turkishtrade.co\/tr\/wp-json\/wp\/v2\/media\/3818"}],"wp:attachment":[{"href":"https:\/\/turkishtrade.co\/tr\/wp-json\/wp\/v2\/media?parent=5696"}],"wp:term":[{"taxonomy":"product_brand","embeddable":true,"href":"https:\/\/turkishtrade.co\/tr\/wp-json\/wp\/v2\/product_brand?post=5696"},{"taxonomy":"product_cat","embeddable":true,"href":"https:\/\/turkishtrade.co\/tr\/wp-json\/wp\/v2\/product_cat?post=5696"},{"taxonomy":"product_tag","embeddable":true,"href":"https:\/\/turkishtrade.co\/tr\/wp-json\/wp\/v2\/product_tag?post=5696"}],"curies":[{"name":"wp","href":"https:\/\/api.w.org\/{rel}","templated":true}]}}