{"id":5693,"date":"2026-01-14T12:55:29","date_gmt":"2026-01-14T12:55:29","guid":{"rendered":"https:\/\/turkishtrade.co\/product\/men-s-leather-ankle-boots\/"},"modified":"2026-04-09T19:26:55","modified_gmt":"2026-04-09T19:26:55","slug":"mens-leather-ankle-boots-2","status":"publish","type":"product","link":"https:\/\/turkishtrade.co\/tr\/shop\/mens-leather-ankle-boots-2\/","title":{"rendered":"El Yap\u0131m\u0131 Premium Erkek Deri Cap Toe Ayak Bile\u011fi Botu"},"content":{"rendered":"<p><strong>Erkek Deri Ayak Bile\u011fi Botlar\u0131<\/strong><\/p>\n<p>El yap\u0131m\u0131 koleksiyonumuzla klasik sofistike ve modern konforun \u00f6z\u00fcn\u00fc ke\u015ffedin <strong>Erkek Deri Ayak Bile\u011fi Botlar\u0131<\/strong>. Se\u00e7kin beyefendiler i\u00e7in titizlikle tasarlanan bu birinci s\u0131n\u0131f botlar, zamans\u0131z \u015f\u0131kl\u0131\u011f\u0131 \u00fcst\u00fcn i\u015f\u00e7ilikle kusursuz bir \u015fekilde harmanlayarak her gard\u0131robun vazge\u00e7ilmez bir par\u00e7as\u0131 haline geliyor. Her bir \u00e7ift <strong>Erkek Deri Ayak Bile\u011fi Botlar\u0131<\/strong> zamana meydan okuyan kalite ve stile adanm\u0131\u015fl\u0131\u011f\u0131 yans\u0131t\u0131r.<\/p>\n<p><h3>Benzersiz \u0130\u015f\u00e7ilik ve \u00dcst\u00fcn Kaliteli Malzemeler<\/h3>\n<\/p>\n<p>M\u00fckemmelli\u011fe olan ba\u011fl\u0131l\u0131\u011f\u0131m\u0131z en iyi malzemelerin se\u00e7imiyle ba\u015flar. Bu ola\u011fan\u00fcst\u00fc binalar\u0131n d\u0131\u015f <strong>Erkek Deri Ayak Bile\u011fi Botlar\u0131<\/strong> esnek dokusu, dayan\u0131kl\u0131l\u0131\u011f\u0131 ve l\u00fcks parlakl\u0131\u011f\u0131 ile tan\u0131nan 100% hakiki Dana Derisinden \u00fcretilmi\u015ftir. Bu birinci s\u0131n\u0131f deri sadece m\u00fckemmel g\u00f6r\u00fcnmekle kalmaz, ayn\u0131 zamanda zamanla aya\u011f\u0131n\u0131za uyum sa\u011flayarak ki\u015fiye \u00f6zel bir uyum sa\u011flar.<\/p>\n<p>\u0130\u00e7 k\u0131s\u0131mda, ayaklar\u0131n\u0131z\u0131 son derece yumu\u015fak Ke\u00e7i Derisi astar sarar ve giydi\u011finiz andan itibaren nefes alabilirlik ve benzersiz bir konfor sunar. Titiz diki\u015fler ve detaylara g\u00f6sterilen \u00f6zen, bu ayakkab\u0131lar\u0131n el yap\u0131m\u0131 do\u011fas\u0131n\u0131 vurgular <strong>Erkek Deri Ayak Bile\u011fi Botlar\u0131<\/strong>, Her diki\u015fin ve kaplaman\u0131n en y\u00fcksek standartlar\u0131 kar\u015f\u0131lamas\u0131n\u0131 sa\u011flar.<\/p>\n<p><h3>Stil ve T\u00fcm G\u00fcn Konfor i\u00e7in Tasarland\u0131<\/h3>\n<\/p>\n<p>Tasar\u0131m\u0131m\u0131z <strong>Erkek Deri Ayak Bile\u011fi Botlar\u0131<\/strong> zarif brogue detayl\u0131, klasik ba\u011fc\u0131kl\u0131 kapamal\u0131 ve sa\u011flam ama rahat al\u00e7ak blok topuklu (yakla\u015f\u0131k 1-3 cm) se\u00e7kin bir burna sahiptir.<\/p>\n<p>Bu zamans\u0131z estetik, onlar\u0131 say\u0131s\u0131z durum i\u00e7in uygun, inan\u0131lmaz derecede \u00e7ok y\u00f6nl\u00fc hale getirir. \u0130ster hareketli bir i\u015f g\u00fcn\u00fc ge\u00e7iriyor olun, ister resmi bir etkinli\u011fe kat\u0131l\u0131n ya da \u015f\u0131k ve rahat bir gezintinin tad\u0131n\u0131 \u00e7\u0131kar\u0131n, bu botlar kombininizi y\u00fckseltecek. \u00dcst\u00fcn yast\u0131klama ve esneklik i\u00e7in tasarlanan hafif EVA taban, m\u00fckemmel \u015fok emilimi sa\u011flayarak ve ayak yorgunlu\u011funu azaltarak g\u00fcn boyunca rahat ve kendinizden emin olman\u0131z\u0131 sa\u011flar.<\/p>\n<p>Ustal\u0131kla tasarlanm\u0131\u015f ayakkab\u0131lar\u0131m\u0131zla ne stilden ne de konfordan \u00f6d\u00fcn vermeyen bir ayakkab\u0131 deneyimi ya\u015fay\u0131n <strong>Erkek Deri Ayak Bile\u011fi Botlar\u0131<\/strong>.<\/p>\n<p><h3>Her Durum i\u00e7in \u00c7ok Y\u00f6nl\u00fcl\u00fck<\/h3>\n<\/p>\n<p>Bu \u00e7ok y\u00f6nl\u00fc <strong>Erkek Deri Ayak Bile\u011fi Botlar\u0131<\/strong> derin lacivert (birincil resimde g\u00f6r\u00fcld\u00fc\u011f\u00fc gibi) ve sofistike koyu kahverengi gibi klasik, zengin tonlarda mevcuttur ve her k\u0131yafeti tamamlayacak se\u00e7enekler sunar.<\/p>\n<p>Keskin bir profesyonel g\u00f6r\u00fcn\u00fcm i\u00e7in \u00f6zel dikim tak\u0131m elbiselerle e\u015fle\u015ftirin veya zarif bir g\u00fcndelik \u00e7ekicilik i\u00e7in chino pantolon ve blazer ceketle giydirin. Pantolonlar\u0131m\u0131z\u0131n uyarlanabilir do\u011fas\u0131 <strong>Erkek Deri Ayak Bile\u011fi Botlar\u0131<\/strong> ayakkab\u0131 koleksiyonunu dayan\u0131kl\u0131, \u015f\u0131k ve rahat se\u00e7eneklerle zenginle\u015ftirmek isteyen her erkek i\u00e7in ak\u0131ll\u0131 bir yat\u0131r\u0131m haline getiriyor.<\/p>\n<p><h3>Perakendeciler i\u00e7in Toplu Bulunabilirlik<\/h3>\n<\/p>\n<p>Y\u00fcksek kaliteli, el yap\u0131m\u0131 ayakkab\u0131lar stoklamak isteyen i\u015fletmeler ve perakendeciler i\u00e7in premium <strong>Erkek Deri Ayak Bile\u011fi Botlar\u0131<\/strong> toptan sipari\u015fler i\u00e7in mevcuttur. \u00dcretim ve teslimat s\u00fcresi yakla\u015f\u0131k 12 g\u00fcn art\u0131 nakliye olmak \u00fczere minimum 8 \u00e7ift sipari\u015f miktar\u0131 talep ediyoruz. M\u00fc\u015fterilerinize l\u00fcks\u00fc, i\u015f\u00e7ili\u011fi ve kal\u0131c\u0131 stili temsil eden ola\u011fan\u00fcst\u00fc ayakkab\u0131lar sunmak i\u00e7in bizimle i\u015f ortakl\u0131\u011f\u0131 yap\u0131n.<\/p>\n<p>Premium'a yat\u0131r\u0131m yap\u0131n <strong>Erkek Deri Ayak Bile\u011fi Botlar\u0131<\/strong> memnuniyet ve tekrarlanan i\u015f vaat eden.<\/p>","protected":false},"excerpt":{"rendered":"<ul>\n<li>En \u00fcst d\u00fczeyde konfor i\u00e7in l\u00fcks Dana Derisi d\u0131\u015f y\u00fczey ve son derece yumu\u015fak Ke\u00e7i Derisi astar ile el yap\u0131m\u0131 olarak \u00fcretilmi\u015ftir.<\/li>\n<li>G\u00fcn boyu giyilebilirlik ve g\u00fcvenilir tutu\u015f i\u00e7in tasarlanm\u0131\u015f hafif ancak son derece dayan\u0131kl\u0131 EVA tabana sahiptir.<\/li>\n<li>Sofistike bir stil ve dengeli bir destek sunan zamans\u0131z klasik al\u00e7ak blok topuk (yakla\u015f\u0131k 1-3 cm) ile tasarlanm\u0131\u015ft\u0131r.<\/li>\n<li>Kapsaml\u0131 bir AB beden yelpazesinde mevcuttur: 39, 40, 41, 42, 43, 44, 45 m\u00fckemmel bir uyum sa\u011flamak i\u00e7in.<\/li>\n<li>Minimum 8 \u00e7ift sipari\u015f miktar\u0131 ile toptan sat\u0131\u015f i\u00e7in idealdir.<\/li>\n<li>\u00dcretim ve teslimat s\u00fcresi: 12 g\u00fcn art\u0131 nakliye.<\/li>\n<\/ul>","protected":false},"featured_media":3817,"template":"","meta":{"_acf_changed":false,"_uag_custom_page_level_css":"","site-sidebar-layout":"default","site-content-layout":"","ast-site-content-layout":"default","site-content-style":"default","site-sidebar-style":"default","ast-global-header-display":"","ast-banner-title-visibility":"","ast-main-header-display":"","ast-hfb-above-header-display":"","ast-hfb-below-header-display":"","ast-hfb-mobile-header-display":"","site-post-title":"","ast-breadcrumbs-content":"","ast-featured-img":"","footer-sml-layout":"","ast-disable-related-posts":"","theme-transparent-header-meta":"","adv-header-id-meta":"","stick-header-meta":"","header-above-stick-meta":"","header-main-stick-meta":"","header-below-stick-meta":"","astra-migrate-meta-layouts":"default","ast-page-background-enabled":"default","ast-page-background-meta":{"desktop":{"background-color":"var(--ast-global-color-4)","background-image":"","background-repeat":"repeat","background-position":"center center","background-size":"auto","background-attachment":"scroll","background-type":"","background-media":"","overlay-type":"","overlay-color":"","overlay-opacity":"","overlay-gradient":""},"tablet":{"background-color":"","background-image":"","background-repeat":"repeat","background-position":"center center","background-size":"auto","background-attachment":"scroll","background-type":"","background-media":"","overlay-type":"","overlay-color":"","overlay-opacity":"","overlay-gradient":""},"mobile":{"background-color":"","background-image":"","background-repeat":"repeat","background-position":"center center","background-size":"auto","background-attachment":"scroll","background-type":"","background-media":"","overlay-type":"","overlay-color":"","overlay-opacity":"","overlay-gradient":""}},"ast-content-background-meta":{"desktop":{"background-color":"var(--ast-global-color-5)","background-image":"","background-repeat":"repeat","background-position":"center center","background-size":"auto","background-attachment":"scroll","background-type":"","background-media":"","overlay-type":"","overlay-color":"","overlay-opacity":"","overlay-gradient":""},"tablet":{"background-color":"var(--ast-global-color-5)","background-image":"","background-repeat":"repeat","background-position":"center center","background-size":"auto","background-attachment":"scroll","background-type":"","background-media":"","overlay-type":"","overlay-color":"","overlay-opacity":"","overlay-gradient":""},"mobile":{"background-color":"var(--ast-global-color-5)","background-image":"","background-repeat":"repeat","background-position":"center center","background-size":"auto","background-attachment":"scroll","background-type":"","background-media":"","overlay-type":"","overlay-color":"","overlay-opacity":"","overlay-gradient":""}}},"product_brand":[],"product_cat":[52,47,430,40],"product_tag":[463,993,1009,202,1012,999,995,464,438,478,437,1017,476,461,1018,472],"class_list":{"0":"post-5693","1":"product","2":"type-product","3":"status-publish","4":"has-post-thumbnail","6":"product_cat-boots","7":"product_cat-classic","8":"product_cat-men","9":"product_cat-mens-shoes","10":"product_tag-ankle-boots","11":"product_tag-brogue-boots","12":"product_tag-brown-boots","13":"product_tag-calf-leather","14":"product_tag-cap-toe-boots","15":"product_tag-casual-boots","16":"product_tag-classic-boots","17":"product_tag-dress-boots","18":"product_tag-eva-sole","19":"product_tag-formal-boots","20":"product_tag-goat-leather","21":"product_tag-handcrafted-boots","22":"product_tag-leather-boots","23":"product_tag-mens-boots","24":"product_tag-navy-boots","25":"product_tag-premium-boots","26":"desktop-align-center","27":"tablet-align-center","28":"mobile-align-center","30":"first","31":"instock","32":"shipping-taxable","33":"purchasable","34":"product-type-variable","35":"has-default-attributes"},"acf":[],"uagb_featured_image_src":{"full":["https:\/\/turkishtrade.co\/wp-content\/uploads\/2026\/01\/2400EJOMN00274-DARK-BROWN-X_874.png",453,250,false],"thumbnail":["https:\/\/turkishtrade.co\/wp-content\/uploads\/2026\/01\/2400EJOMN00274-DARK-BROWN-X_874-150x150.png",150,150,true],"medium":["https:\/\/turkishtrade.co\/wp-content\/uploads\/2026\/01\/2400EJOMN00274-DARK-BROWN-X_874-300x166.png",300,166,true],"medium_large":["https:\/\/turkishtrade.co\/wp-content\/uploads\/2026\/01\/2400EJOMN00274-DARK-BROWN-X_874.png",453,250,false],"large":["https:\/\/turkishtrade.co\/wp-content\/uploads\/2026\/01\/2400EJOMN00274-DARK-BROWN-X_874.png",453,250,false],"1536x1536":["https:\/\/turkishtrade.co\/wp-content\/uploads\/2026\/01\/2400EJOMN00274-DARK-BROWN-X_874.png",453,250,false],"2048x2048":["https:\/\/turkishtrade.co\/wp-content\/uploads\/2026\/01\/2400EJOMN00274-DARK-BROWN-X_874.png",453,250,false],"trp-custom-language-flag":["https:\/\/turkishtrade.co\/wp-content\/uploads\/2026\/01\/2400EJOMN00274-DARK-BROWN-X_874-18x10.png",18,10,true],"woocommerce_thumbnail":["https:\/\/turkishtrade.co\/wp-content\/uploads\/2026\/01\/2400EJOMN00274-DARK-BROWN-X_874-400x250.png",400,250,true],"woocommerce_single":["https:\/\/turkishtrade.co\/wp-content\/uploads\/2026\/01\/2400EJOMN00274-DARK-BROWN-X_874.png",453,250,false],"woocommerce_gallery_thumbnail":["https:\/\/turkishtrade.co\/wp-content\/uploads\/2026\/01\/2400EJOMN00274-DARK-BROWN-X_874-100x100.png",100,100,true]},"uagb_author_info":{"display_name":"yaser olabi","author_link":"https:\/\/turkishtrade.co\/tr\/author\/"},"uagb_comment_info":0,"uagb_excerpt":"Handcrafted with a luxurious Calf Leather exterior and sumptuously soft Goat Leather lining for ultimate comfort. Features a lightweight yet highly durable EVA sole, engineered for all-day wearability and reliable traction. Designed with a timeless classic low block heel (approximately 1-3 cm) offering sophisticated style and stable support. Available in a comprehensive range of EU&hellip;","_links":{"self":[{"href":"https:\/\/turkishtrade.co\/tr\/wp-json\/wp\/v2\/product\/5693","targetHints":{"allow":["GET"]}}],"collection":[{"href":"https:\/\/turkishtrade.co\/tr\/wp-json\/wp\/v2\/product"}],"about":[{"href":"https:\/\/turkishtrade.co\/tr\/wp-json\/wp\/v2\/types\/product"}],"wp:featuredmedia":[{"embeddable":true,"href":"https:\/\/turkishtrade.co\/tr\/wp-json\/wp\/v2\/media\/3817"}],"wp:attachment":[{"href":"https:\/\/turkishtrade.co\/tr\/wp-json\/wp\/v2\/media?parent=5693"}],"wp:term":[{"taxonomy":"product_brand","embeddable":true,"href":"https:\/\/turkishtrade.co\/tr\/wp-json\/wp\/v2\/product_brand?post=5693"},{"taxonomy":"product_cat","embeddable":true,"href":"https:\/\/turkishtrade.co\/tr\/wp-json\/wp\/v2\/product_cat?post=5693"},{"taxonomy":"product_tag","embeddable":true,"href":"https:\/\/turkishtrade.co\/tr\/wp-json\/wp\/v2\/product_tag?post=5693"}],"curies":[{"name":"wp","href":"https:\/\/api.w.org\/{rel}","templated":true}]}}