{"id":5689,"date":"2026-01-14T12:55:01","date_gmt":"2026-01-14T12:55:01","guid":{"rendered":"https:\/\/turkishtrade.co\/product\/mens-leather-buckle-boots\/"},"modified":"2026-04-09T19:27:01","modified_gmt":"2026-04-09T19:27:01","slug":"mens-leather-buckle-boots","status":"publish","type":"product","link":"https:\/\/turkishtrade.co\/tr\/shop\/mens-leather-buckle-boots\/","title":{"rendered":"Erkek Hakiki Deri \u00c7ift Tokal\u0131 Bot"},"content":{"rendered":"<p><strong>Erkek Deri Tokal\u0131 Bot<\/strong><\/p>\n<p>Ayakkab\u0131 koleksiyonunuzu se\u00e7kin \u00fcr\u00fcnlerimizle geli\u015ftirin <b>Erkek Deri Tokal\u0131 Bot<\/b>, se\u00e7kin beyefendiler i\u00e7in titizlikle tasarlanm\u0131\u015ft\u0131r. Zamans\u0131z \u015f\u0131kl\u0131\u011f\u0131 modern i\u015f\u00e7ilikle harmanlayan bu birinci s\u0131n\u0131f botlar, hem sofistike bir stil hem de ola\u011fan\u00fcst\u00fc bir konfor sunuyor. D\u0131\u015f y\u00fczeyi y\u00fcksek kaliteli s\u0131\u011f\u0131r derisinden \u00fcretilen bu botlar, her durum i\u00e7in m\u00fckemmel olan klasik siyah ve zengin kahverengi tonlar\u0131nda \u015f\u0131k ve g\u00f6steri\u015fli bir g\u00f6r\u00fcn\u00fcm sunar.<\/p>\n<p>Ay\u0131rt edici \u00e7ift toka tasar\u0131m\u0131 estetik bir se\u00e7imden daha fazlas\u0131d\u0131r; klasik ke\u015fi\u015f kay\u0131\u015f\u0131 cazibesine bir dokunu\u015f katarken uyumu g\u00fcvence alt\u0131na al\u0131r. <b>erkek deri tokal\u0131 botlar<\/b> s\u0131radan ayakkab\u0131lardan ayr\u0131l\u0131r. \u0130nce burun detay\u0131, resmi \u00e7ekicili\u011fini art\u0131rarak hem i\u015f ortamlar\u0131 hem de \u015f\u0131k ve g\u00fcndelik geziler i\u00e7in yeterince \u00e7ok y\u00f6nl\u00fc olmas\u0131n\u0131 sa\u011flar. Her bir \u00e7ift, dayan\u0131kl\u0131l\u0131k ve kal\u0131c\u0131 stil vaat eden \u00fcst\u00fcn sanat\u00e7\u0131l\u0131\u011f\u0131n bir kan\u0131t\u0131d\u0131r.<\/p>\n<p><h3>Benzersiz Konfor ve Kaliteli Malzemeler<\/h3>\n<\/p>\n<p>Bu \u00fcr\u00fcnlerle benzersiz konforu ya\u015fay\u0131n <b>erkek deri tokal\u0131 botlar<\/b>, l\u00fcks ke\u00e7i derisi astara sahiptir. Bu yumu\u015fak, nefes alabilen i\u00e7 k\u0131s\u0131m ayaklar\u0131n\u0131z\u0131 sararak g\u00fcn boyu konfor sa\u011flar ve yorgunlu\u011fu azalt\u0131r, bu da uzun saatler ayakta kalan herkes i\u00e7in \u00e7ok \u00f6nemli bir \u00f6zelliktir. Sa\u011flam ancak hafif EVA taban, m\u00fckemmel tutu\u015f ve yast\u0131klama sunarak her ad\u0131mda rahat bir y\u00fcr\u00fcy\u00fc\u015fe katk\u0131da bulunur. \u0130nce, rahat topuk, stilden \u00f6d\u00fcn vermeden denge sa\u011flar.<\/p>\n<p><h3>\u00c7ok Y\u00f6nl\u00fcl\u00fck ve Toplu Bulunabilirlik<\/h3>\n<\/p>\n<p>Bizim <b>erkek deri tokal\u0131 botlar<\/b> sadece stil ile ilgili de\u011fildir; kaliteli ayakkab\u0131lara yap\u0131lan bir yat\u0131r\u0131md\u0131r. Toptan sat\u0131\u015f ortaklar\u0131 ve perakendeciler i\u00e7in ideal olan bu \u00fcr\u00fcnlerde minimum 8 \u00e7iftten ba\u015flayan toplu sipari\u015fler sunuyoruz. Yakla\u015f\u0131k 12 g\u00fcnl\u00fck \u00fcretim ve teslimat s\u00fcresi art\u0131 nakliye ile bu aranan \u00fcr\u00fcnleri verimli bir \u015fekilde stoklayabilirsiniz.<\/p>\n<p>39'dan 45'e kadar geni\u015f bir beden yelpazesinde mevcut olan bu <b>erkek deri tokal\u0131 botlar<\/b> geni\u015f bir m\u00fc\u015fteri taban\u0131na hitap ederek y\u00fcksek talep ve m\u00fc\u015fteri memnuniyeti sa\u011flar.<\/p>\n<p>\u0130ster resmi bir etkinlik, ister bir i\u015f toplant\u0131s\u0131 ya da \u015f\u0131k bir hafta sonu kombini i\u00e7in olsun, bu <b>erkek deri tokal\u0131 botlar<\/b> \u00e7e\u015fitli k\u0131yafetleri tamamlamak i\u00e7in tasarlanm\u0131\u015ft\u0131r. Hakiki deri yap\u0131lar\u0131 uzun \u00f6m\u00fcrl\u00fcl\u00fck vaat eder ve ya\u015fland\u0131k\u00e7a geli\u015ferek hikayenizi anlatan benzersiz bir patine geli\u015ftirir. Ola\u011fan\u00fcst\u00fc tasar\u0131mlar\u0131m\u0131zla kaliteye, konfora ve sofistike tasar\u0131ma yat\u0131r\u0131m yap\u0131n <b>erkek deri tokal\u0131 botlar<\/b>.<\/p>\n<p><h3>Koleksiyonunuzu Bug\u00fcn Sipari\u015f Edin<\/h3>\n<\/p>\n<p>Bunlar\u0131n nedenini ke\u015ffedin <b>erkek deri tokal\u0131 botlar<\/b> birinci s\u0131n\u0131f ayakkab\u0131lar i\u00e7in olmazsa olmaz bir eklentidir. Fiyat listemizden ayr\u0131nt\u0131l\u0131 fiyat almak i\u00e7in bizimle ileti\u015fime ge\u00e7in ve toplu sipari\u015f se\u00e7eneklerimizden yararlan\u0131n. M\u00fc\u015fterilerinizi l\u00fcks, konfor ve zamans\u0131z \u00e7ekicili\u011fi bir araya getiren ayakkab\u0131larla donat\u0131n. Bunlar <b>erkek deri tokal\u0131 botlar<\/b> bir a\u00e7\u0131klama yapmaya haz\u0131rlar.<\/p>","protected":false},"excerpt":{"rendered":"<ul>\n<li>Zarif bir d\u0131\u015f g\u00f6r\u00fcn\u00fcm i\u00e7in l\u00fcks S\u0131\u011f\u0131r Derisinden \u00fcretilmi\u015ftir.<\/li>\n<li>\u00dcst\u00fcn konfor i\u00e7in yumu\u015fak, nefes alabilen Ke\u00e7i Derisi ile astarlanm\u0131\u015ft\u0131r.<\/li>\n<li>Hafif ve dayan\u0131kl\u0131 EVA tabana sahiptir.<\/li>\n<li>Zamans\u0131z bir \u00e7ekicilik i\u00e7in klasik \u00e7ift tokal\u0131 tasar\u0131m.<\/li>\n<li>39'dan 45'e kadar kapsaml\u0131 bir beden aral\u0131\u011f\u0131nda mevcuttur.<\/li>\n<li>Rekabet\u00e7i fiyatland\u0131rma ile 8 \u00e7iftten ba\u015flayan toplu sipari\u015fler i\u00e7in mevcuttur.<\/li>\n<\/ul>","protected":false},"featured_media":3815,"template":"","meta":{"_acf_changed":false,"_uag_custom_page_level_css":"","site-sidebar-layout":"default","site-content-layout":"","ast-site-content-layout":"default","site-content-style":"default","site-sidebar-style":"default","ast-global-header-display":"","ast-banner-title-visibility":"","ast-main-header-display":"","ast-hfb-above-header-display":"","ast-hfb-below-header-display":"","ast-hfb-mobile-header-display":"","site-post-title":"","ast-breadcrumbs-content":"","ast-featured-img":"","footer-sml-layout":"","ast-disable-related-posts":"","theme-transparent-header-meta":"","adv-header-id-meta":"","stick-header-meta":"","header-above-stick-meta":"","header-main-stick-meta":"","header-below-stick-meta":"","astra-migrate-meta-layouts":"default","ast-page-background-enabled":"default","ast-page-background-meta":{"desktop":{"background-color":"var(--ast-global-color-4)","background-image":"","background-repeat":"repeat","background-position":"center center","background-size":"auto","background-attachment":"scroll","background-type":"","background-media":"","overlay-type":"","overlay-color":"","overlay-opacity":"","overlay-gradient":""},"tablet":{"background-color":"","background-image":"","background-repeat":"repeat","background-position":"center center","background-size":"auto","background-attachment":"scroll","background-type":"","background-media":"","overlay-type":"","overlay-color":"","overlay-opacity":"","overlay-gradient":""},"mobile":{"background-color":"","background-image":"","background-repeat":"repeat","background-position":"center center","background-size":"auto","background-attachment":"scroll","background-type":"","background-media":"","overlay-type":"","overlay-color":"","overlay-opacity":"","overlay-gradient":""}},"ast-content-background-meta":{"desktop":{"background-color":"var(--ast-global-color-5)","background-image":"","background-repeat":"repeat","background-position":"center center","background-size":"auto","background-attachment":"scroll","background-type":"","background-media":"","overlay-type":"","overlay-color":"","overlay-opacity":"","overlay-gradient":""},"tablet":{"background-color":"var(--ast-global-color-5)","background-image":"","background-repeat":"repeat","background-position":"center center","background-size":"auto","background-attachment":"scroll","background-type":"","background-media":"","overlay-type":"","overlay-color":"","overlay-opacity":"","overlay-gradient":""},"mobile":{"background-color":"var(--ast-global-color-5)","background-image":"","background-repeat":"repeat","background-position":"center center","background-size":"auto","background-attachment":"scroll","background-type":"","background-media":"","overlay-type":"","overlay-color":"","overlay-opacity":"","overlay-gradient":""}}},"product_brand":[],"product_cat":[52,47,430,40],"product_tag":[1008,1016,1009,477,999,1015,464,438,478,221,189,1017,476,461,1014,210],"class_list":{"0":"post-5689","1":"product","2":"type-product","3":"status-publish","4":"has-post-thumbnail","6":"product_cat-boots","7":"product_cat-classic","8":"product_cat-men","9":"product_cat-mens-shoes","10":"product_tag-black-boots","11":"product_tag-bovine-leather","12":"product_tag-brown-boots","13":"product_tag-buckle-boots","14":"product_tag-casual-boots","15":"product_tag-double-buckle-boots","16":"product_tag-dress-boots","17":"product_tag-eva-sole","18":"product_tag-formal-boots","19":"product_tag-genuine-leather","20":"product_tag-goat-leather-lining","21":"product_tag-handcrafted-boots","22":"product_tag-leather-boots","23":"product_tag-mens-boots","24":"product_tag-monk-strap-boots","25":"product_tag-smart-casual","26":"desktop-align-center","27":"tablet-align-center","28":"mobile-align-center","30":"first","31":"instock","32":"shipping-taxable","33":"purchasable","34":"product-type-variable","35":"has-default-attributes"},"acf":[],"uagb_featured_image_src":{"full":["https:\/\/turkishtrade.co\/wp-content\/uploads\/2026\/01\/2400EJOMN00273-DARK-BROWN-X_12582.png",453,250,false],"thumbnail":["https:\/\/turkishtrade.co\/wp-content\/uploads\/2026\/01\/2400EJOMN00273-DARK-BROWN-X_12582-150x150.png",150,150,true],"medium":["https:\/\/turkishtrade.co\/wp-content\/uploads\/2026\/01\/2400EJOMN00273-DARK-BROWN-X_12582-300x166.png",300,166,true],"medium_large":["https:\/\/turkishtrade.co\/wp-content\/uploads\/2026\/01\/2400EJOMN00273-DARK-BROWN-X_12582.png",453,250,false],"large":["https:\/\/turkishtrade.co\/wp-content\/uploads\/2026\/01\/2400EJOMN00273-DARK-BROWN-X_12582.png",453,250,false],"1536x1536":["https:\/\/turkishtrade.co\/wp-content\/uploads\/2026\/01\/2400EJOMN00273-DARK-BROWN-X_12582.png",453,250,false],"2048x2048":["https:\/\/turkishtrade.co\/wp-content\/uploads\/2026\/01\/2400EJOMN00273-DARK-BROWN-X_12582.png",453,250,false],"trp-custom-language-flag":["https:\/\/turkishtrade.co\/wp-content\/uploads\/2026\/01\/2400EJOMN00273-DARK-BROWN-X_12582-18x10.png",18,10,true],"woocommerce_thumbnail":["https:\/\/turkishtrade.co\/wp-content\/uploads\/2026\/01\/2400EJOMN00273-DARK-BROWN-X_12582-400x250.png",400,250,true],"woocommerce_single":["https:\/\/turkishtrade.co\/wp-content\/uploads\/2026\/01\/2400EJOMN00273-DARK-BROWN-X_12582.png",453,250,false],"woocommerce_gallery_thumbnail":["https:\/\/turkishtrade.co\/wp-content\/uploads\/2026\/01\/2400EJOMN00273-DARK-BROWN-X_12582-100x100.png",100,100,true]},"uagb_author_info":{"display_name":"yaser olabi","author_link":"https:\/\/turkishtrade.co\/tr\/author\/"},"uagb_comment_info":0,"uagb_excerpt":"Crafted from luxurious Bovine Leather for a refined exterior. Lined with soft, breathable Goat Leather for superior comfort. Features a lightweight and durable EVA sole. Classic double buckle design for a timeless appeal. Available in a comprehensive size range from 39 to 45. Available for bulk orders starting from 8 pairs with competitive pricing.","_links":{"self":[{"href":"https:\/\/turkishtrade.co\/tr\/wp-json\/wp\/v2\/product\/5689","targetHints":{"allow":["GET"]}}],"collection":[{"href":"https:\/\/turkishtrade.co\/tr\/wp-json\/wp\/v2\/product"}],"about":[{"href":"https:\/\/turkishtrade.co\/tr\/wp-json\/wp\/v2\/types\/product"}],"wp:featuredmedia":[{"embeddable":true,"href":"https:\/\/turkishtrade.co\/tr\/wp-json\/wp\/v2\/media\/3815"}],"wp:attachment":[{"href":"https:\/\/turkishtrade.co\/tr\/wp-json\/wp\/v2\/media?parent=5689"}],"wp:term":[{"taxonomy":"product_brand","embeddable":true,"href":"https:\/\/turkishtrade.co\/tr\/wp-json\/wp\/v2\/product_brand?post=5689"},{"taxonomy":"product_cat","embeddable":true,"href":"https:\/\/turkishtrade.co\/tr\/wp-json\/wp\/v2\/product_cat?post=5689"},{"taxonomy":"product_tag","embeddable":true,"href":"https:\/\/turkishtrade.co\/tr\/wp-json\/wp\/v2\/product_tag?post=5689"}],"curies":[{"name":"wp","href":"https:\/\/api.w.org\/{rel}","templated":true}]}}