{"id":5686,"date":"2026-01-14T12:54:32","date_gmt":"2026-01-14T12:54:32","guid":{"rendered":"https:\/\/turkishtrade.co\/product\/mens-leather-zip-boots\/"},"modified":"2026-04-09T19:27:07","modified_gmt":"2026-04-09T19:27:07","slug":"mens-leather-zip-boots","status":"publish","type":"product","link":"https:\/\/turkishtrade.co\/tr\/shop\/mens-leather-zip-boots\/","title":{"rendered":"Erkek Premium Deri Fermuarl\u0131 Ayak Bile\u011fi Botu"},"content":{"rendered":"<p><strong>Erkek Deri Fermuarl\u0131 Bot<\/strong><\/p>\n<p>Enfes tasar\u0131m\u0131m\u0131zla benzersiz bir sofistike ve konforlu ortama ad\u0131m at\u0131n <strong>Erkek Premium Deri Fermuarl\u0131 Ayak Bile\u011fi Botu<\/strong>. Se\u00e7kin beyefendiler i\u00e7in tasarlanan bu botlar, klasik i\u015f\u00e7ili\u011fi \u00e7a\u011fda\u015f tarzla kusursuz bir \u015fekilde harmanlayarak her gard\u0131rop i\u00e7in vazge\u00e7ilmez bir eklenti haline geliyor. \u0130ster resmi bir etkinlik, ister bir i\u015f toplant\u0131s\u0131 i\u00e7in giyiniyor olun, ister sadece g\u00fcnl\u00fck k\u0131yafetlerinizi y\u00fckseltin, bu <strong>Erkek Deri Fermuarl\u0131 Bot<\/strong> \u015f\u0131kl\u0131k ve pratikli\u011fin m\u00fckemmel birle\u015fimini sunar.<\/p>\n<p><h3>Rakipsiz \u0130\u015f\u00e7ilik ve \u00dcst\u00fcn Malzemeler<\/h3>\n<\/p>\n<p>Kaliteye olan ba\u011fl\u0131l\u0131\u011f\u0131m\u0131z malzeme se\u00e7imiyle ba\u015flar. Bu \u00e7arp\u0131c\u0131 evlerin d\u0131\u015f cephesi <strong>Erkek Deri Fermuarl\u0131 Ayak Bile\u011fi Botu<\/strong> p\u00fcr\u00fczs\u00fcz dokusu, ola\u011fan\u00fcst\u00fc dayan\u0131kl\u0131l\u0131\u011f\u0131 ve zaman i\u00e7inde g\u00fczel bir patine geli\u015ftirme yetene\u011fi ile tan\u0131nan birinci s\u0131n\u0131f dana derisinden \u00fcretilmi\u015ftir.<\/p>\n<p>Bu, yaln\u0131zca l\u00fcks bir g\u00f6r\u00fcn\u00fcm de\u011fil, ayn\u0131 zamanda zamana kar\u015f\u0131 dayan\u0131kl\u0131 bir bot sa\u011flar. \u0130\u00e7 k\u0131s\u0131mda ayaklar\u0131n\u0131z, ola\u011fan\u00fcst\u00fc nefes alabilirlik ve her ad\u0131m\u0131 bir zevk haline getiren pel\u00fc\u015f bir his sa\u011flayan hakiki ke\u00e7i derisi astar\u0131n yumu\u015fakl\u0131\u011f\u0131yla sar\u0131lacak. Malzeme se\u00e7iminde ayr\u0131nt\u0131lara g\u00f6sterilen bu \u00f6zen <strong>Erkek Deri Fermuarl\u0131 Bot<\/strong> Di\u011ferlerinden ayr\u0131.<\/p>\n<p><h3>Konfor ve \u00c7ok Y\u00f6nl\u00fcl\u00fck i\u00e7in Tasarland\u0131<\/h3>\n<\/p>\n<p>Tasar\u0131m felsefemizde konfor her \u015feyden \u00f6nemlidir. Hafif ancak sa\u011flam EVA taban, \u00fcst\u00fcn \u015fok emilimi ve esneklik sunarak bu botlar\u0131 sabahtan ak\u015fama kadar rahat\u00e7a giyebilmenizi sa\u011flar. Klasik 1-3 cm topuk, dengeden \u00f6d\u00fcn vermeden ince bir y\u00fckselti sa\u011flayarak \u015f\u0131k ve sofistike bir siluet sunar.<\/p>\n<p>Kullan\u0131\u015fl\u0131 fermuar kapamas\u0131 kolay giyilip \u00e7\u0131kar\u0131labilmesini sa\u011flayarak bu \u015f\u0131k botlar\u0131n pratikli\u011fine katk\u0131da bulunur. Koleksiyonumuzda g\u00f6r\u00fclen klasik siyah ve zengin kahverengi de dahil olmak \u00fczere \u00e7ok y\u00f6nl\u00fc bir palette mevcut olan bu <strong>Erkek Deri Fermuarl\u0131 Bot<\/strong> tak\u0131m elbiseler, chino pantolonlar ve hatta birinci s\u0131n\u0131f denimlerle zahmetsizce e\u015fle\u015ferek inan\u0131lmaz derecede uyarlanabilir.<\/p>\n<p><h3>Erkek Deri Fermuarl\u0131 Botlar\u0131m\u0131z ile Fark\u0131 Ya\u015fay\u0131n<\/h3>\n<\/p>\n<p>Hem bireysel m\u00fc\u015fterilerin hem de i\u015fletmelerin ihtiya\u00e7lar\u0131n\u0131 anl\u0131yoruz. \u0130\u015fte bu y\u00fczden bu premium <strong>Erkek Deri Fermuarl\u0131 Ayak Bile\u011fi Botu<\/strong> 39'dan 45'e kadar kapsaml\u0131 bir beden yelpazesinde mevcuttur. Toptan sat\u0131\u015f ortaklar\u0131m\u0131z i\u00e7in, minimum 8 \u00e7ift sipari\u015f miktar\u0131 ve 12 g\u00fcn art\u0131 kargo ile g\u00fcvenilir bir teslimat s\u00fcresi sunarak g\u00fcvenle stok yapabilmenizi sa\u011fl\u0131yoruz.<\/p>\n<p>Sadece ola\u011fan\u00fcst\u00fc bir stil de\u011fil, ayn\u0131 zamanda kal\u0131c\u0131 kalite ve \u00fcst\u00fcn konfor vaat eden bir \u00e7ift \u00e7izmeye yat\u0131r\u0131m yap\u0131n. Bu muhte\u015fem botlarla ayakkab\u0131 koleksiyonunuzu geli\u015ftirin. <strong>Erkek Deri Fermuarl\u0131 Bot<\/strong> ve gelenek ile modern zarafetin m\u00fckemmel birle\u015fimini deneyimleyin.<\/p>","protected":false},"excerpt":{"rendered":"<ul>\n<li>Dayan\u0131kl\u0131l\u0131k ve sofistike stil i\u00e7in Premium Dana Derisi D\u0131\u015f Y\u00fczey.<\/li>\n<li>L\u00fcks Ke\u00e7i Derisi \u0130\u00e7 astar ola\u011fan\u00fcst\u00fc konfor ve nefes alabilirlik sa\u011flar.<\/li>\n<li>Hafif ve esnek EVA Taban, t\u00fcm g\u00fcn kullan\u0131m i\u00e7in \u00fcst\u00fcn yast\u0131klama sa\u011flar.<\/li>\n<li>Klasik 1-3 cm Topuk Y\u00fcksekli\u011fi rafine, zarif bir profil sunar.<\/li>\n<li>M\u00fckemmel uyum i\u00e7in 39'dan 45'e kadar geni\u015f bir beden yelpazesinde mevcuttur.<\/li>\n<li>Minimum Sipari\u015f Miktar\u0131: 8 \u00e7ift (perakendeciler ve toplu al\u0131m yapanlar i\u00e7in idealdir).<\/li>\n<li>Teslimat S\u00fcresi: 12 g\u00fcn + nakliye (sipari\u015flerinizin zaman\u0131nda ula\u015fmas\u0131n\u0131 sa\u011flar).<\/li>\n<\/ul>","protected":false},"featured_media":3813,"template":"","meta":{"_acf_changed":false,"_uag_custom_page_level_css":"","site-sidebar-layout":"default","site-content-layout":"","ast-site-content-layout":"default","site-content-style":"default","site-sidebar-style":"default","ast-global-header-display":"","ast-banner-title-visibility":"","ast-main-header-display":"","ast-hfb-above-header-display":"","ast-hfb-below-header-display":"","ast-hfb-mobile-header-display":"","site-post-title":"","ast-breadcrumbs-content":"","ast-featured-img":"","footer-sml-layout":"","ast-disable-related-posts":"","theme-transparent-header-meta":"","adv-header-id-meta":"","stick-header-meta":"","header-above-stick-meta":"","header-main-stick-meta":"","header-below-stick-meta":"","astra-migrate-meta-layouts":"default","ast-page-background-enabled":"default","ast-page-background-meta":{"desktop":{"background-color":"var(--ast-global-color-4)","background-image":"","background-repeat":"repeat","background-position":"center center","background-size":"auto","background-attachment":"scroll","background-type":"","background-media":"","overlay-type":"","overlay-color":"","overlay-opacity":"","overlay-gradient":""},"tablet":{"background-color":"","background-image":"","background-repeat":"repeat","background-position":"center center","background-size":"auto","background-attachment":"scroll","background-type":"","background-media":"","overlay-type":"","overlay-color":"","overlay-opacity":"","overlay-gradient":""},"mobile":{"background-color":"","background-image":"","background-repeat":"repeat","background-position":"center center","background-size":"auto","background-attachment":"scroll","background-type":"","background-media":"","overlay-type":"","overlay-color":"","overlay-opacity":"","overlay-gradient":""}},"ast-content-background-meta":{"desktop":{"background-color":"var(--ast-global-color-5)","background-image":"","background-repeat":"repeat","background-position":"center center","background-size":"auto","background-attachment":"scroll","background-type":"","background-media":"","overlay-type":"","overlay-color":"","overlay-opacity":"","overlay-gradient":""},"tablet":{"background-color":"var(--ast-global-color-5)","background-image":"","background-repeat":"repeat","background-position":"center center","background-size":"auto","background-attachment":"scroll","background-type":"","background-media":"","overlay-type":"","overlay-color":"","overlay-opacity":"","overlay-gradient":""},"mobile":{"background-color":"var(--ast-global-color-5)","background-image":"","background-repeat":"repeat","background-position":"center center","background-size":"auto","background-attachment":"scroll","background-type":"","background-media":"","overlay-type":"","overlay-color":"","overlay-opacity":"","overlay-gradient":""}}},"product_brand":[],"product_cat":[52,47,430,40],"product_tag":[463,1008,1009,202,1012,999,474,464,438,1011,189,997,476,465,461,198,1013,472,471,1004,473,1010,1007],"class_list":{"0":"post-5686","1":"product","2":"type-product","3":"status-publish","4":"has-post-thumbnail","6":"product_cat-boots","7":"product_cat-classic","8":"product_cat-men","9":"product_cat-mens-shoes","10":"product_tag-ankle-boots","11":"product_tag-black-boots","12":"product_tag-brown-boots","13":"product_tag-calf-leather","14":"product_tag-cap-toe-boots","15":"product_tag-casual-boots","16":"product_tag-comfortable-boots","17":"product_tag-dress-boots","18":"product_tag-eva-sole","19":"product_tag-footwear-for-men","20":"product_tag-goat-leather-lining","21":"product_tag-handmade-boots","22":"product_tag-leather-boots","23":"product_tag-luxury-boots","24":"product_tag-mens-boots","25":"product_tag-mens-fashion","26":"product_tag-mens-leather-zip-boots","27":"product_tag-premium-boots","28":"product_tag-smart-casual-boots","29":"product_tag-stylish-boots","30":"product_tag-wholesale-boots","31":"product_tag-zip-up-boots","32":"product_tag-zipper-boots","33":"desktop-align-center","34":"tablet-align-center","35":"mobile-align-center","37":"first","38":"instock","39":"shipping-taxable","40":"purchasable","41":"product-type-variable","42":"has-default-attributes"},"acf":[],"uagb_featured_image_src":{"full":["https:\/\/turkishtrade.co\/wp-content\/uploads\/2026\/01\/2400EJOMN00272-DARK-BROWN-X_12580.png",453,250,false],"thumbnail":["https:\/\/turkishtrade.co\/wp-content\/uploads\/2026\/01\/2400EJOMN00272-DARK-BROWN-X_12580-150x150.png",150,150,true],"medium":["https:\/\/turkishtrade.co\/wp-content\/uploads\/2026\/01\/2400EJOMN00272-DARK-BROWN-X_12580-300x166.png",300,166,true],"medium_large":["https:\/\/turkishtrade.co\/wp-content\/uploads\/2026\/01\/2400EJOMN00272-DARK-BROWN-X_12580.png",453,250,false],"large":["https:\/\/turkishtrade.co\/wp-content\/uploads\/2026\/01\/2400EJOMN00272-DARK-BROWN-X_12580.png",453,250,false],"1536x1536":["https:\/\/turkishtrade.co\/wp-content\/uploads\/2026\/01\/2400EJOMN00272-DARK-BROWN-X_12580.png",453,250,false],"2048x2048":["https:\/\/turkishtrade.co\/wp-content\/uploads\/2026\/01\/2400EJOMN00272-DARK-BROWN-X_12580.png",453,250,false],"trp-custom-language-flag":["https:\/\/turkishtrade.co\/wp-content\/uploads\/2026\/01\/2400EJOMN00272-DARK-BROWN-X_12580-18x10.png",18,10,true],"woocommerce_thumbnail":["https:\/\/turkishtrade.co\/wp-content\/uploads\/2026\/01\/2400EJOMN00272-DARK-BROWN-X_12580-400x250.png",400,250,true],"woocommerce_single":["https:\/\/turkishtrade.co\/wp-content\/uploads\/2026\/01\/2400EJOMN00272-DARK-BROWN-X_12580.png",453,250,false],"woocommerce_gallery_thumbnail":["https:\/\/turkishtrade.co\/wp-content\/uploads\/2026\/01\/2400EJOMN00272-DARK-BROWN-X_12580-100x100.png",100,100,true]},"uagb_author_info":{"display_name":"yaser olabi","author_link":"https:\/\/turkishtrade.co\/tr\/author\/"},"uagb_comment_info":0,"uagb_excerpt":"Premium Calf Leather Exterior for durability and sophisticated style. Luxurious Goat Leather Interior lining ensures exceptional comfort and breathability. Lightweight and flexible EVA Sole provides superior cushioning for all-day wear. Classic 1-3 cm Heel Height offers a refined, elegant profile. Available in a wide range of sizes from 39 to 45 for the perfect fit.&hellip;","_links":{"self":[{"href":"https:\/\/turkishtrade.co\/tr\/wp-json\/wp\/v2\/product\/5686","targetHints":{"allow":["GET"]}}],"collection":[{"href":"https:\/\/turkishtrade.co\/tr\/wp-json\/wp\/v2\/product"}],"about":[{"href":"https:\/\/turkishtrade.co\/tr\/wp-json\/wp\/v2\/types\/product"}],"wp:featuredmedia":[{"embeddable":true,"href":"https:\/\/turkishtrade.co\/tr\/wp-json\/wp\/v2\/media\/3813"}],"wp:attachment":[{"href":"https:\/\/turkishtrade.co\/tr\/wp-json\/wp\/v2\/media?parent=5686"}],"wp:term":[{"taxonomy":"product_brand","embeddable":true,"href":"https:\/\/turkishtrade.co\/tr\/wp-json\/wp\/v2\/product_brand?post=5686"},{"taxonomy":"product_cat","embeddable":true,"href":"https:\/\/turkishtrade.co\/tr\/wp-json\/wp\/v2\/product_cat?post=5686"},{"taxonomy":"product_tag","embeddable":true,"href":"https:\/\/turkishtrade.co\/tr\/wp-json\/wp\/v2\/product_tag?post=5686"}],"curies":[{"name":"wp","href":"https:\/\/api.w.org\/{rel}","templated":true}]}}