{"id":5683,"date":"2026-01-14T12:53:55","date_gmt":"2026-01-14T12:53:55","guid":{"rendered":"https:\/\/turkishtrade.co\/product\/mens-leather-brogue-boots\/"},"modified":"2026-04-09T19:27:13","modified_gmt":"2026-04-09T19:27:13","slug":"mens-leather-brogue-boots","status":"publish","type":"product","link":"https:\/\/turkishtrade.co\/tr\/shop\/mens-leather-brogue-boots\/","title":{"rendered":"Tokal\u0131 Erkek Premium Brogue Deri Chelsea Bot"},"content":{"rendered":"<p><strong>Erkek Deri Brogue Bot<\/strong><\/p>\n<p>Koleksiyonumuzla sofistike bir stile ad\u0131m at\u0131n <b>Tokal\u0131 Erkek Premium Brogue Deri Chelsea Bot<\/b>. Bu ola\u011fan\u00fcst\u00fc botlar, hem klasik \u015f\u0131kl\u0131\u011f\u0131 hem de \u00e7a\u011fda\u015f konforu takdir eden modern beyefendiler i\u00e7in titizlikle tasarlanm\u0131\u015ft\u0131r. Her bir \u00e7ift, \u00fcst\u00fcn i\u015f\u00e7ili\u011fi b\u00fcnyesinde bar\u0131nd\u0131r\u0131r ve her se\u00e7kin gard\u0131rop i\u00e7in g\u00f6ze \u00e7arpan bir katk\u0131 sa\u011flar.<\/p>\n<p>\u0130ster resmi bir etkinlik i\u00e7in giyiniyor olun, ister g\u00fcndelik k\u0131yafetlerinize \u015f\u0131k bir dokunu\u015f kat\u0131yor olun, bu botlar etkilemek i\u00e7in tasarland\u0131.<\/p>\n<p><h3>Benzersiz \u0130\u015f\u00e7ilik ve \u00dcst\u00fcn Kaliteli Malzemeler<\/h3>\n<\/p>\n<p>Bizim <b>Erkek Deri Brogue Bot<\/b> en iyi malzemelerden \u00fcretilmi\u015f kalitenin bir kan\u0131t\u0131d\u0131r. D\u0131\u015f y\u00fczeyi, p\u00fcr\u00fczs\u00fcz dokusu ve g\u00fczel ya\u015flanma kabiliyetiyle bilinen esnek, dayan\u0131kl\u0131 dana derisinden \u00fcretilmi\u015ftir ve botlar\u0131n\u0131z\u0131n y\u0131llarca muhte\u015fem g\u00f6r\u00fcnmesini sa\u011flar. \u0130\u00e7 k\u0131s\u0131mda, ayaklar\u0131n\u0131z ke\u00e7i derisi astar\u0131n l\u00fcks yumu\u015fakl\u0131\u011f\u0131yla sar\u0131lacak ve g\u00fcn boyu s\u00fcren ola\u011fan\u00fcst\u00fc nefes alabilirlik ve konfor sa\u011flayacakt\u0131r.<\/p>\n<p>Sa\u011flam ancak hafif EVA taban, m\u00fckemmel \u015fok emilimi ve esneklik sunarak her ad\u0131mda rahat bir y\u00fcr\u00fcy\u00fc\u015f\u00fc garanti eder. Klasik topuk y\u00fcksekli\u011fi 1-3 cm olan bu botlar, denge veya konfordan \u00f6d\u00fcn vermeden m\u00fckemmel bir y\u00fckseklik sunar.<\/p>\n<p><h3>Zamans\u0131z Tasar\u0131m Modern \u00c7ok Y\u00f6nl\u00fcl\u00fckle Bulu\u015fuyor<\/h3>\n<\/p>\n<p>Bunlar herhangi bir bot de\u011fil; bir stil ifadesi. Karma\u015f\u0131k delikleriyle ikonik brogue detaylar geleneksel zarafete bir dokunu\u015f katarken, \u015f\u0131k yan toka \u00e7a\u011fda\u015f bir hava katar. Chelsea botlar\u0131n karakteristik \u00f6zelli\u011fi olan elastik yolluk, zahmetsizce giyip \u00e7\u0131karman\u0131za olanak tan\u0131yarak kullan\u0131m kolayl\u0131\u011f\u0131 sa\u011flar.<\/p>\n<p>39-45 aras\u0131nda de\u011fi\u015fen bedenleri bulunan bu botlar geni\u015f bir kitleye hitap ediyor. Bu botlar\u0131n \u00e7ok y\u00f6nl\u00fc tasar\u0131m\u0131 <b>Erkek Deri Brogue Bot<\/b> i\u015f ortamlar\u0131ndan hafta sonu gezmelerine kadar \u00e7e\u015fitli durumlar i\u00e7in uygun hale getirir ve \u00f6zel dikim pantolonlar, chino pantolonlar ve hatta koyu renk denimlerle m\u00fckemmel uyum sa\u011flar.<\/p>\n<p><h3>Se\u00e7ici Beyefendiler i\u00e7in Dayan\u0131kl\u0131l\u0131k ve Konfor<\/h3>\n<\/p>\n<p>Yat\u0131r\u0131mlar\u0131m\u0131z <b>Erkek Deri Brogue Bot<\/b> kal\u0131c\u0131 kaliteye yat\u0131r\u0131m yapmak anlam\u0131na gelir. Birinci s\u0131n\u0131f dana derisi ve ke\u00e7i derisinin dayan\u0131kl\u0131 EVA tabanla birle\u015fimi, bu botlar\u0131n zarif g\u00f6r\u00fcn\u00fcmlerini korurken g\u00fcnl\u00fck kullan\u0131m\u0131n zorluklar\u0131na dayanacak \u015fekilde \u00fcretilmesini sa\u011flar.<\/p>\n<p>G\u00fcvenle ve kolayl\u0131kla hareket etmenizi sa\u011flayan destek ve esnekli\u011fin m\u00fckemmel kar\u0131\u015f\u0131m\u0131n\u0131 deneyimleyin. Hem stilin hem de \u00f6z\u00fcn \u00f6nemini anl\u0131yoruz ve bu botlar giydi\u011finiz andan itibaren l\u00fcks bir deneyim sunarak her iki cephede de ba\u015far\u0131l\u0131 oluyor.<\/p>\n<p>Perakendeciler ve i\u015fletmeler i\u00e7in bu birinci s\u0131n\u0131f botlar, minimum 8 \u00e7ift sipari\u015fle toptan sat\u0131n al\u0131nabilir. Envanterinizi bu \u00e7ok aranan erkek deri brogue botlarla gecikmeden stoklayabilmenizi sa\u011flamak i\u00e7in 12 g\u00fcn i\u00e7inde verimli teslimat ve nakliye s\u00fcresi sunuyoruz. Ayakkab\u0131 koleksiyonunuzu geli\u015ftirin veya m\u00fc\u015fterilerinize sofistike, rahat ve kal\u0131c\u0131 stili \u00f6rnekleyen bir \u00fcr\u00fcn sunun.<\/p>","protected":false},"excerpt":{"rendered":"<ul>\n<li>Sofistike bir g\u00f6r\u00fcn\u00fcm ve dayan\u0131kl\u0131 a\u015f\u0131nma i\u00e7in birinci s\u0131n\u0131f dana derisi d\u0131\u015f y\u00fczeyle ustal\u0131kla \u00fcretilmi\u015ftir.<\/li>\n<li>Benzersiz konfor ve nefes alabilirlik i\u00e7in yumu\u015fak Ke\u00e7i Derisi ile l\u00fcks bir \u015fekilde astarlanm\u0131\u015ft\u0131r.<\/li>\n<li>G\u00fcn boyu konfor ve m\u00fckemmel tutu\u015f sa\u011flayan hafif ve esnek EVA tabana sahiptir.<\/li>\n<li>Klasik cazibeyi modern \u00e7ekicilikle birle\u015ftiren zarif brogue detaylara ve \u015f\u0131k yan toka vurgusuna sahiptir.<\/li>\n<li>Kolay giyilebilmesi ve tam oturmas\u0131 i\u00e7in kullan\u0131\u015fl\u0131 elastik panellerle tasarlanm\u0131\u015ft\u0131r.<\/li>\n<li>39'dan 45'e kadar kapsaml\u0131 bir beden yelpazesinde mevcuttur.<\/li>\n<li>Minimum sipari\u015f miktar\u0131: 8 \u00e7ift, toptan ve toplu al\u0131mlar i\u00e7in idealdir.<\/li>\n<li>12 g\u00fcn i\u00e7inde teslimat art\u0131 nakliye s\u00fcresi.<\/li>\n<\/ul>","protected":false},"featured_media":3811,"template":"","meta":{"_acf_changed":false,"_uag_custom_page_level_css":"","site-sidebar-layout":"default","site-content-layout":"","ast-site-content-layout":"default","site-content-style":"default","site-sidebar-style":"default","ast-global-header-display":"","ast-banner-title-visibility":"","ast-main-header-display":"","ast-hfb-above-header-display":"","ast-hfb-below-header-display":"","ast-hfb-mobile-header-display":"","site-post-title":"","ast-breadcrumbs-content":"","ast-featured-img":"","footer-sml-layout":"","ast-disable-related-posts":"","theme-transparent-header-meta":"","adv-header-id-meta":"","stick-header-meta":"","header-above-stick-meta":"","header-main-stick-meta":"","header-below-stick-meta":"","astra-migrate-meta-layouts":"default","ast-page-background-enabled":"default","ast-page-background-meta":{"desktop":{"background-color":"var(--ast-global-color-4)","background-image":"","background-repeat":"repeat","background-position":"center center","background-size":"auto","background-attachment":"scroll","background-type":"","background-media":"","overlay-type":"","overlay-color":"","overlay-opacity":"","overlay-gradient":""},"tablet":{"background-color":"","background-image":"","background-repeat":"repeat","background-position":"center center","background-size":"auto","background-attachment":"scroll","background-type":"","background-media":"","overlay-type":"","overlay-color":"","overlay-opacity":"","overlay-gradient":""},"mobile":{"background-color":"","background-image":"","background-repeat":"repeat","background-position":"center center","background-size":"auto","background-attachment":"scroll","background-type":"","background-media":"","overlay-type":"","overlay-color":"","overlay-opacity":"","overlay-gradient":""}},"ast-content-background-meta":{"desktop":{"background-color":"var(--ast-global-color-5)","background-image":"","background-repeat":"repeat","background-position":"center center","background-size":"auto","background-attachment":"scroll","background-type":"","background-media":"","overlay-type":"","overlay-color":"","overlay-opacity":"","overlay-gradient":""},"tablet":{"background-color":"var(--ast-global-color-5)","background-image":"","background-repeat":"repeat","background-position":"center center","background-size":"auto","background-attachment":"scroll","background-type":"","background-media":"","overlay-type":"","overlay-color":"","overlay-opacity":"","overlay-gradient":""},"mobile":{"background-color":"var(--ast-global-color-5)","background-image":"","background-repeat":"repeat","background-position":"center center","background-size":"auto","background-attachment":"scroll","background-type":"","background-media":"","overlay-type":"","overlay-color":"","overlay-opacity":"","overlay-gradient":""}}},"product_brand":[],"product_cat":[52,47,430,40],"product_tag":[1000,993,1001,477,996,999,1003,474,1005,998,438,478,437,476,461,1006,198,362,210,1004,473],"class_list":{"0":"post-5683","1":"product","2":"type-product","3":"status-publish","4":"has-post-thumbnail","6":"product_cat-boots","7":"product_cat-classic","8":"product_cat-men","9":"product_cat-mens-shoes","10":"product_tag-black-leather-boots","11":"product_tag-brogue-boots","12":"product_tag-brown-leather-boots","13":"product_tag-buckle-boots","14":"product_tag-calfskin-boots","15":"product_tag-casual-boots","16":"product_tag-chelsea-boots","17":"product_tag-comfortable-boots","18":"product_tag-durable-boots","19":"product_tag-elegant-boots","20":"product_tag-eva-sole","21":"product_tag-formal-boots","22":"product_tag-goat-leather","23":"product_tag-leather-boots","24":"product_tag-mens-boots","25":"product_tag-mens-dress-boots","26":"product_tag-mens-fashion","27":"product_tag-premium-footwear","28":"product_tag-smart-casual","29":"product_tag-stylish-boots","30":"product_tag-wholesale-boots","31":"desktop-align-center","32":"tablet-align-center","33":"mobile-align-center","35":"first","36":"instock","37":"shipping-taxable","38":"purchasable","39":"product-type-variable","40":"has-default-attributes"},"acf":[],"uagb_featured_image_src":{"full":["https:\/\/turkishtrade.co\/wp-content\/uploads\/2026\/01\/2400EJOMN00271-BROWN-X_875.png",453,250,false],"thumbnail":["https:\/\/turkishtrade.co\/wp-content\/uploads\/2026\/01\/2400EJOMN00271-BROWN-X_875-150x150.png",150,150,true],"medium":["https:\/\/turkishtrade.co\/wp-content\/uploads\/2026\/01\/2400EJOMN00271-BROWN-X_875-300x166.png",300,166,true],"medium_large":["https:\/\/turkishtrade.co\/wp-content\/uploads\/2026\/01\/2400EJOMN00271-BROWN-X_875.png",453,250,false],"large":["https:\/\/turkishtrade.co\/wp-content\/uploads\/2026\/01\/2400EJOMN00271-BROWN-X_875.png",453,250,false],"1536x1536":["https:\/\/turkishtrade.co\/wp-content\/uploads\/2026\/01\/2400EJOMN00271-BROWN-X_875.png",453,250,false],"2048x2048":["https:\/\/turkishtrade.co\/wp-content\/uploads\/2026\/01\/2400EJOMN00271-BROWN-X_875.png",453,250,false],"trp-custom-language-flag":["https:\/\/turkishtrade.co\/wp-content\/uploads\/2026\/01\/2400EJOMN00271-BROWN-X_875-18x10.png",18,10,true],"woocommerce_thumbnail":["https:\/\/turkishtrade.co\/wp-content\/uploads\/2026\/01\/2400EJOMN00271-BROWN-X_875-400x250.png",400,250,true],"woocommerce_single":["https:\/\/turkishtrade.co\/wp-content\/uploads\/2026\/01\/2400EJOMN00271-BROWN-X_875.png",453,250,false],"woocommerce_gallery_thumbnail":["https:\/\/turkishtrade.co\/wp-content\/uploads\/2026\/01\/2400EJOMN00271-BROWN-X_875-100x100.png",100,100,true]},"uagb_author_info":{"display_name":"yaser olabi","author_link":"https:\/\/turkishtrade.co\/tr\/author\/"},"uagb_comment_info":0,"uagb_excerpt":"Expertly crafted with a premium Calfskin exterior for a sophisticated look and durable wear. Luxuriously lined with soft Goat Leather for unparalleled comfort and breathability. Features a lightweight and flexible EVA sole, ensuring all-day comfort and excellent grip. Boasts elegant brogue detailing and a stylish side buckle accent, combining classic charm with modern appeal. Designed&hellip;","_links":{"self":[{"href":"https:\/\/turkishtrade.co\/tr\/wp-json\/wp\/v2\/product\/5683","targetHints":{"allow":["GET"]}}],"collection":[{"href":"https:\/\/turkishtrade.co\/tr\/wp-json\/wp\/v2\/product"}],"about":[{"href":"https:\/\/turkishtrade.co\/tr\/wp-json\/wp\/v2\/types\/product"}],"wp:featuredmedia":[{"embeddable":true,"href":"https:\/\/turkishtrade.co\/tr\/wp-json\/wp\/v2\/media\/3811"}],"wp:attachment":[{"href":"https:\/\/turkishtrade.co\/tr\/wp-json\/wp\/v2\/media?parent=5683"}],"wp:term":[{"taxonomy":"product_brand","embeddable":true,"href":"https:\/\/turkishtrade.co\/tr\/wp-json\/wp\/v2\/product_brand?post=5683"},{"taxonomy":"product_cat","embeddable":true,"href":"https:\/\/turkishtrade.co\/tr\/wp-json\/wp\/v2\/product_cat?post=5683"},{"taxonomy":"product_tag","embeddable":true,"href":"https:\/\/turkishtrade.co\/tr\/wp-json\/wp\/v2\/product_tag?post=5683"}],"curies":[{"name":"wp","href":"https:\/\/api.w.org\/{rel}","templated":true}]}}