{"id":5679,"date":"2026-01-14T12:53:27","date_gmt":"2026-01-14T12:53:27","guid":{"rendered":"https:\/\/turkishtrade.co\/product\/classic-leather-brogue-boots\/"},"modified":"2026-04-09T19:27:22","modified_gmt":"2026-04-09T19:27:22","slug":"classic-leather-brogue-boots","status":"publish","type":"product","link":"https:\/\/turkishtrade.co\/tr\/shop\/classic-leather-brogue-boots\/","title":{"rendered":"Premium Klasik Erkek Deri Brogue Ba\u011fc\u0131kl\u0131 Bot"},"content":{"rendered":"<p><strong>Klasik Deri Brogue \u00c7izme<\/strong><\/p>\n<p>Benzersiz stile ve kal\u0131c\u0131 kaliteye bizim \u00fcr\u00fcnlerimizle ad\u0131m at\u0131n <strong>Premium Klasik Erkek Deri Brogue Ba\u011fc\u0131kl\u0131 Bot<\/strong>. Titizlikle el i\u015f\u00e7ili\u011fiyle \u00fcretilen bu botlar, geleneksel i\u015f\u00e7ilik ve \u00e7a\u011fda\u015f zarafetin kar\u0131\u015f\u0131m\u0131n\u0131 takdir eden se\u00e7ici bireyler i\u00e7in tasarlanm\u0131\u015ft\u0131r. Klasik Deri Brogue Botlar\u0131m\u0131z bir ayakkab\u0131dan daha fazlas\u0131d\u0131r; sofistike bir ifadedir ve \u00fcst\u00fcn malzeme se\u00e7iminin bir kan\u0131t\u0131d\u0131r.<\/p>\n<p><h3>Rakipsiz \u0130\u015f\u00e7ilik ve Malzemeler<\/h3>\n<\/p>\n<p>Bu zarif botlar\u0131n her bir \u00e7ifti kaliteye ba\u011fl\u0131l\u0131kla ba\u015flar. D\u0131\u015f y\u00fczeyi, esnek dokusu, dayan\u0131kl\u0131l\u0131\u011f\u0131 ve ya\u015fland\u0131k\u00e7a daha da g\u00fczelle\u015fen zengin y\u00fczeyiyle bilinen hakiki dana derisinden ustal\u0131kla \u00fcretilmi\u015ftir. Diki\u015fler ve burun kapa\u011f\u0131 boyunca dekoratif delikler i\u00e7eren ikonik brogue detaylar, bu botlar\u0131 tan\u0131mlayan zamans\u0131z bir cazibe kat\u0131yor <strong>Klasik Deri Brogue \u00c7izme<\/strong>.<\/p>\n<p>\u0130\u00e7 k\u0131s\u0131mda, ayaklar\u0131n\u0131z her ad\u0131mda nefes alabilirlik ve pel\u00fc\u015f bir his sa\u011flayan hakiki ke\u00e7i derisi astar\u0131n l\u00fcks konforuyla sarmalanacak. Birinci s\u0131n\u0131f derilerin bu titiz kombinasyonu yaln\u0131zca ola\u011fan\u00fcst\u00fc konfor de\u011fil, ayn\u0131 zamanda uzun \u00f6m\u00fcrl\u00fc kullan\u0131m da sa\u011flayarak bu ayakkab\u0131lar\u0131 de\u011ferli bir yat\u0131r\u0131m haline getirir.<\/p>\n<p><h3>Konfor ve \u00c7ok Y\u00f6nl\u00fcl\u00fck i\u00e7in Tasarland\u0131<\/h3>\n<\/p>\n<p>Konfor her \u015feyden \u00f6nemlidir, bu nedenle bu botlar hafif ancak sa\u011flam bir EVA tabanla donat\u0131lm\u0131\u015ft\u0131r. Bu yenilik\u00e7i malzeme m\u00fckemmel \u015fok emilimi sunarak yorgunlu\u011fu azalt\u0131r ve g\u00fcn boyunca rahat bir ad\u0131m atman\u0131z\u0131 sa\u011flar. \u0130nce 1-3 cm topuk y\u00fcksekli\u011fi, hem \u015f\u0131k hem de pratik olan klasik bir profil sa\u011flar.<\/p>\n<p>\u0130ster \u015fehir sokaklar\u0131nda geziniyor, ister resmi bir etkinli\u011fe kat\u0131l\u0131yor ya da \u015f\u0131k g\u00fcndelik k\u0131yafetler tercih ediyor olun, Klasik Deri Brogue Botlar\u0131m\u0131z sorunsuz bir \u015fekilde uyum sa\u011flar. 39'dan 45'e (AB) kadar kapsaml\u0131 bir beden yelpazesinde sunulan bu botlar, geni\u015f bir tercih yelpazesine hitap ederek her m\u00fc\u015fteri i\u00e7in m\u00fckemmel uyumu sa\u011flar.<\/p>\n<p><h3>Toptan Ayakkab\u0131 \u00c7\u00f6z\u00fcm\u00fcn\u00fcz<\/h3>\n<\/p>\n<p>Y\u00fcksek kaliteli, ay\u0131rt edici erkek ayakkab\u0131s\u0131 arayan perakendeciler ve i\u015fletmeler i\u00e7in Klasik Deri Brogue Botlar\u0131m\u0131z ola\u011fan\u00fcst\u00fc bir toptan sat\u0131\u015f f\u0131rsat\u0131 sunuyor. Minimum sipari\u015f miktar\u0131 sadece 8 \u00e7ift ve standart teslimat s\u00fcresi 12 g\u00fcn art\u0131 nakliye ile zaman\u0131nda \u00fcretim ve teslimat konusunda kendimizle gurur duyuyoruz. Rekabet\u00e7i toptan sat\u0131\u015f fiyatlar\u0131n\u0131 ke\u015ffedin ve m\u00fc\u015fterilerinize \u015f\u0131kl\u0131k, dayan\u0131kl\u0131l\u0131k ve konforu bir araya getiren bir \u00fcr\u00fcn sunun.<\/p>\n<p>Bunlar <strong>Klasik Deri Brogue \u00c7izme<\/strong> hem siz hem de m\u00fc\u015fterileriniz i\u00e7in memnuniyet vaat eden, se\u00e7ilmi\u015f her koleksiyona \u00f6nemli bir ektir.<\/p>","protected":false},"excerpt":{"rendered":"<ul>\n<li><strong>Malzeme M\u00fckemmelli\u011fi:<\/strong> \u00dcst\u00fcn konfor ve dayan\u0131kl\u0131l\u0131k i\u00e7in hakiki dana derisi d\u0131\u015f y\u00fczey ve l\u00fcks ke\u00e7i derisi astar ile \u00fcretilmi\u015ftir.<\/li>\n<li><strong>Konfor Odakl\u0131 Taban:<\/strong> G\u00fcn boyu kullan\u0131m i\u00e7in \u00fcst\u00fcn yast\u0131klama ve destek sunan esnek EVA tabana sahiptir.<\/li>\n<li><strong>Klasik Topuk Profili:<\/strong> Zamans\u0131z, zarif bir siluet i\u00e7in m\u00fckemmel olan 1-3 cm topuk y\u00fcksekli\u011fi ile tasarlanm\u0131\u015ft\u0131r.<\/li>\n<li><strong>Mevcut Boyutlar:<\/strong> Farkl\u0131 m\u00fc\u015fteri kitlelerine uyacak \u015fekilde 39 ila 45 (AB beden) aras\u0131nda kapsaml\u0131 beden aral\u0131\u011f\u0131.<\/li>\n<li><strong>Toptan Sat\u0131\u015f:<\/strong> Minimum 8 \u00e7ift sipari\u015f, teslimat s\u00fcresi 12 g\u00fcn art\u0131 nakliye. Talep \u00fczerine rekabet\u00e7i toptan fiyatland\u0131rma mevcuttur.<\/li>\n<\/ul>","protected":false},"featured_media":3809,"template":"","meta":{"_acf_changed":false,"_uag_custom_page_level_css":"","site-sidebar-layout":"default","site-content-layout":"","ast-site-content-layout":"default","site-content-style":"default","site-sidebar-style":"default","ast-global-header-display":"","ast-banner-title-visibility":"","ast-main-header-display":"","ast-hfb-above-header-display":"","ast-hfb-below-header-display":"","ast-hfb-mobile-header-display":"","site-post-title":"","ast-breadcrumbs-content":"","ast-featured-img":"","footer-sml-layout":"","ast-disable-related-posts":"","theme-transparent-header-meta":"","adv-header-id-meta":"","stick-header-meta":"","header-above-stick-meta":"","header-main-stick-meta":"","header-below-stick-meta":"","astra-migrate-meta-layouts":"default","ast-page-background-enabled":"default","ast-page-background-meta":{"desktop":{"background-color":"var(--ast-global-color-4)","background-image":"","background-repeat":"repeat","background-position":"center center","background-size":"auto","background-attachment":"scroll","background-type":"","background-media":"","overlay-type":"","overlay-color":"","overlay-opacity":"","overlay-gradient":""},"tablet":{"background-color":"","background-image":"","background-repeat":"repeat","background-position":"center center","background-size":"auto","background-attachment":"scroll","background-type":"","background-media":"","overlay-type":"","overlay-color":"","overlay-opacity":"","overlay-gradient":""},"mobile":{"background-color":"","background-image":"","background-repeat":"repeat","background-position":"center center","background-size":"auto","background-attachment":"scroll","background-type":"","background-media":"","overlay-type":"","overlay-color":"","overlay-opacity":"","overlay-gradient":""}},"ast-content-background-meta":{"desktop":{"background-color":"var(--ast-global-color-5)","background-image":"","background-repeat":"repeat","background-position":"center center","background-size":"auto","background-attachment":"scroll","background-type":"","background-media":"","overlay-type":"","overlay-color":"","overlay-opacity":"","overlay-gradient":""},"tablet":{"background-color":"var(--ast-global-color-5)","background-image":"","background-repeat":"repeat","background-position":"center center","background-size":"auto","background-attachment":"scroll","background-type":"","background-media":"","overlay-type":"","overlay-color":"","overlay-opacity":"","overlay-gradient":""},"mobile":{"background-color":"var(--ast-global-color-5)","background-image":"","background-repeat":"repeat","background-position":"center center","background-size":"auto","background-attachment":"scroll","background-type":"","background-media":"","overlay-type":"","overlay-color":"","overlay-opacity":"","overlay-gradient":""}}},"product_brand":[],"product_cat":[52,47,430,40],"product_tag":[1000,993,1001,996,999,995,998,438,478,189,997,994,476,461,198,362,473,1002],"class_list":{"0":"post-5679","1":"product","2":"type-product","3":"status-publish","4":"has-post-thumbnail","6":"product_cat-boots","7":"product_cat-classic","8":"product_cat-men","9":"product_cat-mens-shoes","10":"product_tag-black-leather-boots","11":"product_tag-brogue-boots","12":"product_tag-brown-leather-boots","13":"product_tag-calfskin-boots","14":"product_tag-casual-boots","15":"product_tag-classic-boots","16":"product_tag-elegant-boots","17":"product_tag-eva-sole","18":"product_tag-formal-boots","19":"product_tag-goat-leather-lining","20":"product_tag-handmade-boots","21":"product_tag-lace-up-boots","22":"product_tag-leather-boots","23":"product_tag-mens-boots","24":"product_tag-mens-fashion","25":"product_tag-premium-footwear","26":"product_tag-wholesale-boots","27":"product_tag-wingtip-boots","28":"desktop-align-center","29":"tablet-align-center","30":"mobile-align-center","32":"first","33":"instock","34":"shipping-taxable","35":"purchasable","36":"product-type-variable","37":"has-default-attributes"},"acf":[],"uagb_featured_image_src":{"full":["https:\/\/turkishtrade.co\/wp-content\/uploads\/2026\/01\/2400EJOMN00270-DARK-BROWN-X_76.png",453,250,false],"thumbnail":["https:\/\/turkishtrade.co\/wp-content\/uploads\/2026\/01\/2400EJOMN00270-DARK-BROWN-X_76-150x150.png",150,150,true],"medium":["https:\/\/turkishtrade.co\/wp-content\/uploads\/2026\/01\/2400EJOMN00270-DARK-BROWN-X_76-300x166.png",300,166,true],"medium_large":["https:\/\/turkishtrade.co\/wp-content\/uploads\/2026\/01\/2400EJOMN00270-DARK-BROWN-X_76.png",453,250,false],"large":["https:\/\/turkishtrade.co\/wp-content\/uploads\/2026\/01\/2400EJOMN00270-DARK-BROWN-X_76.png",453,250,false],"1536x1536":["https:\/\/turkishtrade.co\/wp-content\/uploads\/2026\/01\/2400EJOMN00270-DARK-BROWN-X_76.png",453,250,false],"2048x2048":["https:\/\/turkishtrade.co\/wp-content\/uploads\/2026\/01\/2400EJOMN00270-DARK-BROWN-X_76.png",453,250,false],"trp-custom-language-flag":["https:\/\/turkishtrade.co\/wp-content\/uploads\/2026\/01\/2400EJOMN00270-DARK-BROWN-X_76-18x10.png",18,10,true],"woocommerce_thumbnail":["https:\/\/turkishtrade.co\/wp-content\/uploads\/2026\/01\/2400EJOMN00270-DARK-BROWN-X_76-400x250.png",400,250,true],"woocommerce_single":["https:\/\/turkishtrade.co\/wp-content\/uploads\/2026\/01\/2400EJOMN00270-DARK-BROWN-X_76.png",453,250,false],"woocommerce_gallery_thumbnail":["https:\/\/turkishtrade.co\/wp-content\/uploads\/2026\/01\/2400EJOMN00270-DARK-BROWN-X_76-100x100.png",100,100,true]},"uagb_author_info":{"display_name":"yaser olabi","author_link":"https:\/\/turkishtrade.co\/tr\/author\/"},"uagb_comment_info":0,"uagb_excerpt":"Material Excellence: Crafted with a genuine calfskin leather exterior and a luxurious goat leather lining for ultimate comfort and durability. Comfort-Driven Sole: Features a resilient EVA sole, offering superior cushioning and support for all-day wear. Classic Heel Profile: Designed with a subtle 1-3 cm heel height, perfect for a timeless, elegant silhouette. Available Sizes: Comprehensive&hellip;","_links":{"self":[{"href":"https:\/\/turkishtrade.co\/tr\/wp-json\/wp\/v2\/product\/5679","targetHints":{"allow":["GET"]}}],"collection":[{"href":"https:\/\/turkishtrade.co\/tr\/wp-json\/wp\/v2\/product"}],"about":[{"href":"https:\/\/turkishtrade.co\/tr\/wp-json\/wp\/v2\/types\/product"}],"wp:featuredmedia":[{"embeddable":true,"href":"https:\/\/turkishtrade.co\/tr\/wp-json\/wp\/v2\/media\/3809"}],"wp:attachment":[{"href":"https:\/\/turkishtrade.co\/tr\/wp-json\/wp\/v2\/media?parent=5679"}],"wp:term":[{"taxonomy":"product_brand","embeddable":true,"href":"https:\/\/turkishtrade.co\/tr\/wp-json\/wp\/v2\/product_brand?post=5679"},{"taxonomy":"product_cat","embeddable":true,"href":"https:\/\/turkishtrade.co\/tr\/wp-json\/wp\/v2\/product_cat?post=5679"},{"taxonomy":"product_tag","embeddable":true,"href":"https:\/\/turkishtrade.co\/tr\/wp-json\/wp\/v2\/product_tag?post=5679"}],"curies":[{"name":"wp","href":"https:\/\/api.w.org\/{rel}","templated":true}]}}