{"id":5676,"date":"2026-01-14T12:53:06","date_gmt":"2026-01-14T12:53:06","guid":{"rendered":"https:\/\/turkishtrade.co\/product\/mens-leather-monk-strap-loafers-2\/"},"modified":"2026-04-09T19:27:25","modified_gmt":"2026-04-09T19:27:25","slug":"mens-leather-monk-strap-loafers-2","status":"publish","type":"product","link":"https:\/\/turkishtrade.co\/tr\/shop\/mens-leather-monk-strap-loafers-2\/","title":{"rendered":"Premium Erkek Deri Monk Kay\u0131\u015fl\u0131 Loafer"},"content":{"rendered":"<p><strong>Erkek Deri Monk Kay\u0131\u015fl\u0131 Loafer<\/strong><\/p>\n<p>Ayakkab\u0131 koleksiyonunuzu se\u00e7kin \u00fcr\u00fcnlerimizle geli\u015ftirin <strong>Premium Erkek Deri Monk Kay\u0131\u015fl\u0131 Loafer<\/strong>, klasik tarz\u0131n ve modern konforun ger\u00e7ek bir kan\u0131t\u0131d\u0131r. Se\u00e7kin beyefendiler i\u00e7in tasarlanan bu mokasen ayakkab\u0131lar, sofistikeli\u011fi g\u00fcnl\u00fck giyilebilirlikle kusursuz bir \u015fekilde harmanl\u0131yor. Her bir \u00e7ift <strong>Erkek Deri Monk Kay\u0131\u015fl\u0131 Loafer<\/strong> benzersiz bir kalite ve sizi di\u011ferlerinden ay\u0131racak se\u00e7kin bir estetik sunmak i\u00e7in titizlikle \u00fcretilmi\u015ftir.<\/p>\n<p><h3>Her Detayda E\u015fsiz Kalite<\/h3>\n<\/p>\n<p>Bu ola\u011fan\u00fcst\u00fc odalara girdi\u011finiz andan itibaren l\u00fcks\u00fc ya\u015fay\u0131n <strong>Erkek Deri Monk Kay\u0131\u015fl\u0131 Loafer<\/strong>. D\u0131\u015f y\u00fczeyi, yumu\u015fak dokusu, dayan\u0131kl\u0131l\u0131\u011f\u0131 ve zaman i\u00e7inde g\u00fczel bir patine geli\u015ftirme yetene\u011fi ile tan\u0131nan birinci s\u0131n\u0131f dana derisine sahiptir. Bunu tamamlayan i\u00e7 k\u0131s\u0131m, ayaklar\u0131n\u0131z i\u00e7in inan\u0131lmaz derecede yumu\u015fak ve nefes alabilen bir ortam sa\u011flayarak uzun s\u00fcreli kullan\u0131mda bile rahatl\u0131k sa\u011flayan esnek ke\u00e7i derisi ile kaplanm\u0131\u015ft\u0131r.<\/p>\n<p>Sa\u011flam EVA taban\u0131 \u00fcst\u00fcn yast\u0131klama ve esneklik sunarak bu <strong>Erkek Deri Monk Kay\u0131\u015fl\u0131 Loafer<\/strong> \u0130nan\u0131lmaz derecede hafif ve rahatt\u0131r, her t\u00fcrl\u00fc \u015fehir manzaras\u0131nda veya resmi etkinlikte gezinmek i\u00e7in m\u00fckemmeldir. 1-3 cm'lik ince topuk y\u00fcksekli\u011fi ile hem zarif hem de pratik olan klasik bir profil sunar.<\/p>\n<p><h3>Her Durum i\u00e7in \u00c7ok Y\u00f6nl\u00fc Stil<\/h3>\n<\/p>\n<p>Kendine \u00f6zg\u00fc tekli monk kay\u0131\u015f tasar\u0131m\u0131, bu \u00fcr\u00fcnlere zarif bir zarafet dokunu\u015fu kat\u0131yor <strong>Erkek Deri Monk Kay\u0131\u015fl\u0131 Loafer<\/strong>, Bu da onlar\u0131 inan\u0131lmaz derecede \u00e7ok y\u00f6nl\u00fc k\u0131l\u0131yor. \u0130ster i\u015f ama\u00e7l\u0131 g\u00fcndelik bir toplant\u0131 i\u00e7in giyiniyor olun, ister \u00f6zel bir etkinli\u011fe kat\u0131l\u0131n ya da sadece sofistike bir hafta sonu gezisinin tad\u0131n\u0131 \u00e7\u0131kar\u0131n, bu mokasen ayakkab\u0131lar m\u00fckemmel bir se\u00e7imdir. Zamans\u0131z tasar\u0131mlar\u0131, \u00f6zel dikim pantolonlar, chino pantolonlar ve hatta \u015f\u0131k denimlerle zahmetsizce e\u015fle\u015fmelerini sa\u011flayarak onlar\u0131 her modern gard\u0131rop i\u00e7in vazge\u00e7ilmez bir eklenti haline getirir.<\/p>\n<p>Bunlar sadece ayakkab\u0131 de\u011fil; sofistike bir zevkin ifadesidir.<\/p>\n<p><h3>Konfor ve Dayan\u0131kl\u0131l\u0131k i\u00e7in \u00dcretildi<\/h3>\n<\/p>\n<p>\u00c7arp\u0131c\u0131 g\u00f6r\u00fcn\u00fcmlerinin \u00f6tesinde, bizim <strong>Erkek Deri Monk Kay\u0131\u015fl\u0131 Loafer<\/strong> uzun \u00f6m\u00fcrl\u00fc olacak \u015fekilde \u00fcretilmi\u015ftir. Y\u00fcksek kaliteli dana derisi ve ke\u00e7i derisinin ustal\u0131kla in\u015fa edilmi\u015f EVA tabanla birle\u015fimi, uzun \u00f6m\u00fcrl\u00fcl\u00fc\u011f\u00fc ve s\u00fcrekli konforu garanti eder. Her bir diki\u015f, zanaatk\u00e2rlar\u0131m\u0131z\u0131n \u00f6zverisini yans\u0131t\u0131yor ve sadece m\u00fckemmel g\u00f6r\u00fcnmekle kalmay\u0131p zamana kar\u015f\u0131 da dayan\u0131kl\u0131 bir \u00fcr\u00fcn ortaya koyuyor.<\/p>\n<p>Siz de\u011ferli m\u00fc\u015fterilerimiz i\u00e7in hem kal\u0131c\u0131 stil hem de ola\u011fan\u00fcst\u00fc performans sunan ayakkab\u0131lar sa\u011flamaya inan\u0131yoruz.<\/p>\n<p><h3>Bulunabilirlik ve Sipari\u015f<\/h3>\n<\/p>\n<p>Bu premium \u00fcr\u00fcnler <strong>Erkek Deri Monk Kay\u0131\u015fl\u0131 Loafer<\/strong> 39'dan 45'e kadar kapsaml\u0131 bir beden yelpazesinde mevcuttur. Toptan sat\u0131\u015f ortaklar\u0131m\u0131z ve perakendecilerimiz i\u00e7in minimum sipari\u015f miktar\u0131n\u0131n 8 \u00e7ift oldu\u011funu ve tipik teslimat s\u00fcresinin 12 g\u00fcn art\u0131 nakliye oldu\u011funu l\u00fctfen unutmay\u0131n. Ayr\u0131nt\u0131l\u0131 fiyat bilgisi i\u00e7in fiyat listemize bak\u0131n\u0131z.<\/p>\n<p>Bu zarif mokasen ayakkab\u0131lardan bir \u00e7ift al\u0131n ve klasik tasar\u0131m, l\u00fcks malzemeler ve ola\u011fan\u00fcst\u00fc konforun m\u00fckemmel birle\u015fimini deneyimleyin.<\/p>","protected":false},"excerpt":{"rendered":"<ul>\n<li>L\u00fcks dana derisi d\u0131\u015f y\u00fczey ve yumu\u015fak ke\u00e7i derisi i\u00e7 k\u0131s\u0131mdan ustal\u0131kla \u00fcretilmi\u015ftir.<\/li>\n<li>Dayan\u0131kl\u0131 tokal\u0131, sofistike tek ke\u015fi\u015f kay\u0131\u015f tasar\u0131m\u0131na sahiptir.<\/li>\n<li>G\u00fcn boyu kullan\u0131m i\u00e7in hafif ve rahat EVA taban ile donat\u0131lm\u0131\u015ft\u0131r.<\/li>\n<li>Klasik 1-3 cm topuk y\u00fcksekli\u011fi, hem g\u00fcndelik hem de yar\u0131 resmi durumlar i\u00e7in m\u00fckemmeldir.<\/li>\n<li>Geni\u015f bir beden yelpazesinde mevcuttur: 39, 40, 41, 42, 43, 44, 45.<\/li>\n<li>Minimum sipari\u015f miktar\u0131: 8 \u00e7ift.<\/li>\n<li>Tahmini teslim s\u00fcresi: 12 g\u00fcn + nakliye.<\/li>\n<\/ul>","protected":false},"featured_media":3679,"template":"","meta":{"_acf_changed":false,"_uag_custom_page_level_css":"","site-sidebar-layout":"default","site-content-layout":"","ast-site-content-layout":"default","site-content-style":"default","site-sidebar-style":"default","ast-global-header-display":"","ast-banner-title-visibility":"","ast-main-header-display":"","ast-hfb-above-header-display":"","ast-hfb-below-header-display":"","ast-hfb-mobile-header-display":"","site-post-title":"","ast-breadcrumbs-content":"","ast-featured-img":"","footer-sml-layout":"","ast-disable-related-posts":"","theme-transparent-header-meta":"","adv-header-id-meta":"","stick-header-meta":"","header-above-stick-meta":"","header-main-stick-meta":"","header-below-stick-meta":"","astra-migrate-meta-layouts":"default","ast-page-background-enabled":"default","ast-page-background-meta":{"desktop":{"background-color":"var(--ast-global-color-4)","background-image":"","background-repeat":"repeat","background-position":"center center","background-size":"auto","background-attachment":"scroll","background-type":"","background-media":"","overlay-type":"","overlay-color":"","overlay-opacity":"","overlay-gradient":""},"tablet":{"background-color":"","background-image":"","background-repeat":"repeat","background-position":"center center","background-size":"auto","background-attachment":"scroll","background-type":"","background-media":"","overlay-type":"","overlay-color":"","overlay-opacity":"","overlay-gradient":""},"mobile":{"background-color":"","background-image":"","background-repeat":"repeat","background-position":"center center","background-size":"auto","background-attachment":"scroll","background-type":"","background-media":"","overlay-type":"","overlay-color":"","overlay-opacity":"","overlay-gradient":""}},"ast-content-background-meta":{"desktop":{"background-color":"var(--ast-global-color-5)","background-image":"","background-repeat":"repeat","background-position":"center center","background-size":"auto","background-attachment":"scroll","background-type":"","background-media":"","overlay-type":"","overlay-color":"","overlay-opacity":"","overlay-gradient":""},"tablet":{"background-color":"var(--ast-global-color-5)","background-image":"","background-repeat":"repeat","background-position":"center center","background-size":"auto","background-attachment":"scroll","background-type":"","background-media":"","overlay-type":"","overlay-color":"","overlay-opacity":"","overlay-gradient":""},"mobile":{"background-color":"var(--ast-global-color-5)","background-image":"","background-repeat":"repeat","background-position":"center center","background-size":"auto","background-attachment":"scroll","background-type":"","background-media":"","overlay-type":"","overlay-color":"","overlay-opacity":"","overlay-gradient":""}}},"product_brand":[],"product_cat":[47,430,40],"product_tag":[635,582,512,145,737,454,438,583,215,198,261,374,281],"class_list":{"0":"post-5676","1":"product","2":"type-product","3":"status-publish","4":"has-post-thumbnail","6":"product_cat-classic","7":"product_cat-men","8":"product_cat-mens-shoes","9":"product_tag-blue-loafers","10":"product_tag-calfskin","11":"product_tag-casual-loafers","12":"product_tag-classic-shoes","13":"product_tag-dress-loafers","14":"product_tag-elegant-footwear","15":"product_tag-eva-sole","16":"product_tag-goatskin","17":"product_tag-leather-loafers","18":"product_tag-mens-fashion","19":"product_tag-monk-strap-shoes","20":"product_tag-premium-loafers","21":"product_tag-wholesale-shoes","22":"desktop-align-center","23":"tablet-align-center","24":"mobile-align-center","26":"first","27":"instock","28":"shipping-taxable","29":"purchasable","30":"product-type-variable","31":"has-default-attributes"},"acf":[],"uagb_featured_image_src":{"full":["https:\/\/turkishtrade.co\/wp-content\/uploads\/2026\/01\/2400EJOMN00493-DARK-BLUE-X_78.png",453,250,false],"thumbnail":["https:\/\/turkishtrade.co\/wp-content\/uploads\/2026\/01\/2400EJOMN00493-DARK-BLUE-X_78-150x150.png",150,150,true],"medium":["https:\/\/turkishtrade.co\/wp-content\/uploads\/2026\/01\/2400EJOMN00493-DARK-BLUE-X_78-300x166.png",300,166,true],"medium_large":["https:\/\/turkishtrade.co\/wp-content\/uploads\/2026\/01\/2400EJOMN00493-DARK-BLUE-X_78.png",453,250,false],"large":["https:\/\/turkishtrade.co\/wp-content\/uploads\/2026\/01\/2400EJOMN00493-DARK-BLUE-X_78.png",453,250,false],"1536x1536":["https:\/\/turkishtrade.co\/wp-content\/uploads\/2026\/01\/2400EJOMN00493-DARK-BLUE-X_78.png",453,250,false],"2048x2048":["https:\/\/turkishtrade.co\/wp-content\/uploads\/2026\/01\/2400EJOMN00493-DARK-BLUE-X_78.png",453,250,false],"trp-custom-language-flag":["https:\/\/turkishtrade.co\/wp-content\/uploads\/2026\/01\/2400EJOMN00493-DARK-BLUE-X_78-18x10.png",18,10,true],"woocommerce_thumbnail":["https:\/\/turkishtrade.co\/wp-content\/uploads\/2026\/01\/2400EJOMN00493-DARK-BLUE-X_78-400x250.png",400,250,true],"woocommerce_single":["https:\/\/turkishtrade.co\/wp-content\/uploads\/2026\/01\/2400EJOMN00493-DARK-BLUE-X_78.png",453,250,false],"woocommerce_gallery_thumbnail":["https:\/\/turkishtrade.co\/wp-content\/uploads\/2026\/01\/2400EJOMN00493-DARK-BLUE-X_78-100x100.png",100,100,true]},"uagb_author_info":{"display_name":"yaser olabi","author_link":"https:\/\/turkishtrade.co\/tr\/author\/"},"uagb_comment_info":0,"uagb_excerpt":"Expertly crafted from luxurious calfskin leather exterior and soft goatskin interior. Features a sophisticated single monk strap design with a durable buckle. Equipped with a lightweight and comfortable EVA sole for all-day wear. Classic 1-3 cm heel height, perfect for both casual and semi-formal occasions. Available in a wide range of sizes: 39, 40, 41,&hellip;","_links":{"self":[{"href":"https:\/\/turkishtrade.co\/tr\/wp-json\/wp\/v2\/product\/5676","targetHints":{"allow":["GET"]}}],"collection":[{"href":"https:\/\/turkishtrade.co\/tr\/wp-json\/wp\/v2\/product"}],"about":[{"href":"https:\/\/turkishtrade.co\/tr\/wp-json\/wp\/v2\/types\/product"}],"wp:featuredmedia":[{"embeddable":true,"href":"https:\/\/turkishtrade.co\/tr\/wp-json\/wp\/v2\/media\/3679"}],"wp:attachment":[{"href":"https:\/\/turkishtrade.co\/tr\/wp-json\/wp\/v2\/media?parent=5676"}],"wp:term":[{"taxonomy":"product_brand","embeddable":true,"href":"https:\/\/turkishtrade.co\/tr\/wp-json\/wp\/v2\/product_brand?post=5676"},{"taxonomy":"product_cat","embeddable":true,"href":"https:\/\/turkishtrade.co\/tr\/wp-json\/wp\/v2\/product_cat?post=5676"},{"taxonomy":"product_tag","embeddable":true,"href":"https:\/\/turkishtrade.co\/tr\/wp-json\/wp\/v2\/product_tag?post=5676"}],"curies":[{"name":"wp","href":"https:\/\/api.w.org\/{rel}","templated":true}]}}