{"id":5674,"date":"2026-01-14T12:52:46","date_gmt":"2026-01-14T12:52:46","guid":{"rendered":"https:\/\/turkishtrade.co\/product\/mens-blue-leather-derby-shoes-2\/"},"modified":"2026-04-09T19:27:28","modified_gmt":"2026-04-09T19:27:28","slug":"mens-blue-leather-derby-shoes-2","status":"publish","type":"product","link":"https:\/\/turkishtrade.co\/tr\/shop\/mens-blue-leather-derby-shoes-2\/","title":{"rendered":"Timsah Kabartmal\u0131 Detayl\u0131 Erkek Mavi Dana Derisi Derby Ayakkab\u0131"},"content":{"rendered":"<p><strong>Erkek Mavi Deri Derby Ayakkab\u0131<\/strong><\/p>\n<p>Ayakkab\u0131 koleksiyonunuzu se\u00e7kin \u00fcr\u00fcnlerimizle geli\u015ftirin <strong>Erkek Mavi Deri Derby Ayakkab\u0131<\/strong>, Zamans\u0131z \u015f\u0131kl\u0131k ve modern sofistikeli\u011fin m\u00fckemmel bir kar\u0131\u015f\u0131m\u0131. Se\u00e7kin beyefendiler i\u00e7in tasarlanan bu birinci s\u0131n\u0131f mavi deri Derby ayakkab\u0131lar bir ayakkab\u0131dan \u00e7ok daha fazlas\u0131d\u0131r; bir stil ve kalite ifadesidir. \u0130ster \u00f6nemli bir i\u015f toplant\u0131s\u0131, ister resmi bir etkinlik ya da \u015f\u0131k bir g\u00fcnl\u00fck gezi i\u00e7in giyiniyor olun, bu mavi deri erkek Derby ayakkab\u0131lar kal\u0131c\u0131 bir izlenim b\u0131rakman\u0131z\u0131 sa\u011flayacakt\u0131r.<\/p>\n<p><h3>Benzersiz \u0130\u015f\u00e7ilik ve \u00dcst\u00fcn Kaliteli Malzemeler<\/h3>\n<\/p>\n<p>Her bir \u00e7iftimiz <strong>Erkek Mavi Deri Derby Ayakkab\u0131<\/strong> hakiki dana derisinden titizlikle \u00fcretilmi\u015ftir, l\u00fcks bir his ve ola\u011fan\u00fcst\u00fc dayan\u0131kl\u0131l\u0131k sunar. D\u0131\u015f y\u00fczey, p\u00fcr\u00fczs\u00fcz ve ay\u0131rt edici timsah kabartmal\u0131 dokular\u0131n b\u00fcy\u00fcleyici bir kar\u0131\u015f\u0131m\u0131na sahiptir ve bu ayakkab\u0131lar\u0131 di\u011ferlerinden ay\u0131ran benzersiz bir karakter ve g\u00f6rsel derinlik katar. Bu \u00f6zenli tasar\u0131m detay\u0131, dana derisi Derby ayakkab\u0131lar\u0131m\u0131z\u0131 her kalabal\u0131\u011f\u0131n i\u00e7inde ger\u00e7ekten \u00f6ne \u00e7\u0131kar\u0131r.<\/p>\n<p>Bu mavi erkek Derby ayakkab\u0131lar\u0131n\u0131n i\u00e7 astar\u0131, benzersiz nefes alabilirlik ve rahatl\u0131k sa\u011flayan yumu\u015fak, esnek ke\u00e7i derisine sahiptir. Bu birinci s\u0131n\u0131f i\u00e7 k\u0131s\u0131m, ayaklar\u0131n\u0131z\u0131n g\u00fcn boyunca rahat ve serin kalmas\u0131n\u0131 sa\u011flayarak bu l\u00fcks erkek ayakkab\u0131s\u0131n\u0131 uzun s\u00fcreli kullan\u0131m i\u00e7in ideal bir se\u00e7im haline getirir. Klasik ba\u011fc\u0131k sistemi, ayak \u015feklinize m\u00fckemmel uyum sa\u011flayarak g\u00fcvenli ve rahat bir oturu\u015fu garanti eder.<\/p>\n<p><h3>Sizin \u0130\u00e7in Tasarlanm\u0131\u015f Konfor ve Dayan\u0131kl\u0131l\u0131k<\/h3>\n<\/p>\n<p>M\u00fckemmel yast\u0131klama ve destek sa\u011flayan hafif ve esnek EVA taban ile \u00fcst\u00fcn konforu ya\u015fay\u0131n. Bu geli\u015fmi\u015f taban teknolojisi, 1-3 cm'lik ince topukla birle\u015fti\u011finde, m\u00fckemmel bir y\u00fckseklik ve denge dengesi sunarak g\u00fcvenle ve kolayl\u0131kla hareket etmenizi sa\u011flar. Bu mavi deri Derby ayakkab\u0131lar uzun \u00f6m\u00fcrl\u00fc olacak \u015fekilde tasarlanm\u0131\u015ft\u0131r ve say\u0131s\u0131z durumda kal\u0131c\u0131 stil ve performans vaat eder.<\/p>\n<p><h3>Her Durum i\u00e7in \u00c7ok Y\u00f6nl\u00fc Stil<\/h3>\n<\/p>\n<p>Bizim <strong>Erkek Mavi Deri Derby Ayakkab\u0131<\/strong> inan\u0131lmaz derecede \u00e7ok y\u00f6nl\u00fcd\u00fcr, bu da onlar\u0131 her gard\u0131rop i\u00e7in vazge\u00e7ilmez bir eklenti haline getirir. Zarif bir i\u015f g\u00f6r\u00fcn\u00fcm\u00fc i\u00e7in \u00f6zel dikim tak\u0131m elbiselerle e\u015fle\u015ftirin ya da sofistike bir g\u00fcndelik kombin i\u00e7in chino pantolon ve \u015f\u0131k bir g\u00f6mlekle kombinleyin. Zengin mavi tonu, klasik Derby sil\u00fcetine \u00e7a\u011fda\u015f bir dokunu\u015f katarak bu birinci s\u0131n\u0131f mavi deri ayakkab\u0131lar\u0131n k\u0131yafetlerinizin odak noktas\u0131 olmas\u0131n\u0131 sa\u011flar.<\/p>\n<p>AB 39'dan 45'e kadar kapsaml\u0131 bir beden yelpazesinde mevcut oldu\u011fundan, m\u00fckemmel uyumunuzu bulmak zahmetsizdir. Ayr\u0131ca, perakendecilerin m\u00fc\u015fterilerine y\u00fcksek kaliteli, \u015f\u0131k erkek mavi deri Derby ayakkab\u0131lar\u0131 sunmalar\u0131 i\u00e7in m\u00fckemmel bir f\u0131rsat sa\u011flayan minimum 8 \u00e7ift sipari\u015f miktar\u0131 ile toptan sat\u0131\u015f ihtiya\u00e7lar\u0131n\u0131 da kar\u015f\u0131l\u0131yoruz. Ayr\u0131nt\u0131l\u0131 fiyatland\u0131rma ve bu ola\u011fan\u00fcst\u00fc dana derisi Derby ayakkab\u0131lar i\u00e7in toplu sipari\u015f gereksinimlerinizi g\u00f6r\u00fc\u015fmek \u00fczere bug\u00fcn bize ula\u015f\u0131n.<\/p>","protected":false},"excerpt":{"rendered":"<ul>\n<li>Belirgin Timsah Kabartmal\u0131 Vurgulara Sahip Birinci S\u0131n\u0131f Dana Derisi \u00dcst K\u0131s\u0131m<\/li>\n<li>Nefes Alabilir Konfor ve Yumu\u015fak Dokunu\u015f i\u00e7in L\u00fcks Ke\u00e7i Derisi Astar<\/li>\n<li>G\u00fcn Boyu \u00dcst\u00fcn Konfor i\u00e7in Hafif ve Esnek EVA Taban<\/li>\n<li>\u0130nce ve Zarif Bir Y\u00fckseltme i\u00e7in Klasik 1-3 cm Topuk<\/li>\n<li>Kapsaml\u0131 Beden Aral\u0131\u011f\u0131nda Mevcuttur: AB 39-45<\/li>\n<li>Minimum Sipari\u015f Miktar\u0131: 8 \u00c7ift (Toptan ve toplu al\u0131mlar i\u00e7in idealdir. Rekabet\u00e7i fiyatland\u0131rma i\u00e7in bizimle ileti\u015fime ge\u00e7in)<\/li>\n<\/ul>","protected":false},"featured_media":3805,"template":"","meta":{"_acf_changed":false,"_uag_custom_page_level_css":"","site-sidebar-layout":"default","site-content-layout":"","ast-site-content-layout":"default","site-content-style":"default","site-sidebar-style":"default","ast-global-header-display":"","ast-banner-title-visibility":"","ast-main-header-display":"","ast-hfb-above-header-display":"","ast-hfb-below-header-display":"","ast-hfb-mobile-header-display":"","site-post-title":"","ast-breadcrumbs-content":"","ast-featured-img":"","footer-sml-layout":"","ast-disable-related-posts":"","theme-transparent-header-meta":"","adv-header-id-meta":"","stick-header-meta":"","header-above-stick-meta":"","header-main-stick-meta":"","header-below-stick-meta":"","astra-migrate-meta-layouts":"default","ast-page-background-enabled":"default","ast-page-background-meta":{"desktop":{"background-color":"var(--ast-global-color-4)","background-image":"","background-repeat":"repeat","background-position":"center center","background-size":"auto","background-attachment":"scroll","background-type":"","background-media":"","overlay-type":"","overlay-color":"","overlay-opacity":"","overlay-gradient":""},"tablet":{"background-color":"","background-image":"","background-repeat":"repeat","background-position":"center center","background-size":"auto","background-attachment":"scroll","background-type":"","background-media":"","overlay-type":"","overlay-color":"","overlay-opacity":"","overlay-gradient":""},"mobile":{"background-color":"","background-image":"","background-repeat":"repeat","background-position":"center center","background-size":"auto","background-attachment":"scroll","background-type":"","background-media":"","overlay-type":"","overlay-color":"","overlay-opacity":"","overlay-gradient":""}},"ast-content-background-meta":{"desktop":{"background-color":"var(--ast-global-color-5)","background-image":"","background-repeat":"repeat","background-position":"center center","background-size":"auto","background-attachment":"scroll","background-type":"","background-media":"","overlay-type":"","overlay-color":"","overlay-opacity":"","overlay-gradient":""},"tablet":{"background-color":"var(--ast-global-color-5)","background-image":"","background-repeat":"repeat","background-position":"center center","background-size":"auto","background-attachment":"scroll","background-type":"","background-media":"","overlay-type":"","overlay-color":"","overlay-opacity":"","overlay-gradient":""},"mobile":{"background-color":"var(--ast-global-color-5)","background-image":"","background-repeat":"repeat","background-position":"center center","background-size":"auto","background-attachment":"scroll","background-type":"","background-media":"","overlay-type":"","overlay-color":"","overlay-opacity":"","overlay-gradient":""}}},"product_brand":[],"product_cat":[47,430,40],"product_tag":[646,200,202,449,212,284,438,251,189,227,217,992,373,281],"class_list":{"0":"post-5674","1":"product","2":"type-product","3":"status-publish","4":"has-post-thumbnail","6":"product_cat-classic","7":"product_cat-men","8":"product_cat-mens-shoes","9":"product_tag-blue-shoes","10":"product_tag-business-casual","11":"product_tag-calf-leather","12":"product_tag-casual-shoes","13":"product_tag-derby-shoes","14":"product_tag-dress-shoes","15":"product_tag-eva-sole","16":"product_tag-formal-shoes","17":"product_tag-goat-leather-lining","18":"product_tag-leather-shoes","19":"product_tag-luxury-footwear","20":"product_tag-mens-blue-derby-shoes","21":"product_tag-textured-leather","22":"product_tag-wholesale-shoes","23":"desktop-align-center","24":"tablet-align-center","25":"mobile-align-center","27":"first","28":"instock","29":"shipping-taxable","30":"purchasable","31":"product-type-variable","32":"has-default-attributes"},"acf":[],"uagb_featured_image_src":{"full":["https:\/\/turkishtrade.co\/wp-content\/uploads\/2026\/01\/2400EJOMN00492-DARK-BLUE-Z_876.png",453,250,false],"thumbnail":["https:\/\/turkishtrade.co\/wp-content\/uploads\/2026\/01\/2400EJOMN00492-DARK-BLUE-Z_876-150x150.png",150,150,true],"medium":["https:\/\/turkishtrade.co\/wp-content\/uploads\/2026\/01\/2400EJOMN00492-DARK-BLUE-Z_876-300x166.png",300,166,true],"medium_large":["https:\/\/turkishtrade.co\/wp-content\/uploads\/2026\/01\/2400EJOMN00492-DARK-BLUE-Z_876.png",453,250,false],"large":["https:\/\/turkishtrade.co\/wp-content\/uploads\/2026\/01\/2400EJOMN00492-DARK-BLUE-Z_876.png",453,250,false],"1536x1536":["https:\/\/turkishtrade.co\/wp-content\/uploads\/2026\/01\/2400EJOMN00492-DARK-BLUE-Z_876.png",453,250,false],"2048x2048":["https:\/\/turkishtrade.co\/wp-content\/uploads\/2026\/01\/2400EJOMN00492-DARK-BLUE-Z_876.png",453,250,false],"trp-custom-language-flag":["https:\/\/turkishtrade.co\/wp-content\/uploads\/2026\/01\/2400EJOMN00492-DARK-BLUE-Z_876-18x10.png",18,10,true],"woocommerce_thumbnail":["https:\/\/turkishtrade.co\/wp-content\/uploads\/2026\/01\/2400EJOMN00492-DARK-BLUE-Z_876-400x250.png",400,250,true],"woocommerce_single":["https:\/\/turkishtrade.co\/wp-content\/uploads\/2026\/01\/2400EJOMN00492-DARK-BLUE-Z_876.png",453,250,false],"woocommerce_gallery_thumbnail":["https:\/\/turkishtrade.co\/wp-content\/uploads\/2026\/01\/2400EJOMN00492-DARK-BLUE-Z_876-100x100.png",100,100,true]},"uagb_author_info":{"display_name":"yaser olabi","author_link":"https:\/\/turkishtrade.co\/tr\/author\/"},"uagb_comment_info":0,"uagb_excerpt":"Premium Calf Leather Upper with Distinct Croc Embossed Accents Luxurious Goat Leather Lining for Breathable Comfort and Soft Touch Lightweight &amp; Flexible EVA Sole for Superior All-Day Comfort Classic 1-3 cm Heel for a Subtle and Elegant Lift Available in a Comprehensive Size Range: EU 39-45 Minimum Order Quantity: 8 Pairs (Ideal for wholesale and&hellip;","_links":{"self":[{"href":"https:\/\/turkishtrade.co\/tr\/wp-json\/wp\/v2\/product\/5674","targetHints":{"allow":["GET"]}}],"collection":[{"href":"https:\/\/turkishtrade.co\/tr\/wp-json\/wp\/v2\/product"}],"about":[{"href":"https:\/\/turkishtrade.co\/tr\/wp-json\/wp\/v2\/types\/product"}],"wp:featuredmedia":[{"embeddable":true,"href":"https:\/\/turkishtrade.co\/tr\/wp-json\/wp\/v2\/media\/3805"}],"wp:attachment":[{"href":"https:\/\/turkishtrade.co\/tr\/wp-json\/wp\/v2\/media?parent=5674"}],"wp:term":[{"taxonomy":"product_brand","embeddable":true,"href":"https:\/\/turkishtrade.co\/tr\/wp-json\/wp\/v2\/product_brand?post=5674"},{"taxonomy":"product_cat","embeddable":true,"href":"https:\/\/turkishtrade.co\/tr\/wp-json\/wp\/v2\/product_cat?post=5674"},{"taxonomy":"product_tag","embeddable":true,"href":"https:\/\/turkishtrade.co\/tr\/wp-json\/wp\/v2\/product_tag?post=5674"}],"curies":[{"name":"wp","href":"https:\/\/api.w.org\/{rel}","templated":true}]}}