{"id":5672,"date":"2026-01-14T12:52:29","date_gmt":"2026-01-14T12:52:29","guid":{"rendered":"https:\/\/turkishtrade.co\/product\/mens-black-leather-derbies\/"},"modified":"2026-04-09T19:27:31","modified_gmt":"2026-04-09T19:27:31","slug":"mens-black-leather-derbies","status":"publish","type":"product","link":"https:\/\/turkishtrade.co\/tr\/shop\/mens-black-leather-derbies\/","title":{"rendered":"EVA Tabanl\u0131 Klasik Erkek Siyah Deri Derbi Ayakkab\u0131"},"content":{"rendered":"<p><strong>Erkek Siyah Deri Derbiler<\/strong><\/p>\n<p>Klasik tarz\u0131n ve benzersiz konforun \u00f6z\u00fcn\u00fc premium modellerimizle ke\u015ffedin <strong>Erkek Siyah Deri Derbiler<\/strong>. Bu sofistike ba\u011fc\u0131kl\u0131 ayakkab\u0131lar, hem \u015f\u0131kl\u0131k hem de ola\u011fan\u00fcst\u00fc g\u00fcnl\u00fck giyilebilirlik sunmak i\u00e7in titizlikle \u00fcretilmi\u015ftir ve her se\u00e7ici beyefendinin gard\u0131robuna \u00f6nemli bir katk\u0131 sa\u011flar. Hakiki dana derisinden \u00fcretilen \u00fcst k\u0131s\u0131m, burun ve yan panellerde p\u00fcr\u00fczs\u00fcz derinin zarif bir etkile\u015fimini sergilerken, vampir ve \u00e7eyreklerde ince \u00e7ak\u0131ll\u0131 bir doku ile g\u00fczel bir kontrast olu\u015fturur.<\/p>\n<p>Bu ay\u0131rt edici detaylar ve klasik moc-toe diki\u015fler <strong>Erkek Siyah Deri Derbiler<\/strong> hem resmi k\u0131yafetleri hem de \u015f\u0131k g\u00fcndelik k\u0131yafetleri sorunsuz bir \u015fekilde tamamlayan benzersiz bir g\u00f6rsel \u00e7ekicilik sa\u011flar.<\/p>\n<p><h3>Rakipsiz Konfor ve \u00dcst\u00fcn \u0130\u015f\u00e7ilik<\/h3>\n<\/p>\n<p>L\u00fcks ke\u00e7i derisi astar sayesinde aya\u011f\u0131n\u0131za ge\u00e7irdi\u011finiz andan itibaren \u00fcst\u00fcn konforu ya\u015fay\u0131n. Bu birinci s\u0131n\u0131f i\u00e7 malzeme nefes alabilirlik, yumu\u015fakl\u0131k ve zamanla aya\u011f\u0131n\u0131za rahat\u00e7a oturan eldiven benzeri bir uyum sa\u011flayarak uzun saatler sonra bile yorgunlu\u011fu azalt\u0131r. Yenilik\u00e7i EVA taban, ola\u011fan\u00fcst\u00fc hafif yast\u0131klama, esneklik ve g\u00fcvenilir tutu\u015f sa\u011flayarak g\u00fcn boyunca zahmetsiz ad\u0131mlar atman\u0131za olanak tan\u0131r.<\/p>\n<p>Geleneksel a\u011f\u0131r elbise ayakkab\u0131lar\u0131n\u0131n aksine, bu derbiler rahat 1-3 cm topuk y\u00fcksekli\u011fi sunarak konfordan \u00f6d\u00fcn vermeden g\u00f6steri\u015fli bir g\u00f6r\u00fcn\u00fcm elde eder. \u0130ster \u00f6nemli i\u015f toplant\u0131lar\u0131nda, ister sofistike ak\u015fam etkinliklerine kat\u0131l\u0131rken, ister rahat hafta sonu gezmelerinin tad\u0131n\u0131 \u00e7\u0131kar\u0131rken, bu \u00e7ok y\u00f6nl\u00fc <strong>Erkek Siyah Deri Derbiler<\/strong> sars\u0131lmaz bir stil ve sa\u011flam bir destek sunmak \u00fczere tasarlanm\u0131\u015ft\u0131r.<\/p>\n<p><h3>Premium Ayakkab\u0131lar i\u00e7in Toptan Sat\u0131\u015f F\u0131rsat\u0131<\/h3>\n<\/p>\n<p>39'dan 45'e kadar geni\u015f bir AB beden yelpazesinde mevcut olan \u00fcr\u00fcnlerimiz, kalite ve stil arayan geni\u015f bir m\u00fc\u015fteri kitlesine hitap etmektedir. Uzman i\u015f\u00e7ili\u011fe olan sars\u0131lmaz ba\u011fl\u0131l\u0131\u011f\u0131m\u0131z, her bir \u00e7iftin uzun \u00f6m\u00fcrl\u00fc olmas\u0131n\u0131, ola\u011fan\u00fcst\u00fc dayan\u0131kl\u0131l\u0131k ve zamans\u0131z bir \u00e7ekicilik sunmas\u0131n\u0131 sa\u011flar. Y\u00fcksek kaliteli erkek ayakkab\u0131s\u0131 stoklamak isteyen perakendeciler ve i\u015fletmeler i\u00e7in bu zarif derbiler, minimum 8 \u00e7ift sipari\u015fle toplu olarak sat\u0131n al\u0131nabilir.<\/p>\n<p>Bu, m\u00fc\u015fterilerinize geleneksel esteti\u011fi modern konfor ve \u00fcst\u00fcn malzemelerle birle\u015ftiren birinci s\u0131n\u0131f \u00fcr\u00fcnler sunmak i\u00e7in m\u00fckemmel bir f\u0131rsat sunuyor. Bu ola\u011fan\u00fcst\u00fc siyah deri derbilerle ayakkab\u0131 koleksiyonunuzu geli\u015ftirin veya perakende sat\u0131\u015f\u0131n\u0131z\u0131 geni\u015fletin.<\/p>","protected":false},"excerpt":{"rendered":"<ul>\n<li>Premium Hakiki Dana Derisi Saya<\/li>\n<li>Nefes Alabilirlik i\u00e7in L\u00fcks Ke\u00e7i Derisi Astar<\/li>\n<li>Hafif ve Esnek EVA Taban<\/li>\n<li>Moc-Toe Diki\u015fli Klasik Ba\u011fc\u0131kl\u0131 Derby Stili<\/li>\n<li>Rahat 1-3cm Topuk Y\u00fcksekli\u011fi<\/li>\n<li>AB Bedenlerinde mevcuttur: 39, 40, 41, 42, 43, 44, 45<\/li>\n<li>Minimum Sipari\u015f Miktar\u0131: 8 \u00c7ift (toptan)<\/li>\n<\/ul>","protected":false},"featured_media":3804,"template":"","meta":{"_acf_changed":false,"_uag_custom_page_level_css":"","site-sidebar-layout":"default","site-content-layout":"","ast-site-content-layout":"default","site-content-style":"default","site-sidebar-style":"default","ast-global-header-display":"","ast-banner-title-visibility":"","ast-main-header-display":"","ast-hfb-above-header-display":"","ast-hfb-below-header-display":"","ast-hfb-mobile-header-display":"","site-post-title":"","ast-breadcrumbs-content":"","ast-featured-img":"","footer-sml-layout":"","ast-disable-related-posts":"","theme-transparent-header-meta":"","adv-header-id-meta":"","stick-header-meta":"","header-above-stick-meta":"","header-main-stick-meta":"","header-below-stick-meta":"","astra-migrate-meta-layouts":"default","ast-page-background-enabled":"default","ast-page-background-meta":{"desktop":{"background-color":"var(--ast-global-color-4)","background-image":"","background-repeat":"repeat","background-position":"center center","background-size":"auto","background-attachment":"scroll","background-type":"","background-media":"","overlay-type":"","overlay-color":"","overlay-opacity":"","overlay-gradient":""},"tablet":{"background-color":"","background-image":"","background-repeat":"repeat","background-position":"center center","background-size":"auto","background-attachment":"scroll","background-type":"","background-media":"","overlay-type":"","overlay-color":"","overlay-opacity":"","overlay-gradient":""},"mobile":{"background-color":"","background-image":"","background-repeat":"repeat","background-position":"center center","background-size":"auto","background-attachment":"scroll","background-type":"","background-media":"","overlay-type":"","overlay-color":"","overlay-opacity":"","overlay-gradient":""}},"ast-content-background-meta":{"desktop":{"background-color":"var(--ast-global-color-5)","background-image":"","background-repeat":"repeat","background-position":"center center","background-size":"auto","background-attachment":"scroll","background-type":"","background-media":"","overlay-type":"","overlay-color":"","overlay-opacity":"","overlay-gradient":""},"tablet":{"background-color":"var(--ast-global-color-5)","background-image":"","background-repeat":"repeat","background-position":"center center","background-size":"auto","background-attachment":"scroll","background-type":"","background-media":"","overlay-type":"","overlay-color":"","overlay-opacity":"","overlay-gradient":""},"mobile":{"background-color":"var(--ast-global-color-5)","background-image":"","background-repeat":"repeat","background-position":"center center","background-size":"auto","background-attachment":"scroll","background-type":"","background-media":"","overlay-type":"","overlay-color":"","overlay-opacity":"","overlay-gradient":""}}},"product_brand":[],"product_cat":[47,430,40],"product_tag":[196,200,202,754,290,284,438,251,437,396,281],"class_list":{"0":"post-5672","1":"product","2":"type-product","3":"status-publish","4":"has-post-thumbnail","6":"product_cat-classic","7":"product_cat-men","8":"product_cat-mens-shoes","9":"product_tag-black-leather-shoes","10":"product_tag-business-casual","11":"product_tag-calf-leather","12":"product_tag-classic-mens-shoes","13":"product_tag-comfortable-mens-shoes","14":"product_tag-dress-shoes","15":"product_tag-eva-sole","16":"product_tag-formal-shoes","17":"product_tag-goat-leather","18":"product_tag-mens-derbies","19":"product_tag-wholesale-shoes","20":"desktop-align-center","21":"tablet-align-center","22":"mobile-align-center","24":"first","25":"instock","26":"shipping-taxable","27":"purchasable","28":"product-type-variable","29":"has-default-attributes"},"acf":[],"uagb_featured_image_src":{"full":["https:\/\/turkishtrade.co\/wp-content\/uploads\/2026\/01\/2400EJOMN00484-BLACK-X_444-1-usd.png",453,250,false],"thumbnail":["https:\/\/turkishtrade.co\/wp-content\/uploads\/2026\/01\/2400EJOMN00484-BLACK-X_444-1-usd.png",150,83,false],"medium":["https:\/\/turkishtrade.co\/wp-content\/uploads\/2026\/01\/2400EJOMN00484-BLACK-X_444-1-usd.png",300,166,false],"medium_large":["https:\/\/turkishtrade.co\/wp-content\/uploads\/2026\/01\/2400EJOMN00484-BLACK-X_444-1-usd.png",453,250,false],"large":["https:\/\/turkishtrade.co\/wp-content\/uploads\/2026\/01\/2400EJOMN00484-BLACK-X_444-1-usd.png",453,250,false],"1536x1536":["https:\/\/turkishtrade.co\/wp-content\/uploads\/2026\/01\/2400EJOMN00484-BLACK-X_444-1-usd.png",453,250,false],"2048x2048":["https:\/\/turkishtrade.co\/wp-content\/uploads\/2026\/01\/2400EJOMN00484-BLACK-X_444-1-usd.png",453,250,false],"trp-custom-language-flag":["https:\/\/turkishtrade.co\/wp-content\/uploads\/2026\/01\/2400EJOMN00484-BLACK-X_444-1-usd.png",18,10,false],"woocommerce_thumbnail":["https:\/\/turkishtrade.co\/wp-content\/uploads\/2026\/01\/2400EJOMN00484-BLACK-X_444-1-usd-400x250.png",400,250,true],"woocommerce_single":["https:\/\/turkishtrade.co\/wp-content\/uploads\/2026\/01\/2400EJOMN00484-BLACK-X_444-1-usd.png",453,250,false],"woocommerce_gallery_thumbnail":["https:\/\/turkishtrade.co\/wp-content\/uploads\/2026\/01\/2400EJOMN00484-BLACK-X_444-1-usd-100x100.png",100,100,true]},"uagb_author_info":{"display_name":"yaser olabi","author_link":"https:\/\/turkishtrade.co\/tr\/author\/"},"uagb_comment_info":0,"uagb_excerpt":"Premium Genuine Calf Leather Upper Luxurious Goat Leather Lining for Breathability Lightweight and Flexible EVA Sole Classic Lace-Up Derby Style with Moc-Toe Stitching Comfortable 1-3cm Heel Height Available in EU Sizes: 39, 40, 41, 42, 43, 44, 45 Minimum Order Quantity: 8 Pairs (wholesale)","_links":{"self":[{"href":"https:\/\/turkishtrade.co\/tr\/wp-json\/wp\/v2\/product\/5672","targetHints":{"allow":["GET"]}}],"collection":[{"href":"https:\/\/turkishtrade.co\/tr\/wp-json\/wp\/v2\/product"}],"about":[{"href":"https:\/\/turkishtrade.co\/tr\/wp-json\/wp\/v2\/types\/product"}],"wp:featuredmedia":[{"embeddable":true,"href":"https:\/\/turkishtrade.co\/tr\/wp-json\/wp\/v2\/media\/3804"}],"wp:attachment":[{"href":"https:\/\/turkishtrade.co\/tr\/wp-json\/wp\/v2\/media?parent=5672"}],"wp:term":[{"taxonomy":"product_brand","embeddable":true,"href":"https:\/\/turkishtrade.co\/tr\/wp-json\/wp\/v2\/product_brand?post=5672"},{"taxonomy":"product_cat","embeddable":true,"href":"https:\/\/turkishtrade.co\/tr\/wp-json\/wp\/v2\/product_cat?post=5672"},{"taxonomy":"product_tag","embeddable":true,"href":"https:\/\/turkishtrade.co\/tr\/wp-json\/wp\/v2\/product_tag?post=5672"}],"curies":[{"name":"wp","href":"https:\/\/api.w.org\/{rel}","templated":true}]}}