{"id":5670,"date":"2026-01-14T12:52:11","date_gmt":"2026-01-14T12:52:11","guid":{"rendered":"https:\/\/turkishtrade.co\/product\/men-navy-leather-loafers\/"},"modified":"2026-04-09T19:27:34","modified_gmt":"2026-04-09T19:27:34","slug":"mens-navy-leather-loafers","status":"publish","type":"product","link":"https:\/\/turkishtrade.co\/tr\/shop\/mens-navy-leather-loafers\/","title":{"rendered":"Erkek Lacivert Dana Derisi Slip-On Loafer"},"content":{"rendered":"<p><strong>Erkek Lacivert Deri Loafer<\/strong><\/p>\n<p>Ayakkab\u0131 koleksiyonunuzu se\u00e7kin \u00fcr\u00fcnlerimizle geli\u015ftirin <strong>Erkek Lacivert Deri Loafer<\/strong>, modern beyefendiler i\u00e7in tasarlanm\u0131\u015f sofistike ve rahatl\u0131\u011f\u0131n m\u00fckemmel bir kar\u0131\u015f\u0131m\u0131d\u0131r. Bu slip-on g\u00fcnl\u00fck ayakkab\u0131lar, ister yo\u011fun bir i\u015f g\u00fcn\u00fcn\u00fcn ister rahat bir hafta sonunun tad\u0131n\u0131 \u00e7\u0131kar\u0131n, benzersiz bir stil sa\u011flamak i\u00e7in titizlikle \u00fcretilmi\u015ftir. Bizim <strong>Erkek Lacivert Deri Loafer<\/strong> bir ayakkab\u0131dan \u00e7ok daha fazlas\u0131d\u0131r; rafine bir zevkin ve kal\u0131c\u0131 bir kalitenin ifadesidir.<\/p>\n<p><h3>E\u015fsiz Kalite ve \u0130\u015f\u00e7ilik<\/h3>\n<\/p>\n<p>Her ad\u0131mda orijinal malzemelerin l\u00fcks hissini ya\u015fay\u0131n. Bu ola\u011fan\u00fcst\u00fc ayakkab\u0131lar\u0131n d\u0131\u015f y\u00fczeyi, esnek dokusu ve ola\u011fan\u00fcst\u00fc dayan\u0131kl\u0131l\u0131\u011f\u0131yla bilinen birinci s\u0131n\u0131f dana derisinden \u00fcretilmi\u015ftir. Bu dana derisi se\u00e7imi yaln\u0131zca sofistike bir estetik sa\u011flamakla kalmaz, ayn\u0131 zamanda zaman i\u00e7inde aya\u011f\u0131n\u0131za m\u00fckemmel bir \u015fekilde uyum sa\u011flayarak zarif bir \u015fekilde ya\u015flanacak bir ayakkab\u0131 vaat eder.<\/p>\n<p>Sa\u011flam d\u0131\u015f y\u00fczeyi tamamlayan i\u00e7 astar, son derece yumu\u015fak ke\u00e7i derisinden yap\u0131lm\u0131\u015ft\u0131r ve g\u00fcn boyunca ayaklar\u0131n\u0131z i\u00e7in \u00fcst\u00fcn nefes alabilirlik ve pel\u00fc\u015f, rahat bir ortam sunar. Bunlar <strong>Erkek Lacivert Deri Loafer<\/strong> ger\u00e7ekten \u00fcst d\u00fczey i\u015f\u00e7ili\u011fi kaps\u0131yor.<\/p>\n<p><h3>Konfor ve Stil i\u00e7in Tasarland\u0131<\/h3>\n<\/p>\n<p>Bunlar\u0131n tasar\u0131m\u0131nda konfor \u00e7ok \u00f6nemlidir <strong>Erkek Lacivert Deri Loafer<\/strong>. M\u00fckemmel yast\u0131klama ve \u015fok emilimi sa\u011flayan hafif ve esnek EVA tabana sahiptir. Bu yenilik\u00e7i taban malzemesi rahat bir y\u00fcr\u00fcy\u00fc\u015f sa\u011flar ve bu ayakkab\u0131lar\u0131 uzun s\u00fcreli kullan\u0131m i\u00e7in ideal hale getirir.<\/p>\n<p>Klasik loafer silueti, 1-3 cm'lik m\u00fctevaz\u0131 bir topukla zenginle\u015ftirilerek ince bir y\u00fckselti sa\u011flar ve zamans\u0131z, zarif bir profil sunar. Slip-on tasar\u0131m\u0131 rahatl\u0131k ve \u015f\u0131k bir g\u00f6r\u00fcn\u00fcm sa\u011flarken, her durum i\u00e7in kolay giyilebilir ve zahmetsizce \u015f\u0131k olmas\u0131n\u0131 sa\u011flar.<\/p>\n<p><h3>Her Durum \u0130\u00e7in \u00c7ok Y\u00f6nl\u00fc \u015e\u0131kl\u0131k<\/h3>\n<\/p>\n<p>Bu \u00e7ok y\u00f6nl\u00fc <strong>Erkek Lacivert Deri Loafer<\/strong> resmi i\u015f ortamlar\u0131ndan daha rahat sosyal toplant\u0131lara sorunsuzca ge\u00e7i\u015f yapan bir elyaft\u0131r. Zengin lacivert tonu, \u00f6zel dikim pantolonlar ve chino pantolonlardan \u015f\u0131k denimlere kadar \u00e7ok \u00e7e\u015fitli k\u0131yafetlerle g\u00fczel bir uyum sa\u011flayan abart\u0131s\u0131z bir \u015f\u0131kl\u0131k katar. \u0130ster bir i\u015f toplant\u0131s\u0131, ister d\u0131\u015far\u0131da bir ak\u015fam yeme\u011fi ya da \u015fehirde rahat bir g\u00fcn i\u00e7in giyiniyor olun, bu mokasen ayakkab\u0131lar tak\u0131m\u0131n\u0131z\u0131 g\u00fcven ve yetenekle tamamlamak i\u00e7in m\u00fckemmel bir se\u00e7imdir.<\/p>\n<p>Koleksiyonunuza yat\u0131r\u0131m yap\u0131n <strong>Erkek Lacivert Deri Loafer<\/strong> ve uyarlanabilir stilin en \u00fcst noktas\u0131n\u0131 ke\u015ffedin.<\/p>\n<p><h3>Toptan Sat\u0131\u015f F\u0131rsatlar\u0131<\/h3>\n<\/p>\n<p>\u00dcst\u00fcn kaliteli ayakkab\u0131lar sunmak isteyen perakendeciler ve i\u015fletmeler i\u00e7in <strong>Erkek Lacivert Deri Loafer<\/strong> toplu al\u0131m i\u00e7in mevcuttur. Bu pop\u00fcler stili stoklayabilmeniz i\u00e7in minimum 8 \u00e7ift sipari\u015f miktar\u0131 talep ediyoruz. 39'dan 45'e kadar de\u011fi\u015fen bedenlerle geni\u015f bir m\u00fc\u015fteri kitlesine hitap edebilirsiniz.<\/p>\n<p>Sipari\u015fler genellikle 12 g\u00fcn i\u00e7inde i\u015fleme al\u0131n\u0131r ve standart g\u00f6nderim s\u00fcresine ek olarak g\u00f6nderilir, bu da verimli envanter y\u00f6netimine olanak tan\u0131r. Koleksiyonunuzu bu temel \u00fcr\u00fcnlerle geli\u015ftirin <strong>Erkek Lacivert Deri Loafer<\/strong> ve m\u00fc\u015fterilerinize takdir edecekleri bir kalite ve stil sunun.<\/p>","protected":false},"excerpt":{"rendered":"<ul>\n<li>D\u0131\u015f Malzeme: Hakiki Dana Derisi<\/li>\n<li>\u0130\u00e7 Astar: Yumu\u015fak Ke\u00e7i Derisi<\/li>\n<li>Taban: 1-3 cm Klasik Topuklu Rahat EVA Taban<\/li>\n<li>Mevcut Bedenler: 39, 40, 41, 42, 43, 44, 45<\/li>\n<li>Minimum Sipari\u015f Miktar\u0131: 8 \u00c7ift<\/li>\n<li>Teslimat S\u00fcresi: 12 G\u00fcn + Kargo<\/li>\n<\/ul>","protected":false},"featured_media":3803,"template":"","meta":{"_acf_changed":false,"_uag_custom_page_level_css":"","site-sidebar-layout":"default","site-content-layout":"","ast-site-content-layout":"default","site-content-style":"default","site-sidebar-style":"default","ast-global-header-display":"","ast-banner-title-visibility":"","ast-main-header-display":"","ast-hfb-above-header-display":"","ast-hfb-below-header-display":"","ast-hfb-mobile-header-display":"","site-post-title":"","ast-breadcrumbs-content":"","ast-featured-img":"","footer-sml-layout":"","ast-disable-related-posts":"","theme-transparent-header-meta":"","adv-header-id-meta":"","stick-header-meta":"","header-above-stick-meta":"","header-main-stick-meta":"","header-below-stick-meta":"","astra-migrate-meta-layouts":"default","ast-page-background-enabled":"default","ast-page-background-meta":{"desktop":{"background-color":"var(--ast-global-color-4)","background-image":"","background-repeat":"repeat","background-position":"center center","background-size":"auto","background-attachment":"scroll","background-type":"","background-media":"","overlay-type":"","overlay-color":"","overlay-opacity":"","overlay-gradient":""},"tablet":{"background-color":"","background-image":"","background-repeat":"repeat","background-position":"center center","background-size":"auto","background-attachment":"scroll","background-type":"","background-media":"","overlay-type":"","overlay-color":"","overlay-opacity":"","overlay-gradient":""},"mobile":{"background-color":"","background-image":"","background-repeat":"repeat","background-position":"center center","background-size":"auto","background-attachment":"scroll","background-type":"","background-media":"","overlay-type":"","overlay-color":"","overlay-opacity":"","overlay-gradient":""}},"ast-content-background-meta":{"desktop":{"background-color":"var(--ast-global-color-5)","background-image":"","background-repeat":"repeat","background-position":"center center","background-size":"auto","background-attachment":"scroll","background-type":"","background-media":"","overlay-type":"","overlay-color":"","overlay-opacity":"","overlay-gradient":""},"tablet":{"background-color":"var(--ast-global-color-5)","background-image":"","background-repeat":"repeat","background-position":"center center","background-size":"auto","background-attachment":"scroll","background-type":"","background-media":"","overlay-type":"","overlay-color":"","overlay-opacity":"","overlay-gradient":""},"mobile":{"background-color":"var(--ast-global-color-5)","background-image":"","background-repeat":"repeat","background-position":"center center","background-size":"auto","background-attachment":"scroll","background-type":"","background-media":"","overlay-type":"","overlay-color":"","overlay-opacity":"","overlay-gradient":""}}},"product_brand":[],"product_cat":[47,430,40],"product_tag":[513,202,512,439,544,438,437,227,198,186,479,374,184,281],"class_list":{"0":"post-5670","1":"product","2":"type-product","3":"status-publish","4":"has-post-thumbnail","6":"product_cat-classic","7":"product_cat-men","8":"product_cat-mens-shoes","9":"product_tag-business-casual-shoes","10":"product_tag-calf-leather","11":"product_tag-casual-loafers","12":"product_tag-durable-shoes","13":"product_tag-elegant-loafers","14":"product_tag-eva-sole","15":"product_tag-goat-leather","16":"product_tag-leather-shoes","17":"product_tag-mens-fashion","18":"product_tag-mens-loafers","19":"product_tag-navy-shoes","20":"product_tag-premium-loafers","21":"product_tag-slip-on-shoes","22":"product_tag-wholesale-shoes","23":"desktop-align-center","24":"tablet-align-center","25":"mobile-align-center","27":"first","28":"instock","29":"shipping-taxable","30":"purchasable","31":"product-type-variable","32":"has-default-attributes"},"acf":[],"uagb_featured_image_src":{"full":["https:\/\/turkishtrade.co\/wp-content\/uploads\/2026\/01\/2400EJOMN00482-BLUE-X_443.png",453,250,false],"thumbnail":["https:\/\/turkishtrade.co\/wp-content\/uploads\/2026\/01\/2400EJOMN00482-BLUE-X_443-150x150.png",150,150,true],"medium":["https:\/\/turkishtrade.co\/wp-content\/uploads\/2026\/01\/2400EJOMN00482-BLUE-X_443-300x166.png",300,166,true],"medium_large":["https:\/\/turkishtrade.co\/wp-content\/uploads\/2026\/01\/2400EJOMN00482-BLUE-X_443.png",453,250,false],"large":["https:\/\/turkishtrade.co\/wp-content\/uploads\/2026\/01\/2400EJOMN00482-BLUE-X_443.png",453,250,false],"1536x1536":["https:\/\/turkishtrade.co\/wp-content\/uploads\/2026\/01\/2400EJOMN00482-BLUE-X_443.png",453,250,false],"2048x2048":["https:\/\/turkishtrade.co\/wp-content\/uploads\/2026\/01\/2400EJOMN00482-BLUE-X_443.png",453,250,false],"trp-custom-language-flag":["https:\/\/turkishtrade.co\/wp-content\/uploads\/2026\/01\/2400EJOMN00482-BLUE-X_443-18x10.png",18,10,true],"woocommerce_thumbnail":["https:\/\/turkishtrade.co\/wp-content\/uploads\/2026\/01\/2400EJOMN00482-BLUE-X_443-400x250.png",400,250,true],"woocommerce_single":["https:\/\/turkishtrade.co\/wp-content\/uploads\/2026\/01\/2400EJOMN00482-BLUE-X_443.png",453,250,false],"woocommerce_gallery_thumbnail":["https:\/\/turkishtrade.co\/wp-content\/uploads\/2026\/01\/2400EJOMN00482-BLUE-X_443-100x100.png",100,100,true]},"uagb_author_info":{"display_name":"yaser olabi","author_link":"https:\/\/turkishtrade.co\/tr\/author\/"},"uagb_comment_info":0,"uagb_excerpt":"Outer Material: Genuine Calf Leather Inner Lining: Soft Goat Leather Sole: Comfortable EVA Sole with 1-3 cm Classic Heel Available Sizes: 39, 40, 41, 42, 43, 44, 45 Minimum Order Quantity: 8 Pairs Delivery Time: 12 Days + Shipping","_links":{"self":[{"href":"https:\/\/turkishtrade.co\/tr\/wp-json\/wp\/v2\/product\/5670","targetHints":{"allow":["GET"]}}],"collection":[{"href":"https:\/\/turkishtrade.co\/tr\/wp-json\/wp\/v2\/product"}],"about":[{"href":"https:\/\/turkishtrade.co\/tr\/wp-json\/wp\/v2\/types\/product"}],"wp:featuredmedia":[{"embeddable":true,"href":"https:\/\/turkishtrade.co\/tr\/wp-json\/wp\/v2\/media\/3803"}],"wp:attachment":[{"href":"https:\/\/turkishtrade.co\/tr\/wp-json\/wp\/v2\/media?parent=5670"}],"wp:term":[{"taxonomy":"product_brand","embeddable":true,"href":"https:\/\/turkishtrade.co\/tr\/wp-json\/wp\/v2\/product_brand?post=5670"},{"taxonomy":"product_cat","embeddable":true,"href":"https:\/\/turkishtrade.co\/tr\/wp-json\/wp\/v2\/product_cat?post=5670"},{"taxonomy":"product_tag","embeddable":true,"href":"https:\/\/turkishtrade.co\/tr\/wp-json\/wp\/v2\/product_tag?post=5670"}],"curies":[{"name":"wp","href":"https:\/\/api.w.org\/{rel}","templated":true}]}}