{"id":5667,"date":"2026-01-14T12:51:52","date_gmt":"2026-01-14T12:51:52","guid":{"rendered":"https:\/\/turkishtrade.co\/product\/classic-leather-loafer-men\/"},"modified":"2026-04-09T19:27:37","modified_gmt":"2026-04-09T19:27:37","slug":"classic-leather-loafer-men","status":"publish","type":"product","link":"https:\/\/turkishtrade.co\/tr\/shop\/classic-leather-loafer-men\/","title":{"rendered":"EVA Tabanl\u0131 Erkek Premium Siyah Dana Derisi Klasik Loafer"},"content":{"rendered":"<p><strong>Klasik Deri Loafer Erkek<\/strong><\/p>\n<p>Erkek Premium Siyah Dana Derisi Klasik Loafer'\u0131m\u0131zla zamans\u0131z \u015f\u0131kl\u0131\u011fa ve e\u015fsiz konfora ad\u0131m at\u0131n. Se\u00e7kin beyefendiler i\u00e7in tasarlanan bu loafer, geleneksel i\u015f\u00e7ili\u011fi modern konfor teknolojileriyle birle\u015ftiriyor. \u0130ster bir i\u015f toplant\u0131s\u0131na, ister rahat bir hafta sonu brunch'\u0131na ya da resmi bir etkinli\u011fe gidiyor olun, bu klasik deri loafer erkek ayakkab\u0131s\u0131 sofistike ve rahatl\u0131\u011f\u0131n m\u00fckemmel bir kar\u0131\u015f\u0131m\u0131n\u0131 sunar.<\/p>\n<p>\u015e\u0131k siyah tasar\u0131m\u0131, her gard\u0131rop i\u00e7in son derece \u00e7ok y\u00f6nl\u00fc bir eklenti olmas\u0131n\u0131 sa\u011flayarak her zaman \u015f\u0131k g\u00f6r\u00fcnmenizi ve harika hissetmenizi sa\u011flar.<\/p>\n<p><h3>Benzersiz \u0130\u015f\u00e7ilik ve Malzemeler<\/h3>\n<\/p>\n<p>Kaliteye olan ba\u011fl\u0131l\u0131\u011f\u0131m\u0131z malzeme se\u00e7imiyle ba\u015flar. Bu ola\u011fan\u00fcst\u00fc evin d\u0131\u015f cephesi <b>klasik deri mokasen erkek<\/b>\u2018in ayakkab\u0131s\u0131 birinci s\u0131n\u0131f dana derisinden titizlikle \u00fcretilmi\u015ftir. Esnek dokusu, dayan\u0131kl\u0131l\u0131\u011f\u0131 ve l\u00fcks g\u00f6r\u00fcn\u00fcm\u00fcyle bilinen dana derisi, bu mokasen ayakkab\u0131lar\u0131n sadece \u00e7arp\u0131c\u0131 g\u00f6r\u00fcnmesini de\u011fil, ayn\u0131 zamanda zamana kar\u015f\u0131 da dayan\u0131kl\u0131 olmas\u0131n\u0131 sa\u011flar.<\/p>\n<p>\u0130\u00e7 k\u0131s\u0131mda bulunan yumu\u015fak, nefes alabilen ke\u00e7i derisi astar, her giyimde aya\u011f\u0131n\u0131za uyum sa\u011flayan benzersiz bir konfor seviyesi sunar. Y\u00fcksek kaliteli derilerin bu kombinasyonu, hem i\u00e7 hem de d\u0131\u015f k\u0131s\u0131mda \u00fcst\u00fcn bir his sa\u011flayarak bu klasik deri loafer erkek ayakkab\u0131s\u0131n\u0131 stil ve konfor i\u00e7in ger\u00e7ek bir yat\u0131r\u0131m haline getirir.<\/p>\n<p><h3>T\u00fcm G\u00fcn Konfor ve Stil i\u00e7in Tasarland\u0131<\/h3>\n<\/p>\n<p>Ustal\u0131kla tasarlanm\u0131\u015f bir taban\u0131n yaratt\u0131\u011f\u0131 fark\u0131 deneyimleyin. Bu <b>klasik deri mokasen erkek<\/b>\u2018in ayakkab\u0131s\u0131 hafif ve son derece esnek bir EVA tabanla donat\u0131lm\u0131\u015ft\u0131r. EVA (Etilen-vinil asetat) m\u00fckemmel \u015fok emme \u00f6zellikleriyle \u00fcnl\u00fcd\u00fcr, \u00fcst\u00fcn yast\u0131klama sunar ve uzun saatler ayakta kald\u0131ktan sonra bile yorgunlu\u011fu azalt\u0131r.<\/p>\n<p>Yakla\u015f\u0131k 1-3 cm'lik klasik al\u00e7ak topuk, denge veya konfordan \u00f6d\u00fcn vermeden hafif bir y\u00fckselme sa\u011flar. Slip-on tasar\u0131m\u0131 rahatl\u0131k sa\u011flarken, zarif penny kay\u0131\u015f detay\u0131 klasik bir cazibe katarak bu ayakkab\u0131y\u0131 bir ayakkab\u0131dan daha fazlas\u0131 haline getirir - bu bir ifadedir. G\u00fcnl\u00fck i\u015f k\u0131yafetleri i\u00e7in m\u00fckemmel olan veya g\u00fcnl\u00fck g\u00f6r\u00fcn\u00fcm\u00fcn\u00fcz\u00fc y\u00fckselten bu klasik deri loafer erkek tasar\u0131m\u0131, \u00e7e\u015fitli durumlara sorunsuz bir \u015fekilde uyum sa\u011flar.<\/p>\n<p><h3>\u00c7ok Y\u00f6nl\u00fcl\u00fck ve Kaliteye Yat\u0131r\u0131m<\/h3>\n<\/p>\n<p>Erkek Premium Siyah Dana Derisi Klasik Loafer sadece bir ayakkab\u0131 de\u011fildir; say\u0131s\u0131z k\u0131yafet i\u00e7in \u00e7ok y\u00f6nl\u00fc bir temeldir. Keskin bir i\u015f k\u0131yafeti g\u00f6r\u00fcn\u00fcm\u00fc i\u00e7in \u00f6zel dikim pantolonlarla e\u015fle\u015ftirin veya sofistike bir hafta sonu giyimi i\u00e7in chino veya koyu renk kot pantolonlarla giydirin. Dayan\u0131kl\u0131 yap\u0131s\u0131 ve birinci s\u0131n\u0131f malzemeleri uzun \u00f6m\u00fcrl\u00fcl\u00fc\u011f\u00fc garanti ederek bu klasik deri loafer erkek ayakkab\u0131s\u0131na yapt\u0131\u011f\u0131n\u0131z yat\u0131r\u0131m\u0131n kar\u015f\u0131l\u0131\u011f\u0131n\u0131 y\u0131llarca alman\u0131z\u0131 sa\u011flar.<\/p>\n<p>Ayr\u0131ca, minimum 8 \u00e7ift sipari\u015f \u015fart\u0131yla toptan sat\u0131\u015f ihtiya\u00e7lar\u0131n\u0131 da kar\u015f\u0131l\u0131yoruz. Teslimat s\u00fcresinin yakla\u015f\u0131k 12 g\u00fcn art\u0131 nakliye oldu\u011funu ve bu zarif klasik deri loafer erkek \u00fcr\u00fcn\u00fcn\u00fcn toplu sipari\u015finizin derhal ve m\u00fckemmel durumda ula\u015fmas\u0131n\u0131 sa\u011flad\u0131\u011f\u0131n\u0131 l\u00fctfen unutmay\u0131n. Bu temel ayakkab\u0131 par\u00e7as\u0131yla koleksiyonunuzu y\u00fckseltin.<\/p>","protected":false},"excerpt":{"rendered":"<ul>\n<li><b>D\u0131\u015far\u0131dan:<\/b> Zarif bir g\u00f6r\u00fcn\u00fcm i\u00e7in Premium Dana Derisi<\/li>\n<li><b>\u0130\u00e7 mekan:<\/b> \u00dcst\u00fcn konfor i\u00e7in yumu\u015fak ke\u00e7i derisi astar<\/li>\n<li><b>Taban:<\/b> T\u00fcm g\u00fcn kullan\u0131m i\u00e7in hafif ve esnek EVA taban<\/li>\n<li><b>Topuk Y\u00fcksekli\u011fi:<\/b> Klasik al\u00e7ak topuk (yakla\u015f\u0131k 1-3 cm)<\/li>\n<li><b>Mevcut Boyutlar:<\/b> AB 39, 40, 41, 42, 43, 44, 45<\/li>\n<li><b>Toplu Bulunabilirlik:<\/b> Minimum 8 \u00e7ift sipari\u015f gereklidir<\/li>\n<li><b>Teslimat:<\/b> 12 g\u00fcn + nakliye s\u00fcresi<\/li>\n<\/ul>","protected":false},"featured_media":3802,"template":"","meta":{"_acf_changed":false,"_uag_custom_page_level_css":"","site-sidebar-layout":"default","site-content-layout":"","ast-site-content-layout":"default","site-content-style":"default","site-sidebar-style":"default","ast-global-header-display":"","ast-banner-title-visibility":"","ast-main-header-display":"","ast-hfb-above-header-display":"","ast-hfb-below-header-display":"","ast-hfb-mobile-header-display":"","site-post-title":"","ast-breadcrumbs-content":"","ast-featured-img":"","footer-sml-layout":"","ast-disable-related-posts":"","theme-transparent-header-meta":"","adv-header-id-meta":"","stick-header-meta":"","header-above-stick-meta":"","header-main-stick-meta":"","header-below-stick-meta":"","astra-migrate-meta-layouts":"default","ast-page-background-enabled":"default","ast-page-background-meta":{"desktop":{"background-color":"var(--ast-global-color-4)","background-image":"","background-repeat":"repeat","background-position":"center center","background-size":"auto","background-attachment":"scroll","background-type":"","background-media":"","overlay-type":"","overlay-color":"","overlay-opacity":"","overlay-gradient":""},"tablet":{"background-color":"","background-image":"","background-repeat":"repeat","background-position":"center center","background-size":"auto","background-attachment":"scroll","background-type":"","background-media":"","overlay-type":"","overlay-color":"","overlay-opacity":"","overlay-gradient":""},"mobile":{"background-color":"","background-image":"","background-repeat":"repeat","background-position":"center center","background-size":"auto","background-attachment":"scroll","background-type":"","background-media":"","overlay-type":"","overlay-color":"","overlay-opacity":"","overlay-gradient":""}},"ast-content-background-meta":{"desktop":{"background-color":"var(--ast-global-color-5)","background-image":"","background-repeat":"repeat","background-position":"center center","background-size":"auto","background-attachment":"scroll","background-type":"","background-media":"","overlay-type":"","overlay-color":"","overlay-opacity":"","overlay-gradient":""},"tablet":{"background-color":"var(--ast-global-color-5)","background-image":"","background-repeat":"repeat","background-position":"center center","background-size":"auto","background-attachment":"scroll","background-type":"","background-media":"","overlay-type":"","overlay-color":"","overlay-opacity":"","overlay-gradient":""},"mobile":{"background-color":"var(--ast-global-color-5)","background-image":"","background-repeat":"repeat","background-position":"center center","background-size":"auto","background-attachment":"scroll","background-type":"","background-media":"","overlay-type":"","overlay-color":"","overlay-opacity":"","overlay-gradient":""}}},"product_brand":[],"product_cat":[47,430,40],"product_tag":[370,513,185,512,457,220,287,189,215,384,186,372,279,374],"class_list":{"0":"post-5667","1":"product","2":"type-product","3":"status-publish","4":"has-post-thumbnail","6":"product_cat-classic","7":"product_cat-men","8":"product_cat-mens-shoes","9":"product_tag-black-loafers","10":"product_tag-business-casual-shoes","11":"product_tag-calf-leather-shoes","12":"product_tag-casual-loafers","13":"product_tag-classic-loafers","14":"product_tag-comfortable-loafers","15":"product_tag-eva-sole-shoes","16":"product_tag-goat-leather-lining","17":"product_tag-leather-loafers","18":"product_tag-luxury-loafers","19":"product_tag-mens-loafers","20":"product_tag-mens-slip-on-shoes","21":"product_tag-penny-loafers","22":"product_tag-premium-loafers","23":"desktop-align-center","24":"tablet-align-center","25":"mobile-align-center","27":"first","28":"instock","29":"shipping-taxable","30":"purchasable","31":"product-type-variable","32":"has-default-attributes"},"acf":[],"uagb_featured_image_src":{"full":["https:\/\/turkishtrade.co\/wp-content\/uploads\/2026\/01\/2400EJOMN00480-BLACK-Y_871.png",453,250,false],"thumbnail":["https:\/\/turkishtrade.co\/wp-content\/uploads\/2026\/01\/2400EJOMN00480-BLACK-Y_871-150x150.png",150,150,true],"medium":["https:\/\/turkishtrade.co\/wp-content\/uploads\/2026\/01\/2400EJOMN00480-BLACK-Y_871-300x166.png",300,166,true],"medium_large":["https:\/\/turkishtrade.co\/wp-content\/uploads\/2026\/01\/2400EJOMN00480-BLACK-Y_871.png",453,250,false],"large":["https:\/\/turkishtrade.co\/wp-content\/uploads\/2026\/01\/2400EJOMN00480-BLACK-Y_871.png",453,250,false],"1536x1536":["https:\/\/turkishtrade.co\/wp-content\/uploads\/2026\/01\/2400EJOMN00480-BLACK-Y_871.png",453,250,false],"2048x2048":["https:\/\/turkishtrade.co\/wp-content\/uploads\/2026\/01\/2400EJOMN00480-BLACK-Y_871.png",453,250,false],"trp-custom-language-flag":["https:\/\/turkishtrade.co\/wp-content\/uploads\/2026\/01\/2400EJOMN00480-BLACK-Y_871-18x10.png",18,10,true],"woocommerce_thumbnail":["https:\/\/turkishtrade.co\/wp-content\/uploads\/2026\/01\/2400EJOMN00480-BLACK-Y_871-400x250.png",400,250,true],"woocommerce_single":["https:\/\/turkishtrade.co\/wp-content\/uploads\/2026\/01\/2400EJOMN00480-BLACK-Y_871.png",453,250,false],"woocommerce_gallery_thumbnail":["https:\/\/turkishtrade.co\/wp-content\/uploads\/2026\/01\/2400EJOMN00480-BLACK-Y_871-100x100.png",100,100,true]},"uagb_author_info":{"display_name":"yaser olabi","author_link":"https:\/\/turkishtrade.co\/tr\/author\/"},"uagb_comment_info":0,"uagb_excerpt":"Exterior: Premium Calf Leather for a refined finish Interior: Soft Goat Leather lining for superior comfort Sole: Lightweight and flexible EVA sole for all-day wear Heel Height: Classic low heel (approximately 1-3 cm) Available Sizes: EU 39, 40, 41, 42, 43, 44, 45 Bulk Availability: Minimum order of 8 pairs required Delivery: 12 days +&hellip;","_links":{"self":[{"href":"https:\/\/turkishtrade.co\/tr\/wp-json\/wp\/v2\/product\/5667","targetHints":{"allow":["GET"]}}],"collection":[{"href":"https:\/\/turkishtrade.co\/tr\/wp-json\/wp\/v2\/product"}],"about":[{"href":"https:\/\/turkishtrade.co\/tr\/wp-json\/wp\/v2\/types\/product"}],"wp:featuredmedia":[{"embeddable":true,"href":"https:\/\/turkishtrade.co\/tr\/wp-json\/wp\/v2\/media\/3802"}],"wp:attachment":[{"href":"https:\/\/turkishtrade.co\/tr\/wp-json\/wp\/v2\/media?parent=5667"}],"wp:term":[{"taxonomy":"product_brand","embeddable":true,"href":"https:\/\/turkishtrade.co\/tr\/wp-json\/wp\/v2\/product_brand?post=5667"},{"taxonomy":"product_cat","embeddable":true,"href":"https:\/\/turkishtrade.co\/tr\/wp-json\/wp\/v2\/product_cat?post=5667"},{"taxonomy":"product_tag","embeddable":true,"href":"https:\/\/turkishtrade.co\/tr\/wp-json\/wp\/v2\/product_tag?post=5667"}],"curies":[{"name":"wp","href":"https:\/\/api.w.org\/{rel}","templated":true}]}}