{"id":5659,"date":"2026-01-14T12:50:46","date_gmt":"2026-01-14T12:50:46","guid":{"rendered":"https:\/\/turkishtrade.co\/product\/men-s-classic-leather-loafers\/"},"modified":"2026-04-09T19:27:48","modified_gmt":"2026-04-09T19:27:48","slug":"mens-classic-leather-loafers-5","status":"publish","type":"product","link":"https:\/\/turkishtrade.co\/tr\/shop\/mens-classic-leather-loafers-5\/","title":{"rendered":"Erkek Klasik Deri Loafer - Premium Dana Derisi ve Ke\u00e7i Derisi"},"content":{"rendered":"<p><strong>Erkek Klasik Deri Loafer'lar<\/strong><\/p>\n<p>Enfes \u00fcr\u00fcnlerimizle benzersiz konfora ve zamans\u0131z stile ad\u0131m at\u0131n <b>Erkek Klasik Deri Loafer'lar<\/b>. Se\u00e7kin beyefendiler i\u00e7in tasarlanan bu mokasen ayakkab\u0131lar, geleneksel i\u015f\u00e7ili\u011fi modern ergonomiyle m\u00fckemmel bir \u015fekilde harmanlayarak her gard\u0131rop i\u00e7in vazge\u00e7ilmez bir eklenti haline geliyor. Bizim <b>Erkek Klasik Deri Loafer'lar<\/b> ayakkab\u0131dan \u00e7ok daha fazlas\u0131d\u0131r; sofistike bir zevkin ve zamana meydan okuyan bir kalite taahh\u00fcd\u00fcn\u00fcn ifadesidir.<\/p>\n<p><h3>\u00dcst\u00fcn \u0130\u015f\u00e7ilik ve Premium Malzemeler<\/h3>\n<\/p>\n<p>Bu ola\u011fan\u00fcst\u00fc \u00e7iftlerin her biri <b>Erkek Klasik Deri Loafer'lar<\/b> sadece en iyi malzemeler kullan\u0131larak titizlikle \u00fcretilmi\u015ftir. D\u0131\u015f y\u00fczeyi, ola\u011fan\u00fcst\u00fc dayan\u0131kl\u0131l\u0131\u011f\u0131 ve l\u00fcks g\u00f6r\u00fcn\u00fcm\u00fcyle bilinen zengin, esnek dana derisine sahipken, i\u00e7 k\u0131sm\u0131 inan\u0131lmaz derecede yumu\u015fak ke\u00e7i derisiyle astarlanm\u0131\u015ft\u0131r ve zamanla aya\u011f\u0131n\u0131za uyum sa\u011flayan nefes alabilir ve rahat bir uyum sa\u011flar.<\/p>\n<p>Bu kombinasyon yaln\u0131zca ola\u011fan\u00fcst\u00fc konfor sa\u011flamakla kalmaz, ayn\u0131 zamanda uzun s\u00fcreli kullan\u0131m vaat ederek yat\u0131r\u0131m\u0131n\u0131z\u0131n sezondan sezona s\u00fcrmesini sa\u011flar. Hassas diki\u015flerden cilal\u0131 kaplamaya kadar detaylara g\u00f6sterilen \u00f6zen, bu ayakkab\u0131lar\u0131n \u00fcst\u00fcn kalitesini vurgular.<\/p>\n<p><h3>G\u00fcnl\u00fck Giyim i\u00e7in E\u015fsiz Konfor<\/h3>\n<\/p>\n<p>Hafif ve esnek EVA taban sayesinde g\u00fcn boyu konforu ya\u015fay\u0131n. Bu yenilik\u00e7i taban malzemesi m\u00fckemmel \u015fok emilimi ve destek sunarak bu ayakkab\u0131lar\u0131 <b>Erkek Klasik Deri Loafer'lar<\/b> \u0130ster \u015fehir sokaklar\u0131nda geziniyor ister i\u015f toplant\u0131lar\u0131na kat\u0131l\u0131yor olun, uzun g\u00fcnler boyunca ayakta kalmak i\u00e7in idealdir.<\/p>\n<p>1-3 cm'lik rahat topuk y\u00fcksekli\u011fiyle bu mokasen ayakkab\u0131lar, dengeden veya hareket kolayl\u0131\u011f\u0131ndan \u00f6d\u00fcn vermeden ince bir y\u00fckselme sa\u011flar. EU 39'dan 45'e kadar kapsaml\u0131 bir beden yelpazesinde mevcut olan bu ayakkab\u0131lar, her ad\u0131mda maksimum konfor sa\u011flayarak m\u00fckemmel uyumunuzu zahmetsizce bulman\u0131z\u0131 sa\u011flar.<\/p>\n<p><h3>Her Durum i\u00e7in \u00c7ok Y\u00f6nl\u00fc Stil<\/h3>\n<\/p>\n<p>\u0130nce brogue detaylar\u0131na sahip zarif, kep burunlu tasar\u0131m, bunlar\u0131 <b>Erkek Klasik Deri Loafer'lar<\/b> inan\u0131lmaz derecede \u00e7ok y\u00f6nl\u00fcd\u00fcr. \u015e\u0131k g\u00fcndelik k\u0131yafetlerden daha resmi k\u0131yafetlere sorunsuzca ge\u00e7i\u015f yaparlar. Zarif bir hafta sonu g\u00f6r\u00fcn\u00fcm\u00fc i\u00e7in chino pantolon ve blazer ceketle veya g\u00f6steri\u015fli bir ofis kombini i\u00e7in \u00f6zel dikim pantolonlarla e\u015fle\u015ftirin.<\/p>\n<p>Zamans\u0131z \u00e7ekicili\u011fi, \u00e7e\u015fitli stilleri tamamlamas\u0131n\u0131 ve koleksiyonunuzda temel bir par\u00e7a olarak kalmas\u0131n\u0131 sa\u011flar. Klasik siyah ve zengin kahverengi gibi mevcut renklerle, ki\u015fisel tarz\u0131n\u0131za ve gard\u0131rop ihtiya\u00e7lar\u0131n\u0131za uygun m\u00fckemmel \u00e7ifti se\u00e7ebilirsiniz.<\/p>\n<p><h3>Toptan Sat\u0131\u015f F\u0131rsatlar\u0131 &amp; Verimli Teslimat<\/h3>\n<\/p>\n<p>Bu y\u00fcksek kaliteli \u00fcr\u00fcnleri sunmaktan gurur duyuyoruz <b>Erkek Klasik Deri Loafer'lar<\/b> toptan sat\u0131\u015f i\u00e7in. Minimum sipari\u015f miktar\u0131 8 \u00e7ift olan bu ayakkab\u0131lar, m\u00fc\u015fterilerine birinci s\u0131n\u0131f ayakkab\u0131lar sunmak isteyen perakendeciler i\u00e7in m\u00fckemmel bir se\u00e7imdir. Envanterinizi verimli bir \u015fekilde stoklayabilmeniz i\u00e7in yakla\u015f\u0131k 12 g\u00fcnl\u00fck g\u00fcvenilir bir teslimat s\u00fcresi ve nakliye sa\u011fl\u0131yoruz.<\/p>\n<p>S\u0131ra d\u0131\u015f\u0131 erkek loafer koleksiyonumuzla l\u00fcks, konfor ve stilin m\u00fckemmel kar\u0131\u015f\u0131m\u0131n\u0131 deneyimleyin.<\/p>","protected":false},"excerpt":{"rendered":"<ul>\n<li>Birinci s\u0131n\u0131f Dana Derisi d\u0131\u015f y\u00fczey ve yumu\u015fak Ke\u00e7i Derisi i\u00e7 k\u0131s\u0131mdan el yap\u0131m\u0131 olarak \u00fcretilmi\u015ftir.<\/li>\n<li>G\u00fcn boyu konfor ve destek i\u00e7in hafif ve esnek EVA taban.<\/li>\n<li>\u0130nce burunlu ve brogue detayl\u0131 zamans\u0131z klasik loafer tasar\u0131m\u0131.<\/li>\n<li>M\u00fckemmel uyum i\u00e7in 39-45 AB bedenlerinde mevcuttur.<\/li>\n<li><b>Minimum sipari\u015f miktar\u0131: 8 \u00e7ift.<\/b> Toptan ve perakende sat\u0131\u015f ortaklar\u0131 i\u00e7in idealdir.<\/li>\n<\/ul>","protected":false},"featured_media":3799,"template":"","meta":{"_acf_changed":false,"_uag_custom_page_level_css":"","site-sidebar-layout":"default","site-content-layout":"","ast-site-content-layout":"default","site-content-style":"default","site-sidebar-style":"default","ast-global-header-display":"","ast-banner-title-visibility":"","ast-main-header-display":"","ast-hfb-above-header-display":"","ast-hfb-below-header-display":"","ast-hfb-mobile-header-display":"","site-post-title":"","ast-breadcrumbs-content":"","ast-featured-img":"","footer-sml-layout":"","ast-disable-related-posts":"","theme-transparent-header-meta":"","adv-header-id-meta":"","stick-header-meta":"","header-above-stick-meta":"","header-main-stick-meta":"","header-below-stick-meta":"","astra-migrate-meta-layouts":"default","ast-page-background-enabled":"default","ast-page-background-meta":{"desktop":{"background-color":"var(--ast-global-color-4)","background-image":"","background-repeat":"repeat","background-position":"center center","background-size":"auto","background-attachment":"scroll","background-type":"","background-media":"","overlay-type":"","overlay-color":"","overlay-opacity":"","overlay-gradient":""},"tablet":{"background-color":"","background-image":"","background-repeat":"repeat","background-position":"center center","background-size":"auto","background-attachment":"scroll","background-type":"","background-media":"","overlay-type":"","overlay-color":"","overlay-opacity":"","overlay-gradient":""},"mobile":{"background-color":"","background-image":"","background-repeat":"repeat","background-position":"center center","background-size":"auto","background-attachment":"scroll","background-type":"","background-media":"","overlay-type":"","overlay-color":"","overlay-opacity":"","overlay-gradient":""}},"ast-content-background-meta":{"desktop":{"background-color":"var(--ast-global-color-5)","background-image":"","background-repeat":"repeat","background-position":"center center","background-size":"auto","background-attachment":"scroll","background-type":"","background-media":"","overlay-type":"","overlay-color":"","overlay-opacity":"","overlay-gradient":""},"tablet":{"background-color":"var(--ast-global-color-5)","background-image":"","background-repeat":"repeat","background-position":"center center","background-size":"auto","background-attachment":"scroll","background-type":"","background-media":"","overlay-type":"","overlay-color":"","overlay-opacity":"","overlay-gradient":""},"mobile":{"background-color":"var(--ast-global-color-5)","background-image":"","background-repeat":"repeat","background-position":"center center","background-size":"auto","background-attachment":"scroll","background-type":"","background-media":"","overlay-type":"","overlay-color":"","overlay-opacity":"","overlay-gradient":""}}},"product_brand":[],"product_cat":[47,430,40],"product_tag":[370,147,566,512,457,737,438,352,908,215,186,374,184,584,456],"class_list":{"0":"post-5659","1":"product","2":"type-product","3":"status-publish","4":"has-post-thumbnail","6":"product_cat-classic","7":"product_cat-men","8":"product_cat-mens-shoes","9":"product_tag-black-loafers","10":"product_tag-brown-loafers","11":"product_tag-calfskin-shoes","12":"product_tag-casual-loafers","13":"product_tag-classic-loafers","14":"product_tag-dress-loafers","15":"product_tag-eva-sole","16":"product_tag-formal-loafers","17":"product_tag-goat-leather-shoes","18":"product_tag-leather-loafers","19":"product_tag-mens-loafers","20":"product_tag-premium-loafers","21":"product_tag-slip-on-shoes","22":"product_tag-turkish-trade","23":"product_tag-wholesale-loafers","24":"desktop-align-center","25":"tablet-align-center","26":"mobile-align-center","28":"first","29":"instock","30":"shipping-taxable","31":"purchasable","32":"product-type-variable","33":"has-default-attributes"},"acf":[],"uagb_featured_image_src":{"full":["https:\/\/turkishtrade.co\/wp-content\/uploads\/2026\/01\/2400EJOMN00453-DARK-BROWN-X_12587-2-USD.png",453,250,false],"thumbnail":["https:\/\/turkishtrade.co\/wp-content\/uploads\/2026\/01\/2400EJOMN00453-DARK-BROWN-X_12587-2-USD-150x150.png",150,150,true],"medium":["https:\/\/turkishtrade.co\/wp-content\/uploads\/2026\/01\/2400EJOMN00453-DARK-BROWN-X_12587-2-USD-300x166.png",300,166,true],"medium_large":["https:\/\/turkishtrade.co\/wp-content\/uploads\/2026\/01\/2400EJOMN00453-DARK-BROWN-X_12587-2-USD.png",453,250,false],"large":["https:\/\/turkishtrade.co\/wp-content\/uploads\/2026\/01\/2400EJOMN00453-DARK-BROWN-X_12587-2-USD.png",453,250,false],"1536x1536":["https:\/\/turkishtrade.co\/wp-content\/uploads\/2026\/01\/2400EJOMN00453-DARK-BROWN-X_12587-2-USD.png",453,250,false],"2048x2048":["https:\/\/turkishtrade.co\/wp-content\/uploads\/2026\/01\/2400EJOMN00453-DARK-BROWN-X_12587-2-USD.png",453,250,false],"trp-custom-language-flag":["https:\/\/turkishtrade.co\/wp-content\/uploads\/2026\/01\/2400EJOMN00453-DARK-BROWN-X_12587-2-USD-18x10.png",18,10,true],"woocommerce_thumbnail":["https:\/\/turkishtrade.co\/wp-content\/uploads\/2026\/01\/2400EJOMN00453-DARK-BROWN-X_12587-2-USD-400x250.png",400,250,true],"woocommerce_single":["https:\/\/turkishtrade.co\/wp-content\/uploads\/2026\/01\/2400EJOMN00453-DARK-BROWN-X_12587-2-USD.png",453,250,false],"woocommerce_gallery_thumbnail":["https:\/\/turkishtrade.co\/wp-content\/uploads\/2026\/01\/2400EJOMN00453-DARK-BROWN-X_12587-2-USD-100x100.png",100,100,true]},"uagb_author_info":{"display_name":"yaser olabi","author_link":"https:\/\/turkishtrade.co\/tr\/author\/"},"uagb_comment_info":0,"uagb_excerpt":"Handcrafted from premium Calf Leather exterior and soft Goat Leather interior. Lightweight and flexible EVA sole for all-day comfort and support. Timeless classic loafer design with subtle cap-toe and brogue detailing. Available in EU sizes 39-45 for a perfect fit. Minimum order quantity: 8 pairs. Ideal for wholesale and retail partners.","_links":{"self":[{"href":"https:\/\/turkishtrade.co\/tr\/wp-json\/wp\/v2\/product\/5659","targetHints":{"allow":["GET"]}}],"collection":[{"href":"https:\/\/turkishtrade.co\/tr\/wp-json\/wp\/v2\/product"}],"about":[{"href":"https:\/\/turkishtrade.co\/tr\/wp-json\/wp\/v2\/types\/product"}],"wp:featuredmedia":[{"embeddable":true,"href":"https:\/\/turkishtrade.co\/tr\/wp-json\/wp\/v2\/media\/3799"}],"wp:attachment":[{"href":"https:\/\/turkishtrade.co\/tr\/wp-json\/wp\/v2\/media?parent=5659"}],"wp:term":[{"taxonomy":"product_brand","embeddable":true,"href":"https:\/\/turkishtrade.co\/tr\/wp-json\/wp\/v2\/product_brand?post=5659"},{"taxonomy":"product_cat","embeddable":true,"href":"https:\/\/turkishtrade.co\/tr\/wp-json\/wp\/v2\/product_cat?post=5659"},{"taxonomy":"product_tag","embeddable":true,"href":"https:\/\/turkishtrade.co\/tr\/wp-json\/wp\/v2\/product_tag?post=5659"}],"curies":[{"name":"wp","href":"https:\/\/api.w.org\/{rel}","templated":true}]}}