{"id":5656,"date":"2026-01-14T12:50:19","date_gmt":"2026-01-14T12:50:19","guid":{"rendered":"https:\/\/turkishtrade.co\/product\/navy-blue-leather-casual-shoes\/"},"modified":"2026-04-09T19:27:54","modified_gmt":"2026-04-09T19:27:54","slug":"navy-blue-leather-casual-shoes","status":"publish","type":"product","link":"https:\/\/turkishtrade.co\/tr\/shop\/navy-blue-leather-casual-shoes\/","title":{"rendered":"Erkek Premium Lacivert Dana Derisi G\u00fcnl\u00fck Ayakkab\u0131"},"content":{"rendered":"<p><strong>Lacivert Deri G\u00fcnl\u00fck Ayakkab\u0131<\/strong><\/p>\n<p>Erkek Premium Lacivert Dana Derisi G\u00fcnl\u00fck Ayakkab\u0131lar\u0131m\u0131z ile \u015f\u0131kl\u0131\u011f\u0131n ve g\u00fcnl\u00fck rahatl\u0131\u011f\u0131n m\u00fckemmel kar\u0131\u015f\u0131m\u0131n\u0131 ke\u015ffedin. Hem stile hem de dayan\u0131kl\u0131l\u0131\u011fa de\u011fer veren modern erkekler i\u00e7in tasarlanan bu zarif ayakkab\u0131lar, \u00fcst\u00fcn i\u015f\u00e7ili\u011fin bir kan\u0131t\u0131d\u0131r. Lacivertin zengin, derin tonu bu ayakkab\u0131lar\u0131 inan\u0131lmaz derecede \u00e7ok y\u00f6nl\u00fc k\u0131lar, \u015f\u0131k g\u00fcndelik k\u0131yafetlerden daha rahat hafta sonu k\u0131yafetlerine kadar her \u015feyle kolayca e\u015fle\u015ftirilebilir.<\/p>\n<p>Her bir \u00e7ift, benzersiz bir kullan\u0131m deneyimi sunmak i\u00e7in titizlikle \u00fcretilmi\u015ftir ve g\u00fcn boyunca en iyi \u015fekilde g\u00f6r\u00fcnmenizi ve hissetmenizi sa\u011flar.<\/p>\n<p><h3>E\u015fsiz Kalite ve \u0130\u015f\u00e7ilik<\/h3>\n<\/p>\n<p>Kaliteye olan ba\u011fl\u0131l\u0131\u011f\u0131m\u0131z birinci s\u0131n\u0131f malzeme se\u00e7imiyle ba\u015flar. Bu ola\u011fan\u00fcst\u00fc modellerin d\u0131\u015f <b>laci\u0307vert deri\u0307 g\u00fcnl\u00fck ayakkabi<\/b> Yumu\u015fak dokusu, dayan\u0131kl\u0131l\u0131\u011f\u0131 ve zaman i\u00e7inde g\u00fczel bir patine geli\u015ftirebilme \u00f6zelli\u011fiyle tan\u0131nan hakiki dana derisinden \u00fcretilmi\u015ftir.<\/p>\n<p>Pre-pended olmayan bu malzeme se\u00e7imi sadece estetik \u00e7ekicili\u011fi artt\u0131rmakla kalmaz, ayn\u0131 zamanda uzun \u00f6m\u00fcrl\u00fc giyimi de garanti eder. \u0130\u00e7 k\u0131s\u0131mda, ayaklar\u0131n\u0131z m\u00fckemmel nefes alabilirlik ve nem emme \u00f6zellikleri sunan ke\u00e7i derisi astar\u0131n l\u00fcks yumu\u015fakl\u0131\u011f\u0131yla sar\u0131lacak ve ayaklar\u0131n\u0131z\u0131 rahat ve kuru tutacakt\u0131r. Titiz diki\u015fler ve detaylara g\u00f6sterilen \u00f6zen, her k\u0131vr\u0131m ve diki\u015fte kendini g\u00f6sterir ve ger\u00e7ekten birinci s\u0131n\u0131f bir g\u00f6r\u00fcn\u00fcm sergiler. <b>laci\u0307vert deri\u0307 g\u00fcnl\u00fck ayakkabi<\/b>.<\/p>\n<p><h3>Konfor ve \u00c7ok Y\u00f6nl\u00fcl\u00fck i\u00e7in Tasarland\u0131<\/h3>\n<\/p>\n<p>Yenilik\u00e7i EVA taban sayesinde g\u00fcn boyu konforu ya\u015fay\u0131n. Bu hafif ancak sa\u011flam malzeme, ola\u011fan\u00fcst\u00fc \u015fok emilimi ve esneklik sa\u011flayarak bu ayakkab\u0131lar\u0131 <b>laci\u0307vert deri\u0307 g\u00fcnl\u00fck ayakkabi<\/b> uzun s\u00fcre ayakta durmak veya y\u00fcr\u00fcmek i\u00e7in m\u00fckemmeldir. Al\u00e7ak, klasik blok topuk (yakla\u015f\u0131k.<\/p>\n<p>1-3 cm) dengeden \u00f6d\u00fcn vermeden hafif bir y\u00fckselme sa\u011flar ve ayakkab\u0131n\u0131n rahat ama zarif esteti\u011fiyle kusursuz bir uyum sa\u011flar. \u0130ster \u015fehir sokaklar\u0131nda geziniyor, ister i\u015f ama\u00e7l\u0131 g\u00fcndelik bir etkinli\u011fe kat\u0131l\u0131yor ya da sadece rahat bir gezintinin tad\u0131n\u0131 \u00e7\u0131kar\u0131yor olun, bu \u00e7ok y\u00f6nl\u00fc <b>laci\u0307vert deri\u0307 g\u00fcnl\u00fck ayakkabi<\/b> ya\u015fam tarz\u0131n\u0131za kolayl\u0131kla uyum sa\u011flar. Zamans\u0131z ba\u011fc\u0131kl\u0131 tasar\u0131m\u0131, her kullan\u0131c\u0131 i\u00e7in g\u00fcvenli ve ayarlanabilir bir uyum sa\u011flar.<\/p>\n<p><h3>Toptan Sat\u0131\u015f ve Farkl\u0131 Boyutland\u0131rma i\u00e7in \u0130deal<\/h3>\n<\/p>\n<p>Toptan sat\u0131\u015f ortaklar\u0131m\u0131z\u0131n ihtiya\u00e7lar\u0131n\u0131 anl\u0131yoruz, i\u015fte bu y\u00fczden bu erkek <b>laci\u0307vert deri\u0307 g\u00fcnl\u00fck ayakkabi<\/b> minimum 8 \u00e7ift sipari\u015f miktar\u0131 ile temin edilebilir. Bu da onlar\u0131 her perakende koleksiyonuna m\u00fckemmel bir katk\u0131 haline getirerek hem m\u00fc\u015fteri memnuniyeti hem de y\u00fcksek ciro vaat ediyor. EU 39'dan 45'e kadar olan kapsaml\u0131 beden yelpazemiz, geni\u015f bir m\u00fc\u015fteri kitlesine hitap ederek herkesin m\u00fckemmel uyumunu bulabilmesini sa\u011flar.<\/p>\n<p>Envanterinizi bu aranan \u00fcr\u00fcnlerle zenginle\u015ftirin <b>laci\u0307vert deri\u0307 g\u00fcnl\u00fck ayakkabi<\/b> klasik stili modern konforla birle\u015ftiren ayakkab\u0131lara sahip olun ve verimli teslimat hizmetlerimizden (12 g\u00fcn + kargo) yararlan\u0131n. M\u00fc\u015fterilerinizin her g\u00fcn sevece\u011fi kaliteli ayakkab\u0131lara yat\u0131r\u0131m yap\u0131n. Bunlar <b>laci\u0307vert deri\u0307 g\u00fcnl\u00fck ayakkabi<\/b> hem stil hem de konfor i\u00e7in ak\u0131ll\u0131ca bir se\u00e7imdir.<\/p>","protected":false},"excerpt":{"rendered":"<ul>\n<li>Sofistike bir d\u0131\u015f y\u00fczey i\u00e7in hakiki dana derisinden ustal\u0131kla \u00fcretilmi\u015ftir.<\/li>\n<li>L\u00fcks ke\u00e7i derisi i\u00e7 k\u0131s\u0131m ola\u011fan\u00fcst\u00fc konfor ve nefes alabilirlik sa\u011flar.<\/li>\n<li>Hafif ve dayan\u0131kl\u0131 EVA taban \u00fcst\u00fcn yast\u0131klama ve kavrama sa\u011flar.<\/li>\n<li>\u00c7ok y\u00f6nl\u00fc lacivert renkte klasik ba\u011fc\u0131kl\u0131 tasar\u0131m, \u00e7e\u015fitli durumlar i\u00e7in uygundur.<\/li>\n<li>Kapsaml\u0131 bir beden aral\u0131\u011f\u0131nda mevcuttur: AB 39, 40, 41, 42, 43, 44, 45.<\/li>\n<li>Minimum sipari\u015f miktar\u0131: 8 \u00e7ift, toptan sat\u0131\u015f ortaklar\u0131 i\u00e7in ideal.<\/li>\n<li>Teslimat genellikle 12 g\u00fcn i\u00e7inde art\u0131 nakliye.<\/li>\n<\/ul>","protected":false},"featured_media":3797,"template":"","meta":{"_acf_changed":false,"_uag_custom_page_level_css":"","site-sidebar-layout":"default","site-content-layout":"","ast-site-content-layout":"default","site-content-style":"default","site-sidebar-style":"default","ast-global-header-display":"","ast-banner-title-visibility":"","ast-main-header-display":"","ast-hfb-above-header-display":"","ast-hfb-below-header-display":"","ast-hfb-mobile-header-display":"","site-post-title":"","ast-breadcrumbs-content":"","ast-featured-img":"","footer-sml-layout":"","ast-disable-related-posts":"","theme-transparent-header-meta":"","adv-header-id-meta":"","stick-header-meta":"","header-above-stick-meta":"","header-main-stick-meta":"","header-below-stick-meta":"","astra-migrate-meta-layouts":"default","ast-page-background-enabled":"default","ast-page-background-meta":{"desktop":{"background-color":"var(--ast-global-color-4)","background-image":"","background-repeat":"repeat","background-position":"center center","background-size":"auto","background-attachment":"scroll","background-type":"","background-media":"","overlay-type":"","overlay-color":"","overlay-opacity":"","overlay-gradient":""},"tablet":{"background-color":"","background-image":"","background-repeat":"repeat","background-position":"center center","background-size":"auto","background-attachment":"scroll","background-type":"","background-media":"","overlay-type":"","overlay-color":"","overlay-opacity":"","overlay-gradient":""},"mobile":{"background-color":"","background-image":"","background-repeat":"repeat","background-position":"center center","background-size":"auto","background-attachment":"scroll","background-type":"","background-media":"","overlay-type":"","overlay-color":"","overlay-opacity":"","overlay-gradient":""}},"ast-content-background-meta":{"desktop":{"background-color":"var(--ast-global-color-5)","background-image":"","background-repeat":"repeat","background-position":"center center","background-size":"auto","background-attachment":"scroll","background-type":"","background-media":"","overlay-type":"","overlay-color":"","overlay-opacity":"","overlay-gradient":""},"tablet":{"background-color":"var(--ast-global-color-5)","background-image":"","background-repeat":"repeat","background-position":"center center","background-size":"auto","background-attachment":"scroll","background-type":"","background-media":"","overlay-type":"","overlay-color":"","overlay-opacity":"","overlay-gradient":""},"mobile":{"background-color":"var(--ast-global-color-5)","background-image":"","background-repeat":"repeat","background-position":"center center","background-size":"auto","background-attachment":"scroll","background-type":"","background-media":"","overlay-type":"","overlay-color":"","overlay-opacity":"","overlay-gradient":""}}},"product_brand":[],"product_cat":[47,430,40],"product_tag":[200,202,449,438,437,227,428,362,255,281],"class_list":{"0":"post-5656","1":"product","2":"type-product","3":"status-publish","4":"has-post-thumbnail","6":"product_cat-classic","7":"product_cat-men","8":"product_cat-mens-shoes","9":"product_tag-business-casual","10":"product_tag-calf-leather","11":"product_tag-casual-shoes","12":"product_tag-eva-sole","13":"product_tag-goat-leather","14":"product_tag-leather-shoes","15":"product_tag-navy-blue-shoes","16":"product_tag-premium-footwear","17":"product_tag-turkish-leather-shoes","18":"product_tag-wholesale-shoes","19":"desktop-align-center","20":"tablet-align-center","21":"mobile-align-center","23":"first","24":"instock","25":"shipping-taxable","26":"purchasable","27":"product-type-variable","28":"has-default-attributes"},"acf":[],"uagb_featured_image_src":{"full":["https:\/\/turkishtrade.co\/wp-content\/uploads\/2026\/01\/2400EJOMN00448-DARK-BLUE-Z_76.png",453,250,false],"thumbnail":["https:\/\/turkishtrade.co\/wp-content\/uploads\/2026\/01\/2400EJOMN00448-DARK-BLUE-Z_76-150x150.png",150,150,true],"medium":["https:\/\/turkishtrade.co\/wp-content\/uploads\/2026\/01\/2400EJOMN00448-DARK-BLUE-Z_76-300x166.png",300,166,true],"medium_large":["https:\/\/turkishtrade.co\/wp-content\/uploads\/2026\/01\/2400EJOMN00448-DARK-BLUE-Z_76.png",453,250,false],"large":["https:\/\/turkishtrade.co\/wp-content\/uploads\/2026\/01\/2400EJOMN00448-DARK-BLUE-Z_76.png",453,250,false],"1536x1536":["https:\/\/turkishtrade.co\/wp-content\/uploads\/2026\/01\/2400EJOMN00448-DARK-BLUE-Z_76.png",453,250,false],"2048x2048":["https:\/\/turkishtrade.co\/wp-content\/uploads\/2026\/01\/2400EJOMN00448-DARK-BLUE-Z_76.png",453,250,false],"trp-custom-language-flag":["https:\/\/turkishtrade.co\/wp-content\/uploads\/2026\/01\/2400EJOMN00448-DARK-BLUE-Z_76-18x10.png",18,10,true],"woocommerce_thumbnail":["https:\/\/turkishtrade.co\/wp-content\/uploads\/2026\/01\/2400EJOMN00448-DARK-BLUE-Z_76-400x250.png",400,250,true],"woocommerce_single":["https:\/\/turkishtrade.co\/wp-content\/uploads\/2026\/01\/2400EJOMN00448-DARK-BLUE-Z_76.png",453,250,false],"woocommerce_gallery_thumbnail":["https:\/\/turkishtrade.co\/wp-content\/uploads\/2026\/01\/2400EJOMN00448-DARK-BLUE-Z_76-100x100.png",100,100,true]},"uagb_author_info":{"display_name":"yaser olabi","author_link":"https:\/\/turkishtrade.co\/tr\/author\/"},"uagb_comment_info":0,"uagb_excerpt":"Expertly crafted from genuine calf leather for a sophisticated outer finish. Luxurious goat leather interior ensures exceptional comfort and breathability. Lightweight and durable EVA sole provides superior cushioning and grip. Classic lace-up design in a versatile navy blue, suitable for various occasions. Available in a comprehensive size range: EU 39, 40, 41, 42, 43, 44,&hellip;","_links":{"self":[{"href":"https:\/\/turkishtrade.co\/tr\/wp-json\/wp\/v2\/product\/5656","targetHints":{"allow":["GET"]}}],"collection":[{"href":"https:\/\/turkishtrade.co\/tr\/wp-json\/wp\/v2\/product"}],"about":[{"href":"https:\/\/turkishtrade.co\/tr\/wp-json\/wp\/v2\/types\/product"}],"wp:featuredmedia":[{"embeddable":true,"href":"https:\/\/turkishtrade.co\/tr\/wp-json\/wp\/v2\/media\/3797"}],"wp:attachment":[{"href":"https:\/\/turkishtrade.co\/tr\/wp-json\/wp\/v2\/media?parent=5656"}],"wp:term":[{"taxonomy":"product_brand","embeddable":true,"href":"https:\/\/turkishtrade.co\/tr\/wp-json\/wp\/v2\/product_brand?post=5656"},{"taxonomy":"product_cat","embeddable":true,"href":"https:\/\/turkishtrade.co\/tr\/wp-json\/wp\/v2\/product_cat?post=5656"},{"taxonomy":"product_tag","embeddable":true,"href":"https:\/\/turkishtrade.co\/tr\/wp-json\/wp\/v2\/product_tag?post=5656"}],"curies":[{"name":"wp","href":"https:\/\/api.w.org\/{rel}","templated":true}]}}