{"id":5651,"date":"2026-01-14T12:49:34","date_gmt":"2026-01-14T12:49:34","guid":{"rendered":"https:\/\/turkishtrade.co\/product\/mens-black-leather-brogue-shoes\/"},"modified":"2026-04-09T19:28:04","modified_gmt":"2026-04-09T19:28:04","slug":"mens-black-leather-brogue-shoes","status":"publish","type":"product","link":"https:\/\/turkishtrade.co\/tr\/shop\/mens-black-leather-brogue-shoes\/","title":{"rendered":"Premium Erkek Siyah Deri Brogue Derby Ayakkab\u0131"},"content":{"rendered":"<p><strong>Erkek Siyah Deri Brogue Ayakkab\u0131<\/strong><\/p>\n<p>Premium Erkek Siyah Deri Brogue Derby Ayakkab\u0131lar\u0131m\u0131zla klasik tarz\u0131n ve \u00fcst\u00fcn konforun \u00f6z\u00fcn\u00fc ke\u015ffedin. Bu ola\u011fan\u00fcst\u00fc ayakkab\u0131lar, kal\u0131c\u0131 kaliteyi ve sofistike esteti\u011fi takdir eden modern beyefendiler i\u00e7in titizlikle tasarlanm\u0131\u015ft\u0131r. \u0130\u015f toplant\u0131lar\u0131, resmi etkinlikler veya g\u00fcnl\u00fck \u015f\u0131k g\u00f6r\u00fcn\u00fcm\u00fcn\u00fcz\u00fc y\u00fckseltmek i\u00e7in m\u00fckemmel olan bu <strong>erkek si\u0307yah deri\u0307 brogue ayakkabi<\/strong> her gard\u0131rop i\u00e7in \u00e7ok y\u00f6nl\u00fc bir eklentidir.<\/p>\n<p><h3>Rakipsiz \u0130\u015f\u00e7ilik ve Malzemeler<\/h3>\n<\/p>\n<p>Her bir \u00e7iftimiz <strong>erkek si\u0307yah deri\u0307 brogue ayakkabi<\/strong> m\u00fckemmelli\u011fe olan ba\u011fl\u0131l\u0131\u011f\u0131n\u0131 sergiler. D\u0131\u015f y\u00fczeyi, p\u00fcr\u00fczs\u00fcz dokusu, dayan\u0131kl\u0131l\u0131\u011f\u0131 ve l\u00fcks g\u00f6r\u00fcn\u00fcm\u00fcyle bilinen y\u00fcksek kaliteli hakiki dana derisinden ustal\u0131kla \u00fcretilmi\u015ftir. Bu birinci s\u0131n\u0131f deri, zaman i\u00e7inde aya\u011f\u0131n\u0131za uyum sa\u011flayarak ki\u015fiselle\u015ftirilmi\u015f bir uyum sa\u011flar.<\/p>\n<p>D\u0131\u015f y\u00fczeyi tamamlayan i\u00e7 astar esnek ke\u00e7i derisinden yap\u0131lm\u0131\u015ft\u0131r, nefes alabilirlik ve cildinize kar\u015f\u0131 harika bir yumu\u015fakl\u0131k hissi sunarak uzun s\u00fcreli kullan\u0131mlarda bile rahats\u0131zl\u0131\u011f\u0131 \u00f6nler.<\/p>\n<p><h3>Konfor ve Dayan\u0131kl\u0131l\u0131k i\u00e7in Tasarland\u0131<\/h3>\n<\/p>\n<p>\u00c7arp\u0131c\u0131 g\u00f6r\u00fcn\u00fcmlerinin \u00f6tesinde, bu <strong>erkek si\u0307yah deri\u0307 brogue ayakkabi<\/strong> rahatli\u011finiza \u00f6nceli\u0307k veri\u0307n. Hafif EVA taban m\u00fckemmel yast\u0131klama ve esneklik sa\u011flayarak her ad\u0131mda \u015foku emer. Bu modern taban malzemesi, ister \u015fehir sokaklar\u0131nda geziniyor ister uzun s\u00fcre ayakta duruyor olun, rahat bir ad\u0131m atman\u0131z\u0131 sa\u011flar.<\/p>\n<p>Klasik 1-3 cm topuk y\u00fcksekli\u011fi, dengeden \u00f6d\u00fcn vermeden hafif bir y\u00fckselti sa\u011flar ve bu derby broglar\u0131 t\u00fcm g\u00fcn kullan\u0131m i\u00e7in ideal hale getirir. Karma\u015f\u0131k brogue delikleri yaln\u0131zca zamans\u0131z bir zarafet dokunu\u015fu katmakla kalmaz, ayn\u0131 zamanda ayakkab\u0131n\u0131n zanaatkar kalitesini de g\u00f6sterir.<\/p>\n<p><h3>Her Durum i\u00e7in \u00c7ok Y\u00f6nl\u00fcl\u00fck<\/h3>\n<\/p>\n<p>Bizim <strong>erkek si\u0307yah deri\u0307 brogue ayakkabi<\/strong> inan\u0131lmaz derecede uyarlanabilir olacak \u015fekilde tasarlanm\u0131\u015ft\u0131r. Sofistike siyah renkleri, keskin tak\u0131m elbiseler ve \u00f6zel dikim pantolonlardan \u015f\u0131k chino pantolonlara ve hatta koyu y\u0131kama kot pantolonlara kadar \u00e7ok \u00e7e\u015fitli k\u0131yafetlerle e\u015fle\u015ftirilmesini kolayla\u015ft\u0131r\u0131r. \u0130ster resmi bir toplant\u0131ya kat\u0131l\u0131n, ister ofise gidin ya da d\u0131\u015far\u0131da \u015f\u0131k bir ak\u015fam\u0131n tad\u0131n\u0131 \u00e7\u0131kar\u0131n, bu derby ayakkab\u0131lar kusursuz bir \u015fekilde giyinmenizi sa\u011flayacakt\u0131r.<\/p>\n<p>EU 39'dan 45'e kadar kapsaml\u0131 bir beden aral\u0131\u011f\u0131nda mevcut oldu\u011fundan, m\u00fckemmel uyumunuzu bulmak \u00e7ok kolay.<\/p>\n<p><h3>Sorunsuz Sipari\u015f ve G\u00fcvenilir Teslimat<\/h3>\n<\/p>\n<p>Stok yapmak isteyenler veya toptan al\u0131mlar i\u00e7in \u015fu se\u00e7kin \u00fcr\u00fcnleri sunuyoruz <strong>erkek si\u0307yah deri\u0307 brogue ayakkabi<\/strong> Minimum sipari\u015f miktar\u0131 sadece 8 \u00e7ifttir. Zaman\u0131nda teslimat\u0131n \u00f6nemini anl\u0131yoruz, bu nedenle sipari\u015flerin 12 g\u00fcn i\u00e7inde g\u00f6nderilmesini ve ard\u0131ndan bulundu\u011funuz yere verimli bir \u015fekilde g\u00f6nderilmesini sa\u011fl\u0131yoruz. Bir \u00e7ift premium ayakkab\u0131m\u0131za yat\u0131r\u0131m yap\u0131n <strong>erkek si\u0307yah deri\u0307 brogue ayakkabi<\/strong> bug\u00fcn ve gelenek, konfor ve \u00e7a\u011fda\u015f tarz\u0131n m\u00fckemmel kar\u0131\u015f\u0131m\u0131n\u0131 deneyimleyin.<\/p>\n<p>Modas\u0131 asla ge\u00e7meyen bir klasik ile ayakkab\u0131 koleksiyonunuzu geli\u015ftirin.<\/p>","protected":false},"excerpt":{"rendered":"<ul>\n<li><strong>Enfes Malzemeler:<\/strong> Hakiki Dana Derisi (D\u0131\u015f) ve yumu\u015fak Ke\u00e7i Derisinden (\u0130\u00e7) \u00fcretilmi\u015ftir.<\/li>\n<li><strong>Dayan\u0131kl\u0131 ve Rahat Taban:<\/strong> G\u00fcn boyu konfor i\u00e7in hafif ama sa\u011flam bir EVA tabana sahiptir.<\/li>\n<li><strong>Klasik Tasar\u0131m:<\/strong> Rahat 1-3 cm topuk y\u00fcksekli\u011fi ile zamans\u0131z brogue detaylar.<\/li>\n<li><strong>Mevcut Boyutlar:<\/strong> AB 39, 40, 41, 42, 43, 44, 45.<\/li>\n<li><strong>Toplu Bulunabilirlik:<\/strong> Minimum sipari\u015f miktar\u0131 8 \u00e7ifttir.<\/li>\n<li><strong>Teslimat S\u00fcresi:<\/strong> Sipari\u015fler 12 g\u00fcn + kargo i\u00e7inde teslim edilir.<\/li>\n<\/ul>","protected":false},"featured_media":3940,"template":"","meta":{"_acf_changed":false,"_uag_custom_page_level_css":"","site-sidebar-layout":"default","site-content-layout":"","ast-site-content-layout":"default","site-content-style":"default","site-sidebar-style":"default","ast-global-header-display":"","ast-banner-title-visibility":"","ast-main-header-display":"","ast-hfb-above-header-display":"","ast-hfb-below-header-display":"","ast-hfb-mobile-header-display":"","site-post-title":"","ast-breadcrumbs-content":"","ast-featured-img":"","footer-sml-layout":"","ast-disable-related-posts":"","theme-transparent-header-meta":"","adv-header-id-meta":"","stick-header-meta":"","header-above-stick-meta":"","header-main-stick-meta":"","header-below-stick-meta":"","astra-migrate-meta-layouts":"default","ast-page-background-enabled":"default","ast-page-background-meta":{"desktop":{"background-color":"var(--ast-global-color-4)","background-image":"","background-repeat":"repeat","background-position":"center center","background-size":"auto","background-attachment":"scroll","background-type":"","background-media":"","overlay-type":"","overlay-color":"","overlay-opacity":"","overlay-gradient":""},"tablet":{"background-color":"","background-image":"","background-repeat":"repeat","background-position":"center center","background-size":"auto","background-attachment":"scroll","background-type":"","background-media":"","overlay-type":"","overlay-color":"","overlay-opacity":"","overlay-gradient":""},"mobile":{"background-color":"","background-image":"","background-repeat":"repeat","background-position":"center center","background-size":"auto","background-attachment":"scroll","background-type":"","background-media":"","overlay-type":"","overlay-color":"","overlay-opacity":"","overlay-gradient":""}},"ast-content-background-meta":{"desktop":{"background-color":"var(--ast-global-color-5)","background-image":"","background-repeat":"repeat","background-position":"center center","background-size":"auto","background-attachment":"scroll","background-type":"","background-media":"","overlay-type":"","overlay-color":"","overlay-opacity":"","overlay-gradient":""},"tablet":{"background-color":"var(--ast-global-color-5)","background-image":"","background-repeat":"repeat","background-position":"center center","background-size":"auto","background-attachment":"scroll","background-type":"","background-media":"","overlay-type":"","overlay-color":"","overlay-opacity":"","overlay-gradient":""},"mobile":{"background-color":"var(--ast-global-color-5)","background-image":"","background-repeat":"repeat","background-position":"center center","background-size":"auto","background-attachment":"scroll","background-type":"","background-media":"","overlay-type":"","overlay-color":"","overlay-opacity":"","overlay-gradient":""}}},"product_brand":[],"product_cat":[48,47,49,430,40],"product_tag":[407,405,451,145,438,251,627,189,895,987,324,686,280,281],"class_list":{"0":"post-5651","1":"product","2":"type-product","3":"status-publish","4":"has-post-thumbnail","6":"product_cat-casual","7":"product_cat-classic","8":"product_cat-loafer","9":"product_cat-men","10":"product_cat-mens-shoes","11":"product_tag-black-derby-shoes","12":"product_tag-business-shoes","13":"product_tag-calfskin-leather","14":"product_tag-classic-shoes","15":"product_tag-eva-sole","16":"product_tag-formal-shoes","17":"product_tag-gentlemens-footwear","18":"product_tag-goat-leather-lining","19":"product_tag-leather-brogues","20":"product_tag-mens-black-leather-brogue-shoes","21":"product_tag-mens-dress-shoes","22":"product_tag-perforated-shoes","23":"product_tag-smart-casual-shoes","24":"product_tag-wholesale-shoes","25":"desktop-align-center","26":"tablet-align-center","27":"mobile-align-center","29":"first","30":"instock","31":"shipping-taxable","32":"purchasable","33":"product-type-variable","34":"has-default-attributes"},"acf":[],"uagb_featured_image_src":{"full":["https:\/\/turkishtrade.co\/wp-content\/uploads\/2026\/01\/2400EJOMN00435-DARK-BROWN-DKS_435.png",453,250,false],"thumbnail":["https:\/\/turkishtrade.co\/wp-content\/uploads\/2026\/01\/2400EJOMN00435-DARK-BROWN-DKS_435-150x150.png",150,150,true],"medium":["https:\/\/turkishtrade.co\/wp-content\/uploads\/2026\/01\/2400EJOMN00435-DARK-BROWN-DKS_435-300x166.png",300,166,true],"medium_large":["https:\/\/turkishtrade.co\/wp-content\/uploads\/2026\/01\/2400EJOMN00435-DARK-BROWN-DKS_435.png",453,250,false],"large":["https:\/\/turkishtrade.co\/wp-content\/uploads\/2026\/01\/2400EJOMN00435-DARK-BROWN-DKS_435.png",453,250,false],"1536x1536":["https:\/\/turkishtrade.co\/wp-content\/uploads\/2026\/01\/2400EJOMN00435-DARK-BROWN-DKS_435.png",453,250,false],"2048x2048":["https:\/\/turkishtrade.co\/wp-content\/uploads\/2026\/01\/2400EJOMN00435-DARK-BROWN-DKS_435.png",453,250,false],"trp-custom-language-flag":["https:\/\/turkishtrade.co\/wp-content\/uploads\/2026\/01\/2400EJOMN00435-DARK-BROWN-DKS_435-18x10.png",18,10,true],"woocommerce_thumbnail":["https:\/\/turkishtrade.co\/wp-content\/uploads\/2026\/01\/2400EJOMN00435-DARK-BROWN-DKS_435-400x250.png",400,250,true],"woocommerce_single":["https:\/\/turkishtrade.co\/wp-content\/uploads\/2026\/01\/2400EJOMN00435-DARK-BROWN-DKS_435.png",453,250,false],"woocommerce_gallery_thumbnail":["https:\/\/turkishtrade.co\/wp-content\/uploads\/2026\/01\/2400EJOMN00435-DARK-BROWN-DKS_435-100x100.png",100,100,true]},"uagb_author_info":{"display_name":"yaser olabi","author_link":"https:\/\/turkishtrade.co\/tr\/author\/"},"uagb_comment_info":0,"uagb_excerpt":"Exquisite Materials: Crafted from genuine Calfskin Leather (Outer) and soft Goat Leather (Inner). Durable &amp; Comfortable Sole: Features a lightweight yet robust EVA sole for all-day comfort. Classic Design: Timeless brogue detailing with a comfortable 1-3 cm heel height. Available Sizes: EU 39, 40, 41, 42, 43, 44, 45. Bulk Availability: Minimum order quantity of&hellip;","_links":{"self":[{"href":"https:\/\/turkishtrade.co\/tr\/wp-json\/wp\/v2\/product\/5651","targetHints":{"allow":["GET"]}}],"collection":[{"href":"https:\/\/turkishtrade.co\/tr\/wp-json\/wp\/v2\/product"}],"about":[{"href":"https:\/\/turkishtrade.co\/tr\/wp-json\/wp\/v2\/types\/product"}],"wp:featuredmedia":[{"embeddable":true,"href":"https:\/\/turkishtrade.co\/tr\/wp-json\/wp\/v2\/media\/3940"}],"wp:attachment":[{"href":"https:\/\/turkishtrade.co\/tr\/wp-json\/wp\/v2\/media?parent=5651"}],"wp:term":[{"taxonomy":"product_brand","embeddable":true,"href":"https:\/\/turkishtrade.co\/tr\/wp-json\/wp\/v2\/product_brand?post=5651"},{"taxonomy":"product_cat","embeddable":true,"href":"https:\/\/turkishtrade.co\/tr\/wp-json\/wp\/v2\/product_cat?post=5651"},{"taxonomy":"product_tag","embeddable":true,"href":"https:\/\/turkishtrade.co\/tr\/wp-json\/wp\/v2\/product_tag?post=5651"}],"curies":[{"name":"wp","href":"https:\/\/api.w.org\/{rel}","templated":true}]}}