{"id":5649,"date":"2026-01-14T12:49:13","date_gmt":"2026-01-14T12:49:13","guid":{"rendered":"https:\/\/turkishtrade.co\/product\/mens-black-leather-loafers-8\/"},"modified":"2026-04-09T19:28:06","modified_gmt":"2026-04-09T19:28:06","slug":"mens-black-leather-loafers-8","status":"publish","type":"product","link":"https:\/\/turkishtrade.co\/tr\/shop\/mens-black-leather-loafers-8\/","title":{"rendered":"EVA Tabanl\u0131 Premium Erkek Siyah Deri Loafer"},"content":{"rendered":"<p><strong>Erkek Siyah Deri Loafer<\/strong><\/p>\n<p>Klasik tarz\u0131n ve modern konforun \u00f6z\u00fcn\u00fc birinci s\u0131n\u0131f \u00fcr\u00fcnlerimizle ke\u015ffedin <strong>Erkek Siyah Deri Loafer<\/strong>. Se\u00e7kin bireyler i\u00e7in tasarlanan bu zarif mokasen ayakkab\u0131lar, sofistike esteti\u011fi benzersiz dayan\u0131kl\u0131l\u0131kla kusursuz bir \u015fekilde harmanlayarak her gard\u0131rop i\u00e7in vazge\u00e7ilmez bir eklenti haline geliyor. \u0130ster ofise, ister g\u00fcndelik bir gezintiye ya da yar\u0131 resmi bir etkinli\u011fe gidiyor olun, bu <strong>Erkek Siyah Deri Loafer<\/strong> \u015f\u0131kl\u0131k ve pratikli\u011fin m\u00fckemmel dengesini sunar.<\/p>\n<p><h3>\u00dcst\u00fcn \u0130\u015f\u00e7ilik ve Birinci S\u0131n\u0131f Malzemeler<\/h3>\n<\/p>\n<p>Her bir \u00e7iftimiz <strong>Erkek Siyah Deri Loafer<\/strong> \u00fcst\u00fcn i\u015f\u00e7ili\u011fin bir kan\u0131t\u0131d\u0131r. D\u0131\u015f y\u00fczeyi, p\u00fcr\u00fczs\u00fcz y\u00fczeyi, l\u00fcks hissi ve ola\u011fan\u00fcst\u00fc esnekli\u011fi ile tan\u0131nan hakiki dana derisinden titizlikle \u00fcretilmi\u015ftir. Bu y\u00fcksek kaliteli dana derisi yaln\u0131zca zarif bir g\u00f6r\u00fcn\u00fcm sa\u011flamakla kalmaz, ayn\u0131 zamanda zamanla benzersiz bir patina geli\u015ftirerek g\u00fczel bir \u015fekilde ya\u015flanmay\u0131 da vaat eder.<\/p>\n<p>\u0130\u00e7 k\u0131s\u0131mda, ayaklar\u0131n\u0131z g\u00fcn boyunca nefes alabilirlik ve \u00fcst\u00fcn konfor sa\u011flayan hakiki ke\u00e7i derisi astar\u0131n yumu\u015fak kuca\u011f\u0131yla sar\u0131lacak. Birinci s\u0131n\u0131f derilerin bu kombinasyonu, her bir diki\u015fe harcanan kalite ve detaylara g\u00f6sterilen \u00f6zen hakk\u0131nda \u00e7ok \u015fey anlat\u0131r ve ger\u00e7ekten ola\u011fan\u00fcst\u00fc bir tasar\u0131m yarat\u0131r. <strong>Erkek Siyah Deri Loafer<\/strong>.<\/p>\n<p><h3>Rakipsiz Konfor ve Modern Dayan\u0131kl\u0131l\u0131k<\/h3>\n<\/p>\n<p>Hafif ama sa\u011flam EVA taban ile g\u00fcn boyu konforu ya\u015fay\u0131n. Esneklik ve m\u00fckemmel \u015fok emilimi i\u00e7in tasarlanan EVA taban, yast\u0131kl\u0131 bir ad\u0131m sa\u011flayarak bu ayakkab\u0131lar\u0131 <strong>Erkek Siyah Deri Loafer<\/strong> uzun s\u00fcreli kullan\u0131m i\u00e7in idealdir. Klasik 1-3 cm topuk y\u00fcksekli\u011fi, konfordan \u00f6d\u00fcn vermeden ince bir y\u00fckselme sunarak her ad\u0131mda dengeli bir destek sa\u011flar.<\/p>\n<p>Dayan\u0131kl\u0131 taban, g\u00fcnl\u00fck kullan\u0131mdan kaynaklanan a\u015f\u0131nma ve y\u0131pranmaya kar\u015f\u0131 diren\u00e7 g\u00f6stererek uzun \u00f6m\u00fcrl\u00fcl\u00fck sa\u011flar, b\u00f6ylece bu zarif tabana g\u00fcvenebilirsiniz <strong>Erkek Siyah Deri Loafer<\/strong> gelecek y\u0131llar i\u00e7in.<\/p>\n<p><h3>Her Durum i\u00e7in \u00c7ok Y\u00f6nl\u00fc Stil<\/h3>\n<\/p>\n<p>Bu mokasen ayakkab\u0131lar\u0131n zamans\u0131z siyah tasar\u0131m\u0131, onlar\u0131 inan\u0131lmaz derecede \u00e7ok y\u00f6nl\u00fc k\u0131l\u0131yor. Hem chino pantolon ve blazer ceket gibi smart-casual kombinlerin hem de kot pantolon veya \u00f6zel dikim \u015fortlarla daha rahat g\u00f6r\u00fcn\u00fcmlerin m\u00fckemmel tamamlay\u0131c\u0131s\u0131d\u0131r. \u0130\u015f toplant\u0131lar\u0131ndan hafta sonu bulu\u015fmalar\u0131na kadar, bu <strong>Erkek Siyah Deri Loafer<\/strong> ki\u015fisel tarz\u0131n\u0131z\u0131 zahmetsizce y\u00fckseltmek i\u00e7in tasarlanm\u0131\u015ft\u0131r.<\/p>\n<p>39'dan 45'e kadar kapsaml\u0131 bir beden aral\u0131\u011f\u0131nda mevcut olan bu \u015f\u0131k \u00fcr\u00fcnlere m\u00fckemmel uyumunuzu bulmak i\u00e7in <strong>Erkek Siyah Deri Loafer<\/strong> basit.<\/p>\n<p><h3>Toptan Sat\u0131\u015f F\u0131rsat\u0131: Toplu Sipari\u015fler Mevcuttur<\/h3>\n<\/p>\n<p>M\u00fc\u015fterilerine y\u00fcksek kaliteli, \u015f\u0131k ayakkab\u0131lar sunmak isteyen perakendeciler ve i\u015fletmeler i\u00e7in <strong>Erkek Siyah Deri Loafer<\/strong> toplu al\u0131m i\u00e7in mevcuttur. Minimum sipari\u015f miktar\u0131 sadece 8 \u00e7ift oldu\u011fundan, bu pop\u00fcler tasar\u0131m\u0131 kolayca stoklayabilirsiniz. Envanterinizi etkili bir \u015fekilde y\u00f6netmenize olanak tan\u0131yan tahmini teslimat s\u00fcresi 12 g\u00fcn art\u0131 nakliye ile verimli bir i\u015flem sa\u011fl\u0131yoruz.<\/p>\n<p>L\u00fcks, konfor ve kal\u0131c\u0131 stili bir araya getiren, m\u00fc\u015fterilerinizin favorisi olaca\u011f\u0131ndan emin oldu\u011funuz bir \u00fcr\u00fcne yat\u0131r\u0131m yap\u0131n.<\/p>\n<p>Gelenek ve modernli\u011fin kar\u0131\u015f\u0131m\u0131n\u0131 kucaklay\u0131n. Koleksiyonunuzu sipari\u015f edin <strong>Erkek Siyah Deri Loafer<\/strong> bug\u00fcn sofistike bir konfor ve kal\u0131c\u0131 kalite d\u00fcnyas\u0131na ad\u0131m at\u0131n.<\/p>","protected":false},"excerpt":{"rendered":"<ul>\n<li>L\u00fcks bir his i\u00e7in hakiki dana derisi d\u0131\u015f y\u00fczeyden \u00fcretilmi\u015ftir.<\/li>\n<li>Yumu\u015fak, nefes alabilen ke\u00e7i derisi i\u00e7 astar g\u00fcn boyu konfor sa\u011flar.<\/li>\n<li>\u00dcst\u00fcn \u015fok emilimi i\u00e7in hafif ve dayan\u0131kl\u0131 EVA tabana sahiptir.<\/li>\n<li>1-3 cm klasik topuk y\u00fcksekli\u011fi, g\u00fcnl\u00fck kullan\u0131m i\u00e7in uygundur.<\/li>\n<li>Kapsaml\u0131 bir beden aral\u0131\u011f\u0131nda mevcuttur: 39, 40, 41, 42, 43, 44, 45.<\/li>\n<li><strong>Toplu Bulunabilirlik:<\/strong> Minimum sipari\u015f miktar\u0131 8 \u00e7ifttir.<\/li>\n<li><strong>Tahmini Teslimat:<\/strong> 12 g\u00fcn art\u0131 nakliye.<\/li>\n<\/ul>","protected":false},"featured_media":3794,"template":"","meta":{"_acf_changed":false,"_uag_custom_page_level_css":"","site-sidebar-layout":"default","site-content-layout":"","ast-site-content-layout":"default","site-content-style":"default","site-sidebar-style":"default","ast-global-header-display":"","ast-banner-title-visibility":"","ast-main-header-display":"","ast-hfb-above-header-display":"","ast-hfb-below-header-display":"","ast-hfb-mobile-header-display":"","site-post-title":"","ast-breadcrumbs-content":"","ast-featured-img":"","footer-sml-layout":"","ast-disable-related-posts":"","theme-transparent-header-meta":"","adv-header-id-meta":"","stick-header-meta":"","header-above-stick-meta":"","header-main-stick-meta":"","header-below-stick-meta":"","astra-migrate-meta-layouts":"default","ast-page-background-enabled":"default","ast-page-background-meta":{"desktop":{"background-color":"var(--ast-global-color-4)","background-image":"","background-repeat":"repeat","background-position":"center center","background-size":"auto","background-attachment":"scroll","background-type":"","background-media":"","overlay-type":"","overlay-color":"","overlay-opacity":"","overlay-gradient":""},"tablet":{"background-color":"","background-image":"","background-repeat":"repeat","background-position":"center center","background-size":"auto","background-attachment":"scroll","background-type":"","background-media":"","overlay-type":"","overlay-color":"","overlay-opacity":"","overlay-gradient":""},"mobile":{"background-color":"","background-image":"","background-repeat":"repeat","background-position":"center center","background-size":"auto","background-attachment":"scroll","background-type":"","background-media":"","overlay-type":"","overlay-color":"","overlay-opacity":"","overlay-gradient":""}},"ast-content-background-meta":{"desktop":{"background-color":"var(--ast-global-color-5)","background-image":"","background-repeat":"repeat","background-position":"center center","background-size":"auto","background-attachment":"scroll","background-type":"","background-media":"","overlay-type":"","overlay-color":"","overlay-opacity":"","overlay-gradient":""},"tablet":{"background-color":"var(--ast-global-color-5)","background-image":"","background-repeat":"repeat","background-position":"center center","background-size":"auto","background-attachment":"scroll","background-type":"","background-media":"","overlay-type":"","overlay-color":"","overlay-opacity":"","overlay-gradient":""},"mobile":{"background-color":"var(--ast-global-color-5)","background-image":"","background-repeat":"repeat","background-position":"center center","background-size":"auto","background-attachment":"scroll","background-type":"","background-media":"","overlay-type":"","overlay-color":"","overlay-opacity":"","overlay-gradient":""}}},"product_brand":[],"product_cat":[47,430,40],"product_tag":[196,555,512,457,220,909,287,352,189,384,186,279,281],"class_list":{"0":"post-5649","1":"product","2":"type-product","3":"status-publish","4":"has-post-thumbnail","6":"product_cat-classic","7":"product_cat-men","8":"product_cat-mens-shoes","9":"product_tag-black-leather-shoes","10":"product_tag-calfskin-loafers","11":"product_tag-casual-loafers","12":"product_tag-classic-loafers","13":"product_tag-comfortable-loafers","14":"product_tag-durable-loafers","15":"product_tag-eva-sole-shoes","16":"product_tag-formal-loafers","17":"product_tag-goat-leather-lining","18":"product_tag-luxury-loafers","19":"product_tag-mens-loafers","20":"product_tag-penny-loafers","21":"product_tag-wholesale-shoes","22":"desktop-align-center","23":"tablet-align-center","24":"mobile-align-center","26":"first","27":"instock","28":"shipping-taxable","29":"purchasable","30":"product-type-variable","31":"has-default-attributes"},"acf":[],"uagb_featured_image_src":{"full":["https:\/\/turkishtrade.co\/wp-content\/uploads\/2026\/01\/2400EJOMN00418-BLACK-C_449.png",453,250,false],"thumbnail":["https:\/\/turkishtrade.co\/wp-content\/uploads\/2026\/01\/2400EJOMN00418-BLACK-C_449-150x150.png",150,150,true],"medium":["https:\/\/turkishtrade.co\/wp-content\/uploads\/2026\/01\/2400EJOMN00418-BLACK-C_449-300x166.png",300,166,true],"medium_large":["https:\/\/turkishtrade.co\/wp-content\/uploads\/2026\/01\/2400EJOMN00418-BLACK-C_449.png",453,250,false],"large":["https:\/\/turkishtrade.co\/wp-content\/uploads\/2026\/01\/2400EJOMN00418-BLACK-C_449.png",453,250,false],"1536x1536":["https:\/\/turkishtrade.co\/wp-content\/uploads\/2026\/01\/2400EJOMN00418-BLACK-C_449.png",453,250,false],"2048x2048":["https:\/\/turkishtrade.co\/wp-content\/uploads\/2026\/01\/2400EJOMN00418-BLACK-C_449.png",453,250,false],"trp-custom-language-flag":["https:\/\/turkishtrade.co\/wp-content\/uploads\/2026\/01\/2400EJOMN00418-BLACK-C_449-18x10.png",18,10,true],"woocommerce_thumbnail":["https:\/\/turkishtrade.co\/wp-content\/uploads\/2026\/01\/2400EJOMN00418-BLACK-C_449-400x250.png",400,250,true],"woocommerce_single":["https:\/\/turkishtrade.co\/wp-content\/uploads\/2026\/01\/2400EJOMN00418-BLACK-C_449.png",453,250,false],"woocommerce_gallery_thumbnail":["https:\/\/turkishtrade.co\/wp-content\/uploads\/2026\/01\/2400EJOMN00418-BLACK-C_449-100x100.png",100,100,true]},"uagb_author_info":{"display_name":"yaser olabi","author_link":"https:\/\/turkishtrade.co\/tr\/author\/"},"uagb_comment_info":0,"uagb_excerpt":"Crafted from genuine calfskin leather exterior for a luxurious feel. Soft, breathable goat leather interior lining ensures all-day comfort. Features a lightweight and durable EVA sole for superior shock absorption. Classic heel height of 1-3cm, suitable for everyday wear. Available in a comprehensive size range: 39, 40, 41, 42, 43, 44, 45. Bulk Availability: Minimum&hellip;","_links":{"self":[{"href":"https:\/\/turkishtrade.co\/tr\/wp-json\/wp\/v2\/product\/5649","targetHints":{"allow":["GET"]}}],"collection":[{"href":"https:\/\/turkishtrade.co\/tr\/wp-json\/wp\/v2\/product"}],"about":[{"href":"https:\/\/turkishtrade.co\/tr\/wp-json\/wp\/v2\/types\/product"}],"wp:featuredmedia":[{"embeddable":true,"href":"https:\/\/turkishtrade.co\/tr\/wp-json\/wp\/v2\/media\/3794"}],"wp:attachment":[{"href":"https:\/\/turkishtrade.co\/tr\/wp-json\/wp\/v2\/media?parent=5649"}],"wp:term":[{"taxonomy":"product_brand","embeddable":true,"href":"https:\/\/turkishtrade.co\/tr\/wp-json\/wp\/v2\/product_brand?post=5649"},{"taxonomy":"product_cat","embeddable":true,"href":"https:\/\/turkishtrade.co\/tr\/wp-json\/wp\/v2\/product_cat?post=5649"},{"taxonomy":"product_tag","embeddable":true,"href":"https:\/\/turkishtrade.co\/tr\/wp-json\/wp\/v2\/product_tag?post=5649"}],"curies":[{"name":"wp","href":"https:\/\/api.w.org\/{rel}","templated":true}]}}