{"id":5637,"date":"2026-01-14T12:47:42","date_gmt":"2026-01-14T12:47:42","guid":{"rendered":"https:\/\/turkishtrade.co\/product\/brown-leather-derby-shoes\/"},"modified":"2026-04-09T19:28:31","modified_gmt":"2026-04-09T19:28:31","slug":"brown-leather-derby-shoes","status":"publish","type":"product","link":"https:\/\/turkishtrade.co\/tr\/shop\/brown-leather-derby-shoes\/","title":{"rendered":"Erkekler i\u00e7in Premium Kahverengi Deri Derby Ayakkab\u0131"},"content":{"rendered":"<p><strong>Kahverengi Deri Derby Ayakkab\u0131<\/strong><\/p>\n<p>Zamans\u0131z \u015f\u0131kl\u0131\u011fa ad\u0131m at\u0131n <b>Erkekler i\u00e7in Premium Kahverengi Deri Derby Ayakkab\u0131<\/b>. Hem stil hem de konfora de\u011fer veren modern beyefendiler i\u00e7in tasarlanan bu ola\u011fan\u00fcst\u00fc ayakkab\u0131lar, \u00fcst\u00fcn i\u015f\u00e7ili\u011fin bir kan\u0131t\u0131d\u0131r. Bu zarif ayakkab\u0131lar\u0131n her bir \u00e7ifti <b>kahverengi deri derby ayakkab\u0131<\/b> en iyi malzemelerden titizlikle \u00fcretilmi\u015ftir, l\u00fcks bir his ve uzun s\u00fcreli dayan\u0131kl\u0131l\u0131k sa\u011flar.<\/p>\n<p>Zengin, koyu kahverengi tonu bunlar\u0131 <b>kahverengi deri derby ayakkab\u0131<\/b> \u0130nan\u0131lmaz derecede \u00e7ok y\u00f6nl\u00fcd\u00fcr, \u00f6zel dikim pantolonlardan \u015f\u0131k denimlere kadar geni\u015f bir yelpazedeki k\u0131yafetleri zahmetsizce tamamlar.<\/p>\n<p><h3>Benzersiz \u0130\u015f\u00e7ilik ve Malzemeler<\/h3>\n<\/p>\n<p>Bu sofistike tasar\u0131mlar\u0131n d\u0131\u015f <b>kahverengi deri derby ayakkab\u0131<\/b> p\u00fcr\u00fczs\u00fcz dokusu, esnekli\u011fi ve zarif y\u00fczeyiyle bilinen y\u00fcksek kaliteli hakiki dana derisinden \u00fcretilmi\u015ftir. Yan panellerdeki ince ancak ay\u0131rt edici dokulu detaylar benzersiz bir karakter katar ve bu <b>kahverengi deri derby ayakkab\u0131<\/b> geleneksel tasar\u0131mlardan farkl\u0131d\u0131r. \u0130\u00e7 k\u0131s\u0131mda, ayaklar\u0131n\u0131z ilk giyimden itibaren ola\u011fan\u00fcst\u00fc nefes alabilirlik ve rahatl\u0131k sa\u011flayan hakiki ke\u00e7i derisi astar\u0131n l\u00fcks yumu\u015fakl\u0131\u011f\u0131yla sar\u0131lacak.<\/p>\n<p>Bu \u00f6zenli malzeme kombinasyonu, sadece muhte\u015fem g\u00f6r\u00fcnmekle kalmayan, ayn\u0131 zamanda g\u00fcn boyunca inan\u0131lmaz bir his veren bir ayakkab\u0131 sa\u011flar.<\/p>\n<p><h3>Konfor ve Stil i\u00e7in Tasarland\u0131<\/h3>\n<\/p>\n<p>Konfor her \u015feyden \u00f6nemlidir ve <b>kahverengi deri derby ayakkab\u0131<\/b> teslim edin. Hafif ve esnek EVA taban\u0131 m\u00fckemmel yast\u0131klama ve destek sunarak ister \u015fehir sokaklar\u0131nda geziniyor ister \u00f6nemli bir toplant\u0131ya kat\u0131l\u0131yor olun, uzun s\u00fcreli kullan\u0131m i\u00e7in m\u00fckemmeldir. Klasik al\u00e7ak topuklu (yakla\u015f\u0131k 1-3 cm) bu ayakkab\u0131lar, zarif bir profil sunarken ince bir y\u00fckselti de sa\u011flar.<\/p>\n<p>EU 39 ila 45 aras\u0131nda de\u011fi\u015fen bedenlerde mevcut oldu\u011fundan m\u00fckemmel uyumunuzu bulmak \u00e7ok kolay. Bu temel ayakkab\u0131larla ayakkab\u0131 koleksiyonunuzu geli\u015ftirin <b>kahverengi deri derby ayakkab\u0131<\/b> gard\u0131robunuzun temel ta\u015f\u0131 olmay\u0131 vaat ediyor.<\/p>\n<p><h3>Her Durum \u0130\u00e7in M\u00fckemmel<\/h3>\n<\/p>\n<p>Bizim <b>Erkekler i\u00e7in Premium Kahverengi Deri Derby Ayakkab\u0131<\/b> \u00e7ok y\u00f6nl\u00fc sofistikeli\u011fin \u00f6z\u00fcd\u00fcr. G\u00fcnl\u00fck i\u015f ortamlar\u0131 i\u00e7in kusursuz bir se\u00e7imdir ve ofis k\u0131yafetlerinize g\u00f6steri\u015fli bir hava katar. Sosyal etkinlikler veya \u015f\u0131k g\u00fcndelik geziler i\u00e7in bu ayakkab\u0131lar \u015f\u0131kl\u0131\u011f\u0131 rahat \u00e7ekicilikle kusursuz bir \u015fekilde harmanlar.<\/p>\n<p>Geleneksel tasar\u0131m ve \u00e7a\u011fda\u015f konforun m\u00fckemmel birle\u015fimini bu olmazsa olmazlarla deneyimleyin <b>kahverengi deri derby ayakkab\u0131<\/b>. Kaliteli ayakkab\u0131lar sunmak isteyen i\u015fletmeler i\u00e7in bu ayakkab\u0131lar, minimum 8 \u00e7ift sipari\u015fle toptan sat\u0131n al\u0131nabilir ve m\u00fc\u015fterileriniz i\u00e7in m\u00fckemmel de\u011fer ve \u00fcst\u00fcn \u00fcr\u00fcn sa\u011flar.<\/p>","protected":false},"excerpt":{"rendered":"<ul>\n<li><b>Premium Malzemeler:<\/b> \u00dcst\u00fcn konfor i\u00e7in hakiki dana derisi saya ve yumu\u015fak ke\u00e7i derisi astar ile ustal\u0131kla \u00fcretilmi\u015ftir.<\/li>\n<li><b>Hafif Konfor:<\/b> T\u00fcm g\u00fcn giyilebilirlik sa\u011flayan esnek ve dayan\u0131kl\u0131 EVA tabana sahiptir.<\/li>\n<li><b>Zarif Tasar\u0131m:<\/b> Klasik kahverengi derby stili, sofistike bir dokunu\u015f i\u00e7in ince dokulu yan panellerle zenginle\u015ftirilmi\u015ftir.<\/li>\n<li><b>\u00c7ok Y\u00f6nl\u00fc Giyim:<\/b> G\u00fcnl\u00fck i\u015f k\u0131yafetleri, smart casual veya g\u00fcnl\u00fck k\u0131yafetlerinize zarif bir dokunu\u015f eklemek i\u00e7in idealdir.<\/li>\n<li><b>Mevcut Boyutlar:<\/b> EU 39'dan 45'e kadar kapsaml\u0131 bir yelpazede sunulmaktad\u0131r.<\/li>\n<li><b>Toptan Sat\u0131\u015f F\u0131rsat\u0131:<\/b> Toplu al\u0131m i\u00e7in minimum 8 \u00e7ift sipari\u015f miktar\u0131 mevcuttur.<\/li>\n<\/ul>","protected":false},"featured_media":3786,"template":"","meta":{"_acf_changed":false,"_uag_custom_page_level_css":"","site-sidebar-layout":"default","site-content-layout":"","ast-site-content-layout":"default","site-content-style":"default","site-sidebar-style":"default","ast-global-header-display":"","ast-banner-title-visibility":"","ast-main-header-display":"","ast-hfb-above-header-display":"","ast-hfb-below-header-display":"","ast-hfb-mobile-header-display":"","site-post-title":"","ast-breadcrumbs-content":"","ast-featured-img":"","footer-sml-layout":"","ast-disable-related-posts":"","theme-transparent-header-meta":"","adv-header-id-meta":"","stick-header-meta":"","header-above-stick-meta":"","header-main-stick-meta":"","header-below-stick-meta":"","astra-migrate-meta-layouts":"default","ast-page-background-enabled":"default","ast-page-background-meta":{"desktop":{"background-color":"var(--ast-global-color-4)","background-image":"","background-repeat":"repeat","background-position":"center center","background-size":"auto","background-attachment":"scroll","background-type":"","background-media":"","overlay-type":"","overlay-color":"","overlay-opacity":"","overlay-gradient":""},"tablet":{"background-color":"","background-image":"","background-repeat":"repeat","background-position":"center center","background-size":"auto","background-attachment":"scroll","background-type":"","background-media":"","overlay-type":"","overlay-color":"","overlay-opacity":"","overlay-gradient":""},"mobile":{"background-color":"","background-image":"","background-repeat":"repeat","background-position":"center center","background-size":"auto","background-attachment":"scroll","background-type":"","background-media":"","overlay-type":"","overlay-color":"","overlay-opacity":"","overlay-gradient":""}},"ast-content-background-meta":{"desktop":{"background-color":"var(--ast-global-color-5)","background-image":"","background-repeat":"repeat","background-position":"center center","background-size":"auto","background-attachment":"scroll","background-type":"","background-media":"","overlay-type":"","overlay-color":"","overlay-opacity":"","overlay-gradient":""},"tablet":{"background-color":"var(--ast-global-color-5)","background-image":"","background-repeat":"repeat","background-position":"center center","background-size":"auto","background-attachment":"scroll","background-type":"","background-media":"","overlay-type":"","overlay-color":"","overlay-opacity":"","overlay-gradient":""},"mobile":{"background-color":"var(--ast-global-color-5)","background-image":"","background-repeat":"repeat","background-position":"center center","background-size":"auto","background-attachment":"scroll","background-type":"","background-media":"","overlay-type":"","overlay-color":"","overlay-opacity":"","overlay-gradient":""}}},"product_brand":[],"product_cat":[47,430,40],"product_tag":[218,200,202,212,480,438,437,227,198,362,210,281],"class_list":{"0":"post-5637","1":"product","2":"type-product","3":"status-publish","4":"has-post-thumbnail","6":"product_cat-classic","7":"product_cat-men","8":"product_cat-mens-shoes","9":"product_tag-brown-shoes","10":"product_tag-business-casual","11":"product_tag-calf-leather","12":"product_tag-derby-shoes","13":"product_tag-elegant-shoes","14":"product_tag-eva-sole","15":"product_tag-goat-leather","16":"product_tag-leather-shoes","17":"product_tag-mens-fashion","18":"product_tag-premium-footwear","19":"product_tag-smart-casual","20":"product_tag-wholesale-shoes","21":"desktop-align-center","22":"tablet-align-center","23":"mobile-align-center","25":"first","26":"instock","27":"shipping-taxable","28":"purchasable","29":"product-type-variable","30":"has-default-attributes"},"acf":[],"uagb_featured_image_src":{"full":["https:\/\/turkishtrade.co\/wp-content\/uploads\/2026\/01\/2400EJOMN00371-BROWN-Z_876.png",453,250,false],"thumbnail":["https:\/\/turkishtrade.co\/wp-content\/uploads\/2026\/01\/2400EJOMN00371-BROWN-Z_876-150x150.png",150,150,true],"medium":["https:\/\/turkishtrade.co\/wp-content\/uploads\/2026\/01\/2400EJOMN00371-BROWN-Z_876-300x166.png",300,166,true],"medium_large":["https:\/\/turkishtrade.co\/wp-content\/uploads\/2026\/01\/2400EJOMN00371-BROWN-Z_876.png",453,250,false],"large":["https:\/\/turkishtrade.co\/wp-content\/uploads\/2026\/01\/2400EJOMN00371-BROWN-Z_876.png",453,250,false],"1536x1536":["https:\/\/turkishtrade.co\/wp-content\/uploads\/2026\/01\/2400EJOMN00371-BROWN-Z_876.png",453,250,false],"2048x2048":["https:\/\/turkishtrade.co\/wp-content\/uploads\/2026\/01\/2400EJOMN00371-BROWN-Z_876.png",453,250,false],"trp-custom-language-flag":["https:\/\/turkishtrade.co\/wp-content\/uploads\/2026\/01\/2400EJOMN00371-BROWN-Z_876-18x10.png",18,10,true],"woocommerce_thumbnail":["https:\/\/turkishtrade.co\/wp-content\/uploads\/2026\/01\/2400EJOMN00371-BROWN-Z_876-400x250.png",400,250,true],"woocommerce_single":["https:\/\/turkishtrade.co\/wp-content\/uploads\/2026\/01\/2400EJOMN00371-BROWN-Z_876.png",453,250,false],"woocommerce_gallery_thumbnail":["https:\/\/turkishtrade.co\/wp-content\/uploads\/2026\/01\/2400EJOMN00371-BROWN-Z_876-100x100.png",100,100,true]},"uagb_author_info":{"display_name":"yaser olabi","author_link":"https:\/\/turkishtrade.co\/tr\/author\/"},"uagb_comment_info":0,"uagb_excerpt":"Premium Materials: Expertly crafted with genuine calf leather upper and a soft goat leather lining for ultimate comfort. Lightweight Comfort: Features a flexible and durable EVA sole, ensuring all-day wearability. Elegant Design: Classic brown derby style enhanced with subtle textured side panels for a sophisticated touch. Versatile Wear: Ideal for business casual, smart casual, or&hellip;","_links":{"self":[{"href":"https:\/\/turkishtrade.co\/tr\/wp-json\/wp\/v2\/product\/5637","targetHints":{"allow":["GET"]}}],"collection":[{"href":"https:\/\/turkishtrade.co\/tr\/wp-json\/wp\/v2\/product"}],"about":[{"href":"https:\/\/turkishtrade.co\/tr\/wp-json\/wp\/v2\/types\/product"}],"wp:featuredmedia":[{"embeddable":true,"href":"https:\/\/turkishtrade.co\/tr\/wp-json\/wp\/v2\/media\/3786"}],"wp:attachment":[{"href":"https:\/\/turkishtrade.co\/tr\/wp-json\/wp\/v2\/media?parent=5637"}],"wp:term":[{"taxonomy":"product_brand","embeddable":true,"href":"https:\/\/turkishtrade.co\/tr\/wp-json\/wp\/v2\/product_brand?post=5637"},{"taxonomy":"product_cat","embeddable":true,"href":"https:\/\/turkishtrade.co\/tr\/wp-json\/wp\/v2\/product_cat?post=5637"},{"taxonomy":"product_tag","embeddable":true,"href":"https:\/\/turkishtrade.co\/tr\/wp-json\/wp\/v2\/product_tag?post=5637"}],"curies":[{"name":"wp","href":"https:\/\/api.w.org\/{rel}","templated":true}]}}