{"id":5633,"date":"2026-01-14T12:47:18","date_gmt":"2026-01-14T12:47:18","guid":{"rendered":"https:\/\/turkishtrade.co\/product\/mens-leather-horsebit-loafer\/"},"modified":"2026-04-09T19:28:39","modified_gmt":"2026-04-09T19:28:39","slug":"mens-leather-horsebit-loafer","status":"publish","type":"product","link":"https:\/\/turkishtrade.co\/tr\/shop\/mens-leather-horsebit-loafer\/","title":{"rendered":"EVA Tabanl\u0131 Premium Erkek Dana Derisi Horsebit Loafer"},"content":{"rendered":"<p><strong>Erkek Deri Horsebit Loafer<\/strong><\/p>\n<p>Enfes tasar\u0131m\u0131m\u0131zla benzersiz bir stil ve konfora ad\u0131m at\u0131n <strong>Erkek Deri Horsebit Loafer<\/strong>. Hem sofistikeli\u011fi hem de pratikli\u011fi takdir eden modern beyefendiler i\u00e7in tasarlanan bu birinci s\u0131n\u0131f mokasen ayakkab\u0131lar, \u00fcst\u00fcn i\u015f\u00e7ili\u011fin bir kan\u0131t\u0131d\u0131r. Klasik siyah, zengin kahverengi ve koyu lacivert gibi \u00e7ok y\u00f6nl\u00fc tonlarda mevcuttur. <strong>Erkek Deri Horsebit Loafer<\/strong> g\u00fcnl\u00fck ve \u00f6zel g\u00fcnlerdeki kombinlerinizi y\u00fckseltmek i\u00e7in titizlikle haz\u0131rlanm\u0131\u015ft\u0131r.<\/p>\n<p>Geleneksel zarafet ve \u00e7a\u011fda\u015f tasar\u0131m\u0131n m\u00fckemmel kar\u0131\u015f\u0131m\u0131n\u0131 deneyimleyin.<\/p>\n<p><h3>Rakipsiz \u0130\u015f\u00e7ilik ve Birinci S\u0131n\u0131f Malzemeler<\/h3>\n<\/p>\n<p>Bizim <strong>Erkek Deri Horsebit Loafer<\/strong> koleksiyonu, \u015f\u0131k bir g\u00f6r\u00fcn\u00fcm ve ola\u011fan\u00fcst\u00fc dayan\u0131kl\u0131l\u0131k sa\u011flayan en iyi dana derisinden yap\u0131lm\u0131\u015f bir d\u0131\u015f y\u00fczeye sahiptir. Bu malzeme se\u00e7imi sadece l\u00fcks bir his vermekle kalmaz, ayn\u0131 zamanda g\u00fczel bir \u015fekilde ya\u015flan\u0131r ve zamanla benzersiz bir patina geli\u015ftirir. Her bir ayakkab\u0131n\u0131n i\u00e7 k\u0131sm\u0131 yumu\u015fak, nefes alabilen ke\u00e7i derisiyle astarlanm\u0131\u015ft\u0131r ve her ad\u0131mda ayaklar\u0131n\u0131z\u0131 saran \u00fcst\u00fcn bir konfor sunar.<\/p>\n<p>Bu y\u00fcksek kaliteli derilerin kombinasyonu, hem inan\u0131lmaz derecede rahat hem de uzun \u00f6m\u00fcrl\u00fc bir ayakkab\u0131y\u0131 garanti eder.<\/p>\n<p><h3>Her Durum i\u00e7in \u00c7abas\u0131z Stil<\/h3>\n<\/p>\n<p>Bunlar\u0131n \u00fczerindeki ay\u0131rt edici atkuyru\u011fu detay\u0131 <strong>Erkek Deri Horsebit Loafer<\/strong> ayakkab\u0131lara zarif bir \u015f\u0131kl\u0131k dokunu\u015fu katarak onlar\u0131 \u00e7ok \u00e7e\u015fitli ortamlar i\u00e7in uygun hale getirir. \u0130ster g\u00f6steri\u015fli bir i\u015f k\u0131yafeti, ister rahat bir hafta sonu k\u0131yafeti ya da daha sofistike bir gece kombini hedefliyor olun, bu loafer ayakkab\u0131lar zahmetsizce uyum sa\u011flar. Benzersiz EVA taban\u0131, modern bir kenar ve hafif bir his sa\u011flayarak bu <strong>Erkek Deri Horsebit Loafer<\/strong> tipik d\u00fcz makosen ayakkab\u0131lardan s\u0131yr\u0131lan \u00e7ok y\u00f6nl\u00fc bir se\u00e7im.<\/p>\n<p>1-3 cm aras\u0131nda de\u011fi\u015fen topuk y\u00fckseklikleri ile konfordan \u00f6d\u00fcn vermeden ince bir y\u00fckselme sunar.<\/p>\n<p><h3>G\u00fcn Boyu Konfor ve Dayan\u0131kl\u0131l\u0131k i\u00e7in Tasarland\u0131<\/h3>\n<\/p>\n<p>Her tasar\u0131mda konfor \u00e7ok \u00f6nemlidir <strong>Erkek Deri Horsebit Loafer<\/strong>. Hafif EVA taban, m\u00fckemmel \u015fok emilimi ve esneklik sunarak uzun s\u00fcreli kullan\u0131mdan sonra bile ayaklar\u0131n\u0131z\u0131n rahat kalmas\u0131n\u0131 sa\u011flar. Daha a\u011f\u0131r geleneksel tabanlardan farkl\u0131 olarak EVA malzeme, \u015fehir sokaklar\u0131nda gezinmek veya ayaklar\u0131n\u0131z\u0131n \u00fczerinde uzun saatler ge\u00e7irmek i\u00e7in m\u00fckemmel olan yast\u0131kl\u0131, duyarl\u0131 bir his sa\u011flar.<\/p>\n<p>Ke\u00e7i derisi astar nemi uzakla\u015ft\u0131rarak ayaklar\u0131n\u0131z\u0131n g\u00fcn boyunca kuru ve ferah kalmas\u0131n\u0131 sa\u011flar. Bir \u00e7ift ayakkab\u0131ya yat\u0131r\u0131m yap\u0131n <strong>Erkek Deri Horsebit Loafer<\/strong> ve ger\u00e7ek konforun yaratt\u0131\u011f\u0131 fark\u0131 deneyimleyin.<\/p>\n<p><h3>Toptan Sat\u0131\u015f F\u0131rsatlar\u0131 ve G\u00fcvenilir Teslimat<\/h3>\n<\/p>\n<p>Perakendeciler ve i\u015fletmeler i\u00e7in <strong>Erkek Deri Horsebit Loafer<\/strong> minimum 8 \u00e7ift sipari\u015f miktar\u0131 ile toplu sat\u0131n alma i\u00e7in kullan\u0131labilir. Verimli hizmetimizle gurur duyuyor, sipari\u015finizin derhal i\u015fleme al\u0131nmas\u0131n\u0131 ve g\u00f6nderilmesini sa\u011fl\u0131yoruz. Teslimat s\u00fcresinin 12 g\u00fcn art\u0131 kargo olmas\u0131n\u0131 bekleyin, b\u00f6ylece envanterinizi bu \u00e7ok aranan erkek deri at \u00f6rg\u00fcs\u00fc mokasenlerle uzun s\u00fcre beklemeden stoklayabilirsiniz.<\/p>\n<p>Detayl\u0131 fiyat bilgisi almak ve bu istisnai \u00fcr\u00fcne y\u00f6nelik \u00f6zel toptan sat\u0131\u015f ihtiya\u00e7lar\u0131n\u0131z\u0131 g\u00f6r\u00fc\u015fmek i\u00e7in bizimle ileti\u015fime ge\u00e7in <strong>Erkek Deri Horsebit Loafer<\/strong>.<\/p>","protected":false},"excerpt":{"rendered":"<ul>\n<li>Ola\u011fan\u00fcst\u00fc stil ve dayan\u0131kl\u0131l\u0131k i\u00e7in l\u00fcks Dana Derisi \u00fcst k\u0131s\u0131mdan \u00fcretilmi\u015ftir.<\/li>\n<li>G\u00fcn boyu \u00fcst\u00fcn konfor i\u00e7in yumu\u015fak, nefes alabilen Ke\u00e7i Derisi astar.<\/li>\n<li>\u00dcst\u00fcn yast\u0131klama ve modern bir estetik sa\u011flayan hafif ve esnek EVA Tabana sahiptir.<\/li>\n<li>Klasik sofistike bir dokunu\u015f i\u00e7in zarif bir at nal\u0131 detay\u0131 ile s\u00fcslenmi\u015ftir.<\/li>\n<li>Kapsaml\u0131 bir boyut yelpazesinde mevcuttur: 39, 40, 41, 42, 43, 44, 45.<\/li>\n<li>Minimum Sipari\u015f Miktar\u0131: 8 \u00e7ift, toptan ve perakende sat\u0131\u015f ortaklar\u0131 i\u00e7in idealdir.<\/li>\n<li>Tahmini Teslim S\u00fcresi: 12 g\u00fcn + nakliye.<\/li>\n<li>Talep \u00fczerine toptan fiyatland\u0131rma mevcuttur.<\/li>\n<\/ul>","protected":false},"featured_media":3785,"template":"","meta":{"_acf_changed":false,"_uag_custom_page_level_css":"","site-sidebar-layout":"default","site-content-layout":"","ast-site-content-layout":"default","site-content-style":"default","site-sidebar-style":"default","ast-global-header-display":"","ast-banner-title-visibility":"","ast-main-header-display":"","ast-hfb-above-header-display":"","ast-hfb-below-header-display":"","ast-hfb-mobile-header-display":"","site-post-title":"","ast-breadcrumbs-content":"","ast-featured-img":"","footer-sml-layout":"","ast-disable-related-posts":"","theme-transparent-header-meta":"","adv-header-id-meta":"","stick-header-meta":"","header-above-stick-meta":"","header-main-stick-meta":"","header-below-stick-meta":"","astra-migrate-meta-layouts":"default","ast-page-background-enabled":"default","ast-page-background-meta":{"desktop":{"background-color":"var(--ast-global-color-4)","background-image":"","background-repeat":"repeat","background-position":"center center","background-size":"auto","background-attachment":"scroll","background-type":"","background-media":"","overlay-type":"","overlay-color":"","overlay-opacity":"","overlay-gradient":""},"tablet":{"background-color":"","background-image":"","background-repeat":"repeat","background-position":"center center","background-size":"auto","background-attachment":"scroll","background-type":"","background-media":"","overlay-type":"","overlay-color":"","overlay-opacity":"","overlay-gradient":""},"mobile":{"background-color":"","background-image":"","background-repeat":"repeat","background-position":"center center","background-size":"auto","background-attachment":"scroll","background-type":"","background-media":"","overlay-type":"","overlay-color":"","overlay-opacity":"","overlay-gradient":""}},"ast-content-background-meta":{"desktop":{"background-color":"var(--ast-global-color-5)","background-image":"","background-repeat":"repeat","background-position":"center center","background-size":"auto","background-attachment":"scroll","background-type":"","background-media":"","overlay-type":"","overlay-color":"","overlay-opacity":"","overlay-gradient":""},"tablet":{"background-color":"var(--ast-global-color-5)","background-image":"","background-repeat":"repeat","background-position":"center center","background-size":"auto","background-attachment":"scroll","background-type":"","background-media":"","overlay-type":"","overlay-color":"","overlay-opacity":"","overlay-gradient":""},"mobile":{"background-color":"var(--ast-global-color-5)","background-image":"","background-repeat":"repeat","background-position":"center center","background-size":"auto","background-attachment":"scroll","background-type":"","background-media":"","overlay-type":"","overlay-color":"","overlay-opacity":"","overlay-gradient":""}}},"product_brand":[],"product_cat":[47,430,40],"product_tag":[370,147,185,512,457,220,287,189,327,215,384,324,198,186,557,280,281],"class_list":{"0":"post-5633","1":"product","2":"type-product","3":"status-publish","4":"has-post-thumbnail","6":"product_cat-classic","7":"product_cat-men","8":"product_cat-mens-shoes","9":"product_tag-black-loafers","10":"product_tag-brown-loafers","11":"product_tag-calf-leather-shoes","12":"product_tag-casual-loafers","13":"product_tag-classic-loafers","14":"product_tag-comfortable-loafers","15":"product_tag-eva-sole-shoes","16":"product_tag-goat-leather-lining","17":"product_tag-horsebit-loafers","18":"product_tag-leather-loafers","19":"product_tag-luxury-loafers","20":"product_tag-mens-dress-shoes","21":"product_tag-mens-fashion","22":"product_tag-mens-loafers","23":"product_tag-navy-loafers","24":"product_tag-smart-casual-shoes","25":"product_tag-wholesale-shoes","26":"desktop-align-center","27":"tablet-align-center","28":"mobile-align-center","30":"first","31":"instock","32":"shipping-taxable","33":"purchasable","34":"product-type-variable","35":"has-default-attributes"},"acf":[],"uagb_featured_image_src":{"full":["https:\/\/turkishtrade.co\/wp-content\/uploads\/2026\/01\/2400EJOMN00364-DARK-BLUE-X_83-5-USD.png",453,250,false],"thumbnail":["https:\/\/turkishtrade.co\/wp-content\/uploads\/2026\/01\/2400EJOMN00364-DARK-BLUE-X_83-5-USD-150x150.png",150,150,true],"medium":["https:\/\/turkishtrade.co\/wp-content\/uploads\/2026\/01\/2400EJOMN00364-DARK-BLUE-X_83-5-USD-300x166.png",300,166,true],"medium_large":["https:\/\/turkishtrade.co\/wp-content\/uploads\/2026\/01\/2400EJOMN00364-DARK-BLUE-X_83-5-USD.png",453,250,false],"large":["https:\/\/turkishtrade.co\/wp-content\/uploads\/2026\/01\/2400EJOMN00364-DARK-BLUE-X_83-5-USD.png",453,250,false],"1536x1536":["https:\/\/turkishtrade.co\/wp-content\/uploads\/2026\/01\/2400EJOMN00364-DARK-BLUE-X_83-5-USD.png",453,250,false],"2048x2048":["https:\/\/turkishtrade.co\/wp-content\/uploads\/2026\/01\/2400EJOMN00364-DARK-BLUE-X_83-5-USD.png",453,250,false],"trp-custom-language-flag":["https:\/\/turkishtrade.co\/wp-content\/uploads\/2026\/01\/2400EJOMN00364-DARK-BLUE-X_83-5-USD-18x10.png",18,10,true],"woocommerce_thumbnail":["https:\/\/turkishtrade.co\/wp-content\/uploads\/2026\/01\/2400EJOMN00364-DARK-BLUE-X_83-5-USD-400x250.png",400,250,true],"woocommerce_single":["https:\/\/turkishtrade.co\/wp-content\/uploads\/2026\/01\/2400EJOMN00364-DARK-BLUE-X_83-5-USD.png",453,250,false],"woocommerce_gallery_thumbnail":["https:\/\/turkishtrade.co\/wp-content\/uploads\/2026\/01\/2400EJOMN00364-DARK-BLUE-X_83-5-USD-100x100.png",100,100,true]},"uagb_author_info":{"display_name":"yaser olabi","author_link":"https:\/\/turkishtrade.co\/tr\/author\/"},"uagb_comment_info":0,"uagb_excerpt":"Crafted from luxurious Calf Leather upper for exceptional style and durability. Soft, breathable Goat Leather lining for ultimate comfort throughout the day. Features a lightweight and flexible EVA Sole, providing superior cushioning and a modern aesthetic. Adorned with an elegant horsebit detail for a touch of classic sophistication. Available in a comprehensive range of sizes:&hellip;","_links":{"self":[{"href":"https:\/\/turkishtrade.co\/tr\/wp-json\/wp\/v2\/product\/5633","targetHints":{"allow":["GET"]}}],"collection":[{"href":"https:\/\/turkishtrade.co\/tr\/wp-json\/wp\/v2\/product"}],"about":[{"href":"https:\/\/turkishtrade.co\/tr\/wp-json\/wp\/v2\/types\/product"}],"wp:featuredmedia":[{"embeddable":true,"href":"https:\/\/turkishtrade.co\/tr\/wp-json\/wp\/v2\/media\/3785"}],"wp:attachment":[{"href":"https:\/\/turkishtrade.co\/tr\/wp-json\/wp\/v2\/media?parent=5633"}],"wp:term":[{"taxonomy":"product_brand","embeddable":true,"href":"https:\/\/turkishtrade.co\/tr\/wp-json\/wp\/v2\/product_brand?post=5633"},{"taxonomy":"product_cat","embeddable":true,"href":"https:\/\/turkishtrade.co\/tr\/wp-json\/wp\/v2\/product_cat?post=5633"},{"taxonomy":"product_tag","embeddable":true,"href":"https:\/\/turkishtrade.co\/tr\/wp-json\/wp\/v2\/product_tag?post=5633"}],"curies":[{"name":"wp","href":"https:\/\/api.w.org\/{rel}","templated":true}]}}