{"id":5632,"date":"2026-01-14T12:46:58","date_gmt":"2026-01-14T12:46:58","guid":{"rendered":"https:\/\/turkishtrade.co\/product\/men-s-leather-chunky-sole-shoes\/"},"modified":"2026-04-09T19:28:41","modified_gmt":"2026-04-09T19:28:41","slug":"mens-leather-chunky-sole-shoes-2","status":"publish","type":"product","link":"https:\/\/turkishtrade.co\/tr\/shop\/mens-leather-chunky-sole-shoes-2\/","title":{"rendered":"Premium Erkek Deri Kal\u0131n Tabanl\u0131 Derby Ayakkab\u0131"},"content":{"rendered":"<p data-rm-block-id=\"block-1\"><strong>Erkek Deri Kal\u0131n Tabanl\u0131 Ayakkab\u0131<\/strong><\/p>\n<p data-rm-block-id=\"block-2\">Premium Erkek Deri Kal\u0131n Tabanl\u0131 Derby Ayakkab\u0131lar\u0131m\u0131z** ile benzersiz bir stil ve konfora ad\u0131m at\u0131n. Hem modern esteti\u011fi hem de geleneksel i\u015f\u00e7ili\u011fi takdir eden se\u00e7ici bireyler i\u00e7in tasarlanan bu ola\u011fan\u00fcst\u00fc **Erkek Deri Kal\u0131n Tabanl\u0131 Ayakkab\u0131lar** her sofistike gard\u0131rop i\u00e7in olmazsa olmazd\u0131r. Sa\u011flam yap\u0131s\u0131n\u0131 sofistike detaylarla birle\u015ftiren bu ayakkab\u0131lar, g\u00fcndelik gezilerden \u015f\u0131k i\u015f ortamlar\u0131na kadar \u00e7e\u015fitli durumlar i\u00e7in m\u00fckemmeldir.<\/p>\n<h3 data-rm-block-id=\"block-3\">Rakipsiz Kalite ve \u0130\u015f\u00e7ilik<\/h3>\n<p data-rm-block-id=\"block-4\">Bu zarif **Erkek Deri Kal\u0131n Tabanl\u0131 Ayakkab\u0131lar\u0131n** her bir \u00e7ifti yaln\u0131zca en iyi malzemeler kullan\u0131larak titizlikle \u00fcretilmi\u015ftir. D\u0131\u015f y\u00fczeyi, dayan\u0131kl\u0131l\u0131\u011f\u0131, p\u00fcr\u00fczs\u00fcz y\u00fczeyi ve g\u00fczel bir \u015fekilde eskime kabiliyeti ile tan\u0131nan l\u00fcks, esnek dana derisine sahiptir. Bu birinci s\u0131n\u0131f deri, \u00f6ne \u00e7\u0131kan rafine bir g\u00f6r\u00fcn\u00fcm sa\u011flar.<\/p>\n<p data-rm-block-id=\"block-5\">\u0130\u00e7 k\u0131s\u0131mda, ayaklar\u0131n\u0131z hakiki ke\u00e7i derisi astar\u0131n yumu\u015fakl\u0131\u011f\u0131yla sar\u0131lacak ve g\u00fcn boyunca nefes alabilirlik ve ola\u011fan\u00fcst\u00fc konfor sa\u011flayacakt\u0131r. Y\u00fcksek kaliteli derilerin bu kombinasyonu, t\u00fcm **Erkek Deri Kal\u0131n Tabanl\u0131 Ayakkab\u0131** serimizin \u00fcst\u00fcn yap\u0131s\u0131 hakk\u0131nda \u00e7ok \u015fey anlat\u0131yor.<\/p>\n<h3 data-rm-block-id=\"block-6\">Modern Tasar\u0131m G\u00fcnl\u00fck Konforla Bulu\u015fuyor<\/h3>\n<p data-rm-block-id=\"block-7\">Bu **Erkek Deri Kal\u0131n Tabanl\u0131 Ayakkab\u0131lar\u0131n** belirleyici \u00f6zelli\u011fi, \u00e7a\u011fda\u015f kal\u0131n EVA taban\u0131d\u0131r. Bu yenilik\u00e7i taban sadece farkl\u0131 ve \u015f\u0131k bir hava katmakla kalmaz, ayn\u0131 zamanda hafif yast\u0131klama ve m\u00fckemmel \u015fok emilimi sa\u011flar. Geleneksel a\u011f\u0131r tabanlardan farkl\u0131 olarak EVA malzeme, sa\u011flam g\u00f6r\u00fcn\u00fcm\u00fcne ra\u011fmen ayakkab\u0131n\u0131n uzun s\u00fcreli kullan\u0131mda inan\u0131lmaz derecede rahat kalmas\u0131n\u0131 sa\u011flar.<\/p>\n<p data-rm-block-id=\"block-8\">Sa\u011flam tutu\u015fu \u00e7e\u015fitli y\u00fczeylerde denge sa\u011flar. Zevkli moc-toe diki\u015flerle tamamlanan klasik derby ba\u011fc\u0131kl\u0131 tasar\u0131m, kot pantolon, chino pantolon veya \u00f6zel dikim pantolonlarla zahmetsizce e\u015fle\u015fen \u00e7ok y\u00f6nl\u00fc bir siluet yarat\u0131r. Bu e\u015fsiz **Erkek Deri Kal\u0131n Tabanl\u0131 Ayakkab\u0131** ile trend belirleyen stil ve kal\u0131c\u0131 konforun m\u00fckemmel kar\u0131\u015f\u0131m\u0131n\u0131 deneyimleyin.<\/p>\n<h3 data-rm-block-id=\"block-9\">Toptan ve Perakende Sat\u0131\u015f Ortaklar\u0131 i\u00e7in M\u00fckemmel<\/h3>\n<p data-rm-block-id=\"block-10\">Modern pazar\u0131n taleplerini anl\u0131yoruz ve bu **Erkek Deri Kal\u0131n Tabanl\u0131 Ayakkab\u0131lar** herhangi bir perakende envanterine m\u00fckemmel bir ektir. 39'dan 45'e kadar kapsaml\u0131 bir AB beden yelpazesinde mevcut oldu\u011fundan, geni\u015f bir m\u00fc\u015fteri taban\u0131na hitap edebilirsiniz. Toplu sipari\u015fler i\u00e7in rekabet\u00e7i toptan fiyatland\u0131rma sunuyoruz, minimum sipari\u015f miktar\u0131 sadece 8 \u00e7ifttir, bu da stok yapmay\u0131 kolayla\u015ft\u0131r\u0131r.<\/p>\n<p data-rm-block-id=\"block-11\">Verimli \u00fcretim ve sevkiyat s\u00fcrecimiz, 12 g\u00fcn art\u0131 standart kargo s\u00fcresi i\u00e7inde teslimat\u0131 garanti eder, b\u00f6ylece envanteriniz derhal yenilenir. M\u00fc\u015fterileriniz aras\u0131nda favori olmay\u0131 vaat eden bu \u015f\u0131k ve y\u00fcksek talep g\u00f6ren **Erkek Deri Kal\u0131n Tabanl\u0131 Ayakkab\u0131lar** ile koleksiyonunuzu y\u00fckseltin.<\/p>\n<h3 data-rm-block-id=\"block-12\">Erkek Deri Kal\u0131n Tabanl\u0131 Ayakkab\u0131lar\u0131m\u0131zla Stil ve Dayan\u0131kl\u0131l\u0131\u011fa Yat\u0131r\u0131m Yap\u0131n<\/h3>\n<p data-rm-block-id=\"block-13\">Bu derby ayakkab\u0131lar kaliteye, stile ve uzun vadeli memnuniyete yap\u0131lan bir yat\u0131r\u0131m\u0131 temsil eder. Sa\u011flam yap\u0131lar\u0131 ve zamans\u0131z tasar\u0131mlar\u0131, gelecek sezonlar boyunca vazge\u00e7ilmez bir par\u00e7a olarak kalmalar\u0131n\u0131 sa\u011flar. M\u00fc\u015fterilerinize bu ola\u011fan\u00fcst\u00fc ayakkab\u0131 par\u00e7alar\u0131n\u0131 sunma f\u0131rsat\u0131n\u0131 ka\u00e7\u0131rmay\u0131n.<\/p>","protected":false},"excerpt":{"rendered":"<ul>\n<li>Bu **Erkek Deri Kal\u0131n Tabanl\u0131 Ayakkab\u0131** ile \u00fcst\u00fcn konforu ve stili ya\u015fay\u0131n.<\/li>\n<li>Birinci s\u0131n\u0131f Dana Derisi d\u0131\u015f y\u00fczey ve yumu\u015fak Ke\u00e7i Derisi i\u00e7 k\u0131s\u0131mdan el yap\u0131m\u0131 olarak \u00fcretilmi\u015ftir.<\/li>\n<li>\u00dcst\u00fcn yast\u0131klama ve kavrama i\u00e7in modern, hafif EVA kal\u0131n tabana sahiptir.<\/li>\n<li>39-45 AB bedenlerinde mevcuttur, \u00e7e\u015fitli toptan sat\u0131\u015f ihtiya\u00e7lar\u0131 i\u00e7in m\u00fckemmeldir.<\/li>\n<li>Minimum sipari\u015f miktar\u0131 8 \u00e7ifttir, toplu al\u0131mlar i\u00e7in rekabet\u00e7i fiyatland\u0131rma.<\/li>\n<li>12 g\u00fcn i\u00e7inde teslimat art\u0131 nakliye.<\/li>\n<\/ul>","protected":false},"featured_media":3782,"template":"","meta":{"_acf_changed":false,"_uag_custom_page_level_css":"","site-sidebar-layout":"default","site-content-layout":"","ast-site-content-layout":"default","site-content-style":"default","site-sidebar-style":"default","ast-global-header-display":"","ast-banner-title-visibility":"","ast-main-header-display":"","ast-hfb-above-header-display":"","ast-hfb-below-header-display":"","ast-hfb-mobile-header-display":"","site-post-title":"","ast-breadcrumbs-content":"","ast-featured-img":"","footer-sml-layout":"","ast-disable-related-posts":"","theme-transparent-header-meta":"default","adv-header-id-meta":"","stick-header-meta":"","header-above-stick-meta":"","header-main-stick-meta":"","header-below-stick-meta":"","astra-migrate-meta-layouts":"set","ast-page-background-enabled":"default","ast-page-background-meta":{"desktop":{"background-color":"var(--ast-global-color-4)","background-image":"","background-repeat":"repeat","background-position":"center center","background-size":"auto","background-attachment":"scroll","background-type":"","background-media":"","overlay-type":"","overlay-color":"","overlay-opacity":"","overlay-gradient":""},"tablet":{"background-color":"","background-image":"","background-repeat":"repeat","background-position":"center center","background-size":"auto","background-attachment":"scroll","background-type":"","background-media":"","overlay-type":"","overlay-color":"","overlay-opacity":"","overlay-gradient":""},"mobile":{"background-color":"","background-image":"","background-repeat":"repeat","background-position":"center center","background-size":"auto","background-attachment":"scroll","background-type":"","background-media":"","overlay-type":"","overlay-color":"","overlay-opacity":"","overlay-gradient":""}},"ast-content-background-meta":{"desktop":{"background-color":"var(--ast-global-color-5)","background-image":"","background-repeat":"repeat","background-position":"center center","background-size":"auto","background-attachment":"scroll","background-type":"","background-media":"","overlay-type":"","overlay-color":"","overlay-opacity":"","overlay-gradient":""},"tablet":{"background-color":"var(--ast-global-color-5)","background-image":"","background-repeat":"repeat","background-position":"center center","background-size":"auto","background-attachment":"scroll","background-type":"","background-media":"","overlay-type":"","overlay-color":"","overlay-opacity":"","overlay-gradient":""},"mobile":{"background-color":"var(--ast-global-color-5)","background-image":"","background-repeat":"repeat","background-position":"center center","background-size":"auto","background-attachment":"scroll","background-type":"","background-media":"","overlay-type":"","overlay-color":"","overlay-opacity":"","overlay-gradient":""}}},"product_brand":[],"product_cat":[47,430,40],"product_tag":[970,202,449,331,212,438,437,227,983,362,210,281],"class_list":{"0":"post-5632","1":"product","2":"type-product","3":"status-publish","4":"has-post-thumbnail","6":"product_cat-classic","7":"product_cat-men","8":"product_cat-mens-shoes","9":"product_tag-burgundy-shoes","10":"product_tag-calf-leather","11":"product_tag-casual-shoes","12":"product_tag-chunky-sole-shoes","13":"product_tag-derby-shoes","14":"product_tag-eva-sole","15":"product_tag-goat-leather","16":"product_tag-leather-shoes","17":"product_tag-oxblood-shoes","18":"product_tag-premium-footwear","19":"product_tag-smart-casual","20":"product_tag-wholesale-shoes","21":"desktop-align-center","22":"tablet-align-center","23":"mobile-align-center","25":"first","26":"instock","27":"shipping-taxable","28":"purchasable","29":"product-type-variable","30":"has-default-attributes"},"acf":[],"uagb_featured_image_src":{"full":["https:\/\/turkishtrade.co\/wp-content\/uploads\/2026\/01\/2400EJOMN00355-BURGUNDEY-DKS_7650-4-USD.png",453,250,false],"thumbnail":["https:\/\/turkishtrade.co\/wp-content\/uploads\/2026\/01\/2400EJOMN00355-BURGUNDEY-DKS_7650-4-USD-150x150.png",150,150,true],"medium":["https:\/\/turkishtrade.co\/wp-content\/uploads\/2026\/01\/2400EJOMN00355-BURGUNDEY-DKS_7650-4-USD-300x166.png",300,166,true],"medium_large":["https:\/\/turkishtrade.co\/wp-content\/uploads\/2026\/01\/2400EJOMN00355-BURGUNDEY-DKS_7650-4-USD.png",453,250,false],"large":["https:\/\/turkishtrade.co\/wp-content\/uploads\/2026\/01\/2400EJOMN00355-BURGUNDEY-DKS_7650-4-USD.png",453,250,false],"1536x1536":["https:\/\/turkishtrade.co\/wp-content\/uploads\/2026\/01\/2400EJOMN00355-BURGUNDEY-DKS_7650-4-USD.png",453,250,false],"2048x2048":["https:\/\/turkishtrade.co\/wp-content\/uploads\/2026\/01\/2400EJOMN00355-BURGUNDEY-DKS_7650-4-USD.png",453,250,false],"trp-custom-language-flag":["https:\/\/turkishtrade.co\/wp-content\/uploads\/2026\/01\/2400EJOMN00355-BURGUNDEY-DKS_7650-4-USD-18x10.png",18,10,true],"woocommerce_thumbnail":["https:\/\/turkishtrade.co\/wp-content\/uploads\/2026\/01\/2400EJOMN00355-BURGUNDEY-DKS_7650-4-USD-400x250.png",400,250,true],"woocommerce_single":["https:\/\/turkishtrade.co\/wp-content\/uploads\/2026\/01\/2400EJOMN00355-BURGUNDEY-DKS_7650-4-USD.png",453,250,false],"woocommerce_gallery_thumbnail":["https:\/\/turkishtrade.co\/wp-content\/uploads\/2026\/01\/2400EJOMN00355-BURGUNDEY-DKS_7650-4-USD-100x100.png",100,100,true]},"uagb_author_info":{"display_name":"yaser olabi","author_link":"https:\/\/turkishtrade.co\/tr\/author\/"},"uagb_comment_info":0,"uagb_excerpt":"Experience ultimate comfort and style with these **Men's Leather Chunky Sole Shoes**. Handcrafted from premium Calf Leather exterior and soft Goat Leather interior. Features a modern, lightweight EVA chunky sole for superior cushioning and grip. Available in EU sizes 39-45, perfect for diverse wholesale needs. Minimum order quantity of 8 pairs, with competitive pricing for&hellip;","_links":{"self":[{"href":"https:\/\/turkishtrade.co\/tr\/wp-json\/wp\/v2\/product\/5632","targetHints":{"allow":["GET"]}}],"collection":[{"href":"https:\/\/turkishtrade.co\/tr\/wp-json\/wp\/v2\/product"}],"about":[{"href":"https:\/\/turkishtrade.co\/tr\/wp-json\/wp\/v2\/types\/product"}],"wp:featuredmedia":[{"embeddable":true,"href":"https:\/\/turkishtrade.co\/tr\/wp-json\/wp\/v2\/media\/3782"}],"wp:attachment":[{"href":"https:\/\/turkishtrade.co\/tr\/wp-json\/wp\/v2\/media?parent=5632"}],"wp:term":[{"taxonomy":"product_brand","embeddable":true,"href":"https:\/\/turkishtrade.co\/tr\/wp-json\/wp\/v2\/product_brand?post=5632"},{"taxonomy":"product_cat","embeddable":true,"href":"https:\/\/turkishtrade.co\/tr\/wp-json\/wp\/v2\/product_cat?post=5632"},{"taxonomy":"product_tag","embeddable":true,"href":"https:\/\/turkishtrade.co\/tr\/wp-json\/wp\/v2\/product_tag?post=5632"}],"curies":[{"name":"wp","href":"https:\/\/api.w.org\/{rel}","templated":true}]}}