{"id":5628,"date":"2026-01-14T12:45:03","date_gmt":"2026-01-14T12:45:03","guid":{"rendered":"https:\/\/turkishtrade.co\/product\/men-cap-toe-derby-shoes\/"},"modified":"2026-04-09T19:28:46","modified_gmt":"2026-04-09T19:28:46","slug":"mens-cap-toe-derby-shoes-4","status":"publish","type":"product","link":"https:\/\/turkishtrade.co\/tr\/shop\/mens-cap-toe-derby-shoes-4\/","title":{"rendered":"Premium Erkek \u015eapkal\u0131 Derby Ayakkab\u0131 | Dana ve Ke\u00e7i Derisi"},"content":{"rendered":"<p><strong>Erkek \u015eapkal\u0131 Derby Ayakkab\u0131<\/strong><\/p>\n<p>Se\u00e7kin koleksiyonumuzla g\u00fcnl\u00fck ve \u00f6zel g\u00fcn gard\u0131robunuzu y\u00fckseltin <strong>Erkek \u015eapkal\u0131 Derby Ayakkab\u0131<\/strong>. Bunlar sadece ayakkab\u0131 de\u011fil; modern beyefendiler i\u00e7in titizlikle tasarlanm\u0131\u015f, sofistike ve rahat bir ifadedir. En iyi malzemelerden \u00fcretilen ve uzun s\u00fcreli \u00e7ekicilik i\u00e7in \u00fcretilen birinci s\u0131n\u0131f <strong>Erkek \u015eapkal\u0131 Derby Ayakkab\u0131<\/strong> klasik \u015f\u0131kl\u0131\u011f\u0131 \u00e7a\u011fda\u015f konforla kusursuz bir \u015fekilde harmanl\u0131yor. Tarz\u0131n\u0131z ve kaliteye verdi\u011finiz de\u011fer hakk\u0131nda \u00e7ok \u015fey ifade eden ayakkab\u0131lar\u0131 deneyimleyin.<\/p>\n<p><h3>E\u015fsiz \u0130\u015f\u00e7ilik ve Birinci S\u0131n\u0131f Malzemeler<\/h3>\n<\/p>\n<p>Bu ola\u011fan\u00fcst\u00fc \u00fcr\u00fcnlerin her \u00e7ifti <strong>Erkek \u015eapkal\u0131 Derby Ayakkab\u0131<\/strong> d\u0131\u015f y\u00fczey i\u00e7in birinci s\u0131n\u0131f hakiki dana derisinin se\u00e7ilmesiyle ba\u015flar. Bu se\u00e7im, zaman i\u00e7inde g\u00fczel bir patina geli\u015ftiren, dayan\u0131kl\u0131l\u0131\u011f\u0131 ve g\u00f6ze \u00e7arpan etkileyici bir esteti\u011fi garanti eden zengin ve l\u00fcks bir g\u00f6r\u00fcn\u00fcm sa\u011flar. Sa\u011flam ancak esnek dana derisi esnektir ve bu ayakkab\u0131lar\u0131 \u00fcst\u00fcn kalite arayan se\u00e7ici bir al\u0131c\u0131 i\u00e7in ak\u0131ll\u0131ca bir yat\u0131r\u0131m haline getirir. <strong>Erkek \u015eapkal\u0131 Derby Ayakkab\u0131<\/strong>.<\/p>\n<p>Ayr\u0131ca, i\u00e7 k\u0131s\u0131m yumu\u015fak ke\u00e7i derisiyle g\u00f6rkemli bir \u015fekilde astarlanm\u0131\u015ft\u0131r ve benzersiz d\u00fczeyde konfor ve nefes alabilirlik sa\u011flar. Bu \u00f6zenli malzeme kombinasyonu, uzun s\u00fcreli kullan\u0131mlarda bile ayaklar\u0131n\u0131z\u0131n rahat kalmas\u0131n\u0131 sa\u011flayarak bu ayakkab\u0131lar\u0131 ideal hale getirir. <strong>Erkek \u015eapkal\u0131 Derby Ayakkab\u0131<\/strong> i\u015f, etkinlikler veya \u015f\u0131k g\u00fcndelik geziler i\u00e7in.<\/p>\n<p><h3>Zamans\u0131z Tasar\u0131m Modern Konforla Bulu\u015fuyor<\/h3>\n<\/p>\n<p>Bizim <strong>Erkek \u015eapkal\u0131 Derby Ayakkab\u0131<\/strong> profesyonellik ve zarafet yans\u0131tan klasik ayakkab\u0131lar\u0131n ay\u0131rt edici \u00f6zelli\u011fi olan zamans\u0131z bir burun tasar\u0131m\u0131na sahiptir. Ba\u011fc\u0131kl\u0131 kapama, g\u00fcvenli ve ayarlanabilir bir uyum sunarak bu ayakkab\u0131lar\u0131n aya\u011f\u0131n\u0131za m\u00fckemmel bir \u015fekilde oturmas\u0131n\u0131 sa\u011flar. Zengin kahverengi ve zarif mavi tonlar\u0131nda sunulan bu \u00e7ok y\u00f6nl\u00fc ayakkab\u0131lar, keskin tak\u0131m elbiselerden \u015f\u0131k g\u00fcndelik pantolonlara ve blazer ceketlere kadar \u00e7ok \u00e7e\u015fitli k\u0131yafetleri tamamlayarak sonsuz stil olanaklar\u0131 sunar.<\/p>\n<p>Kendine \u00f6zg\u00fc EVA taban\u0131, geleneksel a\u011f\u0131r tabanlardan farkl\u0131 olarak ezber bozan bir \u00f6zelliktir. Ola\u011fan\u00fcst\u00fc hafiflik, esneklik ve yast\u0131klama sa\u011flayarak g\u00fcn boyunca zahmetsizce hareket etmenize olanak tan\u0131r. \u0130nce 1-3 cm topuk y\u00fcksekli\u011fine sahip bu rahat <strong>Erkek \u015eapkal\u0131 Derby Ayakkab\u0131<\/strong> modern erkek i\u00e7in modern konfor sunarken klasik profilini korur.<\/p>\n<p><h3>Toptan Al\u0131c\u0131lar i\u00e7in \u0130deal<\/h3>\n<\/p>\n<p>Toptan m\u00fc\u015fteriler d\u00fc\u015f\u00fcn\u00fclerek tasarlanan bu birinci s\u0131n\u0131f <strong>Erkek \u015eapkal\u0131 Derby Ayakkab\u0131<\/strong> toplu sipari\u015fler i\u00e7in mevcuttur. Minimum 8 \u00e7ift sipari\u015f miktar\u0131 ile i\u015fletmeler, m\u00fc\u015fterilerinin bay\u0131laca\u011f\u0131 y\u00fcksek kaliteli ayakkab\u0131lar\u0131 kolayca stoklayabilir. Hem l\u00fcks hem de dayan\u0131kl\u0131l\u0131k vaat eden bir \u00fcr\u00fcn i\u00e7in m\u00fckemmel de\u011fer sa\u011flayan rekabet\u00e7i fiyatlar sunuyoruz.<\/p>\n<p>Verimli \u00fcretim s\u00fcrecimiz, 12 g\u00fcn i\u00e7inde teslimat\u0131 ve nakliyeyi garanti ederek envanterinizi derhal yenilemenizi sa\u011flar. M\u00fc\u015fterilerinize en iyi erkek ayakkab\u0131lar\u0131n\u0131 sunun - sofistike, rahat ve uzun s\u00fcre dayanacak \u015fekilde \u00fcretilmi\u015ftir. Bu ola\u011fan\u00fcst\u00fc <strong>Erkek \u015eapkal\u0131 Derby Ayakkab\u0131<\/strong> bir \u00fcr\u00fcnden \u00e7ok daha fazlas\u0131d\u0131r; kalite ve stil konusunda bir deneyimdir, bu da onlar\u0131 her se\u00e7ici perakendecinin koleksiyonu i\u00e7in sahip olunmas\u0131 gereken bir eklenti haline getirir.<\/p>","protected":false},"excerpt":{"rendered":"<ul>\n<li>Kal\u0131c\u0131 stil ve kalite i\u00e7in hakiki dana derisi d\u0131\u015f y\u00fczey ile ustal\u0131kla \u00fcretilmi\u015ftir.<\/li>\n<li>L\u00fcks ke\u00e7i derisi i\u00e7 astar ola\u011fan\u00fcst\u00fc konfor ve nefes alabilirlik sa\u011flar.<\/li>\n<li>G\u00fcvenli ba\u011fc\u0131kl\u0131 kapama ile e\u015fle\u015ftirilmi\u015f zamans\u0131z bir burun tasar\u0131m\u0131na sahiptir.<\/li>\n<li>Hafif ve esnek EVA taban ile donat\u0131lm\u0131\u015f olup, 1-3 cm'lik ince topuk ile \u00fcst\u00fcn yast\u0131klama ve kavrama sa\u011flar.<\/li>\n<li>Kapsaml\u0131 bir beden aral\u0131\u011f\u0131nda mevcuttur: AB 39, 40, 41, 42, 43, 44, 45.<\/li>\n<li>Minimum sipari\u015f miktar\u0131: 8 \u00e7ift, toptan ve toplu al\u0131mlar i\u00e7in idealdir.<\/li>\n<li>Toptan fiyatland\u0131rma ve teslim s\u00fcresi (12 g\u00fcn + nakliye) ayr\u0131nt\u0131lar\u0131 sorgu \u00fczerine sa\u011flan\u0131r.<\/li>\n<\/ul>","protected":false},"featured_media":3781,"template":"","meta":{"_acf_changed":false,"_uag_custom_page_level_css":"","site-sidebar-layout":"default","site-content-layout":"","ast-site-content-layout":"default","site-content-style":"default","site-sidebar-style":"default","ast-global-header-display":"","ast-banner-title-visibility":"","ast-main-header-display":"","ast-hfb-above-header-display":"","ast-hfb-below-header-display":"","ast-hfb-mobile-header-display":"","site-post-title":"","ast-breadcrumbs-content":"","ast-featured-img":"","footer-sml-layout":"","ast-disable-related-posts":"","theme-transparent-header-meta":"","adv-header-id-meta":"","stick-header-meta":"","header-above-stick-meta":"","header-main-stick-meta":"","header-below-stick-meta":"","astra-migrate-meta-layouts":"default","ast-page-background-enabled":"default","ast-page-background-meta":{"desktop":{"background-color":"var(--ast-global-color-4)","background-image":"","background-repeat":"repeat","background-position":"center center","background-size":"auto","background-attachment":"scroll","background-type":"","background-media":"","overlay-type":"","overlay-color":"","overlay-opacity":"","overlay-gradient":""},"tablet":{"background-color":"","background-image":"","background-repeat":"repeat","background-position":"center center","background-size":"auto","background-attachment":"scroll","background-type":"","background-media":"","overlay-type":"","overlay-color":"","overlay-opacity":"","overlay-gradient":""},"mobile":{"background-color":"","background-image":"","background-repeat":"repeat","background-position":"center center","background-size":"auto","background-attachment":"scroll","background-type":"","background-media":"","overlay-type":"","overlay-color":"","overlay-opacity":"","overlay-gradient":""}},"ast-content-background-meta":{"desktop":{"background-color":"var(--ast-global-color-5)","background-image":"","background-repeat":"repeat","background-position":"center center","background-size":"auto","background-attachment":"scroll","background-type":"","background-media":"","overlay-type":"","overlay-color":"","overlay-opacity":"","overlay-gradient":""},"tablet":{"background-color":"var(--ast-global-color-5)","background-image":"","background-repeat":"repeat","background-position":"center center","background-size":"auto","background-attachment":"scroll","background-type":"","background-media":"","overlay-type":"","overlay-color":"","overlay-opacity":"","overlay-gradient":""},"mobile":{"background-color":"var(--ast-global-color-5)","background-image":"","background-repeat":"repeat","background-position":"center center","background-size":"auto","background-attachment":"scroll","background-type":"","background-media":"","overlay-type":"","overlay-color":"","overlay-opacity":"","overlay-gradient":""}}},"product_brand":[],"product_cat":[47,430,40],"product_tag":[604,561,405,185,458,213,754,944,982,438,251,189,239,981,310,210,281],"class_list":{"0":"post-5628","1":"product","2":"type-product","3":"status-publish","4":"has-post-thumbnail","6":"product_cat-classic","7":"product_cat-men","8":"product_cat-mens-shoes","9":"product_tag-blue-derby","10":"product_tag-brown-derby","11":"product_tag-business-shoes","12":"product_tag-calf-leather-shoes","13":"product_tag-cap-toe-shoes","14":"product_tag-casual-dress-shoes","15":"product_tag-classic-mens-shoes","16":"product_tag-dress-casual","17":"product_tag-durable-footwear","18":"product_tag-eva-sole","19":"product_tag-formal-shoes","20":"product_tag-goat-leather-lining","21":"product_tag-lace-up-shoes","22":"product_tag-leather-derby","23":"product_tag-mens-derby-shoes","24":"product_tag-smart-casual","25":"product_tag-wholesale-shoes","26":"desktop-align-center","27":"tablet-align-center","28":"mobile-align-center","30":"first","31":"instock","32":"shipping-taxable","33":"purchasable","34":"product-type-variable","35":"has-default-attributes"},"acf":[],"uagb_featured_image_src":{"full":["https:\/\/turkishtrade.co\/wp-content\/uploads\/2026\/01\/2400EJOMN00353-DARK-BLUE-X_7820-4-USD.png",453,250,false],"thumbnail":["https:\/\/turkishtrade.co\/wp-content\/uploads\/2026\/01\/2400EJOMN00353-DARK-BLUE-X_7820-4-USD-150x150.png",150,150,true],"medium":["https:\/\/turkishtrade.co\/wp-content\/uploads\/2026\/01\/2400EJOMN00353-DARK-BLUE-X_7820-4-USD-300x166.png",300,166,true],"medium_large":["https:\/\/turkishtrade.co\/wp-content\/uploads\/2026\/01\/2400EJOMN00353-DARK-BLUE-X_7820-4-USD.png",453,250,false],"large":["https:\/\/turkishtrade.co\/wp-content\/uploads\/2026\/01\/2400EJOMN00353-DARK-BLUE-X_7820-4-USD.png",453,250,false],"1536x1536":["https:\/\/turkishtrade.co\/wp-content\/uploads\/2026\/01\/2400EJOMN00353-DARK-BLUE-X_7820-4-USD.png",453,250,false],"2048x2048":["https:\/\/turkishtrade.co\/wp-content\/uploads\/2026\/01\/2400EJOMN00353-DARK-BLUE-X_7820-4-USD.png",453,250,false],"trp-custom-language-flag":["https:\/\/turkishtrade.co\/wp-content\/uploads\/2026\/01\/2400EJOMN00353-DARK-BLUE-X_7820-4-USD-18x10.png",18,10,true],"woocommerce_thumbnail":["https:\/\/turkishtrade.co\/wp-content\/uploads\/2026\/01\/2400EJOMN00353-DARK-BLUE-X_7820-4-USD-400x250.png",400,250,true],"woocommerce_single":["https:\/\/turkishtrade.co\/wp-content\/uploads\/2026\/01\/2400EJOMN00353-DARK-BLUE-X_7820-4-USD.png",453,250,false],"woocommerce_gallery_thumbnail":["https:\/\/turkishtrade.co\/wp-content\/uploads\/2026\/01\/2400EJOMN00353-DARK-BLUE-X_7820-4-USD-100x100.png",100,100,true]},"uagb_author_info":{"display_name":"yaser olabi","author_link":"https:\/\/turkishtrade.co\/tr\/author\/"},"uagb_comment_info":0,"uagb_excerpt":"Expertly crafted with a genuine calf leather exterior for enduring style and quality. Luxurious goat leather interior lining ensures exceptional comfort and breathability. Features a timeless cap-toe design paired with a secure lace-up closure. Equipped with a lightweight and flexible EVA sole, providing superior cushioning and grip with a subtle 1-3cm heel. Available in a&hellip;","_links":{"self":[{"href":"https:\/\/turkishtrade.co\/tr\/wp-json\/wp\/v2\/product\/5628","targetHints":{"allow":["GET"]}}],"collection":[{"href":"https:\/\/turkishtrade.co\/tr\/wp-json\/wp\/v2\/product"}],"about":[{"href":"https:\/\/turkishtrade.co\/tr\/wp-json\/wp\/v2\/types\/product"}],"wp:featuredmedia":[{"embeddable":true,"href":"https:\/\/turkishtrade.co\/tr\/wp-json\/wp\/v2\/media\/3781"}],"wp:attachment":[{"href":"https:\/\/turkishtrade.co\/tr\/wp-json\/wp\/v2\/media?parent=5628"}],"wp:term":[{"taxonomy":"product_brand","embeddable":true,"href":"https:\/\/turkishtrade.co\/tr\/wp-json\/wp\/v2\/product_brand?post=5628"},{"taxonomy":"product_cat","embeddable":true,"href":"https:\/\/turkishtrade.co\/tr\/wp-json\/wp\/v2\/product_cat?post=5628"},{"taxonomy":"product_tag","embeddable":true,"href":"https:\/\/turkishtrade.co\/tr\/wp-json\/wp\/v2\/product_tag?post=5628"}],"curies":[{"name":"wp","href":"https:\/\/api.w.org\/{rel}","templated":true}]}}