{"id":5623,"date":"2026-01-14T12:44:17","date_gmt":"2026-01-14T12:44:17","guid":{"rendered":"https:\/\/turkishtrade.co\/product\/men-black-leather-derby-shoes-3\/"},"modified":"2026-04-09T19:28:53","modified_gmt":"2026-04-09T19:28:53","slug":"mens-black-leather-derby-shoes-11","status":"publish","type":"product","link":"https:\/\/turkishtrade.co\/tr\/shop\/mens-black-leather-derby-shoes-11\/","title":{"rendered":"EVA Tabanl\u0131 Erkek Premium Siyah Dana Derisi Derby Ayakkab\u0131"},"content":{"rendered":"<p><strong>Erkek Siyah Deri Derby Ayakkab\u0131<\/strong><\/p>\n<p>Enfes tasar\u0131m\u0131m\u0131zla benzersiz bir sofistike ve konforlu ortama ad\u0131m at\u0131n <b>Erkek Premium Siyah Dana Derisi Derby Ayakkab\u0131<\/b>. Se\u00e7kin beyefendiler i\u00e7in titizlikle tasarlanan bu ayakkab\u0131lar, zamans\u0131z \u015f\u0131kl\u0131\u011f\u0131 modern m\u00fchendislikle harmanl\u0131yor. D\u0131\u015f y\u00fczeyi, esnek dokusu, dayan\u0131kl\u0131l\u0131\u011f\u0131 ve zaman i\u00e7inde g\u00fczel bir patine geli\u015ftirme kabiliyetiyle tan\u0131nan y\u00fcksek kaliteli dana derisinden \u00fcretilmi\u015ftir.<\/p>\n<p>Bu, yaln\u0131zca se\u00e7kin bir g\u00f6r\u00fcn\u00fcm sa\u011flamakla kalmaz, ayn\u0131 zamanda ayakkab\u0131 koleksiyonunuza uzun \u00f6m\u00fcrl\u00fc bir katk\u0131 sa\u011flar. \u015e\u0131k siyah kaplama bu ayakkab\u0131lar\u0131 <b>Erkek Siyah Deri Derby Ayakkab\u0131<\/b> \u00e7ok y\u00f6nl\u00fc bir se\u00e7imdir, keskin i\u015f tak\u0131mlar\u0131ndan \u015f\u0131k g\u00fcndelik topluluklara kadar \u00e7ok \u00e7e\u015fitli k\u0131yafetleri zahmetsizce tamamlar.<\/p>\n<p><h3>Rakipsiz Konfor ve \u0130\u015f\u00e7ilik<\/h3>\n<\/p>\n<p>Ger\u00e7ek l\u00fcks\u00fc i\u00e7ten d\u0131\u015fa ya\u015fay\u0131n. Bu zarif derby ayakkab\u0131lar\u0131n i\u00e7 k\u0131sm\u0131 tamamen yumu\u015fak ke\u00e7i derisiyle astarlanm\u0131\u015ft\u0131r ve ayaklar\u0131n\u0131z i\u00e7in inan\u0131lmaz derecede p\u00fcr\u00fczs\u00fcz ve nefes alabilen bir ortam sa\u011flar. Bu birinci s\u0131n\u0131f astar, nemi aktif bir \u015fekilde uzakla\u015ft\u0131rarak uzun s\u00fcreli kullan\u0131mlarda bile ayaklar\u0131n\u0131z\u0131n g\u00fcn boyunca kuru ve rahat kalmas\u0131n\u0131 sa\u011flar.<\/p>\n<p>Konforunun temel ta\u015f\u0131 hafif ama esnek EVA taban\u0131d\u0131r. Bu geli\u015fmi\u015f taban malzemesi ola\u011fan\u00fcst\u00fc yast\u0131klama ve \u015fok emilimi sunarak yorgunlu\u011fu azalt\u0131r ve yayl\u0131 bir ad\u0131m sa\u011flar. 1-3 cm'lik ince ve klasik topuk y\u00fcksekli\u011fi ile bu <b>Erkek Siyah Deri Derby Ayakkab\u0131<\/b> m\u00fckemmel bir y\u00fckseklik ve denge dengesi sunarak her durum i\u00e7in idealdir.<\/p>\n<p><h3>Stil ve Pratiklik i\u00e7in Tasarland\u0131<\/h3>\n<\/p>\n<p>Bizim <b>Erkek Siyah Deri Derby Ayakkab\u0131<\/b> Zarif diki\u015f detaylar\u0131na sahip klasik ba\u011fc\u0131kl\u0131 tasar\u0131m\u0131yla asla modas\u0131 ge\u00e7meyen rafine bir esteti\u011fe sahiptir. Sa\u011flam yap\u0131s\u0131 g\u00fcvenilir performans\u0131 garanti ederken, her diki\u015fte detaylara g\u00f6sterilen \u00f6zen kaliteli i\u015f\u00e7ilik hakk\u0131nda \u00e7ok \u015fey anlat\u0131yor. EU 39'dan 45'e kadar kapsaml\u0131 bir beden aral\u0131\u011f\u0131nda mevcut olup, her m\u00fc\u015fterimiz i\u00e7in m\u00fckemmel bir uyum sa\u011fl\u0131yoruz.<\/p>\n<p>Birinci s\u0131n\u0131f ayakkab\u0131lar sunmak isteyen i\u015fletmeler i\u00e7in bu derby ayakkab\u0131lar, minimum 8 \u00e7iftlik toptan sipari\u015fler i\u00e7in mevcuttur. Sadece 12 g\u00fcn teslim s\u00fcresi ve nakliye ile, bu \u00e7ok aranan erkek ayakkab\u0131lar\u0131n\u0131 h\u0131zl\u0131 bir \u015fekilde stoklayabilir, \u00fcst\u00fcn kalitesi ve kal\u0131c\u0131 stiliyle m\u00fc\u015fterilerinizi etkilemeye haz\u0131r olabilirsiniz.<\/p>","protected":false},"excerpt":{"rendered":"<ul>\n<li><b>\u00dcst\u00fcn Malzemeler:<\/b> En \u00fcst d\u00fczeyde konfor i\u00e7in dayan\u0131kl\u0131 dana derisi d\u0131\u015f y\u00fczey ve l\u00fcks ke\u00e7i derisi i\u00e7 k\u0131s\u0131m ile \u00fcretilmi\u015ftir.<\/li>\n<li><b>Hafif Konfor:<\/b> G\u00fcn boyu konfor i\u00e7in yenilik\u00e7i EVA tabana ve 1-3 cm'lik ince topuk y\u00fcksekli\u011fine sahiptir.<\/li>\n<li><b>\u00c7ok Y\u00f6nl\u00fc Stil:<\/b> Hem resmi i\u015f ortamlar\u0131 hem de \u015f\u0131k g\u00fcndelik k\u0131yafetler i\u00e7in uygun klasik derby tasar\u0131m\u0131.<\/li>\n<li><b>Mevcut Boyutlar:<\/b> EU 39'dan 45'e kadar kapsaml\u0131 bir yelpazede sunulmaktad\u0131r.<\/li>\n<li><b>Toplu Bulunabilirlik:<\/b> Minimum 8 \u00e7ift sipari\u015f, teslimat s\u00fcresi 12 g\u00fcn art\u0131 nakliye.<\/li>\n<\/ul>","protected":false},"featured_media":3775,"template":"","meta":{"_acf_changed":false,"_uag_custom_page_level_css":"","site-sidebar-layout":"default","site-content-layout":"","ast-site-content-layout":"default","site-content-style":"default","site-sidebar-style":"default","ast-global-header-display":"","ast-banner-title-visibility":"","ast-main-header-display":"","ast-hfb-above-header-display":"","ast-hfb-below-header-display":"","ast-hfb-mobile-header-display":"","site-post-title":"","ast-breadcrumbs-content":"","ast-featured-img":"","footer-sml-layout":"","ast-disable-related-posts":"","theme-transparent-header-meta":"","adv-header-id-meta":"","stick-header-meta":"","header-above-stick-meta":"","header-main-stick-meta":"","header-below-stick-meta":"","astra-migrate-meta-layouts":"default","ast-page-background-enabled":"default","ast-page-background-meta":{"desktop":{"background-color":"var(--ast-global-color-4)","background-image":"","background-repeat":"repeat","background-position":"center center","background-size":"auto","background-attachment":"scroll","background-type":"","background-media":"","overlay-type":"","overlay-color":"","overlay-opacity":"","overlay-gradient":""},"tablet":{"background-color":"","background-image":"","background-repeat":"repeat","background-position":"center center","background-size":"auto","background-attachment":"scroll","background-type":"","background-media":"","overlay-type":"","overlay-color":"","overlay-opacity":"","overlay-gradient":""},"mobile":{"background-color":"","background-image":"","background-repeat":"repeat","background-position":"center center","background-size":"auto","background-attachment":"scroll","background-type":"","background-media":"","overlay-type":"","overlay-color":"","overlay-opacity":"","overlay-gradient":""}},"ast-content-background-meta":{"desktop":{"background-color":"var(--ast-global-color-5)","background-image":"","background-repeat":"repeat","background-position":"center center","background-size":"auto","background-attachment":"scroll","background-type":"","background-media":"","overlay-type":"","overlay-color":"","overlay-opacity":"","overlay-gradient":""},"tablet":{"background-color":"var(--ast-global-color-5)","background-image":"","background-repeat":"repeat","background-position":"center center","background-size":"auto","background-attachment":"scroll","background-type":"","background-media":"","overlay-type":"","overlay-color":"","overlay-opacity":"","overlay-gradient":""},"mobile":{"background-color":"var(--ast-global-color-5)","background-image":"","background-repeat":"repeat","background-position":"center center","background-size":"auto","background-attachment":"scroll","background-type":"","background-media":"","overlay-type":"","overlay-color":"","overlay-opacity":"","overlay-gradient":""}}},"product_brand":[],"product_cat":[47,430,40],"product_tag":[295,979,185,449,980,287,251,189,888,787,281],"class_list":{"0":"post-5623","1":"product","2":"type-product","3":"status-publish","4":"has-post-thumbnail","6":"product_cat-classic","7":"product_cat-men","8":"product_cat-mens-shoes","9":"product_tag-black-dress-shoes","10":"product_tag-business-footwear","11":"product_tag-calf-leather-shoes","12":"product_tag-casual-shoes","13":"product_tag-comfortable-derby-shoes","14":"product_tag-eva-sole-shoes","15":"product_tag-formal-shoes","16":"product_tag-goat-leather-lining","17":"product_tag-mens-black-leather-derby-shoes","18":"product_tag-premium-mens-shoes","19":"product_tag-wholesale-shoes","20":"desktop-align-center","21":"tablet-align-center","22":"mobile-align-center","24":"first","25":"instock","26":"shipping-taxable","27":"purchasable","28":"product-type-variable","29":"has-default-attributes"},"acf":[],"uagb_featured_image_src":{"full":["https:\/\/turkishtrade.co\/wp-content\/uploads\/2026\/01\/2400EJOMN00350-BLACK-X_7820-4-USD.png",453,250,false],"thumbnail":["https:\/\/turkishtrade.co\/wp-content\/uploads\/2026\/01\/2400EJOMN00350-BLACK-X_7820-4-USD-150x150.png",150,150,true],"medium":["https:\/\/turkishtrade.co\/wp-content\/uploads\/2026\/01\/2400EJOMN00350-BLACK-X_7820-4-USD-300x166.png",300,166,true],"medium_large":["https:\/\/turkishtrade.co\/wp-content\/uploads\/2026\/01\/2400EJOMN00350-BLACK-X_7820-4-USD.png",453,250,false],"large":["https:\/\/turkishtrade.co\/wp-content\/uploads\/2026\/01\/2400EJOMN00350-BLACK-X_7820-4-USD.png",453,250,false],"1536x1536":["https:\/\/turkishtrade.co\/wp-content\/uploads\/2026\/01\/2400EJOMN00350-BLACK-X_7820-4-USD.png",453,250,false],"2048x2048":["https:\/\/turkishtrade.co\/wp-content\/uploads\/2026\/01\/2400EJOMN00350-BLACK-X_7820-4-USD.png",453,250,false],"trp-custom-language-flag":["https:\/\/turkishtrade.co\/wp-content\/uploads\/2026\/01\/2400EJOMN00350-BLACK-X_7820-4-USD-18x10.png",18,10,true],"woocommerce_thumbnail":["https:\/\/turkishtrade.co\/wp-content\/uploads\/2026\/01\/2400EJOMN00350-BLACK-X_7820-4-USD-400x250.png",400,250,true],"woocommerce_single":["https:\/\/turkishtrade.co\/wp-content\/uploads\/2026\/01\/2400EJOMN00350-BLACK-X_7820-4-USD.png",453,250,false],"woocommerce_gallery_thumbnail":["https:\/\/turkishtrade.co\/wp-content\/uploads\/2026\/01\/2400EJOMN00350-BLACK-X_7820-4-USD-100x100.png",100,100,true]},"uagb_author_info":{"display_name":"yaser olabi","author_link":"https:\/\/turkishtrade.co\/tr\/author\/"},"uagb_comment_info":0,"uagb_excerpt":"Superior Materials: Crafted with a durable calf leather exterior and luxurious goat leather interior for ultimate comfort. Lightweight Comfort: Features an innovative EVA sole for all-day comfort and a subtle 1-3 cm heel height. Versatile Style: Classic derby design suitable for both formal business settings and smart casual outfits. Available Sizes: Offered in a comprehensive&hellip;","_links":{"self":[{"href":"https:\/\/turkishtrade.co\/tr\/wp-json\/wp\/v2\/product\/5623","targetHints":{"allow":["GET"]}}],"collection":[{"href":"https:\/\/turkishtrade.co\/tr\/wp-json\/wp\/v2\/product"}],"about":[{"href":"https:\/\/turkishtrade.co\/tr\/wp-json\/wp\/v2\/types\/product"}],"wp:featuredmedia":[{"embeddable":true,"href":"https:\/\/turkishtrade.co\/tr\/wp-json\/wp\/v2\/media\/3775"}],"wp:attachment":[{"href":"https:\/\/turkishtrade.co\/tr\/wp-json\/wp\/v2\/media?parent=5623"}],"wp:term":[{"taxonomy":"product_brand","embeddable":true,"href":"https:\/\/turkishtrade.co\/tr\/wp-json\/wp\/v2\/product_brand?post=5623"},{"taxonomy":"product_cat","embeddable":true,"href":"https:\/\/turkishtrade.co\/tr\/wp-json\/wp\/v2\/product_cat?post=5623"},{"taxonomy":"product_tag","embeddable":true,"href":"https:\/\/turkishtrade.co\/tr\/wp-json\/wp\/v2\/product_tag?post=5623"}],"curies":[{"name":"wp","href":"https:\/\/api.w.org\/{rel}","templated":true}]}}