{"id":5616,"date":"2026-01-14T12:41:11","date_gmt":"2026-01-14T12:41:11","guid":{"rendered":"https:\/\/turkishtrade.co\/product\/mens-black-leather-loafers-7\/"},"modified":"2026-04-09T19:29:05","modified_gmt":"2026-04-09T19:29:05","slug":"mens-black-leather-loafers-7","status":"publish","type":"product","link":"https:\/\/turkishtrade.co\/tr\/shop\/mens-black-leather-loafers-7\/","title":{"rendered":"Premium Erkek Siyah Deri G\u00fcnl\u00fck Loafer"},"content":{"rendered":"<p><strong>Erkek Siyah Deri Loafer<\/strong><\/p>\n<p>G\u00fcnl\u00fck stilinizi ve konforunuzu zarif \u00fcr\u00fcnlerimizle y\u00fckseltin <strong>Erkek Siyah Deri Loafer<\/strong>. Hem sofistikeli\u011fe hem de pratikli\u011fe de\u011fer veren modern erkekler i\u00e7in tasarlanan bu loafer ayakkab\u0131lar, klasik esteti\u011fi \u00e7a\u011fda\u015f konforla kusursuz bir \u015fekilde harmanl\u0131yor. En iyi malzemelerden \u00fcretilen bu ayakkab\u0131lar, g\u00fcnl\u00fck i\u015f hayat\u0131ndan hafta sonu gezmelerine kadar \u00e7e\u015fitli durumlar i\u00e7in m\u00fckemmel bir se\u00e7imdir.<\/p>\n<p><h3>Benzersiz \u0130\u015f\u00e7ilik ve Malzemeler<\/h3>\n<\/p>\n<p>Birinci s\u0131n\u0131f mokasenlerimizin d\u0131\u015f y\u00fczeyi, esnek dokusu, ola\u011fan\u00fcst\u00fc dayan\u0131kl\u0131l\u0131\u011f\u0131 ve zarif g\u00f6r\u00fcn\u00fcm\u00fcyle bilinen hakiki dana derisinden titizlikle \u00fcretilmi\u015ftir. Bu y\u00fcksek kaliteli deri, ayakkab\u0131n\u0131z\u0131n <strong>Erkek Siyah Deri Loafer<\/strong> sadece \u00e7arp\u0131c\u0131 g\u00f6r\u00fcnmekle kalmayacak, ayn\u0131 zamanda ya\u015fland\u0131k\u00e7a benzersiz bir patina geli\u015ftirerek zaman\u0131n testine de dayanacakt\u0131r. \u0130\u00e7 k\u0131s\u0131mdaki yumu\u015fak ve nefes alabilen ke\u00e7i derisi astar sayesinde ayaklar\u0131n\u0131z l\u00fcksle kucakla\u015facak.<\/p>\n<p>Bu do\u011fal malzeme \u00fcst\u00fcn konfor sa\u011flar, nemi uzakla\u015ft\u0131r\u0131r ve rahats\u0131zl\u0131\u011f\u0131 \u00f6nleyerek bu ayakkab\u0131lar\u0131 g\u00fcn boyu giymeyi bir zevk haline getirir.<\/p>\n<p><h3>Konfor ve \u00c7ok Y\u00f6nl\u00fcl\u00fck i\u00e7in Tasarland\u0131<\/h3>\n<\/p>\n<p>\u0130yi tasarlanm\u0131\u015f bir taban\u0131n yaratt\u0131\u011f\u0131 fark\u0131 deneyimleyin. Bunlar <strong>Erkek Siyah Deri Loafer<\/strong> hafif ve esnek EVA taban ile donat\u0131lm\u0131\u015ft\u0131r. EVA (Etilen-vinil asetat) m\u00fckemmel \u015fok emilimi ve yast\u0131klama \u00f6zellikleriyle tan\u0131n\u0131r, rahat bir ad\u0131m sa\u011flar ve ayak yorgunlu\u011funu azalt\u0131r.<\/p>\n<p>Klasik loafer rahat silueti, 1-3 cm'lik ince bir topukla birle\u015fti\u011finde, \u00e7e\u015fitli k\u0131yafetlerle zahmetsizce e\u015fle\u015fen zamans\u0131z bir g\u00f6r\u00fcn\u00fcm sunar. \u0130ster yar\u0131 resmi bir etkinlik i\u00e7in giyiniyor olun, ister g\u00fcnl\u00fck aktiviteleriniz i\u00e7in g\u00f6steri\u015fli ama rahat bir g\u00f6r\u00fcn\u00fcm ar\u0131yor olun, bu mokasen ayakkab\u0131lar inan\u0131lmaz derecede \u00e7ok y\u00f6nl\u00fcd\u00fcr.<\/p>\n<p><h3>Toplu Sipari\u015fler i\u00e7in Kolayl\u0131k<\/h3>\n<\/p>\n<p>\u0130\u015fletmelerin ve perakendecilerin ihtiya\u00e7lar\u0131n\u0131 anl\u0131yoruz, bu nedenle <strong>Erkek Siyah Deri Loafer<\/strong> toplu al\u0131m i\u00e7in mevcuttur. Minimum sipari\u015f miktar\u0131 sadece 8 \u00e7ift oldu\u011fundan, bu pop\u00fcler ve \u015f\u0131k ayakkab\u0131lar\u0131 kolayca stoklayabilirsiniz. Verimli \u00fcretim s\u00fcrecimiz, sipari\u015finizin 12 g\u00fcn i\u00e7inde sevkiyata haz\u0131r olmas\u0131n\u0131 ve ard\u0131ndan standart sevkiyat s\u00fcrelerinin gelmesini sa\u011flar.<\/p>\n<p>M\u00fc\u015fterilerinizin sevece\u011fi kaliteli ayakkab\u0131lara yat\u0131r\u0131m yap\u0131n ve onlara hakiki deri l\u00fcks\u00fcn\u00fc pratik, g\u00fcn boyu konforla birle\u015ftiren bir \u00fcr\u00fcn sunun. Farkl\u0131 m\u00fc\u015fteri tercihlerine hitap eden EU 39 ila 45 aras\u0131nda geni\u015f bir beden aral\u0131\u011f\u0131nda mevcuttur.<\/p>","protected":false},"excerpt":{"rendered":"<ul>\n<li>Dayan\u0131kl\u0131l\u0131k ve sofistike stil i\u00e7in birinci s\u0131n\u0131f hakiki dana derisi d\u0131\u015f y\u00fczey.<\/li>\n<li>\u00dcst\u00fcn konfor i\u00e7in l\u00fcks, yumu\u015fak ve nefes alabilen ke\u00e7i derisi i\u00e7 astar.<\/li>\n<li>Hafif ve esnek EVA taban m\u00fckemmel yast\u0131klama ve destek sa\u011flar.<\/li>\n<li>Zamans\u0131z \u015f\u0131kl\u0131k i\u00e7in 1-3 cm ince topuklu klasik loafer rahat tasar\u0131m.<\/li>\n<li>Kapsaml\u0131 bir AB beden yelpazesinde mevcuttur: 39, 40, 41, 42, 43, 44, 45.<\/li>\n<li>Toptan sat\u0131\u015f i\u00e7in idealdir: Sipari\u015f ba\u015f\u0131na minimum 8 \u00e7ift sipari\u015f miktar\u0131.<\/li>\n<li>Verimli teslimat: \u00dcretim 12 g\u00fcnde tamamland\u0131, art\u0131 nakliye s\u00fcresi.<\/li>\n<\/ul>","protected":false},"featured_media":3771,"template":"","meta":{"_acf_changed":false,"_uag_custom_page_level_css":"","site-sidebar-layout":"default","site-content-layout":"","ast-site-content-layout":"default","site-content-style":"default","site-sidebar-style":"default","ast-global-header-display":"","ast-banner-title-visibility":"","ast-main-header-display":"","ast-hfb-above-header-display":"","ast-hfb-below-header-display":"","ast-hfb-mobile-header-display":"","site-post-title":"","ast-breadcrumbs-content":"","ast-featured-img":"","footer-sml-layout":"","ast-disable-related-posts":"","theme-transparent-header-meta":"","adv-header-id-meta":"","stick-header-meta":"","header-above-stick-meta":"","header-main-stick-meta":"","header-below-stick-meta":"","astra-migrate-meta-layouts":"default","ast-page-background-enabled":"default","ast-page-background-meta":{"desktop":{"background-color":"var(--ast-global-color-4)","background-image":"","background-repeat":"repeat","background-position":"center center","background-size":"auto","background-attachment":"scroll","background-type":"","background-media":"","overlay-type":"","overlay-color":"","overlay-opacity":"","overlay-gradient":""},"tablet":{"background-color":"","background-image":"","background-repeat":"repeat","background-position":"center center","background-size":"auto","background-attachment":"scroll","background-type":"","background-media":"","overlay-type":"","overlay-color":"","overlay-opacity":"","overlay-gradient":""},"mobile":{"background-color":"","background-image":"","background-repeat":"repeat","background-position":"center center","background-size":"auto","background-attachment":"scroll","background-type":"","background-media":"","overlay-type":"","overlay-color":"","overlay-opacity":"","overlay-gradient":""}},"ast-content-background-meta":{"desktop":{"background-color":"var(--ast-global-color-5)","background-image":"","background-repeat":"repeat","background-position":"center center","background-size":"auto","background-attachment":"scroll","background-type":"","background-media":"","overlay-type":"","overlay-color":"","overlay-opacity":"","overlay-gradient":""},"tablet":{"background-color":"var(--ast-global-color-5)","background-image":"","background-repeat":"repeat","background-position":"center center","background-size":"auto","background-attachment":"scroll","background-type":"","background-media":"","overlay-type":"","overlay-color":"","overlay-opacity":"","overlay-gradient":""},"mobile":{"background-color":"var(--ast-global-color-5)","background-image":"","background-repeat":"repeat","background-position":"center center","background-size":"auto","background-attachment":"scroll","background-type":"","background-media":"","overlay-type":"","overlay-color":"","overlay-opacity":"","overlay-gradient":""}}},"product_brand":[],"product_cat":[47,430,40],"product_tag":[370,674,200,202,449,272,978,438,960,437,215,374,255],"class_list":{"0":"post-5616","1":"product","2":"type-product","3":"status-publish","4":"has-post-thumbnail","6":"product_cat-classic","7":"product_cat-men","8":"product_cat-mens-shoes","9":"product_tag-black-loafers","10":"product_tag-bulk-shoes","11":"product_tag-business-casual","12":"product_tag-calf-leather","13":"product_tag-casual-shoes","14":"product_tag-comfort-shoes","15":"product_tag-dress-casual-shoes","16":"product_tag-eva-sole","17":"product_tag-formal-casual","18":"product_tag-goat-leather","19":"product_tag-leather-loafers","20":"product_tag-premium-loafers","21":"product_tag-turkish-leather-shoes","22":"desktop-align-center","23":"tablet-align-center","24":"mobile-align-center","26":"first","27":"instock","28":"shipping-taxable","29":"purchasable","30":"product-type-variable","31":"has-default-attributes"},"acf":[],"uagb_featured_image_src":{"full":["https:\/\/turkishtrade.co\/wp-content\/uploads\/2026\/01\/2400EJOMN00345-BLACK-X_7820-4-USD.png",453,250,false],"thumbnail":["https:\/\/turkishtrade.co\/wp-content\/uploads\/2026\/01\/2400EJOMN00345-BLACK-X_7820-4-USD-150x150.png",150,150,true],"medium":["https:\/\/turkishtrade.co\/wp-content\/uploads\/2026\/01\/2400EJOMN00345-BLACK-X_7820-4-USD-300x166.png",300,166,true],"medium_large":["https:\/\/turkishtrade.co\/wp-content\/uploads\/2026\/01\/2400EJOMN00345-BLACK-X_7820-4-USD.png",453,250,false],"large":["https:\/\/turkishtrade.co\/wp-content\/uploads\/2026\/01\/2400EJOMN00345-BLACK-X_7820-4-USD.png",453,250,false],"1536x1536":["https:\/\/turkishtrade.co\/wp-content\/uploads\/2026\/01\/2400EJOMN00345-BLACK-X_7820-4-USD.png",453,250,false],"2048x2048":["https:\/\/turkishtrade.co\/wp-content\/uploads\/2026\/01\/2400EJOMN00345-BLACK-X_7820-4-USD.png",453,250,false],"trp-custom-language-flag":["https:\/\/turkishtrade.co\/wp-content\/uploads\/2026\/01\/2400EJOMN00345-BLACK-X_7820-4-USD-18x10.png",18,10,true],"woocommerce_thumbnail":["https:\/\/turkishtrade.co\/wp-content\/uploads\/2026\/01\/2400EJOMN00345-BLACK-X_7820-4-USD-400x250.png",400,250,true],"woocommerce_single":["https:\/\/turkishtrade.co\/wp-content\/uploads\/2026\/01\/2400EJOMN00345-BLACK-X_7820-4-USD.png",453,250,false],"woocommerce_gallery_thumbnail":["https:\/\/turkishtrade.co\/wp-content\/uploads\/2026\/01\/2400EJOMN00345-BLACK-X_7820-4-USD-100x100.png",100,100,true]},"uagb_author_info":{"display_name":"yaser olabi","author_link":"https:\/\/turkishtrade.co\/tr\/author\/"},"uagb_comment_info":0,"uagb_excerpt":"Premium genuine calf leather exterior for durability and sophisticated style. Luxurious, soft, and breathable goat leather interior lining for ultimate comfort. Lightweight and flexible EVA sole provides excellent cushioning and support. Classic loafer casual design with a subtle 1-3 cm heel for timeless elegance. Available in a comprehensive range of EU sizes: 39, 40, 41,&hellip;","_links":{"self":[{"href":"https:\/\/turkishtrade.co\/tr\/wp-json\/wp\/v2\/product\/5616","targetHints":{"allow":["GET"]}}],"collection":[{"href":"https:\/\/turkishtrade.co\/tr\/wp-json\/wp\/v2\/product"}],"about":[{"href":"https:\/\/turkishtrade.co\/tr\/wp-json\/wp\/v2\/types\/product"}],"wp:featuredmedia":[{"embeddable":true,"href":"https:\/\/turkishtrade.co\/tr\/wp-json\/wp\/v2\/media\/3771"}],"wp:attachment":[{"href":"https:\/\/turkishtrade.co\/tr\/wp-json\/wp\/v2\/media?parent=5616"}],"wp:term":[{"taxonomy":"product_brand","embeddable":true,"href":"https:\/\/turkishtrade.co\/tr\/wp-json\/wp\/v2\/product_brand?post=5616"},{"taxonomy":"product_cat","embeddable":true,"href":"https:\/\/turkishtrade.co\/tr\/wp-json\/wp\/v2\/product_cat?post=5616"},{"taxonomy":"product_tag","embeddable":true,"href":"https:\/\/turkishtrade.co\/tr\/wp-json\/wp\/v2\/product_tag?post=5616"}],"curies":[{"name":"wp","href":"https:\/\/api.w.org\/{rel}","templated":true}]}}