{"id":5603,"date":"2026-01-14T12:20:49","date_gmt":"2026-01-14T12:20:49","guid":{"rendered":"https:\/\/turkishtrade.co\/product\/men-cap-toe-leather-derby\/"},"modified":"2026-04-09T19:29:27","modified_gmt":"2026-04-09T19:29:27","slug":"derby-shoes-mens-cap-toe-leather-derby","status":"publish","type":"product","link":"https:\/\/turkishtrade.co\/tr\/shop\/derby-shoes-mens-cap-toe-leather-derby\/","title":{"rendered":"Premium Erkek \u015eapkal\u0131 Deri Derby Ayakkab\u0131"},"content":{"rendered":"<p><strong>Erkek \u015eapkal\u0131 Deri Derby<\/strong><\/p>\n<p>Enfes tasar\u0131m\u0131m\u0131zla rafine \u015f\u0131kl\u0131\u011fa ad\u0131m at\u0131n <b>Erkek \u015eapkal\u0131 Deri Derby<\/b> ayakkab\u0131 koleksiyonunuzu y\u00fckseltmek i\u00e7in titizlikle \u00fcretilmi\u015ftir. Bu birinci s\u0131n\u0131f ayakkab\u0131lar, hem klasik tarz\u0131 hem de benzersiz konforu takdir eden se\u00e7ici bireyler i\u00e7in tasarlanm\u0131\u015ft\u0131r. Zamans\u0131z derby silueti ile bir araya gelen sofistike kap-toe detaylar, resmi i\u015f toplant\u0131lar\u0131ndan \u015f\u0131k ve g\u00fcndelik bulu\u015fmalara kadar \u00e7e\u015fitli durumlar i\u00e7in m\u00fckemmel olan \u00e7ok y\u00f6nl\u00fc bir ayakkab\u0131 yarat\u0131r.<\/p>\n<p>Bu ola\u011fan\u00fcst\u00fc \u00fcr\u00fcnlerin her bir \u00e7ifti <b>Erkek \u015eapkal\u0131 Deri Derby<\/b> ayakkab\u0131lar g\u00f6rkemli bir dana derisi d\u0131\u015f y\u00fczeye sahiptir. Bu y\u00fcksek kaliteli s\u0131r\u00e7al\u0131 deri sadece se\u00e7kin bir estetik sa\u011flamakla kalmaz, ayn\u0131 zamanda ola\u011fan\u00fcst\u00fc dayan\u0131kl\u0131l\u0131k ve zaman i\u00e7inde g\u00fczel bir \u015fekilde geli\u015fen zarif bir patina sa\u011flar. \u0130\u00e7 k\u0131s\u0131mda ise ayaklar\u0131n\u0131z, yumu\u015fakl\u0131\u011f\u0131 ve m\u00fckemmel nefes alabilirli\u011fi ile tan\u0131nan hakiki ke\u00e7i derisi astar\u0131n l\u00fcks konforuyla sarmalanacak. Birinci s\u0131n\u0131f derilerin bu \u00f6zenli kombinasyonu, uzun s\u00fcreli kullan\u0131mlarda bile ayaklar\u0131n\u0131z i\u00e7in rahat ve sa\u011fl\u0131kl\u0131 bir ortam sa\u011flar.<\/p>\n<h3>Rakipsiz Konfor ve \u0130\u015f\u00e7ilik<\/h3>\n<p>Yenilik\u00e7ilik, gelenekle bulu\u015fuyor <b>Erkek \u015eapkal\u0131 Deri Derby<\/b> ayakkab\u0131lar. Hafif ancak sa\u011flam bir EVA taban ile donat\u0131lm\u0131\u015f bu ayakkab\u0131lar, destekten \u00f6d\u00fcn vermeden \u00fcst\u00fcn yast\u0131klama ve esneklik sunar. EVA taban m\u00fckemmel \u015fok emilimi sa\u011flayarak her ad\u0131m\u0131 bir zevk haline getirirken, dayan\u0131kl\u0131 yap\u0131s\u0131 uzun \u00f6m\u00fcrl\u00fcl\u00fc\u011f\u00fc garanti eder. Klasik 1-3 cm topuk y\u00fcksekli\u011fine sahip bu ayakkab\u0131lar, stil ve pratik giyilebilirlik aras\u0131nda m\u00fckemmel bir denge kurar. 39'dan 45'e kadar kapsaml\u0131 bir beden aral\u0131\u011f\u0131nda mevcut olup, her beyefendi i\u00e7in m\u00fckemmel bir uyum sa\u011flar.<\/p>\n<p>\u00c7arp\u0131c\u0131 g\u00f6r\u00fcn\u00fcmleri ve \u00fcst\u00fcn malzemelerinin \u00f6tesinde, bu <b>Erkek \u015eapkal\u0131 Deri Derby<\/b> ayakkab\u0131lar uzun \u00f6m\u00fcrl\u00fcd\u00fcr. Yarat\u0131m\u0131nda kullan\u0131lan titiz i\u015f\u00e7ilik, y\u0131llarca gard\u0131robunuzda temel bir par\u00e7a olarak kalacak bir \u00e7ift ayakkab\u0131ya yat\u0131r\u0131m yapt\u0131\u011f\u0131n\u0131z anlam\u0131na gelir. \u0130ster sofistike siyah ister zengin kahverengi iki tonlu se\u00e7ene\u011fi se\u00e7in, bu ayakkab\u0131lar k\u0131yafetlerinizi zahmetsizce tamamlayacakt\u0131r. M\u00fc\u015fterilerine ola\u011fan\u00fcst\u00fc kalite sunmak isteyen perakendeciler ve i\u015fletmeler i\u00e7in bu ayakkab\u0131lar, minimum 8 \u00e7ift miktar ve 12 g\u00fcn art\u0131 kargo ile g\u00fcvenilir bir teslimat s\u00fcresi ile toplu sipari\u015fler i\u00e7in mevcuttur. \u015eapkal\u0131 deri derby ayakkab\u0131lar\u0131m\u0131zla klasik tasar\u0131m, modern konfor ve kal\u0131c\u0131 kalitenin m\u00fckemmel kar\u0131\u015f\u0131m\u0131n\u0131 deneyimleyin.<\/p>","protected":false},"excerpt":{"rendered":"<ul>\n<li>Sofistike bir \u00e7ekicilik i\u00e7in zarif dana derisi d\u0131\u015f y\u00fczey.<\/li>\n<li>Rahat ke\u00e7i derisi astar nefes alabilirlik ve l\u00fcks bir his sa\u011flar.<\/li>\n<li>G\u00fcn boyu konfor ve \u00fcst\u00fcn tutu\u015f i\u00e7in hafif ve dayan\u0131kl\u0131 EVA taban.<\/li>\n<li>Zarif bir profil i\u00e7in klasik 1-3 cm topuk y\u00fcksekli\u011fi.<\/li>\n<li>39'dan 45'e kadar kapsaml\u0131 bir beden aral\u0131\u011f\u0131nda mevcuttur.<\/li>\n<li>Minimum sipari\u015f miktar\u0131: 8 \u00e7ift, perakendeciler i\u00e7in ideal.<\/li>\n<li>G\u00fcvenilir teslimat 12 g\u00fcn i\u00e7inde art\u0131 nakliye.<\/li>\n<\/ul>","protected":false},"featured_media":3760,"template":"","meta":{"_acf_changed":false,"_uag_custom_page_level_css":"","site-sidebar-layout":"default","site-content-layout":"","ast-site-content-layout":"default","site-content-style":"default","site-sidebar-style":"default","ast-global-header-display":"","ast-banner-title-visibility":"","ast-main-header-display":"","ast-hfb-above-header-display":"","ast-hfb-below-header-display":"","ast-hfb-mobile-header-display":"","site-post-title":"","ast-breadcrumbs-content":"","ast-featured-img":"","footer-sml-layout":"","ast-disable-related-posts":"","theme-transparent-header-meta":"default","adv-header-id-meta":"","stick-header-meta":"","header-above-stick-meta":"","header-main-stick-meta":"","header-below-stick-meta":"","astra-migrate-meta-layouts":"set","ast-page-background-enabled":"default","ast-page-background-meta":{"desktop":{"background-color":"var(--ast-global-color-4)","background-image":"","background-repeat":"repeat","background-position":"center center","background-size":"auto","background-attachment":"scroll","background-type":"","background-media":"","overlay-type":"","overlay-color":"","overlay-opacity":"","overlay-gradient":""},"tablet":{"background-color":"","background-image":"","background-repeat":"repeat","background-position":"center center","background-size":"auto","background-attachment":"scroll","background-type":"","background-media":"","overlay-type":"","overlay-color":"","overlay-opacity":"","overlay-gradient":""},"mobile":{"background-color":"","background-image":"","background-repeat":"repeat","background-position":"center center","background-size":"auto","background-attachment":"scroll","background-type":"","background-media":"","overlay-type":"","overlay-color":"","overlay-opacity":"","overlay-gradient":""}},"ast-content-background-meta":{"desktop":{"background-color":"var(--ast-global-color-5)","background-image":"","background-repeat":"repeat","background-position":"center center","background-size":"auto","background-attachment":"scroll","background-type":"","background-media":"","overlay-type":"","overlay-color":"","overlay-opacity":"","overlay-gradient":""},"tablet":{"background-color":"var(--ast-global-color-5)","background-image":"","background-repeat":"repeat","background-position":"center center","background-size":"auto","background-attachment":"scroll","background-type":"","background-media":"","overlay-type":"","overlay-color":"","overlay-opacity":"","overlay-gradient":""},"mobile":{"background-color":"var(--ast-global-color-5)","background-image":"","background-repeat":"repeat","background-position":"center center","background-size":"auto","background-attachment":"scroll","background-type":"","background-media":"","overlay-type":"","overlay-color":"","overlay-opacity":"","overlay-gradient":""}}},"product_brand":[],"product_cat":[47,430,40],"product_tag":[435,561,405,202,458,449,145,212,284,438,251,437,227,198],"class_list":{"0":"post-5603","1":"product","2":"type-product","3":"status-publish","4":"has-post-thumbnail","6":"product_cat-classic","7":"product_cat-men","8":"product_cat-mens-shoes","9":"product_tag-black-derby","10":"product_tag-brown-derby","11":"product_tag-business-shoes","12":"product_tag-calf-leather","13":"product_tag-cap-toe-shoes","14":"product_tag-casual-shoes","15":"product_tag-classic-shoes","16":"product_tag-derby-shoes","17":"product_tag-dress-shoes","18":"product_tag-eva-sole","19":"product_tag-formal-shoes","20":"product_tag-goat-leather","21":"product_tag-leather-shoes","22":"product_tag-mens-fashion","23":"desktop-align-center","24":"tablet-align-center","25":"mobile-align-center","27":"first","28":"instock","29":"shipping-taxable","30":"purchasable","31":"product-type-variable","32":"has-default-attributes"},"acf":[],"uagb_featured_image_src":{"full":["https:\/\/turkishtrade.co\/wp-content\/uploads\/2026\/01\/2400EJOMN00340-DARK-BROWN-Y_873.png",453,250,false],"thumbnail":["https:\/\/turkishtrade.co\/wp-content\/uploads\/2026\/01\/2400EJOMN00340-DARK-BROWN-Y_873-150x150.png",150,150,true],"medium":["https:\/\/turkishtrade.co\/wp-content\/uploads\/2026\/01\/2400EJOMN00340-DARK-BROWN-Y_873-300x166.png",300,166,true],"medium_large":["https:\/\/turkishtrade.co\/wp-content\/uploads\/2026\/01\/2400EJOMN00340-DARK-BROWN-Y_873.png",453,250,false],"large":["https:\/\/turkishtrade.co\/wp-content\/uploads\/2026\/01\/2400EJOMN00340-DARK-BROWN-Y_873.png",453,250,false],"1536x1536":["https:\/\/turkishtrade.co\/wp-content\/uploads\/2026\/01\/2400EJOMN00340-DARK-BROWN-Y_873.png",453,250,false],"2048x2048":["https:\/\/turkishtrade.co\/wp-content\/uploads\/2026\/01\/2400EJOMN00340-DARK-BROWN-Y_873.png",453,250,false],"trp-custom-language-flag":["https:\/\/turkishtrade.co\/wp-content\/uploads\/2026\/01\/2400EJOMN00340-DARK-BROWN-Y_873-18x10.png",18,10,true],"woocommerce_thumbnail":["https:\/\/turkishtrade.co\/wp-content\/uploads\/2026\/01\/2400EJOMN00340-DARK-BROWN-Y_873-400x250.png",400,250,true],"woocommerce_single":["https:\/\/turkishtrade.co\/wp-content\/uploads\/2026\/01\/2400EJOMN00340-DARK-BROWN-Y_873.png",453,250,false],"woocommerce_gallery_thumbnail":["https:\/\/turkishtrade.co\/wp-content\/uploads\/2026\/01\/2400EJOMN00340-DARK-BROWN-Y_873-100x100.png",100,100,true]},"uagb_author_info":{"display_name":"yaser olabi","author_link":"https:\/\/turkishtrade.co\/tr\/author\/"},"uagb_comment_info":0,"uagb_excerpt":"Exquisite calf leather exterior for sophisticated appeal. Comfortable goat leather lining ensures breathability and a luxurious feel. Lightweight and durable EVA sole for all-day comfort and superior traction. Classic 1-3 cm heel height for a refined profile. Available in a comprehensive size range from 39 to 45. Minimum order quantity: 8 pairs, ideal for retailers.&hellip;","_links":{"self":[{"href":"https:\/\/turkishtrade.co\/tr\/wp-json\/wp\/v2\/product\/5603","targetHints":{"allow":["GET"]}}],"collection":[{"href":"https:\/\/turkishtrade.co\/tr\/wp-json\/wp\/v2\/product"}],"about":[{"href":"https:\/\/turkishtrade.co\/tr\/wp-json\/wp\/v2\/types\/product"}],"wp:featuredmedia":[{"embeddable":true,"href":"https:\/\/turkishtrade.co\/tr\/wp-json\/wp\/v2\/media\/3760"}],"wp:attachment":[{"href":"https:\/\/turkishtrade.co\/tr\/wp-json\/wp\/v2\/media?parent=5603"}],"wp:term":[{"taxonomy":"product_brand","embeddable":true,"href":"https:\/\/turkishtrade.co\/tr\/wp-json\/wp\/v2\/product_brand?post=5603"},{"taxonomy":"product_cat","embeddable":true,"href":"https:\/\/turkishtrade.co\/tr\/wp-json\/wp\/v2\/product_cat?post=5603"},{"taxonomy":"product_tag","embeddable":true,"href":"https:\/\/turkishtrade.co\/tr\/wp-json\/wp\/v2\/product_tag?post=5603"}],"curies":[{"name":"wp","href":"https:\/\/api.w.org\/{rel}","templated":true}]}}