{"id":5600,"date":"2026-01-14T12:20:26","date_gmt":"2026-01-14T12:20:26","guid":{"rendered":"https:\/\/turkishtrade.co\/product\/men-s-classic-leather-loafers\/"},"modified":"2026-04-09T19:29:32","modified_gmt":"2026-04-09T19:29:32","slug":"mens-classic-leather-loafers-bulk-casual","status":"publish","type":"product","link":"https:\/\/turkishtrade.co\/tr\/shop\/mens-classic-leather-loafers-bulk-casual\/","title":{"rendered":"Premium Erkek Klasik Dana Derisi Loafer'lar"},"content":{"rendered":"<p><strong>Erkek Klasik Deri Loafer'lar<\/strong><\/p>\n<p>Ayakkab\u0131 koleksiyonunuzu se\u00e7kin \u00fcr\u00fcnlerimizle geli\u015ftirin <b>Erkek Klasik Deri Loafer'lar<\/b>, Hem kusursuz stile hem de \u00fcst\u00fcn konfora de\u011fer veren modern beyefendiler i\u00e7in tasarland\u0131. Bu birinci s\u0131n\u0131f slip-on ayakkab\u0131lar, \u00fcst\u00fcn i\u015f\u00e7ilik ve l\u00fcks malzemelerin bir kan\u0131t\u0131d\u0131r ve onlar\u0131 her se\u00e7kin gard\u0131rop i\u00e7in vazge\u00e7ilmez bir eklenti haline getirir. Bu ayakkab\u0131lar\u0131n her bir \u00e7ifti <b>erkek klasi\u0307k deri\u0307 mokasen<\/b> benzersiz bir kalite sunmak i\u00e7in titizlikle \u00fcretilmi\u015ftir, hem g\u00f6r\u00fcn\u00fcm hem de dayan\u0131kl\u0131l\u0131k a\u00e7\u0131s\u0131ndan \u00f6ne \u00e7\u0131kmalar\u0131n\u0131 sa\u011flar, y\u00fcksek de\u011ferli \u00fcr\u00fcnleri stoklamak isteyen perakendeciler i\u00e7in m\u00fckemmeldir.<\/p>\n<h3>Premium Malzemelerle E\u015fsiz Kalite<\/h3>\n<p>Bu sofistike \u00fcr\u00fcnlerin d\u0131\u015f y\u00fczeyi <b>erkek klasi\u0307k deri\u0307 mokasen<\/b> esnek dokusu, zarif y\u00fczeyi ve ola\u011fan\u00fcst\u00fc uzun \u00f6m\u00fcrl\u00fcl\u00fc\u011f\u00fc ile tan\u0131nan hakiki dana derisinden \u00fcretilmi\u015ftir. Bu malzeme se\u00e7imi sadece se\u00e7kin bir estetik sa\u011flamakla kalmaz, ayn\u0131 zamanda ayakkab\u0131lar\u0131n zarif bir \u015fekilde ya\u015flanmas\u0131n\u0131 ve zaman i\u00e7inde zengin bir patine geli\u015ftirmesini sa\u011flar. Sa\u011flam d\u0131\u015f y\u00fczeyi tamamlayan, son derece yumu\u015fak ke\u00e7i derisi i\u00e7 astar. Bu do\u011fal, nefes alabilen malzeme ayaklar\u0131n\u0131z\u0131 rahat\u00e7a sarar, tahri\u015fi \u00f6nler ve t\u00fcm g\u00fcn ferah bir his i\u00e7in nemi uzakla\u015ft\u0131r\u0131r. Dana ve ke\u00e7i derisinin uyumlu kombinasyonu bu ayakkab\u0131lar\u0131 y\u00fcceltiyor <b>erkek klasi\u0307k deri\u0307 mokasen<\/b> hem l\u00fcks hem de pratik giyim vaat ederek kendi s\u0131n\u0131f\u0131nda bir yere sahiptir.<\/p>\n<h3>Konfor ve Stil i\u00e7in Tasarland\u0131<\/h3>\n<p>Bu zarif tasar\u0131m\u0131n temelinde hafif ve esnek EVA taban yer al\u0131r. Bu geli\u015fmi\u015f malzeme, \u00fcst\u00fcn \u015fok emilimi ve m\u00fckemmel \u00e7eki\u015f g\u00fcc\u00fc sunarak, m\u00fc\u015fterileriniz ister \u015fehir sokaklar\u0131nda geziniyor ister uzun saatler boyunca ayakta kal\u0131yor olsun, rahat bir y\u00fcr\u00fcy\u00fc\u015f deneyimi sa\u011flar. 1-3 cm'lik klasik topuk y\u00fcksekli\u011fi ile bu <b>erkek klasi\u0307k deri\u0307 mokasen<\/b> geleneksel \u015f\u0131kl\u0131k ve \u00e7a\u011fda\u015f konfor aras\u0131nda m\u00fckemmel bir denge kurar. \u00c7ok y\u00f6nl\u00fc tasar\u0131mlar\u0131, bu ayakkab\u0131lar\u0131 g\u00fcndelik geziler ve smart-casual toplant\u0131lardan i\u015f ama\u00e7l\u0131 g\u00fcndelik ortamlara kadar \u00e7ok \u00e7e\u015fitli durumlar i\u00e7in uygun hale getirir. Hem \u015f\u0131k hem de rahat ayakkab\u0131lar arayan t\u00fcm erkekler i\u00e7in ideal bir se\u00e7imdir.<\/p>\n<p>&nbsp;<\/p>","protected":false},"excerpt":{"rendered":"<ul>\n<li>Ola\u011fan\u00fcst\u00fc dayan\u0131kl\u0131l\u0131k ve stil i\u00e7in birinci s\u0131n\u0131f Dana Derisi d\u0131\u015f y\u00fczeyden \u00fcretilmi\u015ftir.<\/li>\n<li>L\u00fcks Ke\u00e7i Derisi i\u00e7 astar \u00fcst\u00fcn konfor ve nefes alabilirlik sa\u011flar.<\/li>\n<li>Hafif ve esnek EVA taban, m\u00fckemmel \u015fok emilimi ve g\u00fcn boyu destek sa\u011flar.<\/li>\n<li>Rahat 1-3 cm topuk y\u00fcksekli\u011fi ile zamans\u0131z bir klasik loafer stiline sahiptir.<\/li>\n<li>Kapsaml\u0131 bir beden aral\u0131\u011f\u0131nda mevcuttur: AB 39, 40, 41, 42, 43, 44, 45.<\/li>\n<li>Koyu mavi, zengin kahverengi ve derin bordo gibi sofistike tonlarda sunulmaktad\u0131r.<\/li>\n<li>Minimum sipari\u015f miktar\u0131: 8 \u00e7ift, toplu al\u0131mlar ve perakende stoklama i\u00e7in idealdir.<\/li>\n<li>Verimli teslimat s\u00fcresi: 12 g\u00fcn + standart nakliye.<\/li>\n<\/ul>","protected":false},"featured_media":3758,"template":"","meta":{"_acf_changed":false,"_uag_custom_page_level_css":"","site-sidebar-layout":"default","site-content-layout":"","ast-site-content-layout":"default","site-content-style":"default","site-sidebar-style":"default","ast-global-header-display":"","ast-banner-title-visibility":"","ast-main-header-display":"","ast-hfb-above-header-display":"","ast-hfb-below-header-display":"","ast-hfb-mobile-header-display":"","site-post-title":"","ast-breadcrumbs-content":"","ast-featured-img":"","footer-sml-layout":"","ast-disable-related-posts":"","theme-transparent-header-meta":"default","adv-header-id-meta":"","stick-header-meta":"","header-above-stick-meta":"","header-main-stick-meta":"","header-below-stick-meta":"","astra-migrate-meta-layouts":"set","ast-page-background-enabled":"default","ast-page-background-meta":{"desktop":{"background-color":"var(--ast-global-color-4)","background-image":"","background-repeat":"repeat","background-position":"center center","background-size":"auto","background-attachment":"scroll","background-type":"","background-media":"","overlay-type":"","overlay-color":"","overlay-opacity":"","overlay-gradient":""},"tablet":{"background-color":"","background-image":"","background-repeat":"repeat","background-position":"center center","background-size":"auto","background-attachment":"scroll","background-type":"","background-media":"","overlay-type":"","overlay-color":"","overlay-opacity":"","overlay-gradient":""},"mobile":{"background-color":"","background-image":"","background-repeat":"repeat","background-position":"center center","background-size":"auto","background-attachment":"scroll","background-type":"","background-media":"","overlay-type":"","overlay-color":"","overlay-opacity":"","overlay-gradient":""}},"ast-content-background-meta":{"desktop":{"background-color":"var(--ast-global-color-5)","background-image":"","background-repeat":"repeat","background-position":"center center","background-size":"auto","background-attachment":"scroll","background-type":"","background-media":"","overlay-type":"","overlay-color":"","overlay-opacity":"","overlay-gradient":""},"tablet":{"background-color":"var(--ast-global-color-5)","background-image":"","background-repeat":"repeat","background-position":"center center","background-size":"auto","background-attachment":"scroll","background-type":"","background-media":"","overlay-type":"","overlay-color":"","overlay-opacity":"","overlay-gradient":""},"mobile":{"background-color":"var(--ast-global-color-5)","background-image":"","background-repeat":"repeat","background-position":"center center","background-size":"auto","background-attachment":"scroll","background-type":"","background-media":"","overlay-type":"","overlay-color":"","overlay-opacity":"","overlay-gradient":""}}},"product_brand":[],"product_cat":[47,430,40],"product_tag":[453,200,185,272,438,189,215,976,198,565,374,184,977,255,281],"class_list":{"0":"post-5600","1":"product","2":"type-product","3":"status-publish","4":"has-post-thumbnail","6":"product_cat-classic","7":"product_cat-men","8":"product_cat-mens-shoes","9":"product_tag-bulk-footwear","10":"product_tag-business-casual","11":"product_tag-calf-leather-shoes","12":"product_tag-comfort-shoes","13":"product_tag-eva-sole","14":"product_tag-goat-leather-lining","15":"product_tag-leather-loafers","16":"product_tag-mens-classic-leather-loafers","17":"product_tag-mens-fashion","18":"product_tag-mens-formal-shoes","19":"product_tag-premium-loafers","20":"product_tag-slip-on-shoes","21":"product_tag-timeless-style","22":"product_tag-turkish-leather-shoes","23":"product_tag-wholesale-shoes","24":"desktop-align-center","25":"tablet-align-center","26":"mobile-align-center","28":"first","29":"instock","30":"shipping-taxable","31":"purchasable","32":"product-type-variable","33":"has-default-attributes"},"acf":[],"uagb_featured_image_src":{"full":["https:\/\/turkishtrade.co\/wp-content\/uploads\/2026\/01\/2400EJOMN00339-BURGUNDEY-ZL_102.png",453,250,false],"thumbnail":["https:\/\/turkishtrade.co\/wp-content\/uploads\/2026\/01\/2400EJOMN00339-BURGUNDEY-ZL_102-150x150.png",150,150,true],"medium":["https:\/\/turkishtrade.co\/wp-content\/uploads\/2026\/01\/2400EJOMN00339-BURGUNDEY-ZL_102-300x166.png",300,166,true],"medium_large":["https:\/\/turkishtrade.co\/wp-content\/uploads\/2026\/01\/2400EJOMN00339-BURGUNDEY-ZL_102.png",453,250,false],"large":["https:\/\/turkishtrade.co\/wp-content\/uploads\/2026\/01\/2400EJOMN00339-BURGUNDEY-ZL_102.png",453,250,false],"1536x1536":["https:\/\/turkishtrade.co\/wp-content\/uploads\/2026\/01\/2400EJOMN00339-BURGUNDEY-ZL_102.png",453,250,false],"2048x2048":["https:\/\/turkishtrade.co\/wp-content\/uploads\/2026\/01\/2400EJOMN00339-BURGUNDEY-ZL_102.png",453,250,false],"trp-custom-language-flag":["https:\/\/turkishtrade.co\/wp-content\/uploads\/2026\/01\/2400EJOMN00339-BURGUNDEY-ZL_102-18x10.png",18,10,true],"woocommerce_thumbnail":["https:\/\/turkishtrade.co\/wp-content\/uploads\/2026\/01\/2400EJOMN00339-BURGUNDEY-ZL_102-400x250.png",400,250,true],"woocommerce_single":["https:\/\/turkishtrade.co\/wp-content\/uploads\/2026\/01\/2400EJOMN00339-BURGUNDEY-ZL_102.png",453,250,false],"woocommerce_gallery_thumbnail":["https:\/\/turkishtrade.co\/wp-content\/uploads\/2026\/01\/2400EJOMN00339-BURGUNDEY-ZL_102-100x100.png",100,100,true]},"uagb_author_info":{"display_name":"yaser olabi","author_link":"https:\/\/turkishtrade.co\/tr\/author\/"},"uagb_comment_info":0,"uagb_excerpt":"Crafted from premium Calf Leather exterior for exceptional durability and style. Luxurious Goat Leather interior lining ensures supreme comfort and breathability. Lightweight and flexible EVA sole provides excellent shock absorption and all-day support. Features a timeless classic loafer style with a comfortable 1-3 cm heel height. Available in a comprehensive size range: EU 39, 40,&hellip;","_links":{"self":[{"href":"https:\/\/turkishtrade.co\/tr\/wp-json\/wp\/v2\/product\/5600","targetHints":{"allow":["GET"]}}],"collection":[{"href":"https:\/\/turkishtrade.co\/tr\/wp-json\/wp\/v2\/product"}],"about":[{"href":"https:\/\/turkishtrade.co\/tr\/wp-json\/wp\/v2\/types\/product"}],"wp:featuredmedia":[{"embeddable":true,"href":"https:\/\/turkishtrade.co\/tr\/wp-json\/wp\/v2\/media\/3758"}],"wp:attachment":[{"href":"https:\/\/turkishtrade.co\/tr\/wp-json\/wp\/v2\/media?parent=5600"}],"wp:term":[{"taxonomy":"product_brand","embeddable":true,"href":"https:\/\/turkishtrade.co\/tr\/wp-json\/wp\/v2\/product_brand?post=5600"},{"taxonomy":"product_cat","embeddable":true,"href":"https:\/\/turkishtrade.co\/tr\/wp-json\/wp\/v2\/product_cat?post=5600"},{"taxonomy":"product_tag","embeddable":true,"href":"https:\/\/turkishtrade.co\/tr\/wp-json\/wp\/v2\/product_tag?post=5600"}],"curies":[{"name":"wp","href":"https:\/\/api.w.org\/{rel}","templated":true}]}}