{"id":5595,"date":"2026-01-14T12:19:24","date_gmt":"2026-01-14T12:19:24","guid":{"rendered":"https:\/\/turkishtrade.co\/product\/mens-classic-leather-shoes\/"},"modified":"2026-04-09T19:29:40","modified_gmt":"2026-04-09T19:29:40","slug":"mens-classic-leather-shoes","status":"publish","type":"product","link":"https:\/\/turkishtrade.co\/tr\/shop\/mens-classic-leather-shoes\/","title":{"rendered":"Croc Detayl\u0131 Erkek Klasik Dana Derisi Derby Ayakkab\u0131"},"content":{"rendered":"<p><strong>Erkek Klasik Deri Ayakkab\u0131<\/strong><\/p>\n<p>Enfes koleksiyonumuzla rafine bir zarafet d\u00fcnyas\u0131na ad\u0131m at\u0131n <strong>Erkek Klasik Deri Ayakkab\u0131<\/strong>. Hem stil hem de \u00f6z\u00fc takdir eden se\u00e7ici bireyler i\u00e7in tasarlanan bu premium <strong>Erkek Klasik Deri Ayakkab\u0131<\/strong> zamans\u0131z esteti\u011fi modern konforla kusursuz bir \u015fekilde harmanl\u0131yor. \u0130ster \u00f6nemli bir i\u015f toplant\u0131s\u0131na, ister resmi bir etkinli\u011fe gidiyor olun, ister sadece g\u00fcnl\u00fck \u015f\u0131k ve rahat g\u00f6r\u00fcn\u00fcm\u00fcn\u00fcz\u00fc y\u00fckseltiyor olun, bu <strong>Erkek Klasik Deri Ayakkab\u0131<\/strong> kal\u0131c\u0131 bir etki b\u0131rakmak \u00fczere tasarlanm\u0131\u015ft\u0131r. Kaliteye olan ba\u011fl\u0131l\u0131\u011f\u0131m\u0131z, her bir \u00e7iftin <strong>Erkek Klasik Deri Ayakkab\u0131<\/strong> benzersiz dayan\u0131kl\u0131l\u0131k ve \u00f6ne \u00e7\u0131kan sofistike bir y\u00fczey sunar. M\u00fckemmel \u00e7ifti ke\u015ffedin <strong>Erkek Klasik Deri Ayakkab\u0131<\/strong> gard\u0131robunuz i\u00e7in.<\/p>\n<p>&nbsp;<\/p>\n<h3>Konfor ve Stil i\u00e7in Tasarland\u0131<\/h3>\n<p>Bizim <strong>Erkek Klasik Deri Ayakkab\u0131<\/strong> 1-3 cm'lik rahat bir topu\u011fa sahiptir ve geleneksel \u015f\u0131kl\u0131k ile ergonomik destek aras\u0131nda m\u00fckemmel bir denge kurar. Bu ince y\u00fckselti, konfordan \u00f6d\u00fcn vermeden duru\u015fu iyile\u015ftirir ve bu ayakkab\u0131lar\u0131 t\u00fcm g\u00fcn kullan\u0131m i\u00e7in ideal hale getirir. Klasik siyah ve zengin kahverengiden olu\u015fan sofistike bir palette sunulan bu ayakkab\u0131lar, her gard\u0131robu tamamlayacak \u00e7ok y\u00f6nl\u00fcl\u00fck sunar. Uzman yap\u0131s\u0131, 39'dan 45'e kadar geni\u015f bir beden yelpazesinde mevcut olan bu ayakkab\u0131lar\u0131n tam ve rahat bir \u015fekilde oturmas\u0131n\u0131 sa\u011flar. Bu ayakkab\u0131lar\u0131n her bir \u00e7ifti <strong>Erkek Klasik Deri Ayakkab\u0131<\/strong> hassas diki\u015flerden dayan\u0131kl\u0131 ba\u011fc\u0131klara kadar ayr\u0131nt\u0131lara g\u00f6sterilen titiz \u00f6zenin bir kan\u0131t\u0131d\u0131r ve g\u00f6steri\u015fli ve zarif bir g\u00f6r\u00fcn\u00fcm\u00fc garanti eder. M\u00fckemmel \u00e7iftinizi bulun <strong>Erkek Klasik Deri Ayakkab\u0131<\/strong> Bug\u00fcn.<\/p>\n<h3>Her Durum \u0130\u00e7in \u0130deal Se\u00e7iminiz<\/h3>\n<p>Bu \u00e7ok y\u00f6nl\u00fc <strong>Erkek Klasik Deri Ayakkab\u0131<\/strong> ayakkab\u0131dan \u00e7ok daha fazlas\u0131d\u0131r; ki\u015fisel tarz\u0131n\u0131za yapt\u0131\u011f\u0131n\u0131z bir yat\u0131r\u0131md\u0131r. Resmi bir i\u015f ortam\u0131ndan sofistike bir ak\u015fam gezmesine zahmetsizce ge\u00e7i\u015f yapabilen bu modeller, her gard\u0131robun vazge\u00e7ilmez bir par\u00e7as\u0131d\u0131r. Geleneksel tasar\u0131m ve \u00e7a\u011fda\u015f konforun m\u00fckemmel birle\u015fimini <strong>Erkek Klasik Deri Ayakkab\u0131<\/strong> Kendinize olan g\u00fcveninizi art\u0131rmay\u0131 ve tak\u0131m\u0131n\u0131z\u0131 y\u00fckseltmeyi vaat ediyor. Sa\u011flam yap\u0131lar\u0131 uzun \u00f6m\u00fcrl\u00fcl\u00fck sa\u011flayarak size y\u0131llarca g\u00fcvenilir ve \u015f\u0131k bir arkada\u015f sunar. Bunlar <strong>Erkek Klasik Deri Ayakkab\u0131<\/strong> sofistike ayakkab\u0131y\u0131 ger\u00e7ekten tan\u0131ml\u0131yor.<\/p>\n<h3>Toptan Sat\u0131\u015f Avantaj\u0131 ve K\u00fcresel Teslimat<\/h3>\n<p>Y\u00fcksek kaliteli ayakkab\u0131lar sunmak isteyen perakendeciler ve i\u015fletmeler i\u00e7in <strong>Erkek Klasik Deri Ayakkab\u0131<\/strong> toplu al\u0131m i\u00e7in mevcuttur. Minimum sipari\u015f miktar\u0131 sadece 8 \u00e7ift oldu\u011fundan, bu aranan stilleri kolayca stoklayabilirsiniz. Teslim s\u00fcresi 12 g\u00fcn olan verimli bir i\u015fleme s\u00fcreci ve ard\u0131ndan bulundu\u011funuz yere g\u00fcvenilir bir sevkiyat sa\u011fl\u0131yoruz. M\u00fc\u015fterilerinize birinci s\u0131n\u0131f \u00fcr\u00fcnler sunmak i\u00e7in bizimle i\u015f ortakl\u0131\u011f\u0131 yap\u0131n <strong>Erkek Klasik Deri Ayakkab\u0131<\/strong> l\u00fcks\u00fc ve zamans\u0131z tasar\u0131m\u0131 somutla\u015ft\u0131ran ve se\u00e7kin \u00fcr\u00fcnlerini <strong>Erkek Klasik Deri Ayakkab\u0131<\/strong>.<\/p>","protected":false},"excerpt":{"rendered":"<ul>\n<li><strong>Premium Malzemeler:<\/strong> E\u015fsiz kalite i\u00e7in hakiki dana derisinden d\u0131\u015f y\u00fczey ve l\u00fcks ke\u00e7i derisinden i\u00e7 y\u00fczey ile \u00fcretilmi\u015ftir.<\/li>\n<li><strong>Rahat Tasar\u0131m:<\/strong> Hafif EVA tabana ve g\u00fcn boyu konfor i\u00e7in klasik 1-3 cm topu\u011fa sahiptir.<\/li>\n<li><strong>\u00c7ok Y\u00f6nl\u00fc Stil:<\/strong> Hem i\u015f hem de \u015f\u0131k g\u00fcndelik ortamlar i\u00e7in m\u00fckemmeldir, sofistike siyah ve zengin kahverengi renkleri mevcuttur.<\/li>\n<li><strong>Geni\u015f Boyut Aral\u0131\u011f\u0131:<\/strong> M\u00fckemmel bir uyum sa\u011flamak i\u00e7in 39, 40, 41, 42, 43, 44, 45 bedenleri mevcuttur.<\/li>\n<li><strong>Toplu Bulunabilirlik:<\/strong> Minimum 8 \u00e7ift sipari\u015f ve 12 g\u00fcn teslim s\u00fcresi art\u0131 nakliye.<\/li>\n<\/ul>","protected":false},"featured_media":3754,"template":"","meta":{"_acf_changed":false,"_uag_custom_page_level_css":"","site-sidebar-layout":"default","site-content-layout":"","ast-site-content-layout":"default","site-content-style":"default","site-sidebar-style":"default","ast-global-header-display":"","ast-banner-title-visibility":"","ast-main-header-display":"","ast-hfb-above-header-display":"","ast-hfb-below-header-display":"","ast-hfb-mobile-header-display":"","site-post-title":"","ast-breadcrumbs-content":"","ast-featured-img":"","footer-sml-layout":"","ast-disable-related-posts":"","theme-transparent-header-meta":"default","adv-header-id-meta":"","stick-header-meta":"","header-above-stick-meta":"","header-main-stick-meta":"","header-below-stick-meta":"","astra-migrate-meta-layouts":"set","ast-page-background-enabled":"default","ast-page-background-meta":{"desktop":{"background-color":"var(--ast-global-color-4)","background-image":"","background-repeat":"repeat","background-position":"center center","background-size":"auto","background-attachment":"scroll","background-type":"","background-media":"","overlay-type":"","overlay-color":"","overlay-opacity":"","overlay-gradient":""},"tablet":{"background-color":"","background-image":"","background-repeat":"repeat","background-position":"center center","background-size":"auto","background-attachment":"scroll","background-type":"","background-media":"","overlay-type":"","overlay-color":"","overlay-opacity":"","overlay-gradient":""},"mobile":{"background-color":"","background-image":"","background-repeat":"repeat","background-position":"center center","background-size":"auto","background-attachment":"scroll","background-type":"","background-media":"","overlay-type":"","overlay-color":"","overlay-opacity":"","overlay-gradient":""}},"ast-content-background-meta":{"desktop":{"background-color":"var(--ast-global-color-5)","background-image":"","background-repeat":"repeat","background-position":"center center","background-size":"auto","background-attachment":"scroll","background-type":"","background-media":"","overlay-type":"","overlay-color":"","overlay-opacity":"","overlay-gradient":""},"tablet":{"background-color":"var(--ast-global-color-5)","background-image":"","background-repeat":"repeat","background-position":"center center","background-size":"auto","background-attachment":"scroll","background-type":"","background-media":"","overlay-type":"","overlay-color":"","overlay-opacity":"","overlay-gradient":""},"mobile":{"background-color":"var(--ast-global-color-5)","background-image":"","background-repeat":"repeat","background-position":"center center","background-size":"auto","background-attachment":"scroll","background-type":"","background-media":"","overlay-type":"","overlay-color":"","overlay-opacity":"","overlay-gradient":""}}},"product_brand":[],"product_cat":[47,430,40],"product_tag":[196,292,854,405,185,809,290,974,287,314,251,189,973,310,324,198,787,975,280,254],"class_list":{"0":"post-5595","1":"product","2":"type-product","3":"status-publish","4":"has-post-thumbnail","6":"product_cat-classic","7":"product_cat-men","8":"product_cat-mens-shoes","9":"product_tag-black-leather-shoes","10":"product_tag-brown-leather-shoes","11":"product_tag-bulk-leather-shoes","12":"product_tag-business-shoes","13":"product_tag-calf-leather-shoes","14":"product_tag-classic-mens-footwear","15":"product_tag-comfortable-mens-shoes","16":"product_tag-crocodile-detail-shoes","17":"product_tag-eva-sole-shoes","18":"product_tag-formal-mens-shoes","19":"product_tag-formal-shoes","20":"product_tag-goat-leather-lining","21":"product_tag-mens-classic-leather-shoes","22":"product_tag-mens-derby-shoes","23":"product_tag-mens-dress-shoes","24":"product_tag-mens-fashion","25":"product_tag-premium-mens-shoes","26":"product_tag-quality-leather-footwear","27":"product_tag-smart-casual-shoes","28":"product_tag-wholesale-footwear","29":"desktop-align-center","30":"tablet-align-center","31":"mobile-align-center","33":"first","34":"instock","35":"shipping-taxable","36":"purchasable","37":"product-type-variable","38":"has-default-attributes"},"acf":[],"uagb_featured_image_src":{"full":["https:\/\/turkishtrade.co\/wp-content\/uploads\/2026\/01\/2400EJOMN00337-BROWN-X_431-1-usd.png",453,250,false],"thumbnail":["https:\/\/turkishtrade.co\/wp-content\/uploads\/2026\/01\/2400EJOMN00337-BROWN-X_431-1-usd-150x150.png",150,150,true],"medium":["https:\/\/turkishtrade.co\/wp-content\/uploads\/2026\/01\/2400EJOMN00337-BROWN-X_431-1-usd-300x166.png",300,166,true],"medium_large":["https:\/\/turkishtrade.co\/wp-content\/uploads\/2026\/01\/2400EJOMN00337-BROWN-X_431-1-usd.png",453,250,false],"large":["https:\/\/turkishtrade.co\/wp-content\/uploads\/2026\/01\/2400EJOMN00337-BROWN-X_431-1-usd.png",453,250,false],"1536x1536":["https:\/\/turkishtrade.co\/wp-content\/uploads\/2026\/01\/2400EJOMN00337-BROWN-X_431-1-usd.png",453,250,false],"2048x2048":["https:\/\/turkishtrade.co\/wp-content\/uploads\/2026\/01\/2400EJOMN00337-BROWN-X_431-1-usd.png",453,250,false],"trp-custom-language-flag":["https:\/\/turkishtrade.co\/wp-content\/uploads\/2026\/01\/2400EJOMN00337-BROWN-X_431-1-usd-18x10.png",18,10,true],"woocommerce_thumbnail":["https:\/\/turkishtrade.co\/wp-content\/uploads\/2026\/01\/2400EJOMN00337-BROWN-X_431-1-usd-400x250.png",400,250,true],"woocommerce_single":["https:\/\/turkishtrade.co\/wp-content\/uploads\/2026\/01\/2400EJOMN00337-BROWN-X_431-1-usd.png",453,250,false],"woocommerce_gallery_thumbnail":["https:\/\/turkishtrade.co\/wp-content\/uploads\/2026\/01\/2400EJOMN00337-BROWN-X_431-1-usd-100x100.png",100,100,true]},"uagb_author_info":{"display_name":"yaser olabi","author_link":"https:\/\/turkishtrade.co\/tr\/author\/"},"uagb_comment_info":0,"uagb_excerpt":"Premium Materials: Crafted with genuine calf leather exterior and luxurious goat leather interior for unmatched quality. Comfortable Design: Features a lightweight EVA sole and a classic 1-3 cm heel for all-day comfort. Versatile Style: Perfect for both business and smart casual occasions, available in sophisticated black and rich brown. Wide Size Range: Available in sizes&hellip;","_links":{"self":[{"href":"https:\/\/turkishtrade.co\/tr\/wp-json\/wp\/v2\/product\/5595","targetHints":{"allow":["GET"]}}],"collection":[{"href":"https:\/\/turkishtrade.co\/tr\/wp-json\/wp\/v2\/product"}],"about":[{"href":"https:\/\/turkishtrade.co\/tr\/wp-json\/wp\/v2\/types\/product"}],"wp:featuredmedia":[{"embeddable":true,"href":"https:\/\/turkishtrade.co\/tr\/wp-json\/wp\/v2\/media\/3754"}],"wp:attachment":[{"href":"https:\/\/turkishtrade.co\/tr\/wp-json\/wp\/v2\/media?parent=5595"}],"wp:term":[{"taxonomy":"product_brand","embeddable":true,"href":"https:\/\/turkishtrade.co\/tr\/wp-json\/wp\/v2\/product_brand?post=5595"},{"taxonomy":"product_cat","embeddable":true,"href":"https:\/\/turkishtrade.co\/tr\/wp-json\/wp\/v2\/product_cat?post=5595"},{"taxonomy":"product_tag","embeddable":true,"href":"https:\/\/turkishtrade.co\/tr\/wp-json\/wp\/v2\/product_tag?post=5595"}],"curies":[{"name":"wp","href":"https:\/\/api.w.org\/{rel}","templated":true}]}}