{"id":5588,"date":"2026-01-14T12:18:43","date_gmt":"2026-01-14T12:18:43","guid":{"rendered":"https:\/\/turkishtrade.co\/product\/mens-cap-toe-leather-shoes\/"},"modified":"2026-04-09T19:29:55","modified_gmt":"2026-04-09T19:29:55","slug":"mens-cap-toe-leather-shoes","status":"publish","type":"product","link":"https:\/\/turkishtrade.co\/tr\/shop\/mens-cap-toe-leather-shoes\/","title":{"rendered":"Klasik Erkek \u015eapkal\u0131 Deri Elbise Ayakkab\u0131s\u0131"},"content":{"rendered":"<p><strong>Erkek \u015eapkal\u0131 Deri Ayakkab\u0131<\/strong><\/p>\n<p>\u00dcst\u00fcn kaliteli \u00fcr\u00fcnlerimizle klasik tarz\u0131n ve kal\u0131c\u0131 konforun \u00f6z\u00fcn\u00fc ke\u015ffedin <strong>Erkek \u015eapkal\u0131 Deri Ayakkab\u0131<\/strong>. Se\u00e7kin beyefendiler i\u00e7in titizlikle \u00fcretilen bu ayakkab\u0131lar, zamans\u0131z \u015f\u0131kl\u0131\u011f\u0131 modern tasar\u0131m hassasiyetleriyle harmanl\u0131yor. Her bir \u00e7ift, \u00fcst\u00fcn i\u015f\u00e7ili\u011fin bir kan\u0131t\u0131d\u0131r ve ister \u00f6nemli bir i\u015f toplant\u0131s\u0131, ister resmi bir etkinlik veya y\u00fcksek bir g\u00fcndelik gezi i\u00e7in olsun, g\u00fcven ve sofistike bir \u015fekilde ad\u0131m atman\u0131z\u0131 sa\u011flar.<\/p>\n<p>Bu istisnai \u00fcr\u00fcnleri se\u00e7ti\u011finizde <strong>Erkek \u015eapkal\u0131 Deri Ayakkab\u0131<\/strong>, zaman\u0131n testine dayanan kaliteye yat\u0131r\u0131m yap\u0131yorsunuz.<\/p>\n<p><h3>Benzersiz \u0130\u015f\u00e7ilik ve \u00dcst\u00fcn Kaliteli Malzemeler<\/h3>\n<\/p>\n<p>Bu enfes evlerin d\u0131\u015f cephesi <strong>Erkek \u015eapkal\u0131 Deri Ayakkab\u0131<\/strong> l\u00fcks hissi, etkileyici dayan\u0131kl\u0131l\u0131\u011f\u0131 ve ya\u015fland\u0131k\u00e7a g\u00fczelle\u015fen zarif patinas\u0131 ile tan\u0131nan 100% hakiki dana derisinden \u00fcretilmi\u015ftir.<\/p>\n<p>Yan k\u0131s\u0131mlardaki ince ama \u00e7arp\u0131c\u0131 delikli detaylar benzersiz bir karakter katarak ikonik burun tasar\u0131m\u0131n\u0131 m\u00fckemmel bir \u015fekilde tamamlar. \u0130\u00e7 k\u0131s\u0131mda, ayaklar\u0131n\u0131z g\u00fcn boyu s\u00fcren ola\u011fan\u00fcst\u00fc nefes alabilirlik ve konfor sa\u011flayan ke\u00e7i derisi astar\u0131n benzersiz yumu\u015fakl\u0131\u011f\u0131yla sar\u0131l\u0131r. Birinci s\u0131n\u0131f malzemelerin bu \u00f6zenli kombinasyonu, sadece muhte\u015fem g\u00f6r\u00fcnmekle kalmay\u0131p ayn\u0131 zamanda giymesi de inan\u0131lmaz hissettiren bir ayakkab\u0131 sa\u011flar.<\/p>\n<p>En iyi malzemeleri kullanmaya olan ba\u011fl\u0131l\u0131\u011f\u0131m\u0131z bu \u00fcr\u00fcnleri <strong>Erkek \u015eapkal\u0131 Deri Ayakkab\u0131<\/strong> di\u011ferlerinin \u00fcst\u00fcnde bir kesim.<\/p>\n<p><h3>Konfor i\u00e7in Tasarland\u0131, Ya\u015fam i\u00e7in \u00dcretildi<\/h3>\n<\/p>\n<p>Konfor her \u015feyden \u00f6nemlidir ve <strong>Erkek \u015eapkal\u0131 Deri Ayakkab\u0131<\/strong> hafif ama sa\u011flam bir EVA taban ile sunulur. Bu yenilik\u00e7i taban malzemesi m\u00fckemmel esneklik, \u00fcst\u00fcn \u015fok emilimi ve g\u00fcvenilir kavrama sunarak her ad\u0131m\u0131 zahmetsiz ve rahat hale getirir. Klasik topuk y\u00fcksekli\u011fi 1-3 cm olan bu ayakkab\u0131lar, denge veya konfordan \u00f6d\u00fcn vermeden m\u00fckemmel bir y\u00fckselme sa\u011flar.<\/p>\n<p>39'dan 45'e kadar geni\u015f bir beden yelpazesinde mevcut oldu\u011fundan, m\u00fckemmel uyumunuzu bulmak \u00e7ok kolay. Bunlar <strong>Erkek \u015eapkal\u0131 Deri Ayakkab\u0131<\/strong> g\u00fcn boyunca hem stil hem de s\u00fcrekli konfor talep edenler i\u00e7in tasarlanm\u0131\u015ft\u0131r.<\/p>\n<p><h3>Her Durum i\u00e7in \u00c7ok Y\u00f6nl\u00fcl\u00fck ve Toplu Bulunabilirlik<\/h3>\n<\/p>\n<p>Bu \u00e7ok y\u00f6nl\u00fc <strong>Erkek \u015eapkal\u0131 Deri Ayakkab\u0131<\/strong> klasik siyah, zengin kahverengi ve sofistike mavi gibi rafine renk se\u00e7enekleriyle sunulur ve her gard\u0131rop i\u00e7in m\u00fckemmel bir uyum sa\u011flar. Profesyonel imaj\u0131n\u0131z\u0131 y\u00fckseltin, resmi k\u0131yafetlerinizi tamamlay\u0131n veya \u015f\u0131k g\u00fcndelik g\u00f6r\u00fcn\u00fcm\u00fcn\u00fcze cilal\u0131 bir zarafet kat\u0131n. Y\u00fcksek kaliteli ayakkab\u0131 stoklamak isteyen i\u015fletmeler i\u00e7in bu <strong>Erkek \u015eapkal\u0131 Deri Ayakkab\u0131<\/strong> minimum 8 \u00e7ift sipari\u015f ve 12 g\u00fcn i\u00e7inde teslimat art\u0131 kargo ile toplu sipari\u015fler i\u00e7in mevcuttur.<\/p>\n<p>Bu ola\u011fan\u00fcst\u00fc \u00fcr\u00fcnlerden bir \u00e7ift al\u0131n <strong>Erkek \u015eapkal\u0131 Deri Ayakkab\u0131<\/strong> ve onlar\u0131 ger\u00e7ekten farkl\u0131 k\u0131lan stil, kalite ve konforun m\u00fckemmel birle\u015fimini deneyimleyin.<\/p>","protected":false},"excerpt":{"rendered":"<ul>\n<li>Ola\u011fan\u00fcst\u00fc dayan\u0131kl\u0131l\u0131k ve \u015f\u0131k stil i\u00e7in Premium Dana Derisi saya.<\/li>\n<li>Yumu\u015fak Ke\u00e7i Derisi astar, g\u00fcn boyu \u00fcst\u00fcn konfor ve nefes alabilirlik sa\u011flar.<\/li>\n<li>Hafif ve esnek EVA taban, \u00fcst\u00fcn \u015fok emilimi ve g\u00fcvenilir kavrama sa\u011flar.<\/li>\n<li>Hem resmi hem de g\u00fcndelik ortamlar i\u00e7in ideal olan klasik 1-3 cm topuk y\u00fcksekli\u011fine sahiptir.<\/li>\n<li>Kapsaml\u0131 bir boyut yelpazesinde mevcuttur: 39, 40, 41, 42, 43, 44, 45.<\/li>\n<li>Minimum sipari\u015f miktar\u0131: 8 \u00e7ift, 12 g\u00fcn i\u00e7inde teslimat art\u0131 kargo ile.<\/li>\n<\/ul>","protected":false},"featured_media":3750,"template":"","meta":{"_acf_changed":false,"_uag_custom_page_level_css":"","site-sidebar-layout":"default","site-content-layout":"","ast-site-content-layout":"default","site-content-style":"default","site-sidebar-style":"default","ast-global-header-display":"","ast-banner-title-visibility":"","ast-main-header-display":"","ast-hfb-above-header-display":"","ast-hfb-below-header-display":"","ast-hfb-mobile-header-display":"","site-post-title":"","ast-breadcrumbs-content":"","ast-featured-img":"","footer-sml-layout":"","ast-disable-related-posts":"","theme-transparent-header-meta":"","adv-header-id-meta":"","stick-header-meta":"","header-above-stick-meta":"","header-main-stick-meta":"","header-below-stick-meta":"","astra-migrate-meta-layouts":"default","ast-page-background-enabled":"default","ast-page-background-meta":{"desktop":{"background-color":"var(--ast-global-color-4)","background-image":"","background-repeat":"repeat","background-position":"center center","background-size":"auto","background-attachment":"scroll","background-type":"","background-media":"","overlay-type":"","overlay-color":"","overlay-opacity":"","overlay-gradient":""},"tablet":{"background-color":"","background-image":"","background-repeat":"repeat","background-position":"center center","background-size":"auto","background-attachment":"scroll","background-type":"","background-media":"","overlay-type":"","overlay-color":"","overlay-opacity":"","overlay-gradient":""},"mobile":{"background-color":"","background-image":"","background-repeat":"repeat","background-position":"center center","background-size":"auto","background-attachment":"scroll","background-type":"","background-media":"","overlay-type":"","overlay-color":"","overlay-opacity":"","overlay-gradient":""}},"ast-content-background-meta":{"desktop":{"background-color":"var(--ast-global-color-5)","background-image":"","background-repeat":"repeat","background-position":"center center","background-size":"auto","background-attachment":"scroll","background-type":"","background-media":"","overlay-type":"","overlay-color":"","overlay-opacity":"","overlay-gradient":""},"tablet":{"background-color":"var(--ast-global-color-5)","background-image":"","background-repeat":"repeat","background-position":"center center","background-size":"auto","background-attachment":"scroll","background-type":"","background-media":"","overlay-type":"","overlay-color":"","overlay-opacity":"","overlay-gradient":""},"mobile":{"background-color":"var(--ast-global-color-5)","background-image":"","background-repeat":"repeat","background-position":"center center","background-size":"auto","background-attachment":"scroll","background-type":"","background-media":"","overlay-type":"","overlay-color":"","overlay-opacity":"","overlay-gradient":""}}},"product_brand":[],"product_cat":[47,430,40],"product_tag":[196,322,292,405,202,458,449,809,284,438,251,437,227,686,281],"class_list":{"0":"post-5588","1":"product","2":"type-product","3":"status-publish","4":"has-post-thumbnail","6":"product_cat-classic","7":"product_cat-men","8":"product_cat-mens-shoes","9":"product_tag-black-leather-shoes","10":"product_tag-blue-leather-shoes","11":"product_tag-brown-leather-shoes","12":"product_tag-business-shoes","13":"product_tag-calf-leather","14":"product_tag-cap-toe-shoes","15":"product_tag-casual-shoes","16":"product_tag-classic-mens-footwear","17":"product_tag-dress-shoes","18":"product_tag-eva-sole","19":"product_tag-formal-shoes","20":"product_tag-goat-leather","21":"product_tag-leather-shoes","22":"product_tag-perforated-shoes","23":"product_tag-wholesale-shoes","24":"desktop-align-center","25":"tablet-align-center","26":"mobile-align-center","28":"first","29":"instock","30":"shipping-taxable","31":"purchasable","32":"product-type-variable","33":"has-default-attributes"},"acf":[],"uagb_featured_image_src":{"full":["https:\/\/turkishtrade.co\/wp-content\/uploads\/2026\/01\/2400EJOMN00335-DARK-BLUE-X_442-1-usd.png",453,250,false],"thumbnail":["https:\/\/turkishtrade.co\/wp-content\/uploads\/2026\/01\/2400EJOMN00335-DARK-BLUE-X_442-1-usd.png",150,83,false],"medium":["https:\/\/turkishtrade.co\/wp-content\/uploads\/2026\/01\/2400EJOMN00335-DARK-BLUE-X_442-1-usd.png",300,166,false],"medium_large":["https:\/\/turkishtrade.co\/wp-content\/uploads\/2026\/01\/2400EJOMN00335-DARK-BLUE-X_442-1-usd.png",453,250,false],"large":["https:\/\/turkishtrade.co\/wp-content\/uploads\/2026\/01\/2400EJOMN00335-DARK-BLUE-X_442-1-usd.png",453,250,false],"1536x1536":["https:\/\/turkishtrade.co\/wp-content\/uploads\/2026\/01\/2400EJOMN00335-DARK-BLUE-X_442-1-usd.png",453,250,false],"2048x2048":["https:\/\/turkishtrade.co\/wp-content\/uploads\/2026\/01\/2400EJOMN00335-DARK-BLUE-X_442-1-usd.png",453,250,false],"trp-custom-language-flag":["https:\/\/turkishtrade.co\/wp-content\/uploads\/2026\/01\/2400EJOMN00335-DARK-BLUE-X_442-1-usd.png",18,10,false],"woocommerce_thumbnail":["https:\/\/turkishtrade.co\/wp-content\/uploads\/2026\/01\/2400EJOMN00335-DARK-BLUE-X_442-1-usd-400x250.png",400,250,true],"woocommerce_single":["https:\/\/turkishtrade.co\/wp-content\/uploads\/2026\/01\/2400EJOMN00335-DARK-BLUE-X_442-1-usd.png",453,250,false],"woocommerce_gallery_thumbnail":["https:\/\/turkishtrade.co\/wp-content\/uploads\/2026\/01\/2400EJOMN00335-DARK-BLUE-X_442-1-usd-100x100.png",100,100,true]},"uagb_author_info":{"display_name":"yaser olabi","author_link":"https:\/\/turkishtrade.co\/tr\/author\/"},"uagb_comment_info":0,"uagb_excerpt":"Premium Calf Leather upper for exceptional durability and sleek style. Soft Goat Leather lining ensures ultimate all-day comfort and breathability. Lightweight and flexible EVA sole provides superior shock absorption and reliable grip. Features a classic 1-3 cm heel height, ideal for both formal and casual settings. Available in a comprehensive range of sizes: 39, 40,&hellip;","_links":{"self":[{"href":"https:\/\/turkishtrade.co\/tr\/wp-json\/wp\/v2\/product\/5588","targetHints":{"allow":["GET"]}}],"collection":[{"href":"https:\/\/turkishtrade.co\/tr\/wp-json\/wp\/v2\/product"}],"about":[{"href":"https:\/\/turkishtrade.co\/tr\/wp-json\/wp\/v2\/types\/product"}],"wp:featuredmedia":[{"embeddable":true,"href":"https:\/\/turkishtrade.co\/tr\/wp-json\/wp\/v2\/media\/3750"}],"wp:attachment":[{"href":"https:\/\/turkishtrade.co\/tr\/wp-json\/wp\/v2\/media?parent=5588"}],"wp:term":[{"taxonomy":"product_brand","embeddable":true,"href":"https:\/\/turkishtrade.co\/tr\/wp-json\/wp\/v2\/product_brand?post=5588"},{"taxonomy":"product_cat","embeddable":true,"href":"https:\/\/turkishtrade.co\/tr\/wp-json\/wp\/v2\/product_cat?post=5588"},{"taxonomy":"product_tag","embeddable":true,"href":"https:\/\/turkishtrade.co\/tr\/wp-json\/wp\/v2\/product_tag?post=5588"}],"curies":[{"name":"wp","href":"https:\/\/api.w.org\/{rel}","templated":true}]}}