{"id":5585,"date":"2026-01-14T12:18:23","date_gmt":"2026-01-14T12:18:23","guid":{"rendered":"https:\/\/turkishtrade.co\/product\/mens-cap-toe-leather-oxfords\/"},"modified":"2026-04-09T19:30:01","modified_gmt":"2026-04-09T19:30:01","slug":"mens-cap-toe-leather-oxfords","status":"publish","type":"product","link":"https:\/\/turkishtrade.co\/tr\/shop\/mens-cap-toe-leather-oxfords\/","title":{"rendered":"Klasik Erkek Cap-Toe Deri Oxford Ayakkab\u0131"},"content":{"rendered":"<p><strong>Erkek Cap-Toe Deri Oxfords<\/strong><\/p>\n<p>Classic ile rafine bir \u015f\u0131kl\u0131k ve benzersiz bir konfor d\u00fcnyas\u0131na ad\u0131m at\u0131n <strong>Erkek Cap-Toe Deri Oxfords<\/strong>. Bu ayakkab\u0131lar bir ayakkab\u0131dan \u00e7ok daha fazlas\u0131d\u0131r; hem g\u00f6r\u00fcn\u00fcme hem de kal\u0131c\u0131 kaliteye de\u011fer veren modern beyefendiler i\u00e7in tasarlanm\u0131\u015f sofistike bir stilin ve titiz bir i\u015f\u00e7ili\u011fin ifadesidir. Her t\u00fcrl\u00fc resmi etkinlik, \u00f6nemli i\u015f toplant\u0131lar\u0131 veya sadece g\u00fcnl\u00fck k\u0131yafetlerinizi y\u00fckseltmek i\u00e7in m\u00fckemmel olan bu Oxfords, her gard\u0131rop i\u00e7in \u00e7ok y\u00f6nl\u00fc bir eklentidir.<\/p>\n<p><h3>Benzersiz \u0130\u015f\u00e7ilik ve \u00dcst\u00fcn Kaliteli Malzemeler<\/h3>\n<\/p>\n<p>Her bir \u00e7iftimiz <strong>Erkek Cap-Toe Deri Oxfords<\/strong> \u00fcst\u00fcn sanat\u00e7\u0131l\u0131\u011f\u0131n bir kan\u0131t\u0131d\u0131r. D\u0131\u015f y\u00fczeyi, p\u00fcr\u00fczs\u00fcz dokusu, dayan\u0131kl\u0131l\u0131\u011f\u0131 ve zaman i\u00e7inde g\u00fczel bir patina geli\u015ftirme yetene\u011fi ile bilinen zengin, tam damarl\u0131 Dana Derisinden \u00fcretilmi\u015ftir. Bu birinci s\u0131n\u0131f deri sadece l\u00fcks bir g\u00f6r\u00fcn\u00fcm de\u011fil, ayn\u0131 zamanda g\u00fcnl\u00fck a\u015f\u0131nmaya kar\u015f\u0131 ola\u011fan\u00fcst\u00fc bir dayan\u0131kl\u0131l\u0131k da sa\u011flar.<\/p>\n<p>Sa\u011flam d\u0131\u015f y\u00fczeyi tamamlayan i\u00e7 k\u0131s\u0131m, yumu\u015fak Ke\u00e7i Derisi ile g\u00f6rkemli bir \u015fekilde astarlanm\u0131\u015ft\u0131r. Bu i\u00e7 astar se\u00e7imi, ki\u015fiselle\u015ftirilmi\u015f bir uyum i\u00e7in aya\u011f\u0131n\u0131za uyum sa\u011flayarak ola\u011fan\u00fcst\u00fc nefes alabilirlik ve son derece rahat bir his sa\u011flar.<\/p>\n<p>Bu zarif ayakkab\u0131lar\u0131n temeli hafif ve esnek EVA taband\u0131r. Geleneksel a\u011f\u0131r tabanlardan farkl\u0131 olarak, EVA taban \u00fcst\u00fcn \u015fok emilimi sa\u011flar ve toplam a\u011f\u0131rl\u0131\u011f\u0131 azalt\u0131r. <strong>Erkek Cap-Toe Deri Oxfords<\/strong> uzun s\u00fcreli kullan\u0131m i\u00e7in inan\u0131lmaz derecede rahat. \u0130ster \u015fehir sokaklar\u0131nda geziniyor ister uzun s\u00fcre ayakta duruyor olun, ayaklar\u0131n\u0131z yast\u0131klamal\u0131 deste\u011fi takdir edecektir.<\/p>\n<p><h3>Her Durum i\u00e7in Zamans\u0131z Tasar\u0131m<\/h3>\n<\/p>\n<p>Sofistike erkek ayakkab\u0131lar\u0131n\u0131n alametifarikas\u0131 olan klasik burnu a\u00e7\u0131k tasar\u0131m, temiz ve se\u00e7kin bir siluet sunar. Geleneksel ba\u011fc\u0131kl\u0131 kapama ile e\u015fle\u015ftirilen bu Oxfords, zamans\u0131z bir profesyonellik havas\u0131 yayar. 1-3 cm aras\u0131nda de\u011fi\u015fen rahat topuk y\u00fcksekli\u011fiyle, denge veya konfordan \u00f6d\u00fcn vermeden do\u011fru miktarda y\u00fckselme sa\u011flar.<\/p>\n<p>Koleksiyonumuz, \u015f\u0131k siyah (ana g\u00f6rselde g\u00f6r\u00fcld\u00fc\u011f\u00fc gibi) ve se\u00e7kin lacivert gibi \u00e7ok y\u00f6nl\u00fc se\u00e7enekler i\u00e7ermekte olup, keskin i\u015f tak\u0131mlar\u0131ndan daha rahat, ancak g\u00f6steri\u015fli topluluklara kadar \u00e7e\u015fitli k\u0131yafetlerle sorunsuz bir \u015fekilde e\u015fle\u015ftirmenize olanak tan\u0131r.<\/p>\n<p><h3>Her Ad\u0131mda Konfor ve Dayan\u0131kl\u0131l\u0131k<\/h3>\n<\/p>\n<p>Geni\u015f bir yelpazedeki se\u00e7kin m\u00fc\u015fterilere hitap etmek \u00fczere tasarlanan <strong>Erkek Cap-Toe Deri Oxfords<\/strong> EU 39'dan 45'e kadar kapsaml\u0131 bir beden yelpazesinde mevcuttur. Bu, her beyefendinin markam\u0131z\u0131 tan\u0131mlayan l\u00fcks ve pratiklik kar\u0131\u015f\u0131m\u0131n\u0131 deneyimleyerek m\u00fckemmel uyumunu bulabilmesini sa\u011flar. Dayan\u0131kl\u0131 dana derisi ve esnek EVA taban\u0131n birle\u015fimi, bu ayakkab\u0131lar\u0131n uzun s\u00fcre dayanacak \u015fekilde \u00fcretildi\u011fi anlam\u0131na gelir ve uygun bak\u0131mla y\u0131llarca \u015f\u0131k bir kullan\u0131m sa\u011flar.<\/p>\n<p>Bu Oxfords'a yat\u0131r\u0131m yapmak, uzun vadeli stil ve konfora yat\u0131r\u0131m yapmak anlam\u0131na gelir.<\/p>","protected":false},"excerpt":{"rendered":"<ul>\n<li>Kal\u0131c\u0131 \u015f\u0131kl\u0131k i\u00e7in birinci s\u0131n\u0131f dana derisi d\u0131\u015f y\u00fczeyden \u00fcretilmi\u015ftir.<\/li>\n<li>L\u00fcks Ke\u00e7i Derisi i\u00e7 astar \u00fcst\u00fcn konfor ve nefes alabilirlik sa\u011flar.<\/li>\n<li>G\u00fcn boyu konfor ve destek sunan hafif ve esnek EVA taban ile donat\u0131lm\u0131\u015ft\u0131r.<\/li>\n<li>Zamans\u0131z Cap-Toe Oxford tasar\u0131m\u0131yla resmi, i\u015f veya smart-casual ortamlar i\u00e7in idealdir.<\/li>\n<li>Kapsaml\u0131 bir beden aral\u0131\u011f\u0131nda mevcuttur: AB 39-45 (yakla\u015f\u0131k ABD 6-12).<\/li>\n<li><strong>Minimum sipari\u015f gereksinimi: 8 \u00e7ift<\/strong>, toplu sat\u0131n alma ve perakende ortaklar\u0131 i\u00e7in m\u00fckemmeldir.<\/li>\n<\/ul>","protected":false},"featured_media":3747,"template":"","meta":{"_acf_changed":false,"_uag_custom_page_level_css":"","site-sidebar-layout":"default","site-content-layout":"","ast-site-content-layout":"default","site-content-style":"default","site-sidebar-style":"default","ast-global-header-display":"","ast-banner-title-visibility":"","ast-main-header-display":"","ast-hfb-above-header-display":"","ast-hfb-below-header-display":"","ast-hfb-mobile-header-display":"","site-post-title":"","ast-breadcrumbs-content":"","ast-featured-img":"","footer-sml-layout":"","ast-disable-related-posts":"","theme-transparent-header-meta":"","adv-header-id-meta":"","stick-header-meta":"","header-above-stick-meta":"","header-main-stick-meta":"","header-below-stick-meta":"","astra-migrate-meta-layouts":"default","ast-page-background-enabled":"default","ast-page-background-meta":{"desktop":{"background-color":"var(--ast-global-color-4)","background-image":"","background-repeat":"repeat","background-position":"center center","background-size":"auto","background-attachment":"scroll","background-type":"","background-media":"","overlay-type":"","overlay-color":"","overlay-opacity":"","overlay-gradient":""},"tablet":{"background-color":"","background-image":"","background-repeat":"repeat","background-position":"center center","background-size":"auto","background-attachment":"scroll","background-type":"","background-media":"","overlay-type":"","overlay-color":"","overlay-opacity":"","overlay-gradient":""},"mobile":{"background-color":"","background-image":"","background-repeat":"repeat","background-position":"center center","background-size":"auto","background-attachment":"scroll","background-type":"","background-media":"","overlay-type":"","overlay-color":"","overlay-opacity":"","overlay-gradient":""}},"ast-content-background-meta":{"desktop":{"background-color":"var(--ast-global-color-5)","background-image":"","background-repeat":"repeat","background-position":"center center","background-size":"auto","background-attachment":"scroll","background-type":"","background-media":"","overlay-type":"","overlay-color":"","overlay-opacity":"","overlay-gradient":""},"tablet":{"background-color":"var(--ast-global-color-5)","background-image":"","background-repeat":"repeat","background-position":"center center","background-size":"auto","background-attachment":"scroll","background-type":"","background-media":"","overlay-type":"","overlay-color":"","overlay-opacity":"","overlay-gradient":""},"mobile":{"background-color":"var(--ast-global-color-5)","background-image":"","background-repeat":"repeat","background-position":"center center","background-size":"auto","background-attachment":"scroll","background-type":"","background-media":"","overlay-type":"","overlay-color":"","overlay-opacity":"","overlay-gradient":""}}},"product_brand":[],"product_cat":[47,430,40],"product_tag":[653,405,202,971,438,251,437,450,360,416,324,972,632],"class_list":{"0":"post-5585","1":"product","2":"type-product","3":"status-publish","4":"has-post-thumbnail","6":"product_cat-classic","7":"product_cat-men","8":"product_cat-mens-shoes","9":"product_tag-black-oxfords","10":"product_tag-business-shoes","11":"product_tag-calf-leather","12":"product_tag-classic-oxfords","13":"product_tag-eva-sole","14":"product_tag-formal-shoes","15":"product_tag-goat-leather","16":"product_tag-handcrafted-shoes","17":"product_tag-leather-oxfords","18":"product_tag-luxury-shoes","19":"product_tag-mens-dress-shoes","20":"product_tag-navy-oxfords","21":"product_tag-premium-leather-shoes","22":"desktop-align-center","23":"tablet-align-center","24":"mobile-align-center","26":"first","27":"instock","28":"shipping-taxable","29":"purchasable","30":"product-type-variable","31":"has-default-attributes"},"acf":[],"uagb_featured_image_src":{"full":["https:\/\/turkishtrade.co\/wp-content\/uploads\/2026\/01\/2400EJOMN00334-DARK-BLUE-X_12591-1-usd.png",453,250,false],"thumbnail":["https:\/\/turkishtrade.co\/wp-content\/uploads\/2026\/01\/2400EJOMN00334-DARK-BLUE-X_12591-1-usd.png",150,83,false],"medium":["https:\/\/turkishtrade.co\/wp-content\/uploads\/2026\/01\/2400EJOMN00334-DARK-BLUE-X_12591-1-usd.png",300,166,false],"medium_large":["https:\/\/turkishtrade.co\/wp-content\/uploads\/2026\/01\/2400EJOMN00334-DARK-BLUE-X_12591-1-usd.png",453,250,false],"large":["https:\/\/turkishtrade.co\/wp-content\/uploads\/2026\/01\/2400EJOMN00334-DARK-BLUE-X_12591-1-usd.png",453,250,false],"1536x1536":["https:\/\/turkishtrade.co\/wp-content\/uploads\/2026\/01\/2400EJOMN00334-DARK-BLUE-X_12591-1-usd.png",453,250,false],"2048x2048":["https:\/\/turkishtrade.co\/wp-content\/uploads\/2026\/01\/2400EJOMN00334-DARK-BLUE-X_12591-1-usd.png",453,250,false],"trp-custom-language-flag":["https:\/\/turkishtrade.co\/wp-content\/uploads\/2026\/01\/2400EJOMN00334-DARK-BLUE-X_12591-1-usd.png",18,10,false],"woocommerce_thumbnail":["https:\/\/turkishtrade.co\/wp-content\/uploads\/2026\/01\/2400EJOMN00334-DARK-BLUE-X_12591-1-usd-400x250.png",400,250,true],"woocommerce_single":["https:\/\/turkishtrade.co\/wp-content\/uploads\/2026\/01\/2400EJOMN00334-DARK-BLUE-X_12591-1-usd.png",453,250,false],"woocommerce_gallery_thumbnail":["https:\/\/turkishtrade.co\/wp-content\/uploads\/2026\/01\/2400EJOMN00334-DARK-BLUE-X_12591-1-usd-100x100.png",100,100,true]},"uagb_author_info":{"display_name":"yaser olabi","author_link":"https:\/\/turkishtrade.co\/tr\/author\/"},"uagb_comment_info":0,"uagb_excerpt":"Crafted from premium full-grain Calf Leather exterior for lasting elegance. Luxurious Goat Leather interior lining ensures superior comfort and breathability. Equipped with a lightweight and flexible EVA sole, offering all-day comfort and support. Features a timeless Cap-Toe Oxford design, ideal for formal, business, or smart-casual occasions. Available in a comprehensive size range: EU 39-45 (US&hellip;","_links":{"self":[{"href":"https:\/\/turkishtrade.co\/tr\/wp-json\/wp\/v2\/product\/5585","targetHints":{"allow":["GET"]}}],"collection":[{"href":"https:\/\/turkishtrade.co\/tr\/wp-json\/wp\/v2\/product"}],"about":[{"href":"https:\/\/turkishtrade.co\/tr\/wp-json\/wp\/v2\/types\/product"}],"wp:featuredmedia":[{"embeddable":true,"href":"https:\/\/turkishtrade.co\/tr\/wp-json\/wp\/v2\/media\/3747"}],"wp:attachment":[{"href":"https:\/\/turkishtrade.co\/tr\/wp-json\/wp\/v2\/media?parent=5585"}],"wp:term":[{"taxonomy":"product_brand","embeddable":true,"href":"https:\/\/turkishtrade.co\/tr\/wp-json\/wp\/v2\/product_brand?post=5585"},{"taxonomy":"product_cat","embeddable":true,"href":"https:\/\/turkishtrade.co\/tr\/wp-json\/wp\/v2\/product_cat?post=5585"},{"taxonomy":"product_tag","embeddable":true,"href":"https:\/\/turkishtrade.co\/tr\/wp-json\/wp\/v2\/product_tag?post=5585"}],"curies":[{"name":"wp","href":"https:\/\/api.w.org\/{rel}","templated":true}]}}