{"id":5572,"date":"2026-01-14T12:16:59","date_gmt":"2026-01-14T12:16:59","guid":{"rendered":"https:\/\/turkishtrade.co\/product\/mens-leather-monk-strap-loafers\/"},"modified":"2026-04-09T19:30:26","modified_gmt":"2026-04-09T19:30:26","slug":"mens-leather-monk-strap-loafers","status":"publish","type":"product","link":"https:\/\/turkishtrade.co\/tr\/shop\/mens-leather-monk-strap-loafers\/","title":{"rendered":"Premium Dana Derisi Erkek Monk Strap Loafer"},"content":{"rendered":"<p><strong>Erkek Deri Monk Kay\u0131\u015fl\u0131 Loafer<\/strong><\/p>\n<p>Ayakkab\u0131 koleksiyonunuzu se\u00e7kin \u00fcr\u00fcnlerimizle geli\u015ftirin <strong>Erkek Deri Monk Kay\u0131\u015fl\u0131 Loafer<\/strong>, klasik tarz\u0131n ve modern konforun ger\u00e7ek bir \u00f6rne\u011fidir. Se\u00e7kin beyefendiler i\u00e7in tasarlanan bu mokasen ayakkab\u0131lar, sofistikeli\u011fi g\u00fcnl\u00fck giyilebilirlikle kusursuz bir \u015fekilde harmanl\u0131yor. Bu birinci s\u0131n\u0131f ayakkab\u0131lar\u0131n her bir \u00e7ifti <strong>Erkek Deri Monk Kay\u0131\u015fl\u0131 Loafer<\/strong> en iyi malzemelerden titizlikle \u00fcretilmi\u015ftir ve hem dayan\u0131kl\u0131l\u0131k hem de zamana meydan okuyan l\u00fcks bir his sa\u011flar.<\/p>\n<p><h3>Rakipsiz \u0130\u015f\u00e7ilik ve Birinci S\u0131n\u0131f Malzemeler<\/h3>\n<\/p>\n<p>Bu ola\u011fan\u00fcst\u00fc binan\u0131n d\u0131\u015f cephesi <strong>Erkek Deri Monk Kay\u0131\u015fl\u0131 Loafer<\/strong> y\u00fcksek kaliteli hakiki dana derisinden \u00fcretilmi\u015ftir, zengin bir doku ve zarif bir y\u00fczey sunar. Bu \u00fcst\u00fcn dana derisi sadece se\u00e7kin bir g\u00f6r\u00fcn\u00fcm sa\u011flamakla kalmaz, ayn\u0131 zamanda ki\u015fiselle\u015ftirilmi\u015f bir uyum i\u00e7in zamanla aya\u011f\u0131n\u0131za uyum sa\u011flar. Sa\u011flam d\u0131\u015f y\u00fczeyi tamamlayan i\u00e7 k\u0131s\u0131m yumu\u015fak, nefes alabilen ke\u00e7i derisiyle astarlanm\u0131\u015ft\u0131r ve her ad\u0131mda \u00fcst\u00fcn konfor ve pel\u00fc\u015f bir his sa\u011flar.<\/p>\n<p>Bu birinci s\u0131n\u0131f derilerin \u00f6zenle bir araya getirilmesi, g\u00fcn boyu giymekten keyif alaca\u011f\u0131n\u0131z sofistike bir ayakkab\u0131 sa\u011flar.<\/p>\n<p><h3>Konfor ve Stil i\u00e7in Tasarland\u0131<\/h3>\n<\/p>\n<p>Konfor bizim i\u00e7in her \u015feyden \u00f6nemlidir <strong>Erkek Deri Monk Kay\u0131\u015fl\u0131 Loafer<\/strong>. Hafif ancak esnek Eva taban, m\u00fckemmel yast\u0131klama ve destek sa\u011flayarak ister \u015fehir sokaklar\u0131nda geziniyor ister resmi etkinliklere kat\u0131l\u0131yor olun, uzun s\u00fcreli kullan\u0131m i\u00e7in m\u00fckemmeldir. Klasik 1-3 cm topuk y\u00fcksekli\u011fine sahip bu loaferlar, dengeden veya geleneksel loafer esteti\u011finden \u00f6d\u00fcn vermeden ince bir y\u00fckseklik sunar.<\/p>\n<p>\u015e\u0131k bir toka kapamas\u0131na sahip ikonik monk kay\u0131\u015f tasar\u0131m\u0131, bu ayakkab\u0131lar\u0131 geleneksel mokasenlerden ay\u0131ran rafine bir zarafet dokunu\u015fu katar.<\/p>\n<p><h3>Her Durum i\u00e7in \u00c7ok Y\u00f6nl\u00fcl\u00fck<\/h3>\n<\/p>\n<p>Koleksiyonumuz <strong>Erkek Deri Monk Kay\u0131\u015fl\u0131 Loafer<\/strong> 39'dan 45'e kadar \u00e7ok \u00e7e\u015fitli bedenlerde mevcuttur ve geni\u015f bir m\u00fc\u015fteri kitlesine hitap eder. Gard\u0131robunuzu m\u00fckemmel bir \u015fekilde tamamlamak i\u00e7in zamans\u0131z kahverengi, zengin bordo veya sofistike lacivert aras\u0131ndan se\u00e7im yap\u0131n. Bu \u00e7ok y\u00f6nl\u00fc mokasen ayakkab\u0131lar, g\u00fcnl\u00fck i\u015f k\u0131yafetlerinden daha resmi topluluklara zahmetsizce ge\u00e7i\u015f yaparak, stil ve kaliteye de\u011fer veren her erkek i\u00e7in vazge\u00e7ilmez bir eklenti haline gelir.<\/p>\n<p>\u0130ster \u00f6zel dikim pantolonlarla ister \u015f\u0131k denimlerle e\u015fle\u015ftirilsin, bu <strong>Erkek Deri Monk Kay\u0131\u015fl\u0131 Loafer<\/strong> bir a\u00e7\u0131klama yap.<\/p>\n<p><h3>Toptan Sat\u0131\u015f F\u0131rsatlar\u0131<\/h3>\n<\/p>\n<p>Bu y\u00fcksek kaliteli \u00fcr\u00fcnleri sunmaktan gurur duyuyoruz <strong>Erkek Deri Monk Kay\u0131\u015fl\u0131 Loafer<\/strong> toptan al\u0131m i\u00e7in. Minimum sipari\u015f miktar\u0131 sadece 8 \u00e7ift olan i\u015fletmeler, bu pop\u00fcler ve \u015f\u0131k ayakkab\u0131y\u0131 kolayca stoklayabilir. Rekabet\u00e7i fiyatland\u0131rmadan (fiyat listemizde mevcuttur) ve 12 g\u00fcn art\u0131 nakliye gibi g\u00fcvenilir bir teslimat s\u00fcresinden yararlan\u0131n. Yat\u0131r\u0131m yap\u0131n <strong>Erkek Deri Monk Kay\u0131\u015fl\u0131 Loafer<\/strong> m\u00fc\u015fteri memnuniyeti ve kal\u0131c\u0131 bir stil vaat ediyor.<\/p>","protected":false},"excerpt":{"rendered":"<ul>\n<li>Zengin ve sofistike bir g\u00f6r\u00fcn\u00fcm i\u00e7in birinci s\u0131n\u0131f dana derisinden \u00fcretilmi\u015ftir.<\/li>\n<li>Nefes alabilirlik ve yumu\u015fakl\u0131k i\u00e7in rahat bir ke\u00e7i derisi astara sahiptir.<\/li>\n<li>G\u00fcn boyu konfor i\u00e7in hafif ve destekleyici Eva taban ile donat\u0131lm\u0131\u015ft\u0131r.<\/li>\n<li>Zarif toka kapamal\u0131 klasik ke\u015fi\u015f kay\u0131\u015f\u0131 tasar\u0131m\u0131.<\/li>\n<li>Topuk y\u00fcksekli\u011fi: Hafif bir y\u00fckselme i\u00e7in klasik 1-3 cm.<\/li>\n<li>AB 39 ila 45 aras\u0131 bedenler mevcuttur.<\/li>\n<li>Minimum sipari\u015f miktar\u0131: 8 \u00e7ift (toptan sipari\u015fler kabul edilir).<\/li>\n<\/ul>","protected":false},"featured_media":3739,"template":"","meta":{"_acf_changed":false,"_uag_custom_page_level_css":"","site-sidebar-layout":"default","site-content-layout":"","ast-site-content-layout":"default","site-content-style":"default","site-sidebar-style":"default","ast-global-header-display":"","ast-banner-title-visibility":"","ast-main-header-display":"","ast-hfb-above-header-display":"","ast-hfb-below-header-display":"","ast-hfb-mobile-header-display":"","site-post-title":"","ast-breadcrumbs-content":"","ast-featured-img":"","footer-sml-layout":"","ast-disable-related-posts":"","theme-transparent-header-meta":"","adv-header-id-meta":"","stick-header-meta":"","header-above-stick-meta":"","header-main-stick-meta":"","header-below-stick-meta":"","astra-migrate-meta-layouts":"default","ast-page-background-enabled":"default","ast-page-background-meta":{"desktop":{"background-color":"var(--ast-global-color-4)","background-image":"","background-repeat":"repeat","background-position":"center center","background-size":"auto","background-attachment":"scroll","background-type":"","background-media":"","overlay-type":"","overlay-color":"","overlay-opacity":"","overlay-gradient":""},"tablet":{"background-color":"","background-image":"","background-repeat":"repeat","background-position":"center center","background-size":"auto","background-attachment":"scroll","background-type":"","background-media":"","overlay-type":"","overlay-color":"","overlay-opacity":"","overlay-gradient":""},"mobile":{"background-color":"","background-image":"","background-repeat":"repeat","background-position":"center center","background-size":"auto","background-attachment":"scroll","background-type":"","background-media":"","overlay-type":"","overlay-color":"","overlay-opacity":"","overlay-gradient":""}},"ast-content-background-meta":{"desktop":{"background-color":"var(--ast-global-color-5)","background-image":"","background-repeat":"repeat","background-position":"center center","background-size":"auto","background-attachment":"scroll","background-type":"","background-media":"","overlay-type":"","overlay-color":"","overlay-opacity":"","overlay-gradient":""},"tablet":{"background-color":"var(--ast-global-color-5)","background-image":"","background-repeat":"repeat","background-position":"center center","background-size":"auto","background-attachment":"scroll","background-type":"","background-media":"","overlay-type":"","overlay-color":"","overlay-opacity":"","overlay-gradient":""},"mobile":{"background-color":"var(--ast-global-color-5)","background-image":"","background-repeat":"repeat","background-position":"center center","background-size":"auto","background-attachment":"scroll","background-type":"","background-media":"","overlay-type":"","overlay-color":"","overlay-opacity":"","overlay-gradient":""}}},"product_brand":[],"product_cat":[47,430,40],"product_tag":[635,147,391,859,202,449,220,284,438,251,437,227,148,198,404,362,281],"class_list":{"0":"post-5572","1":"product","2":"type-product","3":"status-publish","4":"has-post-thumbnail","6":"product_cat-classic","7":"product_cat-men","8":"product_cat-mens-shoes","9":"product_tag-blue-loafers","10":"product_tag-brown-loafers","11":"product_tag-buckle-shoes","12":"product_tag-burgundy-loafers","13":"product_tag-calf-leather","14":"product_tag-casual-shoes","15":"product_tag-comfortable-loafers","16":"product_tag-dress-shoes","17":"product_tag-eva-sole","18":"product_tag-formal-shoes","19":"product_tag-goat-leather","20":"product_tag-leather-shoes","21":"product_tag-loafers","22":"product_tag-mens-fashion","23":"product_tag-monk-strap","24":"product_tag-premium-footwear","25":"product_tag-wholesale-shoes","26":"desktop-align-center","27":"tablet-align-center","28":"mobile-align-center","30":"first","31":"instock","32":"shipping-taxable","33":"purchasable","34":"product-type-variable","35":"has-default-attributes"},"acf":[],"uagb_featured_image_src":{"full":["https:\/\/turkishtrade.co\/wp-content\/uploads\/2026\/01\/2400EJOMN00330-DARK-BLUE-X_876-150-USD.png",453,250,false],"thumbnail":["https:\/\/turkishtrade.co\/wp-content\/uploads\/2026\/01\/2400EJOMN00330-DARK-BLUE-X_876-150-USD-150x150.png",150,150,true],"medium":["https:\/\/turkishtrade.co\/wp-content\/uploads\/2026\/01\/2400EJOMN00330-DARK-BLUE-X_876-150-USD-300x166.png",300,166,true],"medium_large":["https:\/\/turkishtrade.co\/wp-content\/uploads\/2026\/01\/2400EJOMN00330-DARK-BLUE-X_876-150-USD.png",453,250,false],"large":["https:\/\/turkishtrade.co\/wp-content\/uploads\/2026\/01\/2400EJOMN00330-DARK-BLUE-X_876-150-USD.png",453,250,false],"1536x1536":["https:\/\/turkishtrade.co\/wp-content\/uploads\/2026\/01\/2400EJOMN00330-DARK-BLUE-X_876-150-USD.png",453,250,false],"2048x2048":["https:\/\/turkishtrade.co\/wp-content\/uploads\/2026\/01\/2400EJOMN00330-DARK-BLUE-X_876-150-USD.png",453,250,false],"trp-custom-language-flag":["https:\/\/turkishtrade.co\/wp-content\/uploads\/2026\/01\/2400EJOMN00330-DARK-BLUE-X_876-150-USD-18x10.png",18,10,true],"woocommerce_thumbnail":["https:\/\/turkishtrade.co\/wp-content\/uploads\/2026\/01\/2400EJOMN00330-DARK-BLUE-X_876-150-USD-400x250.png",400,250,true],"woocommerce_single":["https:\/\/turkishtrade.co\/wp-content\/uploads\/2026\/01\/2400EJOMN00330-DARK-BLUE-X_876-150-USD.png",453,250,false],"woocommerce_gallery_thumbnail":["https:\/\/turkishtrade.co\/wp-content\/uploads\/2026\/01\/2400EJOMN00330-DARK-BLUE-X_876-150-USD-100x100.png",100,100,true]},"uagb_author_info":{"display_name":"yaser olabi","author_link":"https:\/\/turkishtrade.co\/tr\/author\/"},"uagb_comment_info":0,"uagb_excerpt":"Crafted from premium calf leather for a rich, sophisticated look. Features a comfortable goat leather lining for breathability and softness. Equipped with a lightweight and supportive Eva sole for all-day comfort. Classic monk strap design with elegant buckle closure. Heel height: Classic 1-3 cm for subtle elevation. Sizes available from EU 39 to 45. Minimum&hellip;","_links":{"self":[{"href":"https:\/\/turkishtrade.co\/tr\/wp-json\/wp\/v2\/product\/5572","targetHints":{"allow":["GET"]}}],"collection":[{"href":"https:\/\/turkishtrade.co\/tr\/wp-json\/wp\/v2\/product"}],"about":[{"href":"https:\/\/turkishtrade.co\/tr\/wp-json\/wp\/v2\/types\/product"}],"wp:featuredmedia":[{"embeddable":true,"href":"https:\/\/turkishtrade.co\/tr\/wp-json\/wp\/v2\/media\/3739"}],"wp:attachment":[{"href":"https:\/\/turkishtrade.co\/tr\/wp-json\/wp\/v2\/media?parent=5572"}],"wp:term":[{"taxonomy":"product_brand","embeddable":true,"href":"https:\/\/turkishtrade.co\/tr\/wp-json\/wp\/v2\/product_brand?post=5572"},{"taxonomy":"product_cat","embeddable":true,"href":"https:\/\/turkishtrade.co\/tr\/wp-json\/wp\/v2\/product_cat?post=5572"},{"taxonomy":"product_tag","embeddable":true,"href":"https:\/\/turkishtrade.co\/tr\/wp-json\/wp\/v2\/product_tag?post=5572"}],"curies":[{"name":"wp","href":"https:\/\/api.w.org\/{rel}","templated":true}]}}