{"id":5569,"date":"2026-01-14T12:16:38","date_gmt":"2026-01-14T12:16:38","guid":{"rendered":"https:\/\/turkishtrade.co\/product\/mens-leather-casual-loafers-2\/"},"modified":"2026-04-09T19:30:31","modified_gmt":"2026-04-09T19:30:31","slug":"mens-leather-casual-loafers-2","status":"publish","type":"product","link":"https:\/\/turkishtrade.co\/tr\/shop\/mens-leather-casual-loafers-2\/","title":{"rendered":"Premium Erkek Deri G\u00fcnl\u00fck Loafer'lar"},"content":{"rendered":"<p><strong>Erkek Deri G\u00fcnl\u00fck Loafer'lar<\/strong><\/p>\n<p>Enfes \u00fcr\u00fcnlerimizle benzersiz sofistike ve g\u00fcnl\u00fck konfora ad\u0131m at\u0131n <strong>Erkek Deri G\u00fcnl\u00fck Loafer'lar<\/strong>. Hem stile hem de \u00f6ze de\u011fer veren modern beyefendiler i\u00e7in tasarlanan bu mokasen ayakkab\u0131lar, \u00fcst\u00fcn i\u015f\u00e7ili\u011fin ve birinci s\u0131n\u0131f malzemelerin bir kan\u0131t\u0131d\u0131r. Her bir \u00e7iftimiz <strong>Erkek Deri G\u00fcnl\u00fck Loafer'lar<\/strong> klasik zarafet ve \u00e7a\u011fda\u015f g\u00fcndelik \u00e7ekicili\u011fin m\u00fckemmel bir kar\u0131\u015f\u0131m\u0131n\u0131 sa\u011flamak i\u00e7in titizlikle \u00fcretilmi\u015ftir.<\/p>\n<p><h3>Rakipsiz Kalite ve Konfor<\/h3>\n<\/p>\n<p>Bizim <strong>Erkek Deri G\u00fcnl\u00fck Loafer'lar<\/strong> hakiki dana derisinden yap\u0131lm\u0131\u015f d\u0131\u015f y\u00fczeyi, zengin bir doku ve yaln\u0131zca ya\u015fland\u0131k\u00e7a artan kal\u0131c\u0131 bir dayan\u0131kl\u0131l\u0131k sunar. Esnek dana derisi sadece l\u00fcks bir g\u00f6r\u00fcn\u00fcm sa\u011flamakla kalmaz, ayn\u0131 zamanda ki\u015fiselle\u015ftirilmi\u015f bir uyum i\u00e7in aya\u011f\u0131n\u0131za uyum sa\u011flar. Bu birinci s\u0131n\u0131f d\u0131\u015f y\u00fczeyi tamamlayan i\u00e7 y\u00fczey, yumu\u015fak ke\u00e7i derisiyle astarlanm\u0131\u015ft\u0131r ve giydi\u011finiz andan itibaren nefes alabilirlik ve ola\u011fan\u00fcst\u00fc konfor sa\u011flar.<\/p>\n<p>Bu \u00f6zenli malzeme kombinasyonu, bunlar\u0131 <strong>Erkek Deri G\u00fcnl\u00fck Loafer'lar<\/strong> \u0130ster \u015fehir sokaklar\u0131nda geziniyor ister rahat bir i\u015f toplant\u0131s\u0131na kat\u0131l\u0131yor olun, t\u00fcm g\u00fcn kullan\u0131m i\u00e7in idealdir.<\/p>\n<p><h3>\u00c7ok Y\u00f6nl\u00fcl\u00fck ve Performans i\u00e7in Tasarland\u0131<\/h3>\n<\/p>\n<p>Bu ola\u011fan\u00fcst\u00fc eserlerin temeli <strong>Erkek Deri G\u00fcnl\u00fck Loafer'lar<\/strong> hafif ama sa\u011flam bir EVA taband\u0131r. M\u00fckemmel yast\u0131klama ve esnekli\u011fi ile tan\u0131nan EVA taban, \u00fcst\u00fcn \u015fok emilimi sa\u011flayarak her ad\u0131m\u0131 bir zevk haline getirir. Klasik loafer topuk y\u00fcksekli\u011fi 1-3 cm olan bu ayakkab\u0131lar, ince bir y\u00fckseklik sunar ve zamans\u0131z bir silueti korur.<\/p>\n<p>39'dan 45'e kadar geni\u015f bir beden yelpazesinde mevcut olan \u00fcr\u00fcnlerimiz aras\u0131ndan size en uygun olan\u0131 bulabilirsiniz. <strong>Erkek Deri G\u00fcnl\u00fck Loafer'lar<\/strong> zahmetsizdir. \u00c7ok y\u00f6nl\u00fc tasar\u0131m\u0131, bu ayakkab\u0131lar\u0131n ak\u0131ll\u0131 pantolonlardan g\u00fcndelik chino pantolonlara kadar her \u015feyle sorunsuz bir \u015fekilde e\u015fle\u015fmesini sa\u011flayarak onlar\u0131 her gard\u0131robun vazge\u00e7ilmez bir par\u00e7as\u0131 haline getirir.<\/p>\n<p><h3>\u0130\u015fletmeler i\u00e7in Toplu Sipari\u015f<\/h3>\n<\/p>\n<p>Y\u00fcksek kaliteli ayakkab\u0131 arayan perakendeciler ve i\u015fletmeler i\u00e7in <strong>Erkek Deri G\u00fcnl\u00fck Loafer'lar<\/strong> toplu al\u0131m i\u00e7in mevcuttur. Minimum 8 \u00e7ift sipari\u015f miktar\u0131 sunarak envanterinizi m\u00fc\u015fterilerinizin takdir edece\u011fi birinci s\u0131n\u0131f bir \u00fcr\u00fcnle stoklaman\u0131za olanak tan\u0131yoruz. Tahmini teslimat s\u00fcresi 12 g\u00fcn art\u0131 nakliye ile bu ola\u011fan\u00fcst\u00fc \u00fcr\u00fcnleri h\u0131zl\u0131 bir \u015fekilde teslim alabilirsiniz. <strong>Erkek Deri G\u00fcnl\u00fck Loafer'lar<\/strong> ve pazar taleplerinizi kar\u015f\u0131lay\u0131n.<\/p>\n<p>Se\u00e7kin malzemeler, uzman yap\u0131 ve zamans\u0131z tasar\u0131m\u0131 harmanlayan ayakkab\u0131larla ayakkab\u0131 koleksiyonunuzu bug\u00fcn y\u00fckseltin.<\/p>","protected":false},"excerpt":{"rendered":"<ul>\n<li><strong>D\u0131\u015f Y\u00fczey:<\/strong> Hakiki Dana Derisi<\/li>\n<li><strong>\u0130\u00e7 Y\u00fczey:<\/strong> Yumu\u015fak Ke\u00e7i Derisi<\/li>\n<li><strong>Taban:<\/strong> Hafif ve Dayan\u0131kl\u0131 EVA<\/li>\n<li><strong>Topuk Y\u00fcksekli\u011fi:<\/strong> Klasik Loafer 1-3 cm<\/li>\n<li><strong>Mevcut Boyutlar:<\/strong> 39, 40, 41, 42, 43, 44, 45<\/li>\n<li><strong>Minimum Sipari\u015f Miktar\u0131:<\/strong> 8 \u00c7ift<\/li>\n<li><strong>Tahmini Teslim S\u00fcresi:<\/strong> 12 G\u00fcn + Kargo<\/li>\n<\/ul>","protected":false},"featured_media":3736,"template":"","meta":{"_acf_changed":false,"_uag_custom_page_level_css":"","site-sidebar-layout":"default","site-content-layout":"","ast-site-content-layout":"default","site-content-style":"default","site-sidebar-style":"default","ast-global-header-display":"","ast-banner-title-visibility":"","ast-main-header-display":"","ast-hfb-above-header-display":"","ast-hfb-below-header-display":"","ast-hfb-mobile-header-display":"","site-post-title":"","ast-breadcrumbs-content":"","ast-featured-img":"","footer-sml-layout":"","ast-disable-related-posts":"","theme-transparent-header-meta":"","adv-header-id-meta":"","stick-header-meta":"","header-above-stick-meta":"","header-main-stick-meta":"","header-below-stick-meta":"","astra-migrate-meta-layouts":"default","ast-page-background-enabled":"default","ast-page-background-meta":{"desktop":{"background-color":"var(--ast-global-color-4)","background-image":"","background-repeat":"repeat","background-position":"center center","background-size":"auto","background-attachment":"scroll","background-type":"","background-media":"","overlay-type":"","overlay-color":"","overlay-opacity":"","overlay-gradient":""},"tablet":{"background-color":"","background-image":"","background-repeat":"repeat","background-position":"center center","background-size":"auto","background-attachment":"scroll","background-type":"","background-media":"","overlay-type":"","overlay-color":"","overlay-opacity":"","overlay-gradient":""},"mobile":{"background-color":"","background-image":"","background-repeat":"repeat","background-position":"center center","background-size":"auto","background-attachment":"scroll","background-type":"","background-media":"","overlay-type":"","overlay-color":"","overlay-opacity":"","overlay-gradient":""}},"ast-content-background-meta":{"desktop":{"background-color":"var(--ast-global-color-5)","background-image":"","background-repeat":"repeat","background-position":"center center","background-size":"auto","background-attachment":"scroll","background-type":"","background-media":"","overlay-type":"","overlay-color":"","overlay-opacity":"","overlay-gradient":""},"tablet":{"background-color":"var(--ast-global-color-5)","background-image":"","background-repeat":"repeat","background-position":"center center","background-size":"auto","background-attachment":"scroll","background-type":"","background-media":"","overlay-type":"","overlay-color":"","overlay-opacity":"","overlay-gradient":""},"mobile":{"background-color":"var(--ast-global-color-5)","background-image":"","background-repeat":"repeat","background-position":"center center","background-size":"auto","background-attachment":"scroll","background-type":"","background-media":"","overlay-type":"","overlay-color":"","overlay-opacity":"","overlay-gradient":""}}},"product_brand":[],"product_cat":[47,430,40],"product_tag":[566,457,220,438,189,963,186,536,184,281],"class_list":{"0":"post-5569","1":"product","2":"type-product","3":"status-publish","4":"has-post-thumbnail","6":"product_cat-classic","7":"product_cat-men","8":"product_cat-mens-shoes","9":"product_tag-calfskin-shoes","10":"product_tag-classic-loafers","11":"product_tag-comfortable-loafers","12":"product_tag-eva-sole","13":"product_tag-goat-leather-lining","14":"product_tag-leather-casual-loafers","15":"product_tag-mens-loafers","16":"product_tag-premium-leather-loafers","17":"product_tag-slip-on-shoes","18":"product_tag-wholesale-shoes","19":"desktop-align-center","20":"tablet-align-center","21":"mobile-align-center","23":"first","24":"instock","25":"shipping-taxable","26":"purchasable","27":"product-type-variable","28":"has-default-attributes"},"acf":[],"uagb_featured_image_src":{"full":["https:\/\/turkishtrade.co\/wp-content\/uploads\/2026\/01\/2400EJOMN00329-BROWN-X_443-1-usd.png",453,250,false],"thumbnail":["https:\/\/turkishtrade.co\/wp-content\/uploads\/2026\/01\/2400EJOMN00329-BROWN-X_443-1-usd-150x150.png",150,150,true],"medium":["https:\/\/turkishtrade.co\/wp-content\/uploads\/2026\/01\/2400EJOMN00329-BROWN-X_443-1-usd-300x166.png",300,166,true],"medium_large":["https:\/\/turkishtrade.co\/wp-content\/uploads\/2026\/01\/2400EJOMN00329-BROWN-X_443-1-usd.png",453,250,false],"large":["https:\/\/turkishtrade.co\/wp-content\/uploads\/2026\/01\/2400EJOMN00329-BROWN-X_443-1-usd.png",453,250,false],"1536x1536":["https:\/\/turkishtrade.co\/wp-content\/uploads\/2026\/01\/2400EJOMN00329-BROWN-X_443-1-usd.png",453,250,false],"2048x2048":["https:\/\/turkishtrade.co\/wp-content\/uploads\/2026\/01\/2400EJOMN00329-BROWN-X_443-1-usd.png",453,250,false],"trp-custom-language-flag":["https:\/\/turkishtrade.co\/wp-content\/uploads\/2026\/01\/2400EJOMN00329-BROWN-X_443-1-usd-18x10.png",18,10,true],"woocommerce_thumbnail":["https:\/\/turkishtrade.co\/wp-content\/uploads\/2026\/01\/2400EJOMN00329-BROWN-X_443-1-usd-400x250.png",400,250,true],"woocommerce_single":["https:\/\/turkishtrade.co\/wp-content\/uploads\/2026\/01\/2400EJOMN00329-BROWN-X_443-1-usd.png",453,250,false],"woocommerce_gallery_thumbnail":["https:\/\/turkishtrade.co\/wp-content\/uploads\/2026\/01\/2400EJOMN00329-BROWN-X_443-1-usd-100x100.png",100,100,true]},"uagb_author_info":{"display_name":"yaser olabi","author_link":"https:\/\/turkishtrade.co\/tr\/author\/"},"uagb_comment_info":0,"uagb_excerpt":"Outer Surface: Genuine Calf Leather Inner Surface: Soft Goat Leather Sole: Lightweight &amp; Durable EVA Heel Height: Classic Loafer 1-3 cm Available Sizes: 39, 40, 41, 42, 43, 44, 45 Minimum Order Quantity: 8 Pairs Estimated Delivery Time: 12 Days + Shipping","_links":{"self":[{"href":"https:\/\/turkishtrade.co\/tr\/wp-json\/wp\/v2\/product\/5569","targetHints":{"allow":["GET"]}}],"collection":[{"href":"https:\/\/turkishtrade.co\/tr\/wp-json\/wp\/v2\/product"}],"about":[{"href":"https:\/\/turkishtrade.co\/tr\/wp-json\/wp\/v2\/types\/product"}],"wp:featuredmedia":[{"embeddable":true,"href":"https:\/\/turkishtrade.co\/tr\/wp-json\/wp\/v2\/media\/3736"}],"wp:attachment":[{"href":"https:\/\/turkishtrade.co\/tr\/wp-json\/wp\/v2\/media?parent=5569"}],"wp:term":[{"taxonomy":"product_brand","embeddable":true,"href":"https:\/\/turkishtrade.co\/tr\/wp-json\/wp\/v2\/product_brand?post=5569"},{"taxonomy":"product_cat","embeddable":true,"href":"https:\/\/turkishtrade.co\/tr\/wp-json\/wp\/v2\/product_cat?post=5569"},{"taxonomy":"product_tag","embeddable":true,"href":"https:\/\/turkishtrade.co\/tr\/wp-json\/wp\/v2\/product_tag?post=5569"}],"curies":[{"name":"wp","href":"https:\/\/api.w.org\/{rel}","templated":true}]}}