{"id":5567,"date":"2026-01-14T12:16:20","date_gmt":"2026-01-14T12:16:20","guid":{"rendered":"https:\/\/turkishtrade.co\/product\/mens-black-leather-derby-shoes-5\/"},"modified":"2026-04-09T19:30:34","modified_gmt":"2026-04-09T19:30:34","slug":"mens-black-leather-derby-shoes-5","status":"publish","type":"product","link":"https:\/\/turkishtrade.co\/tr\/shop\/mens-black-leather-derby-shoes-5\/","title":{"rendered":"Kal\u0131n EVA Tabanl\u0131 Erkek Premium Siyah Deri Derby Ayakkab\u0131"},"content":{"rendered":"<p><strong>Erkek Siyah Deri Derby Ayakkab\u0131<\/strong><\/p>\n<p>Enfes tasar\u0131m\u0131m\u0131zla benzersiz bir stil ve konfora ad\u0131m at\u0131n <strong>Erkek Siyah Deri Derby Ayakkab\u0131<\/strong>. Se\u00e7kin beyefendiler i\u00e7in tasarlanan bu ayakkab\u0131lar, klasik \u015f\u0131kl\u0131\u011f\u0131 modern i\u015flevsellikle m\u00fckemmel bir \u015fekilde harmanl\u0131yor. \u0130ster \u00f6nemli bir i\u015f toplant\u0131s\u0131na, ister resmi bir etkinli\u011fe gidiyor olun, ister sadece sofistike bir g\u00fcnl\u00fck giyim ar\u0131yor olun, bu ayakkab\u0131lar\u0131m\u0131z <strong>Erkek Siyah Deri Derby Ayakkab\u0131<\/strong> ideal se\u00e7iminizdir.<\/p>\n<p><h3>Rakipsiz \u0130\u015f\u00e7ilik ve Birinci S\u0131n\u0131f Malzemeler<\/h3>\n<\/p>\n<p>Bu birinci s\u0131n\u0131f derby ayakkab\u0131lar\u0131n her bir \u00e7ifti yaln\u0131zca en iyi malzemeler kullan\u0131larak titizlikle \u00fcretilmi\u015ftir. D\u0131\u015f y\u00fczeyi, p\u00fcr\u00fczs\u00fcz dokusu, l\u00fcks g\u00f6r\u00fcn\u00fcm\u00fc ve ola\u011fan\u00fcst\u00fc dayan\u0131kl\u0131l\u0131\u011f\u0131 ile tan\u0131nan hakiki dana derisine sahiptir. Bu y\u00fcksek kaliteli dana derisi, ayakkab\u0131lar\u0131n\u0131z\u0131n <strong>Erkek Siyah Deri Derby Ayakkab\u0131<\/strong> sadece \u00e7arp\u0131c\u0131 g\u00f6r\u00fcnmekle kalmayacak, ayn\u0131 zamanda ya\u015fland\u0131k\u00e7a g\u00fczel bir patine geli\u015ftirerek zaman\u0131n testine de dayanacakt\u0131r.<\/p>\n<p>Sa\u011flam d\u0131\u015f y\u00fczeyi tamamlayan i\u00e7 k\u0131s\u0131m yumu\u015fak, esnek ke\u00e7i derisiyle astarlanm\u0131\u015ft\u0131r ve ayaklar\u0131n\u0131z i\u00e7in inan\u0131lmaz rahat ve nefes alabilen bir ortam sa\u011flar. Bu \u00f6zenli malzeme kombinasyonu, bu ola\u011fan\u00fcst\u00fc ayakkab\u0131lar\u0131 giydi\u011finiz andan itibaren l\u00fcks bir deneyim ya\u015faman\u0131z\u0131 garanti eder. <strong>Erkek Siyah Deri Derby Ayakkab\u0131<\/strong>.<\/p>\n<p><h3>EVA Taban Teknolojisi ile Geli\u015fmi\u015f Konfor<\/h3>\n<\/p>\n<p>Konfor her \u015feyden \u00f6nemlidir ve <strong>Erkek Siyah Deri Derby Ayakkab\u0131<\/strong> fazlas\u0131yla sunar. \u00d6ne \u00e7\u0131kan \u00f6zelli\u011fi, yenilik\u00e7i EVA (Etilen-vinil asetat) taban\u0131d\u0131r. Bu hafif, esnek ve \u015fok emici malzeme \u00fcst\u00fcn yast\u0131klama sa\u011flayarak uzun saatler kullan\u0131mdan sonra bile ayak yorgunlu\u011funu azalt\u0131r.<\/p>\n<p>Kal\u0131n EVA taban sadece \u00e7a\u011fda\u015f bir estetik katmakla kalmaz, ayn\u0131 zamanda konforunuzu da y\u00fckseltir. <strong>Erkek Siyah Deri Derby Ayakkab\u0131<\/strong> dinamik ya\u015fam tarzlar\u0131 i\u00e7in pratik bir se\u00e7im. Geleneksel tabanlarla k\u0131yaslanamayacak kadar hareketli bir ad\u0131m deneyimi ya\u015fay\u0131n.<\/p>\n<p><h3>Her Durum i\u00e7in \u00c7ok Y\u00f6nl\u00fcl\u00fck<\/h3>\n<\/p>\n<p>Zamans\u0131z siyah rengi ve klasik derby silueti, bu ayakkab\u0131lar\u0131n inan\u0131lmaz derecede \u00e7ok y\u00f6nl\u00fc olmas\u0131n\u0131 sa\u011flar. E\u015fle\u015ftirin <strong>Erkek Siyah Deri Derby Ayakkab\u0131<\/strong> \u015e\u0131k bir profesyonel g\u00f6r\u00fcn\u00fcm i\u00e7in keskin bir tak\u0131m elbise ile veya sofistike bir g\u00fcndelik topluluk i\u00e7in chino pantolon ve \u015f\u0131k bir g\u00f6mlekle giydirin.<\/p>\n<p>Uyarlanabilir olmalar\u0131, onlar\u0131 her modern erke\u011fin gard\u0131robuna \u00f6nemli bir katk\u0131 haline getiriyor. Resmi toplant\u0131lardan \u015f\u0131k g\u00fcndelik gezilere kadar, bu <strong>Erkek Siyah Deri Derby Ayakkab\u0131<\/strong> program\u0131n\u0131zla zahmetsizce ge\u00e7i\u015f yap\u0131n.<\/p>\n<p><h3>Boyutland\u0131rma ve Toptan Sat\u0131\u015f F\u0131rsatlar\u0131<\/h3>\n<\/p>\n<p>EU 39'dan 45'e kadar kapsaml\u0131 bir beden yelpazesinde mevcut olup, m\u00fckemmel uyumunuzu bulmak kolayd\u0131r. Kalite ve stil arayan bireysel m\u00fc\u015fterilerin yan\u0131 s\u0131ra m\u00fc\u015fterileri i\u00e7in birinci s\u0131n\u0131f ayakkab\u0131 arayan i\u015fletmelere de hitap ediyoruz. Minimum sipari\u015f miktar\u0131 sadece 8 \u00e7ift olan esnek toptan sat\u0131\u015f se\u00e7enekleri sunuyoruz.<\/p>\n<p>Daha b\u00fcy\u00fck toplu al\u0131mlar i\u00e7in, talep \u00fczerine cazip toptan sat\u0131\u015f fiyatlar\u0131 mevcuttur. G\u00fcvenilir teslimat\u0131n keyfini \u00e7\u0131kar\u0131n, sipari\u015fler 12 g\u00fcn art\u0131 nakliye s\u00fcresi i\u00e7inde g\u00f6nderilir. Ola\u011fan\u00fcst\u00fc \u00fcr\u00fcnlerimizle kaliteye yat\u0131r\u0131m yap\u0131n, stile yat\u0131r\u0131m yap\u0131n <strong>Erkek Siyah Deri Derby Ayakkab\u0131<\/strong>.<\/p>","protected":false},"excerpt":{"rendered":"<ul>\n<li><strong>Premium Malzemeler:<\/strong> \u00dcst\u00fcn konfor ve dayan\u0131kl\u0131l\u0131k i\u00e7in hakiki dana derisinden d\u0131\u015f y\u00fczey ve yumu\u015fak ke\u00e7i derisinden i\u00e7 y\u00fczey ile \u00fcretilmi\u015ftir.<\/li>\n<li><strong>Konfor Odakl\u0131 Taban:<\/strong> G\u00fcn boyu kullan\u0131m i\u00e7in \u00fcst\u00fcn yast\u0131klama sa\u011flayan hafif ve \u015fok emici EVA tabana sahiptir.<\/li>\n<li><strong>\u00c7ok Y\u00f6nl\u00fc Stil:<\/strong> Klasik siyah derby tasar\u0131m\u0131 hem resmi i\u015f ortamlar\u0131 hem de \u015f\u0131k g\u00fcndelik durumlar i\u00e7in uygundur.<\/li>\n<li><strong>Mevcut Boyutlar:<\/strong> EU 39'dan 45'e kadar olan kapsaml\u0131 \u00fcr\u00fcn yelpazesi, farkl\u0131 ayak numaralar\u0131 i\u00e7in m\u00fckemmel uyum sa\u011flar.<\/li>\n<li><strong>Toplu Bulunabilirlik:<\/strong> Minimum sipari\u015f miktar\u0131 8 \u00e7ifttir. Daha b\u00fcy\u00fck sipari\u015fler i\u00e7in toptan fiyatland\u0131rma ve esnek teslimat (12 g\u00fcn + nakliye) mevcuttur.<\/li>\n<\/ul>","protected":false},"featured_media":3734,"template":"","meta":{"_acf_changed":false,"_uag_custom_page_level_css":"","site-sidebar-layout":"default","site-content-layout":"","ast-site-content-layout":"default","site-content-style":"default","site-sidebar-style":"default","ast-global-header-display":"","ast-banner-title-visibility":"","ast-main-header-display":"","ast-hfb-above-header-display":"","ast-hfb-below-header-display":"","ast-hfb-mobile-header-display":"","site-post-title":"","ast-breadcrumbs-content":"","ast-featured-img":"","footer-sml-layout":"","ast-disable-related-posts":"","theme-transparent-header-meta":"","adv-header-id-meta":"","stick-header-meta":"","header-above-stick-meta":"","header-main-stick-meta":"","header-below-stick-meta":"","astra-migrate-meta-layouts":"default","ast-page-background-enabled":"default","ast-page-background-meta":{"desktop":{"background-color":"var(--ast-global-color-4)","background-image":"","background-repeat":"repeat","background-position":"center center","background-size":"auto","background-attachment":"scroll","background-type":"","background-media":"","overlay-type":"","overlay-color":"","overlay-opacity":"","overlay-gradient":""},"tablet":{"background-color":"","background-image":"","background-repeat":"repeat","background-position":"center center","background-size":"auto","background-attachment":"scroll","background-type":"","background-media":"","overlay-type":"","overlay-color":"","overlay-opacity":"","overlay-gradient":""},"mobile":{"background-color":"","background-image":"","background-repeat":"repeat","background-position":"center center","background-size":"auto","background-attachment":"scroll","background-type":"","background-media":"","overlay-type":"","overlay-color":"","overlay-opacity":"","overlay-gradient":""}},"ast-content-background-meta":{"desktop":{"background-color":"var(--ast-global-color-5)","background-image":"","background-repeat":"repeat","background-position":"center center","background-size":"auto","background-attachment":"scroll","background-type":"","background-media":"","overlay-type":"","overlay-color":"","overlay-opacity":"","overlay-gradient":""},"tablet":{"background-color":"var(--ast-global-color-5)","background-image":"","background-repeat":"repeat","background-position":"center center","background-size":"auto","background-attachment":"scroll","background-type":"","background-media":"","overlay-type":"","overlay-color":"","overlay-opacity":"","overlay-gradient":""},"mobile":{"background-color":"var(--ast-global-color-5)","background-image":"","background-repeat":"repeat","background-position":"center center","background-size":"auto","background-attachment":"scroll","background-type":"","background-media":"","overlay-type":"","overlay-color":"","overlay-opacity":"","overlay-gradient":""}}},"product_brand":[],"product_cat":[47,430,40],"product_tag":[605,405,202,449,212,438,251,437,227,225,400,210,281],"class_list":{"0":"post-5567","1":"product","2":"type-product","3":"status-publish","4":"has-post-thumbnail","6":"product_cat-classic","7":"product_cat-men","8":"product_cat-mens-shoes","9":"product_tag-black-shoes","10":"product_tag-business-shoes","11":"product_tag-calf-leather","12":"product_tag-casual-shoes","13":"product_tag-derby-shoes","14":"product_tag-eva-sole","15":"product_tag-formal-shoes","16":"product_tag-goat-leather","17":"product_tag-leather-shoes","18":"product_tag-mens-footwear","19":"product_tag-platform-shoes","20":"product_tag-smart-casual","21":"product_tag-wholesale-shoes","22":"desktop-align-center","23":"tablet-align-center","24":"mobile-align-center","26":"first","27":"instock","28":"shipping-taxable","29":"purchasable","30":"product-type-variable","31":"has-default-attributes"},"acf":[],"uagb_featured_image_src":{"full":["https:\/\/turkishtrade.co\/wp-content\/uploads\/2026\/01\/2400EJOMN00327-BLACK-12660_1-3-usd-en-az-200-cift.png",453,250,false],"thumbnail":["https:\/\/turkishtrade.co\/wp-content\/uploads\/2026\/01\/2400EJOMN00327-BLACK-12660_1-3-usd-en-az-200-cift-150x150.png",150,150,true],"medium":["https:\/\/turkishtrade.co\/wp-content\/uploads\/2026\/01\/2400EJOMN00327-BLACK-12660_1-3-usd-en-az-200-cift-300x166.png",300,166,true],"medium_large":["https:\/\/turkishtrade.co\/wp-content\/uploads\/2026\/01\/2400EJOMN00327-BLACK-12660_1-3-usd-en-az-200-cift.png",453,250,false],"large":["https:\/\/turkishtrade.co\/wp-content\/uploads\/2026\/01\/2400EJOMN00327-BLACK-12660_1-3-usd-en-az-200-cift.png",453,250,false],"1536x1536":["https:\/\/turkishtrade.co\/wp-content\/uploads\/2026\/01\/2400EJOMN00327-BLACK-12660_1-3-usd-en-az-200-cift.png",453,250,false],"2048x2048":["https:\/\/turkishtrade.co\/wp-content\/uploads\/2026\/01\/2400EJOMN00327-BLACK-12660_1-3-usd-en-az-200-cift.png",453,250,false],"trp-custom-language-flag":["https:\/\/turkishtrade.co\/wp-content\/uploads\/2026\/01\/2400EJOMN00327-BLACK-12660_1-3-usd-en-az-200-cift-18x10.png",18,10,true],"woocommerce_thumbnail":["https:\/\/turkishtrade.co\/wp-content\/uploads\/2026\/01\/2400EJOMN00327-BLACK-12660_1-3-usd-en-az-200-cift-400x250.png",400,250,true],"woocommerce_single":["https:\/\/turkishtrade.co\/wp-content\/uploads\/2026\/01\/2400EJOMN00327-BLACK-12660_1-3-usd-en-az-200-cift.png",453,250,false],"woocommerce_gallery_thumbnail":["https:\/\/turkishtrade.co\/wp-content\/uploads\/2026\/01\/2400EJOMN00327-BLACK-12660_1-3-usd-en-az-200-cift-100x100.png",100,100,true]},"uagb_author_info":{"display_name":"yaser olabi","author_link":"https:\/\/turkishtrade.co\/tr\/author\/"},"uagb_comment_info":0,"uagb_excerpt":"Premium Materials: Crafted with genuine calf leather exterior and soft goat leather interior for ultimate comfort and durability. Comfort-Focused Sole: Features a lightweight and shock-absorbent EVA sole, providing superior cushioning for all-day wear. Versatile Style: Classic black derby design suitable for both formal business settings and smart casual occasions. Available Sizes: Comprehensive range from EU&hellip;","_links":{"self":[{"href":"https:\/\/turkishtrade.co\/tr\/wp-json\/wp\/v2\/product\/5567","targetHints":{"allow":["GET"]}}],"collection":[{"href":"https:\/\/turkishtrade.co\/tr\/wp-json\/wp\/v2\/product"}],"about":[{"href":"https:\/\/turkishtrade.co\/tr\/wp-json\/wp\/v2\/types\/product"}],"wp:featuredmedia":[{"embeddable":true,"href":"https:\/\/turkishtrade.co\/tr\/wp-json\/wp\/v2\/media\/3734"}],"wp:attachment":[{"href":"https:\/\/turkishtrade.co\/tr\/wp-json\/wp\/v2\/media?parent=5567"}],"wp:term":[{"taxonomy":"product_brand","embeddable":true,"href":"https:\/\/turkishtrade.co\/tr\/wp-json\/wp\/v2\/product_brand?post=5567"},{"taxonomy":"product_cat","embeddable":true,"href":"https:\/\/turkishtrade.co\/tr\/wp-json\/wp\/v2\/product_cat?post=5567"},{"taxonomy":"product_tag","embeddable":true,"href":"https:\/\/turkishtrade.co\/tr\/wp-json\/wp\/v2\/product_tag?post=5567"}],"curies":[{"name":"wp","href":"https:\/\/api.w.org\/{rel}","templated":true}]}}