{"id":5563,"date":"2026-01-14T12:15:46","date_gmt":"2026-01-14T12:15:46","guid":{"rendered":"https:\/\/turkishtrade.co\/product\/mens-black-leather-derby-shoes-4\/"},"modified":"2026-04-09T19:30:41","modified_gmt":"2026-04-09T19:30:41","slug":"mens-black-leather-derby-shoes-4","status":"publish","type":"product","link":"https:\/\/turkishtrade.co\/tr\/shop\/mens-black-leather-derby-shoes-4\/","title":{"rendered":"Premium Erkek Siyah Deri Derby Ayakkab\u0131"},"content":{"rendered":"<p><strong>Erkek Siyah Deri Derby Ayakkab\u0131<\/strong><\/p>\n<p>Zamans\u0131z zarafet ve modern konforun m\u00fckemmel kar\u0131\u015f\u0131m\u0131n\u0131 ola\u011fan\u00fcst\u00fc \u00fcr\u00fcnlerimizle ke\u015ffedin <strong>erkek si\u0307yah deri\u0307 derby ayakkabi<\/strong>. Hem sofistike bir stil hem de kal\u0131c\u0131 bir giyilebilirlik sunmak i\u00e7in titizlikle haz\u0131rlanm\u0131\u015f olan bu <strong>erkek si\u0307yah deri\u0307 derby ayakkabi<\/strong> her se\u00e7kin gard\u0131rop i\u00e7in vazge\u00e7ilmez bir eklentidir. \u0130ster i\u015f ama\u00e7l\u0131 g\u00fcndelik bir etkinlik i\u00e7in giyiniyor olun, ister d\u0131\u015far\u0131da \u00f6zel bir ak\u015fam ge\u00e7irin ya da sadece g\u00fcnl\u00fck k\u0131yafetlerinizi y\u00fckseltmek isteyin, bu \u00e7ok y\u00f6nl\u00fc ayakkab\u0131lar e\u015fsiz bir kalite ve \u00e7ekicilik sunar.<\/p>\n<p><h3>Benzersiz \u0130\u015f\u00e7ilik ve \u00dcst\u00fcn Kaliteli Malzemeler<\/h3>\n<\/p>\n<p>M\u00fckemmelli\u011fe olan ba\u011fl\u0131l\u0131\u011f\u0131m\u0131z, bu \u00fcr\u00fcnlerin her detay\u0131nda kendini g\u00f6stermektedir <strong>erkek si\u0307yah deri\u0307 derby ayakkabi<\/strong>. D\u0131\u015f y\u00fczeyi, p\u00fcr\u00fczs\u00fcz y\u00fczeyi, l\u00fcks hissi ve ola\u011fan\u00fcst\u00fc dayan\u0131kl\u0131l\u0131\u011f\u0131yla bilinen y\u00fcksek kaliteli hakiki dana derisinden \u00fcretilmi\u015ftir. Bu birinci s\u0131n\u0131f dana derisi yaln\u0131zca zarif bir estetik sa\u011flamakla kalmaz, ayn\u0131 zamanda ayakkab\u0131lar\u0131n\u0131z\u0131n g\u00fczel bir \u015fekilde ya\u015flanmas\u0131n\u0131 ve zaman i\u00e7inde benzersiz bir patine geli\u015ftirmesini sa\u011flar.<\/p>\n<p>\u0130\u00e7 k\u0131s\u0131mda, ayaklar\u0131n\u0131z hakiki ke\u00e7i derisi astar\u0131n yumu\u015fak kucaklamas\u0131yla sar\u0131lacak, \u00fcst\u00fcn nefes alabilirlik ve her giyimde aya\u011f\u0131n\u0131za uyum sa\u011flayan pel\u00fc\u015f, rahat bir uyum sunacak.<\/p>\n<p>Ba\u011fc\u0131klar\u0131n yan\u0131ndaki ince doku detay\u0131, bu ayakkab\u0131y\u0131 farkl\u0131 bir dokunu\u015fla donat\u0131yor. <strong>erkek si\u0307yah deri\u0307 derby ayakkabi<\/strong> geleneksel tasar\u0131mlardan farkl\u0131d\u0131r.<\/p>\n<p><h3>Stil ve T\u00fcm G\u00fcn Konfor i\u00e7in Tasarland\u0131<\/h3>\n<\/p>\n<p>\u00c7arp\u0131c\u0131 g\u00f6r\u00fcn\u00fcmlerinin \u00f6tesinde, bu <strong>erkek si\u0307yah deri\u0307 derby ayakkabi<\/strong> \u00fcst\u00fcn konfor i\u00e7in tasarlanm\u0131\u015ft\u0131r. Hafif ve esnek EVA taban\u0131 m\u00fckemmel \u015fok emilimi ve destek sa\u011flayarak aya\u011f\u0131n\u0131zda ge\u00e7irece\u011finiz uzun g\u00fcnler i\u00e7in idealdir. Klasik topuk y\u00fcksekli\u011fi 1-3 cm olan bu derby ayakkab\u0131lar, denge veya konfordan \u00f6d\u00fcn vermeden zarif bir siluet sunar.<\/p>\n<p>Klasik derby ba\u011fc\u0131k sistemi, \u00e7e\u015fitli ayak geni\u015fliklerine rahat\u00e7a uyum sa\u011flayarak ayarlanabilir bir uyum sa\u011flar. 39'dan 45'e kadar kapsaml\u0131 bir beden aral\u0131\u011f\u0131nda mevcut olup, birinci s\u0131n\u0131f ayakkab\u0131 arayan geni\u015f bir m\u00fc\u015fteri yelpazesi i\u00e7in m\u00fckemmel bir uyum sa\u011fl\u0131yoruz. <strong>erkek si\u0307yah deri\u0307 derby ayakkabi<\/strong>.<\/p>\n<p><h3>Her Durum i\u00e7in \u00c7ok Y\u00f6nl\u00fcl\u00fck<\/h3>\n<\/p>\n<p>Zamans\u0131z siyah rengi ve zarif derby stili ile bu <strong>erkek si\u0307yah deri\u0307 derby ayakkabi<\/strong> inan\u0131lmaz derecede \u00e7ok y\u00f6nl\u00fcd\u00fcr. \u015e\u0131k bir i\u015f g\u00fcndeli\u011fi g\u00f6r\u00fcn\u00fcm\u00fc i\u00e7in \u00f6zel dikim pantolonlarla e\u015fle\u015ftirin ya da sofistike bir hafta sonu kombini i\u00e7in chino veya koyu renk kot pantolonlarla giydirin. Uyarlanabilirli\u011fi sayesinde hem perakendeciler hem de bireysel al\u0131c\u0131lar i\u00e7in ak\u0131ll\u0131 bir yat\u0131r\u0131md\u0131r.<\/p>\n<p>\u0130\u015fletmeler i\u00e7in bu \u00fcst\u00fcn \u00f6zellikler <strong>erkek si\u0307yah deri\u0307 derby ayakkabi<\/strong> minimum 8 \u00e7ift sat\u0131n al\u0131mla toplu sipari\u015fler i\u00e7in mevcuttur ve bu pop\u00fcler stili stoklayabilmenizi sa\u011flar. Tahmini teslimat s\u00fcresi 12 g\u00fcn art\u0131 kargo ile, kalite ve sofistikeli\u011fi deneyimlemek i\u00e7in uzun s\u00fcre beklemek zorunda kalmayacaks\u0131n\u0131z. <strong>erkek si\u0307yah deri\u0307 derby ayakkabi<\/strong> Teklif.<\/p>\n<p><h3>Kal\u0131c\u0131 Kaliteye Yat\u0131r\u0131m Yap\u0131n<\/h3>\n<\/p>\n<p>Bizimkini se\u00e7in <strong>erkek si\u0307yah deri\u0307 derby ayakkabi<\/strong> geleneksel ayakkab\u0131c\u0131l\u0131k sanat\u0131n\u0131 \u00e7a\u011fda\u015f tasar\u0131m ve konforla birle\u015ftiren bir \u00fcr\u00fcn i\u00e7in. Birinci s\u0131n\u0131f malzemelerin ve titiz i\u015f\u00e7ili\u011fin yaratt\u0131\u011f\u0131 fark\u0131 deneyimleyin. Bu ayakkab\u0131lar sadece bir aksesuar de\u011fil; bir stil ifadesi ve kalitenin kan\u0131t\u0131d\u0131r. Bu ola\u011fan\u00fcst\u00fc ayakkab\u0131larla ayakkab\u0131 koleksiyonunuzu bug\u00fcn y\u00fckseltin <strong>erkek si\u0307yah deri\u0307 derby ayakkabi<\/strong> ve zarafet ve konfor dolu bir d\u00fcnyaya ad\u0131m at\u0131n.<\/p>","protected":false},"excerpt":{"rendered":"<ul>\n<li><strong>\u00dcst\u00fcn \u0130\u015f\u00e7ilik:<\/strong> D\u0131\u015f y\u00fczeyi hakiki dana derisi ve i\u00e7 k\u0131sm\u0131 yumu\u015fak ke\u00e7i derisinden yap\u0131lm\u0131\u015ft\u0131r.<\/li>\n<li><strong>Konfor \u00d6ncelikli Tasar\u0131m:<\/strong> G\u00fcn boyu konfor i\u00e7in hafif ve esnek EVA taban.<\/li>\n<li><strong>Klasik Topuk Y\u00fcksekli\u011fi:<\/strong> Zarif bir profil i\u00e7in ince 1-3 cm topuk.<\/li>\n<li><strong>Geni\u015f Boyut Aral\u0131\u011f\u0131:<\/strong> 39, 40, 41, 42, 43, 44, 45 bedenleri mevcuttur.<\/li>\n<li><strong>Toplu Bulunabilirlik:<\/strong> Minimum 8 \u00e7ift sipari\u015f.<\/li>\n<li><strong>Tahmini Teslimat:<\/strong> 12 g\u00fcn art\u0131 nakliye.<\/li>\n<\/ul>","protected":false},"featured_media":3732,"template":"","meta":{"_acf_changed":false,"_uag_custom_page_level_css":"","site-sidebar-layout":"default","site-content-layout":"","ast-site-content-layout":"default","site-content-style":"default","site-sidebar-style":"default","ast-global-header-display":"","ast-banner-title-visibility":"","ast-main-header-display":"","ast-hfb-above-header-display":"","ast-hfb-below-header-display":"","ast-hfb-mobile-header-display":"","site-post-title":"","ast-breadcrumbs-content":"","ast-featured-img":"","footer-sml-layout":"","ast-disable-related-posts":"","theme-transparent-header-meta":"","adv-header-id-meta":"","stick-header-meta":"","header-above-stick-meta":"","header-main-stick-meta":"","header-below-stick-meta":"","astra-migrate-meta-layouts":"default","ast-page-background-enabled":"default","ast-page-background-meta":{"desktop":{"background-color":"var(--ast-global-color-4)","background-image":"","background-repeat":"repeat","background-position":"center center","background-size":"auto","background-attachment":"scroll","background-type":"","background-media":"","overlay-type":"","overlay-color":"","overlay-opacity":"","overlay-gradient":""},"tablet":{"background-color":"","background-image":"","background-repeat":"repeat","background-position":"center center","background-size":"auto","background-attachment":"scroll","background-type":"","background-media":"","overlay-type":"","overlay-color":"","overlay-opacity":"","overlay-gradient":""},"mobile":{"background-color":"","background-image":"","background-repeat":"repeat","background-position":"center center","background-size":"auto","background-attachment":"scroll","background-type":"","background-media":"","overlay-type":"","overlay-color":"","overlay-opacity":"","overlay-gradient":""}},"ast-content-background-meta":{"desktop":{"background-color":"var(--ast-global-color-5)","background-image":"","background-repeat":"repeat","background-position":"center center","background-size":"auto","background-attachment":"scroll","background-type":"","background-media":"","overlay-type":"","overlay-color":"","overlay-opacity":"","overlay-gradient":""},"tablet":{"background-color":"var(--ast-global-color-5)","background-image":"","background-repeat":"repeat","background-position":"center center","background-size":"auto","background-attachment":"scroll","background-type":"","background-media":"","overlay-type":"","overlay-color":"","overlay-opacity":"","overlay-gradient":""},"mobile":{"background-color":"var(--ast-global-color-5)","background-image":"","background-repeat":"repeat","background-position":"center center","background-size":"auto","background-attachment":"scroll","background-type":"","background-media":"","overlay-type":"","overlay-color":"","overlay-opacity":"","overlay-gradient":""}}},"product_brand":[],"product_cat":[47,430,40],"product_tag":[407,185,809,290,287,959,189,227,888,324,632,546,411],"class_list":{"0":"post-5563","1":"product","2":"type-product","3":"status-publish","4":"has-post-thumbnail","6":"product_cat-classic","7":"product_cat-men","8":"product_cat-mens-shoes","9":"product_tag-black-derby-shoes","10":"product_tag-calf-leather-shoes","11":"product_tag-classic-mens-footwear","12":"product_tag-comfortable-mens-shoes","13":"product_tag-eva-sole-shoes","14":"product_tag-formal-casual-shoes","15":"product_tag-goat-leather-lining","16":"product_tag-leather-shoes","17":"product_tag-mens-black-leather-derby-shoes","18":"product_tag-mens-dress-shoes","19":"product_tag-premium-leather-shoes","20":"product_tag-stylish-mens-shoes","21":"product_tag-textured-leather-shoes","22":"desktop-align-center","23":"tablet-align-center","24":"mobile-align-center","26":"first","27":"instock","28":"shipping-taxable","29":"purchasable","30":"product-type-variable","31":"has-default-attributes"},"acf":[],"uagb_featured_image_src":{"full":["https:\/\/turkishtrade.co\/wp-content\/uploads\/2026\/01\/2400EJOMN00325-BLACK-X_7805-4-USD.png",453,250,false],"thumbnail":["https:\/\/turkishtrade.co\/wp-content\/uploads\/2026\/01\/2400EJOMN00325-BLACK-X_7805-4-USD-150x150.png",150,150,true],"medium":["https:\/\/turkishtrade.co\/wp-content\/uploads\/2026\/01\/2400EJOMN00325-BLACK-X_7805-4-USD-300x166.png",300,166,true],"medium_large":["https:\/\/turkishtrade.co\/wp-content\/uploads\/2026\/01\/2400EJOMN00325-BLACK-X_7805-4-USD.png",453,250,false],"large":["https:\/\/turkishtrade.co\/wp-content\/uploads\/2026\/01\/2400EJOMN00325-BLACK-X_7805-4-USD.png",453,250,false],"1536x1536":["https:\/\/turkishtrade.co\/wp-content\/uploads\/2026\/01\/2400EJOMN00325-BLACK-X_7805-4-USD.png",453,250,false],"2048x2048":["https:\/\/turkishtrade.co\/wp-content\/uploads\/2026\/01\/2400EJOMN00325-BLACK-X_7805-4-USD.png",453,250,false],"trp-custom-language-flag":["https:\/\/turkishtrade.co\/wp-content\/uploads\/2026\/01\/2400EJOMN00325-BLACK-X_7805-4-USD-18x10.png",18,10,true],"woocommerce_thumbnail":["https:\/\/turkishtrade.co\/wp-content\/uploads\/2026\/01\/2400EJOMN00325-BLACK-X_7805-4-USD-400x250.png",400,250,true],"woocommerce_single":["https:\/\/turkishtrade.co\/wp-content\/uploads\/2026\/01\/2400EJOMN00325-BLACK-X_7805-4-USD.png",453,250,false],"woocommerce_gallery_thumbnail":["https:\/\/turkishtrade.co\/wp-content\/uploads\/2026\/01\/2400EJOMN00325-BLACK-X_7805-4-USD-100x100.png",100,100,true]},"uagb_author_info":{"display_name":"yaser olabi","author_link":"https:\/\/turkishtrade.co\/tr\/author\/"},"uagb_comment_info":0,"uagb_excerpt":"Premium Craftsmanship: Made with genuine calf leather exterior and soft goat leather interior. Comfort-First Design: Lightweight and flexible EVA sole for all-day comfort. Classic Heel Height: Subtle 1-3 cm heel for a refined profile. Wide Size Range: Available in sizes 39, 40, 41, 42, 43, 44, 45. Bulk Availability: Minimum order of 8 pairs. Estimated&hellip;","_links":{"self":[{"href":"https:\/\/turkishtrade.co\/tr\/wp-json\/wp\/v2\/product\/5563","targetHints":{"allow":["GET"]}}],"collection":[{"href":"https:\/\/turkishtrade.co\/tr\/wp-json\/wp\/v2\/product"}],"about":[{"href":"https:\/\/turkishtrade.co\/tr\/wp-json\/wp\/v2\/types\/product"}],"wp:featuredmedia":[{"embeddable":true,"href":"https:\/\/turkishtrade.co\/tr\/wp-json\/wp\/v2\/media\/3732"}],"wp:attachment":[{"href":"https:\/\/turkishtrade.co\/tr\/wp-json\/wp\/v2\/media?parent=5563"}],"wp:term":[{"taxonomy":"product_brand","embeddable":true,"href":"https:\/\/turkishtrade.co\/tr\/wp-json\/wp\/v2\/product_brand?post=5563"},{"taxonomy":"product_cat","embeddable":true,"href":"https:\/\/turkishtrade.co\/tr\/wp-json\/wp\/v2\/product_cat?post=5563"},{"taxonomy":"product_tag","embeddable":true,"href":"https:\/\/turkishtrade.co\/tr\/wp-json\/wp\/v2\/product_tag?post=5563"}],"curies":[{"name":"wp","href":"https:\/\/api.w.org\/{rel}","templated":true}]}}