{"id":5561,"date":"2026-01-14T12:15:29","date_gmt":"2026-01-14T12:15:29","guid":{"rendered":"https:\/\/turkishtrade.co\/product\/mens-leather-loafer-shoes-5\/"},"modified":"2026-04-09T19:30:44","modified_gmt":"2026-04-09T19:30:44","slug":"mens-leather-loafer-shoes-5","status":"publish","type":"product","link":"https:\/\/turkishtrade.co\/tr\/shop\/mens-leather-loafer-shoes-5\/","title":{"rendered":"Metal U\u00e7lu Klasik Erkek Deri Loafer Ayakkab\u0131"},"content":{"rendered":"<p><strong>Erkek Deri Loafer Ayakkab\u0131<\/strong><\/p>\n<p>Klasik Erkek Deri Loafer Ayakkab\u0131lar\u0131m\u0131z ile zamans\u0131z \u015f\u0131kl\u0131\u011fa ve benzersiz konfora ad\u0131m at\u0131n. Se\u00e7kin beyefendiler i\u00e7in titizlikle haz\u0131rlanan bu zarif loafer ayakkab\u0131lar, geleneksel tasar\u0131m\u0131 modern incelikle harmanl\u0131yor. Birinci s\u0131n\u0131f erkek deri loafer ayakkab\u0131lar\u0131m\u0131z, her ayakkab\u0131 koleksiyonunun vazge\u00e7ilmez bir par\u00e7as\u0131d\u0131r ve i\u015f ama\u00e7l\u0131 g\u00fcndelik giyimden \u015f\u0131k gece k\u0131yafetlerine kadar uzanan \u00e7ok y\u00f6nl\u00fcl\u00fck sunar. Her bir \u00e7ift, dayan\u0131kl\u0131l\u0131k ve kal\u0131c\u0131 stil vaat eden \u00fcst\u00fcn i\u015f\u00e7ili\u011fin bir kan\u0131t\u0131d\u0131r.<\/p>\n<p><h3>Rakipsiz Kalite ve Konfor<\/h3>\n<\/p>\n<p>Bu ola\u011fan\u00fcst\u00fc erkek deri loafer ayakkab\u0131 ile orijinal malzemelerin l\u00fcks\u00fcn\u00fc ya\u015fay\u0131n. D\u0131\u015f y\u00fczeyi, p\u00fcr\u00fczs\u00fcz dokusu, esnekli\u011fi ve zaman i\u00e7inde g\u00fczel bir patina geli\u015ftirme kabiliyetiyle bilinen y\u00fcksek kaliteli dana derisinden yap\u0131lm\u0131\u015ft\u0131r. Burun k\u0131sm\u0131nda ince bir \u015fekilde perdahlanm\u0131\u015f zengin kahverengi tonu, zarif bir estetik sergiler.<\/p>\n<p>\u0130\u00e7 k\u0131s\u0131mda, ayaklar\u0131n\u0131z m\u00fckemmel nefes alabilirlik sa\u011flayan ve uzun s\u00fcreli kullan\u0131mdan sonra bile rahats\u0131zl\u0131\u011f\u0131 \u00f6nleyen ke\u00e7i derisi astar\u0131n yumu\u015fakl\u0131\u011f\u0131yla sar\u0131lacak. Hafif ancak sa\u011flam EVA taban, optimum yast\u0131klama ve \u00e7eki\u015f g\u00fcc\u00fc sa\u011flayarak bu erkek deri loafer ayakkab\u0131lar\u0131n\u0131 stil veya konfordan \u00f6d\u00fcn vermeden g\u00fcnl\u00fck kullan\u0131m i\u00e7in m\u00fckemmel hale getirir. 1-3 cm'lik klasik topuk y\u00fcksekli\u011fi ile hem resmi hem de gayri resmi ortamlar i\u00e7in ideal dengeyi sunar.<\/p>\n<p><h3>Sofistike Tasar\u0131m ve \u00c7ok Y\u00f6nl\u00fcl\u00fck<\/h3>\n<\/p>\n<p>Klasik Erkek Deri Loafer Ayakkab\u0131lar\u0131m\u0131z, geleneksel loafer sil\u00fcetine sofistike bir dokunu\u015f katan ay\u0131rt edici bir metal u\u00e7 s\u00fcslemesine sahiptir. Topuk k\u0131sm\u0131ndaki karma\u015f\u0131k dokulu detaylar tasar\u0131m\u0131 daha da y\u00fckselterek bu ayakkab\u0131lar\u0131 di\u011ferlerinden ay\u0131r\u0131r. Bu \u00e7ok y\u00f6nl\u00fc erkek deri loafer ayakkab\u0131lar, \u00f6zel dikim pantolon ve blazer ceketlerden \u015f\u0131k denimlere kadar \u00e7ok \u00e7e\u015fitli k\u0131yafetleri tamamlayacak \u015fekilde tasarlanm\u0131\u015ft\u0131r.<\/p>\n<p>\u0130ster bir i\u015f toplant\u0131s\u0131na, ister sosyal bir bulu\u015fmaya kat\u0131l\u0131yor olun, ister sadece d\u0131\u015far\u0131da keyifli bir g\u00fcn ge\u00e7iriyor olun, bu mokasen ayakkab\u0131lar her zaman kusursuz bir stile sahip olman\u0131z\u0131 sa\u011flar. Klasik \u00e7ekicili\u011fi, y\u0131llarca gard\u0131robunuzda temel bir par\u00e7a olarak kalaca\u011f\u0131n\u0131 garanti eder.<\/p>\n<p><h3>Premium Ayakkab\u0131lar i\u00e7in Toptan Sat\u0131\u015f F\u0131rsat\u0131<\/h3>\n<\/p>\n<p>Y\u00fcksek kaliteli erkek deri loafer ayakkab\u0131 arayan i\u015fletmeler i\u00e7in, sadece 8 \u00e7ift minimum sipari\u015f miktar\u0131 ile rekabet\u00e7i toptan fiyatland\u0131rma sunuyoruz. Verimli \u00fcretim ve teslimat sistemimiz, sipari\u015finizin yakla\u015f\u0131k 12 g\u00fcn i\u00e7inde i\u015flenmesini ve sevk edilmesini sa\u011flar. 39'dan 45'e kadar kapsaml\u0131 bir beden aral\u0131\u011f\u0131nda mevcut olan bu erkek deri loafer ayakkab\u0131lar geni\u015f bir m\u00fc\u015fteri taban\u0131na hitap etmektedir.<\/p>\n<p>L\u00fcks, konfor ve zamans\u0131z tasar\u0131m\u0131 bir araya getiren ayakkab\u0131lara yat\u0131r\u0131m yap\u0131n, bu ayakkab\u0131lar birinci s\u0131n\u0131f erkek ayakkab\u0131lar\u0131 sunmak isteyen perakendeciler i\u00e7in ideal se\u00e7imdir.<\/p>","protected":false},"excerpt":{"rendered":"<ul>\n<li><b>D\u0131\u015f Malzeme:<\/b> L\u00fcks bir g\u00f6r\u00fcn\u00fcm i\u00e7in Hakiki Dana Derisi<\/li>\n<li><b>\u0130\u00e7 Malzeme:<\/b> Nefes alabilirlik ve konfor sa\u011flayan yumu\u015fak ke\u00e7i derisi<\/li>\n<li><b>Taban:<\/b> T\u00fcm g\u00fcn kullan\u0131m i\u00e7in hafif ve dayan\u0131kl\u0131 EVA<\/li>\n<li><b>Topuk Y\u00fcksekli\u011fi:<\/b> Klasik loafer profili (1-3 cm)<\/li>\n<li><b>Mevcut Boyutlar:<\/b> 39, 40, 41, 42, 43, 44, 45<\/li>\n<li><b>Minimum Sipari\u015f:<\/b> 8 \u00e7ift, toptan al\u0131c\u0131lar i\u00e7in m\u00fckemmel<\/li>\n<li><b>Teslimat S\u00fcresi:<\/b> Yakla\u015f\u0131k 12 g\u00fcn + nakliye<\/li>\n<\/ul>","protected":false},"featured_media":3731,"template":"","meta":{"_acf_changed":false,"_uag_custom_page_level_css":"","site-sidebar-layout":"default","site-content-layout":"","ast-site-content-layout":"default","site-content-style":"default","site-sidebar-style":"default","ast-global-header-display":"","ast-banner-title-visibility":"","ast-main-header-display":"","ast-hfb-above-header-display":"","ast-hfb-below-header-display":"","ast-hfb-mobile-header-display":"","site-post-title":"","ast-breadcrumbs-content":"","ast-featured-img":"","footer-sml-layout":"","ast-disable-related-posts":"","theme-transparent-header-meta":"","adv-header-id-meta":"","stick-header-meta":"","header-above-stick-meta":"","header-main-stick-meta":"","header-below-stick-meta":"","astra-migrate-meta-layouts":"default","ast-page-background-enabled":"default","ast-page-background-meta":{"desktop":{"background-color":"var(--ast-global-color-4)","background-image":"","background-repeat":"repeat","background-position":"center center","background-size":"auto","background-attachment":"scroll","background-type":"","background-media":"","overlay-type":"","overlay-color":"","overlay-opacity":"","overlay-gradient":""},"tablet":{"background-color":"","background-image":"","background-repeat":"repeat","background-position":"center center","background-size":"auto","background-attachment":"scroll","background-type":"","background-media":"","overlay-type":"","overlay-color":"","overlay-opacity":"","overlay-gradient":""},"mobile":{"background-color":"","background-image":"","background-repeat":"repeat","background-position":"center center","background-size":"auto","background-attachment":"scroll","background-type":"","background-media":"","overlay-type":"","overlay-color":"","overlay-opacity":"","overlay-gradient":""}},"ast-content-background-meta":{"desktop":{"background-color":"var(--ast-global-color-5)","background-image":"","background-repeat":"repeat","background-position":"center center","background-size":"auto","background-attachment":"scroll","background-type":"","background-media":"","overlay-type":"","overlay-color":"","overlay-opacity":"","overlay-gradient":""},"tablet":{"background-color":"var(--ast-global-color-5)","background-image":"","background-repeat":"repeat","background-position":"center center","background-size":"auto","background-attachment":"scroll","background-type":"","background-media":"","overlay-type":"","overlay-color":"","overlay-opacity":"","overlay-gradient":""},"mobile":{"background-color":"var(--ast-global-color-5)","background-image":"","background-repeat":"repeat","background-position":"center center","background-size":"auto","background-attachment":"scroll","background-type":"","background-media":"","overlay-type":"","overlay-color":"","overlay-opacity":"","overlay-gradient":""}}},"product_brand":[],"product_cat":[47,430,40],"product_tag":[949,147,513,582,512,457,284,438,583,227,186,926,250,546,281],"class_list":{"0":"post-5561","1":"product","2":"type-product","3":"status-publish","4":"has-post-thumbnail","6":"product_cat-classic","7":"product_cat-men","8":"product_cat-mens-shoes","9":"product_tag-b2b-footwear","10":"product_tag-brown-loafers","11":"product_tag-business-casual-shoes","12":"product_tag-calfskin","13":"product_tag-casual-loafers","14":"product_tag-classic-loafers","15":"product_tag-dress-shoes","16":"product_tag-eva-sole","17":"product_tag-goatskin","18":"product_tag-leather-shoes","19":"product_tag-mens-loafers","20":"product_tag-metal-bit-loafers","21":"product_tag-premium-leather","22":"product_tag-stylish-mens-shoes","23":"product_tag-wholesale-shoes","24":"desktop-align-center","25":"tablet-align-center","26":"mobile-align-center","28":"first","29":"instock","30":"shipping-taxable","31":"purchasable","32":"product-type-variable","33":"has-default-attributes"},"acf":[],"uagb_featured_image_src":{"full":["https:\/\/turkishtrade.co\/wp-content\/uploads\/2026\/01\/2400EJOMN00324-BROWN-X_78-BDS-KAPLAMA-2-USD.png",453,250,false],"thumbnail":["https:\/\/turkishtrade.co\/wp-content\/uploads\/2026\/01\/2400EJOMN00324-BROWN-X_78-BDS-KAPLAMA-2-USD.png",150,83,false],"medium":["https:\/\/turkishtrade.co\/wp-content\/uploads\/2026\/01\/2400EJOMN00324-BROWN-X_78-BDS-KAPLAMA-2-USD.png",300,166,false],"medium_large":["https:\/\/turkishtrade.co\/wp-content\/uploads\/2026\/01\/2400EJOMN00324-BROWN-X_78-BDS-KAPLAMA-2-USD.png",453,250,false],"large":["https:\/\/turkishtrade.co\/wp-content\/uploads\/2026\/01\/2400EJOMN00324-BROWN-X_78-BDS-KAPLAMA-2-USD.png",453,250,false],"1536x1536":["https:\/\/turkishtrade.co\/wp-content\/uploads\/2026\/01\/2400EJOMN00324-BROWN-X_78-BDS-KAPLAMA-2-USD.png",453,250,false],"2048x2048":["https:\/\/turkishtrade.co\/wp-content\/uploads\/2026\/01\/2400EJOMN00324-BROWN-X_78-BDS-KAPLAMA-2-USD.png",453,250,false],"trp-custom-language-flag":["https:\/\/turkishtrade.co\/wp-content\/uploads\/2026\/01\/2400EJOMN00324-BROWN-X_78-BDS-KAPLAMA-2-USD.png",18,10,false],"woocommerce_thumbnail":["https:\/\/turkishtrade.co\/wp-content\/uploads\/2026\/01\/2400EJOMN00324-BROWN-X_78-BDS-KAPLAMA-2-USD-400x250.png",400,250,true],"woocommerce_single":["https:\/\/turkishtrade.co\/wp-content\/uploads\/2026\/01\/2400EJOMN00324-BROWN-X_78-BDS-KAPLAMA-2-USD.png",453,250,false],"woocommerce_gallery_thumbnail":["https:\/\/turkishtrade.co\/wp-content\/uploads\/2026\/01\/2400EJOMN00324-BROWN-X_78-BDS-KAPLAMA-2-USD-100x100.png",100,100,true]},"uagb_author_info":{"display_name":"yaser olabi","author_link":"https:\/\/turkishtrade.co\/tr\/author\/"},"uagb_comment_info":0,"uagb_excerpt":"Outer Material: Genuine Calfskin Leather for a luxurious finish Inner Material: Soft Goatskin Leather ensuring breathability and comfort Sole: Lightweight and durable EVA for all-day wear Heel Height: Classic loafer profile (1-3 cm) Available Sizes: 39, 40, 41, 42, 43, 44, 45 Minimum Order: 8 pairs, perfect for wholesale buyers Delivery Time: Approximately 12 days&hellip;","_links":{"self":[{"href":"https:\/\/turkishtrade.co\/tr\/wp-json\/wp\/v2\/product\/5561","targetHints":{"allow":["GET"]}}],"collection":[{"href":"https:\/\/turkishtrade.co\/tr\/wp-json\/wp\/v2\/product"}],"about":[{"href":"https:\/\/turkishtrade.co\/tr\/wp-json\/wp\/v2\/types\/product"}],"wp:featuredmedia":[{"embeddable":true,"href":"https:\/\/turkishtrade.co\/tr\/wp-json\/wp\/v2\/media\/3731"}],"wp:attachment":[{"href":"https:\/\/turkishtrade.co\/tr\/wp-json\/wp\/v2\/media?parent=5561"}],"wp:term":[{"taxonomy":"product_brand","embeddable":true,"href":"https:\/\/turkishtrade.co\/tr\/wp-json\/wp\/v2\/product_brand?post=5561"},{"taxonomy":"product_cat","embeddable":true,"href":"https:\/\/turkishtrade.co\/tr\/wp-json\/wp\/v2\/product_cat?post=5561"},{"taxonomy":"product_tag","embeddable":true,"href":"https:\/\/turkishtrade.co\/tr\/wp-json\/wp\/v2\/product_tag?post=5561"}],"curies":[{"name":"wp","href":"https:\/\/api.w.org\/{rel}","templated":true}]}}