{"id":5557,"date":"2026-01-14T12:14:54","date_gmt":"2026-01-14T12:14:54","guid":{"rendered":"https:\/\/turkishtrade.co\/product\/mens-brown-leather-loafers-2\/"},"modified":"2026-04-09T19:30:49","modified_gmt":"2026-04-09T19:30:49","slug":"mens-brown-leather-loafers-2","status":"publish","type":"product","link":"https:\/\/turkishtrade.co\/tr\/shop\/mens-brown-leather-loafers-2\/","title":{"rendered":"Brogue Detayl\u0131 Erkek Kahverengi Deri P\u00fcsk\u00fcll\u00fc Loafer"},"content":{"rendered":"<p><strong>Erkek Kahverengi Deri Loafer<\/strong><\/p>\n<p>Zarif tasar\u0131m\u0131m\u0131zla zamans\u0131z stilin ve benzersiz konforun \u00f6z\u00fcn\u00fc ke\u015ffedin <strong>Erkek Kahverengi Deri Loafer<\/strong>. Bu sofistike mokasen ayakkab\u0131lar, hem \u015f\u0131kl\u0131\u011fa hem de pratikli\u011fe de\u011fer veren modern beyefendiler i\u00e7in titizlikle tasarlanm\u0131\u015ft\u0131r. Zengin, koyu kahverengi renk tonunu usta i\u015f\u00e7ilikle birle\u015ftiren bu <strong>Erkek Kahverengi Deri Loafer<\/strong> i\u015f ortamlar\u0131ndan rahat hafta sonu gezmelerine zahmetsizce ge\u00e7i\u015f yaparak her se\u00e7kin gard\u0131rop i\u00e7in vazge\u00e7ilmez bir ektir.<\/p>\n<p>En iyi malzemelerden \u00fcretilen d\u0131\u015f k\u0131s\u0131m, l\u00fcks bir g\u00f6r\u00fcn\u00fcm ve ola\u011fan\u00fcst\u00fc dayan\u0131kl\u0131l\u0131k sunan birinci s\u0131n\u0131f hakiki dana derisine sahiptir. \u0130\u00e7 k\u0131sm\u0131 esnek ke\u00e7i derisiyle astarlanm\u0131\u015ft\u0131r ve zamanla aya\u011f\u0131n\u0131za uyum sa\u011flayan yumu\u015fak, nefes alabilen ve inan\u0131lmaz rahat bir uyum sa\u011flar. Alt k\u0131s\u0131mdaki sa\u011flam ama hafif EVA taban, \u00fcst\u00fcn yast\u0131klama, esneklik ve g\u00fcvenilir tutu\u015f sa\u011flayarak her ad\u0131m\u0131 bir zevk haline getirir.<\/p>\n<p>Bu \u00f6zenli malzeme kombinasyonu, bu \u00fcr\u00fcnlerin <strong>Erkek Kahverengi Deri Loafer<\/strong> hem stil hem de giyilebilirlik a\u00e7\u0131s\u0131ndan zaman\u0131n testine dayanacakt\u0131r.<\/p>\n<p><h3>Rakipsiz Stil ve Detayland\u0131rma<\/h3>\n<\/p>\n<p>Bu mokasen ayakkab\u0131lar\u0131n her bir unsuru, kaliteli ayakkab\u0131c\u0131l\u0131k miras\u0131n\u0131 yans\u0131t\u0131yor. Klasik loafer silueti, zarif p\u00fcsk\u00fcllerle g\u00fczel bir \u015fekilde tamamlanarak geleneksel bir cazibe kat\u0131yor. Ayr\u0131ca, karma\u015f\u0131k brogue detaylar burun kapa\u011f\u0131n\u0131 ve yanlar\u0131 s\u00fcsleyerek bu ayakkab\u0131lar\u0131 di\u011ferlerinden ay\u0131ran farkl\u0131 bir karakter kazand\u0131r\u0131r.<\/p>\n<p>\u00dcst k\u0131s\u0131mdaki p\u00fcr\u00fczs\u00fcz cilal\u0131 deri ve ince \u00e7ak\u0131ll\u0131 grenli deriden olu\u015fan ikili doku, dinamik bir g\u00f6rsel \u00e7ekicilik yaratarak bu <strong>Erkek Kahverengi Deri Loafer<\/strong> G\u00f6steri\u015fli olmadan dikkat \u00e7eker.<\/p>\n<p>Ger\u00e7ekten de rafine bir zevkin ve sanatsal m\u00fckemmelli\u011fin kan\u0131t\u0131d\u0131rlar.<\/p>\n<p><h3>Her Durum i\u00e7in Konfor ve \u00c7ok Y\u00f6nl\u00fcl\u00fck<\/h3>\n<\/p>\n<p>G\u00fcn boyu konfor i\u00e7in tasarlanan bu <strong>Erkek Kahverengi Deri Loafer<\/strong> uzun s\u00fcreli kullan\u0131m i\u00e7in m\u00fckemmel olan klasik al\u00e7ak blok topuk \u00f6zelli\u011fine sahiptir. AB 39 ila 45 aras\u0131ndaki kapsaml\u0131 beden aral\u0131\u011f\u0131, geni\u015f bir m\u00fc\u015fteri yelpazesi i\u00e7in m\u00fckemmel bir uyum sa\u011flar. \u0130ster \u015f\u0131k ve rahat bir ofis g\u00f6r\u00fcn\u00fcm\u00fc i\u00e7in \u00f6zel dikim pantolonlarla, ister hafta sonu \u015f\u0131kl\u0131\u011f\u0131 i\u00e7in chino pantolonlar ve kot pantolonlarla e\u015fle\u015ftirilsin, \u00e7ok y\u00f6nl\u00fcl\u00fc\u011f\u00fcn s\u0131n\u0131r\u0131 yoktur.<\/p>\n<p>Bunlar <strong>Erkek Kahverengi Deri Loafer<\/strong> sadece ayakkab\u0131 de\u011fildir; kal\u0131c\u0131 stil ve konfora yap\u0131lan bir yat\u0131r\u0131md\u0131r.<\/p>\n<p><h3>Toptan Sat\u0131\u015f F\u0131rsat\u0131<\/h3>\n<\/p>\n<p>M\u00fc\u015fterilerine birinci s\u0131n\u0131f ayakkab\u0131lar sunmak isteyen perakendeciler i\u00e7in bu <strong>Erkek Kahverengi Deri Loafer<\/strong> m\u00fckemmel bir f\u0131rsat sunuyor. Minimum 8 \u00e7ift sipari\u015f miktar\u0131yla toptan sat\u0131\u015f i\u00e7in mevcut olup, sorunsuz ve verimli bir s\u00fcre\u00e7 sa\u011fl\u0131yoruz. Sadece 12 g\u00fcnl\u00fck bir \u00fcretim ve sevkiyat s\u00fcresi ve nakliye ile raflar\u0131n\u0131z\u0131 hem kalite hem de g\u00fc\u00e7l\u00fc m\u00fc\u015fteri \u00e7ekicili\u011fi vaat eden bir \u00fcr\u00fcnle h\u0131zl\u0131 bir \u015fekilde stoklayabilirsiniz.<\/p>\n<p>Bu ola\u011fan\u00fcst\u00fc ayakkab\u0131larla ayakkab\u0131 koleksiyonunuzu geli\u015ftirin <strong>Erkek Kahverengi Deri Loafer<\/strong>.<\/p>","protected":false},"excerpt":{"rendered":"<ul>\n<li><b>Premium Malzemeler:<\/b> Hakiki dana derisi d\u0131\u015f y\u00fczeyi ve l\u00fcks ke\u00e7i derisi i\u00e7 y\u00fczeyi ile ustal\u0131kla \u00fcretilmi\u015ftir.<\/li>\n<li><b>\u00dcst\u00fcn Konfor:<\/b> G\u00fcn boyu konfor ve m\u00fckemmel tutu\u015f sa\u011flayan hafif ve son derece dayan\u0131kl\u0131 EVA taban ile donat\u0131lm\u0131\u015ft\u0131r.<\/li>\n<li><b>Ay\u0131rt Edici Tasar\u0131m:<\/b> Sofistike p\u00fcsk\u00fcl vurgular\u0131 ve zarif brogue detaylar\u0131yla zenginle\u015ftirilmi\u015f klasik bir loafer siluetine sahiptir.<\/li>\n<li><b>\u00c7ok Y\u00f6nl\u00fc Boyutland\u0131rma:<\/b> Kapsaml\u0131 bir AB beden yelpazesinde mevcuttur: 39, 40, 41, 42, 43, 44, 45.<\/li>\n<li><b>Toptan Sat\u0131\u015f:<\/b> Minimum sipari\u015f miktar\u0131 8 \u00e7ifttir, toplu sat\u0131n alma ve perakende envanteri i\u00e7in m\u00fckemmeldir.<\/li>\n<li><b>Etkili Teslimat:<\/b> \u00dcretim ve sevkiyat 12 g\u00fcn i\u00e7inde, art\u0131 standart nakliye s\u00fcresi.<\/li>\n<\/ul>","protected":false},"featured_media":3729,"template":"","meta":{"_acf_changed":false,"_uag_custom_page_level_css":"","site-sidebar-layout":"default","site-content-layout":"","ast-site-content-layout":"default","site-content-style":"default","site-sidebar-style":"default","ast-global-header-display":"","ast-banner-title-visibility":"","ast-main-header-display":"","ast-hfb-above-header-display":"","ast-hfb-below-header-display":"","ast-hfb-mobile-header-display":"","site-post-title":"","ast-breadcrumbs-content":"","ast-featured-img":"","footer-sml-layout":"","ast-disable-related-posts":"","theme-transparent-header-meta":"","adv-header-id-meta":"","stick-header-meta":"","header-above-stick-meta":"","header-main-stick-meta":"","header-below-stick-meta":"","astra-migrate-meta-layouts":"default","ast-page-background-enabled":"default","ast-page-background-meta":{"desktop":{"background-color":"var(--ast-global-color-4)","background-image":"","background-repeat":"repeat","background-position":"center center","background-size":"auto","background-attachment":"scroll","background-type":"","background-media":"","overlay-type":"","overlay-color":"","overlay-opacity":"","overlay-gradient":""},"tablet":{"background-color":"","background-image":"","background-repeat":"repeat","background-position":"center center","background-size":"auto","background-attachment":"scroll","background-type":"","background-media":"","overlay-type":"","overlay-color":"","overlay-opacity":"","overlay-gradient":""},"mobile":{"background-color":"","background-image":"","background-repeat":"repeat","background-position":"center center","background-size":"auto","background-attachment":"scroll","background-type":"","background-media":"","overlay-type":"","overlay-color":"","overlay-opacity":"","overlay-gradient":""}},"ast-content-background-meta":{"desktop":{"background-color":"var(--ast-global-color-5)","background-image":"","background-repeat":"repeat","background-position":"center center","background-size":"auto","background-attachment":"scroll","background-type":"","background-media":"","overlay-type":"","overlay-color":"","overlay-opacity":"","overlay-gradient":""},"tablet":{"background-color":"var(--ast-global-color-5)","background-image":"","background-repeat":"repeat","background-position":"center center","background-size":"auto","background-attachment":"scroll","background-type":"","background-media":"","overlay-type":"","overlay-color":"","overlay-opacity":"","overlay-gradient":""},"mobile":{"background-color":"var(--ast-global-color-5)","background-image":"","background-repeat":"repeat","background-position":"center center","background-size":"auto","background-attachment":"scroll","background-type":"","background-media":"","overlay-type":"","overlay-color":"","overlay-opacity":"","overlay-gradient":""}}},"product_brand":[],"product_cat":[47,430,40],"product_tag":[654,292,582,512,457,438,437,351,198,186,210,349,281],"class_list":{"0":"post-5557","1":"product","2":"type-product","3":"status-publish","4":"has-post-thumbnail","6":"product_cat-classic","7":"product_cat-men","8":"product_cat-mens-shoes","9":"product_tag-brogue-shoes","10":"product_tag-brown-leather-shoes","11":"product_tag-calfskin","12":"product_tag-casual-loafers","13":"product_tag-classic-loafers","14":"product_tag-eva-sole","15":"product_tag-goat-leather","16":"product_tag-leather-footwear","17":"product_tag-mens-fashion","18":"product_tag-mens-loafers","19":"product_tag-smart-casual","20":"product_tag-tassel-loafers","21":"product_tag-wholesale-shoes","22":"desktop-align-center","23":"tablet-align-center","24":"mobile-align-center","26":"first","27":"instock","28":"shipping-taxable","29":"purchasable","30":"product-type-variable","31":"has-default-attributes"},"acf":[],"uagb_featured_image_src":{"full":["https:\/\/turkishtrade.co\/wp-content\/uploads\/2026\/01\/2400EJOMN00322-DARK-BROWN-DKS_601.png",453,250,false],"thumbnail":["https:\/\/turkishtrade.co\/wp-content\/uploads\/2026\/01\/2400EJOMN00322-DARK-BROWN-DKS_601-150x150.png",150,150,true],"medium":["https:\/\/turkishtrade.co\/wp-content\/uploads\/2026\/01\/2400EJOMN00322-DARK-BROWN-DKS_601-300x166.png",300,166,true],"medium_large":["https:\/\/turkishtrade.co\/wp-content\/uploads\/2026\/01\/2400EJOMN00322-DARK-BROWN-DKS_601.png",453,250,false],"large":["https:\/\/turkishtrade.co\/wp-content\/uploads\/2026\/01\/2400EJOMN00322-DARK-BROWN-DKS_601.png",453,250,false],"1536x1536":["https:\/\/turkishtrade.co\/wp-content\/uploads\/2026\/01\/2400EJOMN00322-DARK-BROWN-DKS_601.png",453,250,false],"2048x2048":["https:\/\/turkishtrade.co\/wp-content\/uploads\/2026\/01\/2400EJOMN00322-DARK-BROWN-DKS_601.png",453,250,false],"trp-custom-language-flag":["https:\/\/turkishtrade.co\/wp-content\/uploads\/2026\/01\/2400EJOMN00322-DARK-BROWN-DKS_601-18x10.png",18,10,true],"woocommerce_thumbnail":["https:\/\/turkishtrade.co\/wp-content\/uploads\/2026\/01\/2400EJOMN00322-DARK-BROWN-DKS_601-400x250.png",400,250,true],"woocommerce_single":["https:\/\/turkishtrade.co\/wp-content\/uploads\/2026\/01\/2400EJOMN00322-DARK-BROWN-DKS_601.png",453,250,false],"woocommerce_gallery_thumbnail":["https:\/\/turkishtrade.co\/wp-content\/uploads\/2026\/01\/2400EJOMN00322-DARK-BROWN-DKS_601-100x100.png",100,100,true]},"uagb_author_info":{"display_name":"yaser olabi","author_link":"https:\/\/turkishtrade.co\/tr\/author\/"},"uagb_comment_info":0,"uagb_excerpt":"Premium Materials: Expertly crafted with a genuine calfskin leather exterior and a luxurious goat leather interior. Superior Comfort: Equipped with a lightweight and highly durable EVA sole, ensuring all-day comfort and excellent grip. Distinctive Design: Features a classic loafer silhouette enhanced with sophisticated tassel accents and elegant brogue detailing. Versatile Sizing: Available in a comprehensive&hellip;","_links":{"self":[{"href":"https:\/\/turkishtrade.co\/tr\/wp-json\/wp\/v2\/product\/5557","targetHints":{"allow":["GET"]}}],"collection":[{"href":"https:\/\/turkishtrade.co\/tr\/wp-json\/wp\/v2\/product"}],"about":[{"href":"https:\/\/turkishtrade.co\/tr\/wp-json\/wp\/v2\/types\/product"}],"wp:featuredmedia":[{"embeddable":true,"href":"https:\/\/turkishtrade.co\/tr\/wp-json\/wp\/v2\/media\/3729"}],"wp:attachment":[{"href":"https:\/\/turkishtrade.co\/tr\/wp-json\/wp\/v2\/media?parent=5557"}],"wp:term":[{"taxonomy":"product_brand","embeddable":true,"href":"https:\/\/turkishtrade.co\/tr\/wp-json\/wp\/v2\/product_brand?post=5557"},{"taxonomy":"product_cat","embeddable":true,"href":"https:\/\/turkishtrade.co\/tr\/wp-json\/wp\/v2\/product_cat?post=5557"},{"taxonomy":"product_tag","embeddable":true,"href":"https:\/\/turkishtrade.co\/tr\/wp-json\/wp\/v2\/product_tag?post=5557"}],"curies":[{"name":"wp","href":"https:\/\/api.w.org\/{rel}","templated":true}]}}