{"id":5554,"date":"2026-01-14T12:14:35","date_gmt":"2026-01-14T12:14:35","guid":{"rendered":"https:\/\/turkishtrade.co\/product\/men-premium-leather-derby-shoes\/"},"modified":"2026-04-09T19:30:55","modified_gmt":"2026-04-09T19:30:55","slug":"mens-premium-leather-derby-shoes-2","status":"publish","type":"product","link":"https:\/\/turkishtrade.co\/tr\/shop\/mens-premium-leather-derby-shoes-2\/","title":{"rendered":"Erkek Premium Deri Derby Ayakkab\u0131 - Klasik G\u00fcnl\u00fck Stil"},"content":{"rendered":"<p><strong>Erkek Premium Deri Derby Ayakkab\u0131<\/strong><\/p>\n<p>Koleksiyonumuzla zamans\u0131z sofistikeli\u011fe ad\u0131m at\u0131n <strong>Erkek Premium Deri Derby Ayakkab\u0131<\/strong>. Kaliteyi ve klasik tarz\u0131 takdir eden se\u00e7ici bireyler i\u00e7in tasarlanan bu ayakkab\u0131lar, g\u00fcndelik \u015f\u0131kl\u0131\u011f\u0131n \u00f6z\u00fcd\u00fcr. Detaylara titizlikle \u00f6zen g\u00f6sterilerek \u00fcretilen her bir \u00e7ift, dayan\u0131kl\u0131l\u0131k, konfor ve inkar edilemez stilin uyumlu bir kar\u0131\u015f\u0131m\u0131n\u0131 sunarak her modern gard\u0131robun olmazsa olmaz\u0131d\u0131r.<\/p>\n<p><h3>Rakipsiz \u0130\u015f\u00e7ilik ve \u00dcst\u00fcn Malzemeler<\/h3>\n<\/p>\n<p>Bizim <strong>Erkek Premium Deri Derby Ayakkab\u0131<\/strong> uzun \u00f6m\u00fcrl\u00fcl\u00fck ve l\u00fcks bir his sa\u011flamak i\u00e7in en iyi malzemelerden \u00fcretilmi\u015ftir. D\u0131\u015f y\u00fczeyi, p\u00fcr\u00fczs\u00fcz dokusu, esnekli\u011fi ve zarif y\u00fczeyiyle bilinen hakiki dana derisine sahiptir. Bu y\u00fcksek kaliteli deri sadece m\u00fckemmel g\u00f6r\u00fcnmekle kalmaz, ayn\u0131 zamanda zaman i\u00e7inde aya\u011f\u0131n\u0131za uyum sa\u011flayarak ki\u015fiye \u00f6zel bir uyum sa\u011flar.<\/p>\n<p>Sa\u011flam d\u0131\u015f y\u00fczeyi tamamlayan i\u00e7 k\u0131s\u0131m, uzun s\u00fcreli kullan\u0131mlarda bile \u00fcst\u00fcn nefes alabilirlik ve konfor sunan yumu\u015fak ke\u00e7i derisiyle astarlanm\u0131\u015ft\u0131r. Bu birinci s\u0131n\u0131f derilerin kombinasyonu, bu ola\u011fan\u00fcst\u00fc ayakkab\u0131lar\u0131 giymenin genel deneyimini y\u00fckseltir.<\/p>\n<p><h3>EVA Taban ile Konfor i\u00e7in Tasarland\u0131<\/h3>\n<\/p>\n<p>Konfor bizim i\u00e7in her \u015feyden \u00f6nemlidir <strong>Erkek Premium Deri Derby Ayakkab\u0131<\/strong>. Her bir \u00e7ift hafif ve esnek EVA tabana sahiptir. Bu geli\u015fmi\u015f taban teknolojisi m\u00fckemmel yast\u0131klama ve \u015fok emilimi sa\u011flayarak yorgunlu\u011fu azalt\u0131r ve ister \u015fehir sokaklar\u0131nda geziniyor ister g\u00fcndelik bir i\u015f toplant\u0131s\u0131na kat\u0131l\u0131yor olun rahat bir ad\u0131m atman\u0131z\u0131 sa\u011flar.<\/p>\n<p>Sa\u011flam taban\u0131 da g\u00fcvenilir \u00e7eki\u015f g\u00fcc\u00fc sunarak bu Derby ayakkab\u0131lar\u0131 \u00e7e\u015fitli ortamlar i\u00e7in pratik bir se\u00e7im haline getirir. Stil ve ergonomik tasar\u0131m\u0131n m\u00fckemmel birle\u015fimini deneyimleyin.<\/p>\n<p><h3>Her Durum i\u00e7in \u00c7ok Y\u00f6nl\u00fc Stil<\/h3>\n<\/p>\n<p>Bunlar\u0131n klasik rahat tasar\u0131m\u0131 <strong>Erkek Premium Deri Derby Ayakkab\u0131<\/strong> inan\u0131lmaz derecede \u00e7ok y\u00f6nl\u00fc olmas\u0131n\u0131 sa\u011flar. Zengin lacivert\/siyah ve zarif kahverengi renkleri bulunan bu ayakkab\u0131lar, \u015f\u0131k ofis k\u0131yafetlerinden hafta sonu gezmelerine zahmetsizce ge\u00e7i\u015f yapar. Zarif bir g\u00f6r\u00fcn\u00fcm i\u00e7in \u00f6zel dikim pantolonlarla e\u015fle\u015ftirin ya da sofistike ama rahat bir kombin i\u00e7in chino pantolon veya koyu renk denimle kombinleyin.<\/p>\n<p>Zamans\u0131z esteti\u011fi, ayakkab\u0131 koleksiyonunuzda y\u0131llarca temel bir par\u00e7a olarak kalmas\u0131n\u0131 sa\u011flar. Bunlar bir ayakkab\u0131dan \u00e7ok daha fazlas\u0131d\u0131r; kal\u0131c\u0131 stil ve konfora yap\u0131lan bir yat\u0131r\u0131md\u0131r.<\/p>\n<p><h3>Toptan Sat\u0131\u015f F\u0131rsatlar\u0131 ve G\u00fcvenilir Teslimat<\/h3>\n<\/p>\n<p>Y\u00fcksek kaliteli ayakkab\u0131lar sunmak isteyen i\u015fletmeler i\u00e7in <strong>Erkek Premium Deri Derby Ayakkab\u0131<\/strong> minimum 8 \u00e7ift miktar\u0131nda toplu sipari\u015fler i\u00e7in mevcuttur. Sadece 12 g\u00fcn art\u0131 nakliye s\u00fcresi ile verimli hizmet vermekten gurur duyuyoruz. Bu, aranan bu erkek premium deri Derby ayakkab\u0131lar\u0131n\u0131 h\u0131zl\u0131 bir \u015fekilde stoklaman\u0131za ve m\u00fc\u015fterilerinizin \u00fcst\u00fcn ayakkab\u0131 taleplerini kar\u015f\u0131laman\u0131za olanak tan\u0131r.<\/p>\n<p>Kapsaml\u0131 fiyat listemizdeki fiyat detaylar\u0131n\u0131 ke\u015ffedin ve envanterinizi bu zarif ayakkab\u0131larla y\u00fckseltin.<\/p>","protected":false},"excerpt":{"rendered":"<ul>\n<li>Klasik g\u00fcndelik \u015f\u0131kl\u0131k i\u00e7in m\u00fckemmel olan, ustal\u0131kla haz\u0131rlanm\u0131\u015f Erkek Premium Deri Derby Ayakkab\u0131.<\/li>\n<li>Sofistike bir g\u00f6r\u00fcn\u00fcm i\u00e7in l\u00fcks dana derisi d\u0131\u015f y\u00fczeye sahiptir.<\/li>\n<li>\u00dcst\u00fcn konfor ve nefes alabilirlik i\u00e7in yumu\u015fak ke\u00e7i derisi ile astarlanm\u0131\u015ft\u0131r.<\/li>\n<li>G\u00fcn boyu kullan\u0131m i\u00e7in hafif ve dayan\u0131kl\u0131 EVA taban ile donat\u0131lm\u0131\u015ft\u0131r.<\/li>\n<li>Geni\u015f bir beden yelpazesinde mevcuttur: 39, 40, 41, 42, 43, 44, 45.<\/li>\n<li>Minimum sipari\u015f miktar\u0131: 8 \u00e7ift, toptan ve perakendeciler i\u00e7in idealdir.<\/li>\n<li>Teslimat S\u00fcresi: Verimli stok yenileme i\u00e7in 12 g\u00fcn + nakliye.<\/li>\n<\/ul>","protected":false},"featured_media":3728,"template":"","meta":{"_acf_changed":false,"_uag_custom_page_level_css":"","site-sidebar-layout":"default","site-content-layout":"","ast-site-content-layout":"default","site-content-style":"default","site-sidebar-style":"default","ast-global-header-display":"","ast-banner-title-visibility":"","ast-main-header-display":"","ast-hfb-above-header-display":"","ast-hfb-below-header-display":"","ast-hfb-mobile-header-display":"","site-post-title":"","ast-breadcrumbs-content":"","ast-featured-img":"","footer-sml-layout":"","ast-disable-related-posts":"","theme-transparent-header-meta":"","adv-header-id-meta":"","stick-header-meta":"","header-above-stick-meta":"","header-main-stick-meta":"","header-below-stick-meta":"","astra-migrate-meta-layouts":"default","ast-page-background-enabled":"default","ast-page-background-meta":{"desktop":{"background-color":"var(--ast-global-color-4)","background-image":"","background-repeat":"repeat","background-position":"center center","background-size":"auto","background-attachment":"scroll","background-type":"","background-media":"","overlay-type":"","overlay-color":"","overlay-opacity":"","overlay-gradient":""},"tablet":{"background-color":"","background-image":"","background-repeat":"repeat","background-position":"center center","background-size":"auto","background-attachment":"scroll","background-type":"","background-media":"","overlay-type":"","overlay-color":"","overlay-opacity":"","overlay-gradient":""},"mobile":{"background-color":"","background-image":"","background-repeat":"repeat","background-position":"center center","background-size":"auto","background-attachment":"scroll","background-type":"","background-media":"","overlay-type":"","overlay-color":"","overlay-opacity":"","overlay-gradient":""}},"ast-content-background-meta":{"desktop":{"background-color":"var(--ast-global-color-5)","background-image":"","background-repeat":"repeat","background-position":"center center","background-size":"auto","background-attachment":"scroll","background-type":"","background-media":"","overlay-type":"","overlay-color":"","overlay-opacity":"","overlay-gradient":""},"tablet":{"background-color":"var(--ast-global-color-5)","background-image":"","background-repeat":"repeat","background-position":"center center","background-size":"auto","background-attachment":"scroll","background-type":"","background-media":"","overlay-type":"","overlay-color":"","overlay-opacity":"","overlay-gradient":""},"mobile":{"background-color":"var(--ast-global-color-5)","background-image":"","background-repeat":"repeat","background-position":"center center","background-size":"auto","background-attachment":"scroll","background-type":"","background-media":"","overlay-type":"","overlay-color":"","overlay-opacity":"","overlay-gradient":""}}},"product_brand":[],"product_cat":[47,430,40],"product_tag":[582,449,145,222,212,284,480,438,437,227,250,210,281],"class_list":{"0":"post-5554","1":"product","2":"type-product","3":"status-publish","4":"has-post-thumbnail","6":"product_cat-classic","7":"product_cat-men","8":"product_cat-mens-shoes","9":"product_tag-calfskin","10":"product_tag-casual-shoes","11":"product_tag-classic-shoes","12":"product_tag-comfortable-shoes","13":"product_tag-derby-shoes","14":"product_tag-dress-shoes","15":"product_tag-elegant-shoes","16":"product_tag-eva-sole","17":"product_tag-goat-leather","18":"product_tag-leather-shoes","19":"product_tag-premium-leather","20":"product_tag-smart-casual","21":"product_tag-wholesale-shoes","22":"desktop-align-center","23":"tablet-align-center","24":"mobile-align-center","26":"first","27":"instock","28":"shipping-taxable","29":"purchasable","30":"product-type-variable","31":"has-default-attributes"},"acf":[],"uagb_featured_image_src":{"full":["https:\/\/turkishtrade.co\/wp-content\/uploads\/2026\/01\/2400EJOMN00320-DARK-BROWN-X_78.png",453,250,false],"thumbnail":["https:\/\/turkishtrade.co\/wp-content\/uploads\/2026\/01\/2400EJOMN00320-DARK-BROWN-X_78-150x150.png",150,150,true],"medium":["https:\/\/turkishtrade.co\/wp-content\/uploads\/2026\/01\/2400EJOMN00320-DARK-BROWN-X_78-300x166.png",300,166,true],"medium_large":["https:\/\/turkishtrade.co\/wp-content\/uploads\/2026\/01\/2400EJOMN00320-DARK-BROWN-X_78.png",453,250,false],"large":["https:\/\/turkishtrade.co\/wp-content\/uploads\/2026\/01\/2400EJOMN00320-DARK-BROWN-X_78.png",453,250,false],"1536x1536":["https:\/\/turkishtrade.co\/wp-content\/uploads\/2026\/01\/2400EJOMN00320-DARK-BROWN-X_78.png",453,250,false],"2048x2048":["https:\/\/turkishtrade.co\/wp-content\/uploads\/2026\/01\/2400EJOMN00320-DARK-BROWN-X_78.png",453,250,false],"trp-custom-language-flag":["https:\/\/turkishtrade.co\/wp-content\/uploads\/2026\/01\/2400EJOMN00320-DARK-BROWN-X_78-18x10.png",18,10,true],"woocommerce_thumbnail":["https:\/\/turkishtrade.co\/wp-content\/uploads\/2026\/01\/2400EJOMN00320-DARK-BROWN-X_78-400x250.png",400,250,true],"woocommerce_single":["https:\/\/turkishtrade.co\/wp-content\/uploads\/2026\/01\/2400EJOMN00320-DARK-BROWN-X_78.png",453,250,false],"woocommerce_gallery_thumbnail":["https:\/\/turkishtrade.co\/wp-content\/uploads\/2026\/01\/2400EJOMN00320-DARK-BROWN-X_78-100x100.png",100,100,true]},"uagb_author_info":{"display_name":"yaser olabi","author_link":"https:\/\/turkishtrade.co\/tr\/author\/"},"uagb_comment_info":0,"uagb_excerpt":"Expertly crafted Men's Premium Leather Derby Shoes, perfect for classic casual elegance. Features a luxurious calfskin leather exterior for a sophisticated look. Lined with soft goat leather for ultimate comfort and breathability. Equipped with a lightweight and durable EVA sole for all-day wear. Available in a wide range of sizes: 39, 40, 41, 42, 43,&hellip;","_links":{"self":[{"href":"https:\/\/turkishtrade.co\/tr\/wp-json\/wp\/v2\/product\/5554","targetHints":{"allow":["GET"]}}],"collection":[{"href":"https:\/\/turkishtrade.co\/tr\/wp-json\/wp\/v2\/product"}],"about":[{"href":"https:\/\/turkishtrade.co\/tr\/wp-json\/wp\/v2\/types\/product"}],"wp:featuredmedia":[{"embeddable":true,"href":"https:\/\/turkishtrade.co\/tr\/wp-json\/wp\/v2\/media\/3728"}],"wp:attachment":[{"href":"https:\/\/turkishtrade.co\/tr\/wp-json\/wp\/v2\/media?parent=5554"}],"wp:term":[{"taxonomy":"product_brand","embeddable":true,"href":"https:\/\/turkishtrade.co\/tr\/wp-json\/wp\/v2\/product_brand?post=5554"},{"taxonomy":"product_cat","embeddable":true,"href":"https:\/\/turkishtrade.co\/tr\/wp-json\/wp\/v2\/product_cat?post=5554"},{"taxonomy":"product_tag","embeddable":true,"href":"https:\/\/turkishtrade.co\/tr\/wp-json\/wp\/v2\/product_tag?post=5554"}],"curies":[{"name":"wp","href":"https:\/\/api.w.org\/{rel}","templated":true}]}}