{"id":5550,"date":"2026-01-14T12:13:57","date_gmt":"2026-01-14T12:13:57","guid":{"rendered":"https:\/\/turkishtrade.co\/product\/mens-navy-leather-derby-shoes-2\/"},"modified":"2026-04-09T19:31:03","modified_gmt":"2026-04-09T19:31:03","slug":"mens-navy-leather-derby-shoes-2","status":"publish","type":"product","link":"https:\/\/turkishtrade.co\/tr\/shop\/mens-navy-leather-derby-shoes-2\/","title":{"rendered":"EVA Tabanl\u0131 Erkek Lacivert Dana Derisi Derby Ayakkab\u0131"},"content":{"rendered":"<p><strong>Erkek Lacivert Deri Derby Ayakkab\u0131<\/strong><\/p>\n<p>Sofistike stilin ve benzersiz konforun \u00f6z\u00fcn\u00fc zarif \u00fcr\u00fcnlerimizle ke\u015ffedin <strong>Erkek Lacivert Deri Derby Ayakkab\u0131<\/strong>. Modern beyefendiler i\u00e7in titizlikle haz\u0131rlanan bu ayakkab\u0131lar, klasik tasar\u0131m\u0131 \u00e7a\u011fda\u015f \u00f6zelliklerle harmanlayarak her se\u00e7kin gard\u0131robun vazge\u00e7ilmez bir par\u00e7as\u0131 haline geliyor. \u0130ster i\u015f ama\u00e7l\u0131 g\u00fcndelik bir etkinlik, ister hafta sonu gezintisi veya \u00f6zel bir g\u00fcn i\u00e7in giyiniyor olun, bu lacivert Derby ayakkab\u0131lar \u015f\u0131kl\u0131k ve pratikli\u011fin m\u00fckemmel dengesini sunar.<\/p>\n<p><h3>Rakipsiz \u0130\u015f\u00e7ilik ve Birinci S\u0131n\u0131f Malzemeler<\/h3>\n<\/p>\n<p>Her bir \u00e7iftimiz <strong>Erkek Lacivert Deri Derby Ayakkab\u0131<\/strong> \u00fcst\u00fcn i\u015f\u00e7ili\u011fin bir kan\u0131t\u0131d\u0131r. D\u0131\u015f y\u00fczeyi, esnek dokusu, ola\u011fan\u00fcst\u00fc dayan\u0131kl\u0131l\u0131\u011f\u0131 ve l\u00fcks parlakl\u0131\u011f\u0131 ile bilinen y\u00fcksek kaliteli dana derisinden \u00fcretilmi\u015ftir. Bu birinci s\u0131n\u0131f deri yaln\u0131zca zarif bir estetik sa\u011flamakla kalmaz, ayn\u0131 zamanda zaman i\u00e7inde aya\u011f\u0131n\u0131za g\u00fczel bir \u015fekilde uyum sa\u011flayarak uzun \u00f6m\u00fcrl\u00fcl\u00fck vaat eder.<\/p>\n<p>Sa\u011flam d\u0131\u015f y\u00fczeyi tamamlayan i\u00e7 k\u0131s\u0131m, yumu\u015fak ke\u00e7i derisiyle g\u00f6rkemli bir \u015fekilde astarlanm\u0131\u015ft\u0131r ve ayaklar\u0131n\u0131z i\u00e7in inan\u0131lmaz derecede rahat ve nefes alabilen bir ortam sa\u011flar. Bu \u00f6zenli malzeme kombinasyonu, aya\u011f\u0131n\u0131za ge\u00e7irdi\u011finiz andan itibaren \u00fcst\u00fcn bir kullan\u0131m deneyimini garanti eder.<\/p>\n<p><h3>Her Ad\u0131mda Konfor ve Stil<\/h3>\n<\/p>\n<p>G\u00fcn boyu konfor i\u00e7in tasarlanan bu ola\u011fan\u00fcst\u00fc <strong>Erkek Lacivert Deri Derby Ayakkab\u0131<\/strong> hafif ve esnek bir EVA tabana sahiptir. EVA taban teknolojisi darbeyi emer, yorgunlu\u011fu azalt\u0131r ve m\u00fckemmel kavrama sa\u011flayarak g\u00fcn boyunca istikrarl\u0131 ve rahat ad\u0131mlar atman\u0131z\u0131 sa\u011flar. A\u00e7\u0131k ba\u011fc\u0131k sistemi ile karakterize edilen klasik ba\u011fc\u0131kl\u0131 Derby silueti, resmi pantolonlardan \u015f\u0131k g\u00fcndelik chino pantolonlara veya kot pantolonlara sorunsuz bir \u015fekilde ge\u00e7i\u015f yapabilen \u00e7ok y\u00f6nl\u00fc bir g\u00f6r\u00fcn\u00fcm sa\u011flar.<\/p>\n<p>Zengin lacivert tonu, zamans\u0131z bir tasar\u0131ma \u00e7a\u011fda\u015f bir dokunu\u015f katarak bu \u00fcr\u00fcnleri ideal hale getiriyor <strong>Erkek Lacivert Deri Derby Ayakkab\u0131<\/strong> sade \u015f\u0131kl\u0131\u011f\u0131 takdir edenler i\u00e7in.<\/p>\n<p><h3>Perakendeciler ve Toplu Sipari\u015fler i\u00e7in \u0130deal<\/h3>\n<\/p>\n<p>Y\u00fcksek kaliteli ayakkab\u0131lar sunmak isteyen perakendeciler ve i\u015fletmeler i\u00e7in <strong>Erkek Lacivert Deri Derby Ayakkab\u0131<\/strong> toplu al\u0131m i\u00e7in mevcuttur. Minimum sipari\u015f miktar\u0131n\u0131 8 \u00e7ift olarak tutarak envanter ihtiya\u00e7lar\u0131n\u0131z\u0131 verimli bir \u015fekilde kar\u015f\u0131l\u0131yoruz. Kendimizi pazar taleplerini kar\u015f\u0131layan ola\u011fan\u00fcst\u00fc \u00fcr\u00fcnler sunmaya adad\u0131k ve bu \u00e7ok y\u00f6nl\u00fc lacivert deri Derby ayakkab\u0131lar\u0131n m\u00fc\u015fterileriniz aras\u0131nda pop\u00fcler bir se\u00e7im olaca\u011f\u0131 kesin.<\/p>\n<p>Tahmini teslimat s\u00fcresi 12 g\u00fcn art\u0131 kargo ile stoklar\u0131n\u0131z\u0131 g\u00fcvenle planlayabilirsiniz. Bu \u015f\u0131k ve rahat ayakkab\u0131larla ayakkab\u0131 koleksiyonunuzu geli\u015ftirin ve m\u00fc\u015fterilerinizi etkileyin <strong>Erkek Lacivert Deri Derby Ayakkab\u0131<\/strong>.<\/p>","protected":false},"excerpt":{"rendered":"<ul>\n<li>Sofistike bir g\u00f6r\u00fcn\u00fcm i\u00e7in birinci s\u0131n\u0131f dana derisi d\u0131\u015f y\u00fczey.<\/li>\n<li>\u00dcst\u00fcn konfor ve nefes alabilirlik i\u00e7in yumu\u015fak ke\u00e7i derisi i\u00e7 astar.<\/li>\n<li>G\u00fcn boyu kullan\u0131m ve m\u00fckemmel yast\u0131klama i\u00e7in hafif ve esnek EVA taban.<\/li>\n<li>\u00c7ok y\u00f6nl\u00fc lacivert renk tonunda klasik ba\u011fc\u0131kl\u0131 Derby tasar\u0131m.<\/li>\n<li>Kapsaml\u0131 bir boyut yelpazesinde mevcuttur: 39, 40, 41, 42, 43, 44, 45.<\/li>\n<li>Minimum sipari\u015f miktar\u0131: 8 \u00e7ift, toptan ve perakende sat\u0131\u015f ortaklar\u0131 i\u00e7in idealdir.<\/li>\n<li>Tahmini teslim s\u00fcresi: 12 g\u00fcn art\u0131 nakliye.<\/li>\n<\/ul>","protected":false},"featured_media":3725,"template":"","meta":{"_acf_changed":false,"_uag_custom_page_level_css":"","site-sidebar-layout":"default","site-content-layout":"","ast-site-content-layout":"default","site-content-style":"default","site-sidebar-style":"default","ast-global-header-display":"","ast-banner-title-visibility":"","ast-main-header-display":"","ast-hfb-above-header-display":"","ast-hfb-below-header-display":"","ast-hfb-mobile-header-display":"","site-post-title":"","ast-breadcrumbs-content":"","ast-featured-img":"","footer-sml-layout":"","ast-disable-related-posts":"","theme-transparent-header-meta":"","adv-header-id-meta":"","stick-header-meta":"","header-above-stick-meta":"","header-main-stick-meta":"","header-below-stick-meta":"","astra-migrate-meta-layouts":"default","ast-page-background-enabled":"default","ast-page-background-meta":{"desktop":{"background-color":"var(--ast-global-color-4)","background-image":"","background-repeat":"repeat","background-position":"center center","background-size":"auto","background-attachment":"scroll","background-type":"","background-media":"","overlay-type":"","overlay-color":"","overlay-opacity":"","overlay-gradient":""},"tablet":{"background-color":"","background-image":"","background-repeat":"repeat","background-position":"center center","background-size":"auto","background-attachment":"scroll","background-type":"","background-media":"","overlay-type":"","overlay-color":"","overlay-opacity":"","overlay-gradient":""},"mobile":{"background-color":"","background-image":"","background-repeat":"repeat","background-position":"center center","background-size":"auto","background-attachment":"scroll","background-type":"","background-media":"","overlay-type":"","overlay-color":"","overlay-opacity":"","overlay-gradient":""}},"ast-content-background-meta":{"desktop":{"background-color":"var(--ast-global-color-5)","background-image":"","background-repeat":"repeat","background-position":"center center","background-size":"auto","background-attachment":"scroll","background-type":"","background-media":"","overlay-type":"","overlay-color":"","overlay-opacity":"","overlay-gradient":""},"tablet":{"background-color":"var(--ast-global-color-5)","background-image":"","background-repeat":"repeat","background-position":"center center","background-size":"auto","background-attachment":"scroll","background-type":"","background-media":"","overlay-type":"","overlay-color":"","overlay-opacity":"","overlay-gradient":""},"mobile":{"background-color":"var(--ast-global-color-5)","background-image":"","background-repeat":"repeat","background-position":"center center","background-size":"auto","background-attachment":"scroll","background-type":"","background-media":"","overlay-type":"","overlay-color":"","overlay-opacity":"","overlay-gradient":""}}},"product_brand":[],"product_cat":[47,430,40],"product_tag":[629,513,566,213,809,290,438,959,189,958,310,198,397,281],"class_list":{"0":"post-5550","1":"product","2":"type-product","3":"status-publish","4":"has-post-thumbnail","6":"product_cat-classic","7":"product_cat-men","8":"product_cat-mens-shoes","9":"product_tag-bulk-order-shoes","10":"product_tag-business-casual-shoes","11":"product_tag-calfskin-shoes","12":"product_tag-casual-dress-shoes","13":"product_tag-classic-mens-footwear","14":"product_tag-comfortable-mens-shoes","15":"product_tag-eva-sole","16":"product_tag-formal-casual-shoes","17":"product_tag-goat-leather-lining","18":"product_tag-leather-lace-up-shoes","19":"product_tag-mens-derby-shoes","20":"product_tag-mens-fashion","21":"product_tag-navy-leather-shoes","22":"product_tag-wholesale-shoes","23":"desktop-align-center","24":"tablet-align-center","25":"mobile-align-center","27":"first","28":"instock","29":"shipping-taxable","30":"purchasable","31":"product-type-variable","32":"has-default-attributes"},"acf":[],"uagb_featured_image_src":{"full":["https:\/\/turkishtrade.co\/wp-content\/uploads\/2026\/01\/2400EJOMN00318-BLACK-C_872-4-USD.png",453,250,false],"thumbnail":["https:\/\/turkishtrade.co\/wp-content\/uploads\/2026\/01\/2400EJOMN00318-BLACK-C_872-4-USD-150x150.png",150,150,true],"medium":["https:\/\/turkishtrade.co\/wp-content\/uploads\/2026\/01\/2400EJOMN00318-BLACK-C_872-4-USD-300x166.png",300,166,true],"medium_large":["https:\/\/turkishtrade.co\/wp-content\/uploads\/2026\/01\/2400EJOMN00318-BLACK-C_872-4-USD.png",453,250,false],"large":["https:\/\/turkishtrade.co\/wp-content\/uploads\/2026\/01\/2400EJOMN00318-BLACK-C_872-4-USD.png",453,250,false],"1536x1536":["https:\/\/turkishtrade.co\/wp-content\/uploads\/2026\/01\/2400EJOMN00318-BLACK-C_872-4-USD.png",453,250,false],"2048x2048":["https:\/\/turkishtrade.co\/wp-content\/uploads\/2026\/01\/2400EJOMN00318-BLACK-C_872-4-USD.png",453,250,false],"trp-custom-language-flag":["https:\/\/turkishtrade.co\/wp-content\/uploads\/2026\/01\/2400EJOMN00318-BLACK-C_872-4-USD-18x10.png",18,10,true],"woocommerce_thumbnail":["https:\/\/turkishtrade.co\/wp-content\/uploads\/2026\/01\/2400EJOMN00318-BLACK-C_872-4-USD-400x250.png",400,250,true],"woocommerce_single":["https:\/\/turkishtrade.co\/wp-content\/uploads\/2026\/01\/2400EJOMN00318-BLACK-C_872-4-USD.png",453,250,false],"woocommerce_gallery_thumbnail":["https:\/\/turkishtrade.co\/wp-content\/uploads\/2026\/01\/2400EJOMN00318-BLACK-C_872-4-USD-100x100.png",100,100,true]},"uagb_author_info":{"display_name":"yaser olabi","author_link":"https:\/\/turkishtrade.co\/tr\/author\/"},"uagb_comment_info":0,"uagb_excerpt":"Premium calfskin leather exterior for a sophisticated look. Soft goat leather interior lining for superior comfort and breathability. Lightweight and flexible EVA sole for all-day wear and excellent cushioning. Classic lace-up Derby design in a versatile navy blue hue. Available in a comprehensive range of sizes: 39, 40, 41, 42, 43, 44, 45. Minimum order&hellip;","_links":{"self":[{"href":"https:\/\/turkishtrade.co\/tr\/wp-json\/wp\/v2\/product\/5550","targetHints":{"allow":["GET"]}}],"collection":[{"href":"https:\/\/turkishtrade.co\/tr\/wp-json\/wp\/v2\/product"}],"about":[{"href":"https:\/\/turkishtrade.co\/tr\/wp-json\/wp\/v2\/types\/product"}],"wp:featuredmedia":[{"embeddable":true,"href":"https:\/\/turkishtrade.co\/tr\/wp-json\/wp\/v2\/media\/3725"}],"wp:attachment":[{"href":"https:\/\/turkishtrade.co\/tr\/wp-json\/wp\/v2\/media?parent=5550"}],"wp:term":[{"taxonomy":"product_brand","embeddable":true,"href":"https:\/\/turkishtrade.co\/tr\/wp-json\/wp\/v2\/product_brand?post=5550"},{"taxonomy":"product_cat","embeddable":true,"href":"https:\/\/turkishtrade.co\/tr\/wp-json\/wp\/v2\/product_cat?post=5550"},{"taxonomy":"product_tag","embeddable":true,"href":"https:\/\/turkishtrade.co\/tr\/wp-json\/wp\/v2\/product_tag?post=5550"}],"curies":[{"name":"wp","href":"https:\/\/api.w.org\/{rel}","templated":true}]}}