{"id":5548,"date":"2026-01-14T12:13:40","date_gmt":"2026-01-14T12:13:40","guid":{"rendered":"https:\/\/turkishtrade.co\/product\/men-black-leather-oxford-shoes-2\/"},"modified":"2026-04-09T19:31:06","modified_gmt":"2026-04-09T19:31:06","slug":"mens-black-leather-oxford-shoes-3","status":"publish","type":"product","link":"https:\/\/turkishtrade.co\/tr\/shop\/mens-black-leather-oxford-shoes-3\/","title":{"rendered":"EVA Tabanl\u0131 Klasik Erkek Siyah Deri Oxford Ayakkab\u0131"},"content":{"rendered":"<p><strong>Erkek Siyah Deri Oxford Ayakkab\u0131<\/strong><\/p>\n<p>Zarif \u00fcr\u00fcnlerimizle zamans\u0131z \u015f\u0131kl\u0131\u011fa ve benzersiz konfora ad\u0131m at\u0131n <strong>Erkek Siyah Deri Oxford Ayakkab\u0131<\/strong>. Se\u00e7kin beyefendiler i\u00e7in tasarlanan bu klasik Oxford ayakkab\u0131lar, her sofistike gard\u0131robun vazge\u00e7ilmez bir par\u00e7as\u0131d\u0131r. \u0130\u015f toplant\u0131lar\u0131, resmi etkinlikler veya g\u00fcnl\u00fck k\u0131yafetlerinize \u015f\u0131k bir dokunu\u015f katmak i\u00e7in m\u00fckemmel olan birinci s\u0131n\u0131f <strong>Erkek Siyah Deri Oxford Ayakkab\u0131<\/strong> hem stil hem de i\u00e7erik bar\u0131nd\u0131r\u0131yor.<\/p>\n<p>Bu ola\u011fan\u00fcst\u00fc \u00fcr\u00fcnlerin her bir \u00e7ifti <strong>Erkek Siyah Deri Oxford Ayakkab\u0131<\/strong> dayan\u0131kl\u0131l\u0131k, konfor ve \u015f\u0131k tasar\u0131m\u0131n m\u00fckemmel bir kar\u0131\u015f\u0131m\u0131n\u0131 sa\u011flamak i\u00e7in titizlikle \u00fcretilmi\u015ftir, bu da onlar\u0131 rafine erkek ayakkab\u0131lar\u0131n\u0131n temel ta\u015f\u0131 haline getirir.<\/p>\n<p><h3>\u00dcst\u00fcn \u0130\u015f\u00e7ilik ve Birinci S\u0131n\u0131f Malzemeler<\/h3>\n<\/p>\n<p>Kaliteye olan ba\u011fl\u0131l\u0131\u011f\u0131m\u0131z en iyi malzemelerin se\u00e7imiyle ba\u015flar. Bu \u00e7arp\u0131c\u0131 evlerin d\u0131\u015f cephesi <strong>Erkek Siyah Deri Oxford Ayakkab\u0131<\/strong> p\u00fcr\u00fczs\u00fcz dokusu, esnekli\u011fi ve zarif y\u00fczeyiyle bilinen y\u00fcksek kaliteli dana derisinden \u00fcretilmi\u015ftir. Bu birinci s\u0131n\u0131f dana derisi sadece l\u00fcks bir g\u00f6r\u00fcn\u00fcm sa\u011flamakla kalmaz, ayn\u0131 zamanda zaman i\u00e7inde aya\u011f\u0131n\u0131za g\u00fczel bir \u015fekilde uyum sa\u011flayarak uzun s\u00fcreli a\u015f\u0131nma sa\u011flar.<\/p>\n<p>D\u0131\u015f y\u00fczeyi tamamlayan i\u00e7 astar yumu\u015fak, nefes alabilen ke\u00e7i derisinden \u00fcretilmi\u015ftir, ola\u011fan\u00fcst\u00fc konfor sunar ve ayaklar\u0131n\u0131z\u0131n g\u00fcn boyunca ferah hissetmesine yard\u0131mc\u0131 olur. Bu \u00f6zenli malzeme kombinasyonu, g\u00f6r\u00fcnd\u00fc\u011f\u00fc kadar iyi hissettiren bir ayakkab\u0131 sa\u011flayarak <strong>Erkek Siyah Deri Oxford Ayakkab\u0131<\/strong> \u00fcst\u00fcn yap\u0131lar\u0131yla di\u011ferlerinden ayr\u0131l\u0131r.<\/p>\n<p><h3>EVA Taban Teknolojisi ile Rakipsiz Konfor<\/h3>\n<\/p>\n<p>Geleneksel resmi ayakkab\u0131lar\u0131n aksine, bizim <strong>Erkek Siyah Deri Oxford Ayakkab\u0131<\/strong> geli\u015fmi\u015f bir EVA tabana sahiptir. Bu hafif ancak son derece dayan\u0131kl\u0131 malzeme \u00fcst\u00fcn yast\u0131klama ve esneklik sa\u011flayarak bu ayakkab\u0131lar\u0131 uzun s\u00fcreler boyunca son derece konforlu hale getirir. Uzun bir g\u00fcn\u00fcn sonunda yorgun ayaklara elveda deyin.<\/p>\n<p>Klasik 1-3 cm topuk y\u00fcksekli\u011fi, konfordan \u00f6d\u00fcn vermeden zarif siluete katk\u0131da bulunur. \u0130ster \u015fehir sokaklar\u0131nda geziniyor ister \u00f6nemli sunumlarda ayakta duruyor olun, EVA taban m\u00fckemmel \u015fok emilimi ve destek sunar. <strong>Erkek Siyah Deri Oxford Ayakkab\u0131<\/strong> rekabetten.<\/p>\n<p><h3>Her Durum i\u00e7in \u00c7ok Y\u00f6nl\u00fcl\u00fck ve Toplu Sipari\u015f Avantaj\u0131<\/h3>\n<\/p>\n<p>Bunlar\u0131n \u00e7ok y\u00f6nl\u00fc tasar\u0131m\u0131 <strong>Erkek Siyah Deri Oxford Ayakkab\u0131<\/strong> \u00e7ok \u00e7e\u015fitli durumlar i\u00e7in uygun hale getirir. Parlak bir profesyonel g\u00f6r\u00fcn\u00fcm i\u00e7in keskin bir i\u015f tak\u0131m\u0131yla e\u015fle\u015ftirin veya sofistike bir g\u00fcndelik topluluk i\u00e7in ak\u0131ll\u0131 pantolonlar ve bir blazer ceketle hafif\u00e7e giydirin. AB 39'dan 45'e kadar kapsaml\u0131 bir beden yelpazesinde mevcut olup, her m\u00fc\u015fterimiz i\u00e7in m\u00fckemmel bir uyum sa\u011fl\u0131yoruz.<\/p>\n<p>Sadece tarz\u0131n\u0131z\u0131 y\u00fckseltmekle kalmay\u0131p ayn\u0131 zamanda kal\u0131c\u0131 kalite ve konfor sa\u011flayan bir \u00e7ift ayakkab\u0131ya yat\u0131r\u0131m yap\u0131n. Ticari m\u00fc\u015fterilerimiz i\u00e7in, minimum 8 \u00e7ift sipari\u015fle cazip toplu sat\u0131n alma se\u00e7enekleri sunuyoruz, b\u00f6ylece bu y\u00fcksek talep g\u00f6ren ayakkab\u0131lar\u0131 stoklamay\u0131 kolayla\u015ft\u0131r\u0131yoruz <strong>Erkek Siyah Deri Oxford Ayakkab\u0131<\/strong>.<\/p>\n<p>Ola\u011fan\u00fcst\u00fc koleksiyonumuzla klasik tarz ve modern konforun m\u00fckemmel birle\u015fimini deneyimleyin <strong>Erkek Siyah Deri Oxford Ayakkab\u0131<\/strong> ve neden hem se\u00e7kin bireyler hem de i\u015fletmeler i\u00e7in tercih edildiklerini ke\u015ffedin.<\/p>","protected":false},"excerpt":{"rendered":"<ul>\n<li><strong>D\u0131\u015f Y\u00fczey:<\/strong> Zarif bir g\u00f6r\u00fcn\u00fcm i\u00e7in Y\u00fcksek Kaliteli Dana Derisi<\/li>\n<li><strong>\u0130\u00e7 Astar:<\/strong> \u00dcst\u00fcn konfor i\u00e7in Yumu\u015fak ve Nefes Alabilir Ke\u00e7i Derisi<\/li>\n<li><strong>Taban Malzemesi:<\/strong> T\u00fcm g\u00fcn kullan\u0131m i\u00e7in hafif ve Yast\u0131kl\u0131 EVA<\/li>\n<li><strong>Topuk Y\u00fcksekli\u011fi:<\/strong> Zarif duru\u015f i\u00e7in klasik 1-3 cm<\/li>\n<li><strong>Mevcut Boyutlar:<\/strong> AB 39, 40, 41, 42, 43, 44, 45<\/li>\n<li><strong>Toplu Bulunabilirlik:<\/strong> Minimum 8 \u00e7ift sipari\u015f - perakendeciler ve b\u00fcy\u00fck sipari\u015fler i\u00e7in ideal<\/li>\n<li><strong>Teslimat S\u00fcresi:<\/strong> 12 g\u00fcn + verimli tedarik i\u00e7in nakliye<\/li>\n<\/ul>","protected":false},"featured_media":3724,"template":"","meta":{"_acf_changed":false,"_uag_custom_page_level_css":"","site-sidebar-layout":"default","site-content-layout":"","ast-site-content-layout":"default","site-content-style":"default","site-sidebar-style":"default","ast-global-header-display":"","ast-banner-title-visibility":"","ast-main-header-display":"","ast-hfb-above-header-display":"","ast-hfb-below-header-display":"","ast-hfb-mobile-header-display":"","site-post-title":"","ast-breadcrumbs-content":"","ast-featured-img":"","footer-sml-layout":"","ast-disable-related-posts":"","theme-transparent-header-meta":"","adv-header-id-meta":"","stick-header-meta":"","header-above-stick-meta":"","header-main-stick-meta":"","header-below-stick-meta":"","astra-migrate-meta-layouts":"default","ast-page-background-enabled":"default","ast-page-background-meta":{"desktop":{"background-color":"var(--ast-global-color-4)","background-image":"","background-repeat":"repeat","background-position":"center center","background-size":"auto","background-attachment":"scroll","background-type":"","background-media":"","overlay-type":"","overlay-color":"","overlay-opacity":"","overlay-gradient":""},"tablet":{"background-color":"","background-image":"","background-repeat":"repeat","background-position":"center center","background-size":"auto","background-attachment":"scroll","background-type":"","background-media":"","overlay-type":"","overlay-color":"","overlay-opacity":"","overlay-gradient":""},"mobile":{"background-color":"","background-image":"","background-repeat":"repeat","background-position":"center center","background-size":"auto","background-attachment":"scroll","background-type":"","background-media":"","overlay-type":"","overlay-color":"","overlay-opacity":"","overlay-gradient":""}},"ast-content-background-meta":{"desktop":{"background-color":"var(--ast-global-color-5)","background-image":"","background-repeat":"repeat","background-position":"center center","background-size":"auto","background-attachment":"scroll","background-type":"","background-media":"","overlay-type":"","overlay-color":"","overlay-opacity":"","overlay-gradient":""},"tablet":{"background-color":"var(--ast-global-color-5)","background-image":"","background-repeat":"repeat","background-position":"center center","background-size":"auto","background-attachment":"scroll","background-type":"","background-media":"","overlay-type":"","overlay-color":"","overlay-opacity":"","overlay-gradient":""},"mobile":{"background-color":"var(--ast-global-color-5)","background-image":"","background-repeat":"repeat","background-position":"center center","background-size":"auto","background-attachment":"scroll","background-type":"","background-media":"","overlay-type":"","overlay-color":"","overlay-opacity":"","overlay-gradient":""}}},"product_brand":[],"product_cat":[47,430,40],"product_tag":[196,629,405,185,458,754,181,287,201,314,189,766,324,204,632],"class_list":{"0":"post-5548","1":"product","2":"type-product","3":"status-publish","4":"has-post-thumbnail","6":"product_cat-classic","7":"product_cat-men","8":"product_cat-mens-shoes","9":"product_tag-black-leather-shoes","10":"product_tag-bulk-order-shoes","11":"product_tag-business-shoes","12":"product_tag-calf-leather-shoes","13":"product_tag-cap-toe-shoes","14":"product_tag-classic-mens-shoes","15":"product_tag-comfortable-dress-shoes","16":"product_tag-eva-sole-shoes","17":"product_tag-formal-footwear","18":"product_tag-formal-mens-shoes","19":"product_tag-goat-leather-lining","20":"product_tag-mens-black-leather-oxford-shoes","21":"product_tag-mens-dress-shoes","22":"product_tag-oxford-shoes","23":"product_tag-premium-leather-shoes","24":"desktop-align-center","25":"tablet-align-center","26":"mobile-align-center","28":"first","29":"instock","30":"shipping-taxable","31":"purchasable","32":"product-type-variable","33":"has-default-attributes"},"acf":[],"uagb_featured_image_src":{"full":["https:\/\/turkishtrade.co\/wp-content\/uploads\/2026\/01\/2400EJOMN00317-BLACK-B_980.png",453,250,false],"thumbnail":["https:\/\/turkishtrade.co\/wp-content\/uploads\/2026\/01\/2400EJOMN00317-BLACK-B_980.png",150,83,false],"medium":["https:\/\/turkishtrade.co\/wp-content\/uploads\/2026\/01\/2400EJOMN00317-BLACK-B_980.png",300,166,false],"medium_large":["https:\/\/turkishtrade.co\/wp-content\/uploads\/2026\/01\/2400EJOMN00317-BLACK-B_980.png",453,250,false],"large":["https:\/\/turkishtrade.co\/wp-content\/uploads\/2026\/01\/2400EJOMN00317-BLACK-B_980.png",453,250,false],"1536x1536":["https:\/\/turkishtrade.co\/wp-content\/uploads\/2026\/01\/2400EJOMN00317-BLACK-B_980.png",453,250,false],"2048x2048":["https:\/\/turkishtrade.co\/wp-content\/uploads\/2026\/01\/2400EJOMN00317-BLACK-B_980.png",453,250,false],"trp-custom-language-flag":["https:\/\/turkishtrade.co\/wp-content\/uploads\/2026\/01\/2400EJOMN00317-BLACK-B_980.png",18,10,false],"woocommerce_thumbnail":["https:\/\/turkishtrade.co\/wp-content\/uploads\/2026\/01\/2400EJOMN00317-BLACK-B_980-400x250.png",400,250,true],"woocommerce_single":["https:\/\/turkishtrade.co\/wp-content\/uploads\/2026\/01\/2400EJOMN00317-BLACK-B_980.png",453,250,false],"woocommerce_gallery_thumbnail":["https:\/\/turkishtrade.co\/wp-content\/uploads\/2026\/01\/2400EJOMN00317-BLACK-B_980-100x100.png",100,100,true]},"uagb_author_info":{"display_name":"yaser olabi","author_link":"https:\/\/turkishtrade.co\/tr\/author\/"},"uagb_comment_info":0,"uagb_excerpt":"Outer Surface: High-Quality Calf Leather for a refined finish Inner Lining: Soft and Breathable Goat Leather for superior comfort Sole Material: Lightweight and Cushioned EVA for all-day wear Heel Height: Classic 1-3 cm for elegant posture Available Sizes: EU 39, 40, 41, 42, 43, 44, 45 Bulk Availability: Minimum order of 8 pairs \u2013 ideal&hellip;","_links":{"self":[{"href":"https:\/\/turkishtrade.co\/tr\/wp-json\/wp\/v2\/product\/5548","targetHints":{"allow":["GET"]}}],"collection":[{"href":"https:\/\/turkishtrade.co\/tr\/wp-json\/wp\/v2\/product"}],"about":[{"href":"https:\/\/turkishtrade.co\/tr\/wp-json\/wp\/v2\/types\/product"}],"wp:featuredmedia":[{"embeddable":true,"href":"https:\/\/turkishtrade.co\/tr\/wp-json\/wp\/v2\/media\/3724"}],"wp:attachment":[{"href":"https:\/\/turkishtrade.co\/tr\/wp-json\/wp\/v2\/media?parent=5548"}],"wp:term":[{"taxonomy":"product_brand","embeddable":true,"href":"https:\/\/turkishtrade.co\/tr\/wp-json\/wp\/v2\/product_brand?post=5548"},{"taxonomy":"product_cat","embeddable":true,"href":"https:\/\/turkishtrade.co\/tr\/wp-json\/wp\/v2\/product_cat?post=5548"},{"taxonomy":"product_tag","embeddable":true,"href":"https:\/\/turkishtrade.co\/tr\/wp-json\/wp\/v2\/product_tag?post=5548"}],"curies":[{"name":"wp","href":"https:\/\/api.w.org\/{rel}","templated":true}]}}