{"id":5526,"date":"2026-01-14T12:10:39","date_gmt":"2026-01-14T12:10:39","guid":{"rendered":"https:\/\/turkishtrade.co\/product\/mens-calf-leather-loafers-3\/"},"modified":"2026-04-09T19:31:47","modified_gmt":"2026-04-09T19:31:47","slug":"mens-calf-leather-loafers-3","status":"publish","type":"product","link":"https:\/\/turkishtrade.co\/tr\/shop\/mens-calf-leather-loafers-3\/","title":{"rendered":"Klasik Erkek Siyah Dana Derisi Loafer"},"content":{"rendered":"<p><strong>Erkek Dana Derisi Loafer<\/strong><\/p>\n<p><h3>Premium Erkek Dana Derisi Loafer'lar ile Stilinizi Y\u00fckseltin<\/h3>\n<\/p>\n<p>Enfes tasar\u0131m\u0131m\u0131zla benzersiz sofistike ve konforlu bir deneyim ya\u015fay\u0131n <strong>erkek dana derisi mokasen ayakkab\u0131<\/strong>. Modern beyefendilerin taleplerini kar\u015f\u0131lamak i\u00e7in titizlikle \u00fcretilen bu mokasen ayakkab\u0131lar, zamans\u0131z \u015f\u0131kl\u0131\u011f\u0131 \u00e7a\u011fda\u015f tasar\u0131mla kusursuz bir \u015fekilde harmanl\u0131yor. Hem g\u00fcndelik i\u015f ortamlar\u0131 hem de zarif sosyal etkinlikler i\u00e7in m\u00fckemmel olan bu <strong>erkek dana derisi mokasen ayakkab\u0131<\/strong> her se\u00e7kin gard\u0131rop i\u00e7in vazge\u00e7ilmez bir eklentidir.<\/p>\n<p>Her bir \u00e7ift, yaln\u0131zca \u015f\u0131k bir g\u00f6r\u00fcn\u00fcm de\u011fil ayn\u0131 zamanda uzun s\u00fcreli dayan\u0131kl\u0131l\u0131k da sa\u011flayan \u00fcst\u00fcn i\u015f\u00e7ili\u011fi yans\u0131t\u0131r. \u015e\u0131k siyah kaplama ve vampir ve topuktaki ince dokulu detaylar, bu mokasenleri di\u011ferlerinden ay\u0131ran ay\u0131rt edici bir dokunu\u015f sa\u011flar.<\/p>\n<p><h3>Rakipsiz Kalite ve Konfor<\/h3>\n<\/p>\n<p>Bu ola\u011fan\u00fcst\u00fc binan\u0131n d\u0131\u015f cephesi <strong>erkek dana derisi mokasen ayakkab\u0131<\/strong> birinci s\u0131n\u0131f hakiki dana derisinden \u00fcretilmi\u015ftir, l\u00fcks bir doku ve yaln\u0131zca ya\u015fland\u0131k\u00e7a geli\u015fen se\u00e7kin bir g\u00f6r\u00fcn\u00fcm sunar. Zengin, koyu siyah tonu \u00e7ok y\u00f6nl\u00fc stil se\u00e7enekleri sunarak bu mokasen ayakkab\u0131y\u0131 ayakkab\u0131 koleksiyonunuzun temel ta\u015f\u0131 haline getirir. \u0130\u00e7 k\u0131sm\u0131 inan\u0131lmaz yumu\u015fakl\u0131\u011f\u0131 ve nefes alabilirli\u011fi ile tan\u0131nan esnek ke\u00e7i derisi ile kapl\u0131 oldu\u011fundan ayaklar\u0131n\u0131z\u0131 saf mutlulu\u011fun i\u00e7ine kayd\u0131r\u0131n.<\/p>\n<p>Bu \u00f6zenli malzeme se\u00e7imi, uzun s\u00fcreli kullan\u0131mlarda bile maksimum konfor sa\u011flayarak rahats\u0131zl\u0131\u011f\u0131 \u00f6nler ve sa\u011fl\u0131kl\u0131 bir ayak ortam\u0131n\u0131 destekler. Di\u011fer bir\u00e7ok se\u00e7ene\u011fin aksine, bizim <strong>erkek dana derisi mokasen ayakkab\u0131<\/strong> her ad\u0131mda sa\u011fl\u0131\u011f\u0131n\u0131za \u00f6ncelik verin.<\/p>\n<p><h3>T\u00fcm G\u00fcn Kullan\u0131m i\u00e7in Tasarland\u0131<\/h3>\n<\/p>\n<p>Konfor y\u00f6n\u00fcn\u00fc daha da art\u0131ran bu zarif <strong>erkek dana derisi mokasen ayakkab\u0131<\/strong> hafif ancak inan\u0131lmaz derecede dayan\u0131kl\u0131 EVA tabana sahiptir. Bu geli\u015fmi\u015f taban teknolojisi m\u00fckemmel yast\u0131klama ve \u015fok emilimi sa\u011flayarak her ad\u0131m\u0131 zahmetsiz hissettirir. \u0130ster \u015fehir sokaklar\u0131nda geziniyor ister uzun bir konferansa kat\u0131l\u0131yor olun, EVA taban g\u00fcvenilir destek ve esneklik sunar.<\/p>\n<p>1-3 cm aras\u0131nda de\u011fi\u015fen klasik topuk y\u00fcksekli\u011fi, dengeden \u00f6d\u00fcn vermeden ince bir y\u00fckselti sa\u011flar ve y\u00fcksek kaliteden beklenen sofistike profili korur. <strong>erkek dana derisi mokasen ayakkab\u0131<\/strong>. 39'dan 45'e kadar geni\u015f bir beden yelpazesinde mevcut oldu\u011fundan, m\u00fckemmel uyumunuzu bulmak kolayd\u0131r ve geni\u015f bir ayak yelpazesi i\u00e7in konfor sa\u011flar.<\/p>\n<p><h3>Toplu Sipari\u015fler i\u00e7in M\u00fckemmel<\/h3>\n<\/p>\n<p>Perakendeciler, butikler veya ekiplerine birinci s\u0131n\u0131f ayakkab\u0131lar sa\u011flamak isteyenler i\u00e7in <strong>erkek dana derisi mokasen ayakkab\u0131<\/strong> toplu al\u0131m i\u00e7in mevcuttur. \u00c7e\u015fitli \u00f6l\u00e7eklerdeki i\u015fletmeler i\u00e7in eri\u015filebilirlik sa\u011flayan minimum sipari\u015f miktar\u0131n\u0131 sadece 8 \u00e7ift olarak sunuyoruz. Her toplu sipari\u015f, bireysel al\u0131mlarda oldu\u011fu gibi detaylara ve kalite kontrol\u00fcne ayn\u0131 \u00f6zen g\u00f6sterilerek i\u015flenir.<\/p>\n<p>Yakla\u015f\u0131k 12 g\u00fcnl\u00fck teslimat s\u00fcresi ve nakliye ile verimli bir hizmet bekleyin. En iyisine yat\u0131r\u0131m yap\u0131n <strong>erkek dana derisi mokasen ayakkab\u0131<\/strong> Bug\u00fcnden itibaren m\u00fc\u015fterilerinize veya ekibinize kalite ve stil yans\u0131tan bir \u00fcr\u00fcnle hak ettikleri l\u00fcks\u00fc sunun.<\/p>","protected":false},"excerpt":{"rendered":"<ul>\n<li><strong>\u00dcst\u00fcn \u0130\u015f\u00e7ilik:<\/strong> Y\u00fcksek kaliteli hakiki dana derisinden \u00fcretilen d\u0131\u015f y\u00fczeyi zarif bir g\u00f6r\u00fcn\u00fcm sunar.<\/li>\n<li><strong>L\u00fcks Konfor:<\/strong> Ola\u011fan\u00fcst\u00fc bir his i\u00e7in yumu\u015fak, nefes alabilen ke\u00e7i derisinden yap\u0131lm\u0131\u015f i\u00e7 astar.<\/li>\n<li><strong>Hafif ve Destekleyici:<\/strong> G\u00fcn boyu yast\u0131klama ve esneklik i\u00e7in dayan\u0131kl\u0131 EVA taban ile donat\u0131lm\u0131\u015ft\u0131r.<\/li>\n<li><strong>Klasik Topuk Y\u00fcksekli\u011fi:<\/strong> Sofistike bir profil i\u00e7in m\u00fckemmel olan 1-3 cm'lik ince bir topu\u011fa sahiptir.<\/li>\n<li><strong>Mevcut Boyutlar:<\/strong> M\u00fckemmel bir uyum sa\u011flamak i\u00e7in AB 39 ila 45 aras\u0131nda kapsaml\u0131 bir aral\u0131k.<\/li>\n<li><strong>Toplu Sipari\u015fler Ho\u015f Geldiniz:<\/strong> Perakendeciler ve i\u015fletmeler i\u00e7in minimum 8 \u00e7ift sipari\u015f miktar\u0131 mevcuttur.<\/li>\n<li><strong>Etkili Teslimat:<\/strong> Sipari\u015finiz 12 g\u00fcn art\u0131 standart kargo s\u00fcresi i\u00e7inde teslim edilecektir.<\/li>\n<\/ul>","protected":false},"featured_media":3712,"template":"","meta":{"_acf_changed":false,"_uag_custom_page_level_css":"","site-sidebar-layout":"default","site-content-layout":"","ast-site-content-layout":"default","site-content-style":"default","site-sidebar-style":"default","ast-global-header-display":"","ast-banner-title-visibility":"","ast-main-header-display":"","ast-hfb-above-header-display":"","ast-hfb-below-header-display":"","ast-hfb-mobile-header-display":"","site-post-title":"","ast-breadcrumbs-content":"","ast-featured-img":"","footer-sml-layout":"","ast-disable-related-posts":"","theme-transparent-header-meta":"","adv-header-id-meta":"","stick-header-meta":"","header-above-stick-meta":"","header-main-stick-meta":"","header-below-stick-meta":"","astra-migrate-meta-layouts":"default","ast-page-background-enabled":"default","ast-page-background-meta":{"desktop":{"background-color":"var(--ast-global-color-4)","background-image":"","background-repeat":"repeat","background-position":"center center","background-size":"auto","background-attachment":"scroll","background-type":"","background-media":"","overlay-type":"","overlay-color":"","overlay-opacity":"","overlay-gradient":""},"tablet":{"background-color":"","background-image":"","background-repeat":"repeat","background-position":"center center","background-size":"auto","background-attachment":"scroll","background-type":"","background-media":"","overlay-type":"","overlay-color":"","overlay-opacity":"","overlay-gradient":""},"mobile":{"background-color":"","background-image":"","background-repeat":"repeat","background-position":"center center","background-size":"auto","background-attachment":"scroll","background-type":"","background-media":"","overlay-type":"","overlay-color":"","overlay-opacity":"","overlay-gradient":""}},"ast-content-background-meta":{"desktop":{"background-color":"var(--ast-global-color-5)","background-image":"","background-repeat":"repeat","background-position":"center center","background-size":"auto","background-attachment":"scroll","background-type":"","background-media":"","overlay-type":"","overlay-color":"","overlay-opacity":"","overlay-gradient":""},"tablet":{"background-color":"var(--ast-global-color-5)","background-image":"","background-repeat":"repeat","background-position":"center center","background-size":"auto","background-attachment":"scroll","background-type":"","background-media":"","overlay-type":"","overlay-color":"","overlay-opacity":"","overlay-gradient":""},"mobile":{"background-color":"var(--ast-global-color-5)","background-image":"","background-repeat":"repeat","background-position":"center center","background-size":"auto","background-attachment":"scroll","background-type":"","background-media":"","overlay-type":"","overlay-color":"","overlay-opacity":"","overlay-gradient":""}}},"product_brand":[],"product_cat":[47,430,40],"product_tag":[814,674,512,457,220,737,544,438,952,189,951,198,914,184],"class_list":{"0":"post-5526","1":"product","2":"type-product","3":"status-publish","4":"has-post-thumbnail","6":"product_cat-classic","7":"product_cat-men","8":"product_cat-mens-shoes","9":"product_tag-black-leather-loafers","10":"product_tag-bulk-shoes","11":"product_tag-casual-loafers","12":"product_tag-classic-loafers","13":"product_tag-comfortable-loafers","14":"product_tag-dress-loafers","15":"product_tag-elegant-loafers","16":"product_tag-eva-sole","17":"product_tag-genuine-leather-shoes","18":"product_tag-goat-leather-lining","19":"product_tag-mens-calf-leather-loafers","20":"product_tag-mens-fashion","21":"product_tag-professional-shoes","22":"product_tag-slip-on-shoes","23":"desktop-align-center","24":"tablet-align-center","25":"mobile-align-center","27":"first","28":"instock","29":"shipping-taxable","30":"purchasable","31":"product-type-variable","32":"has-default-attributes"},"acf":[],"uagb_featured_image_src":{"full":["https:\/\/turkishtrade.co\/wp-content\/uploads\/2026\/01\/2400EJOMN00304-BLACK-X_7753-4-USD.png",453,250,false],"thumbnail":["https:\/\/turkishtrade.co\/wp-content\/uploads\/2026\/01\/2400EJOMN00304-BLACK-X_7753-4-USD.png",150,83,false],"medium":["https:\/\/turkishtrade.co\/wp-content\/uploads\/2026\/01\/2400EJOMN00304-BLACK-X_7753-4-USD.png",300,166,false],"medium_large":["https:\/\/turkishtrade.co\/wp-content\/uploads\/2026\/01\/2400EJOMN00304-BLACK-X_7753-4-USD.png",453,250,false],"large":["https:\/\/turkishtrade.co\/wp-content\/uploads\/2026\/01\/2400EJOMN00304-BLACK-X_7753-4-USD.png",453,250,false],"1536x1536":["https:\/\/turkishtrade.co\/wp-content\/uploads\/2026\/01\/2400EJOMN00304-BLACK-X_7753-4-USD.png",453,250,false],"2048x2048":["https:\/\/turkishtrade.co\/wp-content\/uploads\/2026\/01\/2400EJOMN00304-BLACK-X_7753-4-USD.png",453,250,false],"trp-custom-language-flag":["https:\/\/turkishtrade.co\/wp-content\/uploads\/2026\/01\/2400EJOMN00304-BLACK-X_7753-4-USD.png",18,10,false],"woocommerce_thumbnail":["https:\/\/turkishtrade.co\/wp-content\/uploads\/2026\/01\/2400EJOMN00304-BLACK-X_7753-4-USD-400x250.png",400,250,true],"woocommerce_single":["https:\/\/turkishtrade.co\/wp-content\/uploads\/2026\/01\/2400EJOMN00304-BLACK-X_7753-4-USD.png",453,250,false],"woocommerce_gallery_thumbnail":["https:\/\/turkishtrade.co\/wp-content\/uploads\/2026\/01\/2400EJOMN00304-BLACK-X_7753-4-USD-100x100.png",100,100,true]},"uagb_author_info":{"display_name":"yaser olabi","author_link":"https:\/\/turkishtrade.co\/tr\/author\/"},"uagb_comment_info":0,"uagb_excerpt":"Superior Craftsmanship: Outer surface crafted from high-quality genuine calf leather, offering a refined look. Luxurious Comfort: Inner lining made from soft, breathable goat leather for an exceptional feel. Lightweight &amp; Supportive: Equipped with a durable EVA sole for all-day cushioning and flexibility. Classic Heel Height: Features a subtle 1-3 cm heel, perfect for a sophisticated&hellip;","_links":{"self":[{"href":"https:\/\/turkishtrade.co\/tr\/wp-json\/wp\/v2\/product\/5526","targetHints":{"allow":["GET"]}}],"collection":[{"href":"https:\/\/turkishtrade.co\/tr\/wp-json\/wp\/v2\/product"}],"about":[{"href":"https:\/\/turkishtrade.co\/tr\/wp-json\/wp\/v2\/types\/product"}],"wp:featuredmedia":[{"embeddable":true,"href":"https:\/\/turkishtrade.co\/tr\/wp-json\/wp\/v2\/media\/3712"}],"wp:attachment":[{"href":"https:\/\/turkishtrade.co\/tr\/wp-json\/wp\/v2\/media?parent=5526"}],"wp:term":[{"taxonomy":"product_brand","embeddable":true,"href":"https:\/\/turkishtrade.co\/tr\/wp-json\/wp\/v2\/product_brand?post=5526"},{"taxonomy":"product_cat","embeddable":true,"href":"https:\/\/turkishtrade.co\/tr\/wp-json\/wp\/v2\/product_cat?post=5526"},{"taxonomy":"product_tag","embeddable":true,"href":"https:\/\/turkishtrade.co\/tr\/wp-json\/wp\/v2\/product_tag?post=5526"}],"curies":[{"name":"wp","href":"https:\/\/api.w.org\/{rel}","templated":true}]}}