{"id":5520,"date":"2026-01-14T12:10:03","date_gmt":"2026-01-14T12:10:03","guid":{"rendered":"https:\/\/turkishtrade.co\/product\/mens-calf-leather-derby-shoes-2\/"},"modified":"2026-04-09T19:31:58","modified_gmt":"2026-04-09T19:31:58","slug":"mens-calf-leather-derby-shoes-2","status":"publish","type":"product","link":"https:\/\/turkishtrade.co\/tr\/shop\/mens-calf-leather-derby-shoes-2\/","title":{"rendered":"Premium Erkek Dana Derisi Derby Ayakkab\u0131"},"content":{"rendered":"<p><strong>Erkek Dana Derisi Derby Ayakkab\u0131<\/strong><\/p>\n<p>Klasik zarafetin modern konforla bulu\u015ftu\u011fu bir d\u00fcnyaya ho\u015f geldiniz. <b>Erkek Dana Derisi Derby Ayakkab\u0131<\/b>. Titizlikle haz\u0131rlanm\u0131\u015f bu ayakkab\u0131lar, hem stil hem de \u00f6z\u00fc takdir eden se\u00e7ici beyefendiler i\u00e7in tasarlanm\u0131\u015ft\u0131r. Geleneksel esteti\u011fi \u00e7a\u011fda\u015f dayan\u0131kl\u0131l\u0131kla m\u00fckemmel bir \u015fekilde harmanlayan <b>Erkek Dana Derisi Derby Ayakkab\u0131<\/b> her sofistike gard\u0131robun vazge\u00e7ilmez bir par\u00e7as\u0131d\u0131r.<\/p>\n<p>\u0130ster \u00f6nemli bir i\u015f toplant\u0131s\u0131 ister \u015f\u0131k bir g\u00fcnl\u00fck gezi i\u00e7in giyiniyor olun, bu birinci s\u0131n\u0131f ayakkab\u0131lar kombininiz i\u00e7in ideal temeli sa\u011flar.<\/p>\n<p><h3>Benzersiz \u0130\u015f\u00e7ilik ve Malzemeler<\/h3>\n<\/p>\n<p>Her bir \u00e7iftimiz <b>Erkek Dana Derisi Derby Ayakkab\u0131<\/b> \u00fcst\u00fcn i\u015f\u00e7ili\u011fin bir kan\u0131t\u0131d\u0131r. D\u0131\u015f y\u00fczey, yumu\u015fak dokusu, dayan\u0131kl\u0131l\u0131\u011f\u0131 ve zaman i\u00e7inde benzersiz bir patina geli\u015ftirerek zarif bir \u015fekilde eskime kabiliyetiyle tan\u0131nan y\u00fcksek kaliteli dana derisinden ustal\u0131kla \u00fcretilmi\u015ftir. Bu birinci s\u0131n\u0131f malzeme, ayakkab\u0131lar\u0131n\u0131z\u0131n yaln\u0131zca ola\u011fan\u00fcst\u00fc g\u00f6r\u00fcnmesini de\u011fil, ayn\u0131 zamanda g\u00fcnl\u00fck kullan\u0131m\u0131n zorluklar\u0131na da dayanmas\u0131n\u0131 sa\u011flar.<\/p>\n<p>\u0130\u00e7 k\u0131s\u0131mda, ayaklar\u0131n\u0131z hakiki ke\u00e7i derisi astar\u0131n l\u00fcks konforuyla sarmalanacak. Ke\u00e7i derisi, ola\u011fan\u00fcst\u00fc yumu\u015fakl\u0131\u011f\u0131, nefes alabilirli\u011fi ve nemi emme \u00f6zellikleriyle \u00fcnl\u00fcd\u00fcr ve ayaklar\u0131n\u0131z\u0131 g\u00fcn boyunca rahat ve kuru tutar. \u0130\u00e7 detaylara g\u00f6sterilen bu \u00f6zen, ayakkab\u0131m\u0131z\u0131 ger\u00e7ekten <b>Erkek Dana Derisi Derby Ayakkab\u0131<\/b> ayr\u0131.<\/p>\n<p><h3>Konfor ve \u00c7ok Y\u00f6nl\u00fcl\u00fck i\u00e7in Tasarland\u0131<\/h3>\n<\/p>\n<p>Tasar\u0131m felsefemizde konfor her \u015feyden \u00f6nemlidir. Hafif ancak inan\u0131lmaz derecede dayan\u0131kl\u0131 EVA taban, m\u00fckemmel \u015fok emilimi ve esneklik sa\u011flayarak bu <b>Erkek Dana Derisi Derby Ayakkab\u0131<\/b> uzun s\u00fcre giymek i\u00e7in bir keyif. A\u00e7\u0131k ba\u011fc\u0131k sistemiyle karakterize edilen klasik Derby silueti, resmi etkinliklerden \u015f\u0131k ve g\u00fcndelik ortamlara sorunsuz bir \u015fekilde ge\u00e7i\u015f yapabilen \u00e7ok y\u00f6nl\u00fc bir g\u00f6r\u00fcn\u00fcm sunar.<\/p>\n<p>Zarif burun tasar\u0131m\u0131, zamans\u0131z bir sofistike dokunu\u015f katarak bu ayakkab\u0131lar\u0131n <b>Erkek Dana Derisi Derby Ayakkab\u0131<\/b> \u00f6zel dikim tak\u0131mlardan chino pantolonlara ve blazer ceketlere kadar \u00e7ok \u00e7e\u015fitli k\u0131yafetleri tamamlar.<\/p>\n<p>Zengin mavi ve zarif kahverengi renk se\u00e7enekleriyle ki\u015fisel tarz\u0131n\u0131za uygun m\u00fckemmel tonu se\u00e7ebilirsiniz. Her beyefendi i\u00e7in m\u00fckemmel bir uyum sa\u011flayan 39 ila 45 aras\u0131nda kapsaml\u0131 bir beden aral\u0131\u011f\u0131 sunuyoruz.<\/p>\n<p><h3>Toptan Ayakkab\u0131 i\u00e7in G\u00fcvenilir Orta\u011f\u0131n\u0131z<\/h3>\n<\/p>\n<p>Y\u00fcksek kaliteli ayakkab\u0131 arayan perakendeciler ve i\u015fletmeler i\u00e7in <b>Erkek Dana Derisi Derby Ayakkab\u0131<\/b> toptan sipari\u015fler i\u00e7in mevcuttur. Minimum 8 \u00e7ift sipari\u015fe ihtiyac\u0131m\u0131z var ve g\u00fcvenilir teslim s\u00fcresi 12 g\u00fcn art\u0131 nakliye. M\u00fc\u015fterilerinize zamans\u0131z stil, ola\u011fan\u00fcst\u00fc konfor ve uzun s\u00fcreli dayan\u0131kl\u0131l\u0131\u011f\u0131 bir araya getiren birinci s\u0131n\u0131f deri ayakkab\u0131lar sunmak i\u00e7in bizimle ortak olun.<\/p>\n<p>Bu se\u00e7kin \u00fcr\u00fcnlerle envanterinizi y\u00fckseltin <b>Erkek Dana Derisi Derby Ayakkab\u0131<\/b> ve m\u00fc\u015fterilerinize ger\u00e7ek bir l\u00fcks deneyimi ya\u015fat\u0131n. Kaliteye yat\u0131r\u0131m yap\u0131n; bizim <b>Erkek Dana Derisi Derby Ayakkab\u0131<\/b> e\u015fsiz bir ayakkab\u0131 deneyimi i\u00e7in.<\/p>","protected":false},"excerpt":{"rendered":"<ul>\n<li>Zarif bir g\u00f6r\u00fcn\u00fcm i\u00e7in birinci s\u0131n\u0131f dana derisinden ustal\u0131kla \u00fcretilmi\u015ftir.<\/li>\n<li>L\u00fcks Ke\u00e7i Derisi astar \u00fcst\u00fcn konfor ve nefes alabilirlik sa\u011flar.<\/li>\n<li>Hafif ve esnek EVA taban, klasik 1-3 cm topuk ile g\u00fcn boyu destek sa\u011flar.<\/li>\n<li>Hem resmi hem de g\u00fcndelik giyime uygun, sofistike bir burna sahip klasik Derby stili.<\/li>\n<li>Geni\u015f bir beden yelpazesinde mevcuttur: 39, 40, 41, 42, 43, 44, 45.<\/li>\n<li>Toptan sat\u0131\u015f f\u0131rsat\u0131: Minimum 8 \u00e7ift sipari\u015f ve 12 g\u00fcn teslim s\u00fcresi art\u0131 nakliye.<\/li>\n<\/ul>","protected":false},"featured_media":3709,"template":"","meta":{"_acf_changed":false,"_uag_custom_page_level_css":"","site-sidebar-layout":"default","site-content-layout":"","ast-site-content-layout":"default","site-content-style":"default","site-sidebar-style":"default","ast-global-header-display":"","ast-banner-title-visibility":"","ast-main-header-display":"","ast-hfb-above-header-display":"","ast-hfb-below-header-display":"","ast-hfb-mobile-header-display":"","site-post-title":"","ast-breadcrumbs-content":"","ast-featured-img":"","footer-sml-layout":"","ast-disable-related-posts":"","theme-transparent-header-meta":"","adv-header-id-meta":"","stick-header-meta":"","header-above-stick-meta":"","header-main-stick-meta":"","header-below-stick-meta":"","astra-migrate-meta-layouts":"default","ast-page-background-enabled":"default","ast-page-background-meta":{"desktop":{"background-color":"var(--ast-global-color-4)","background-image":"","background-repeat":"repeat","background-position":"center center","background-size":"auto","background-attachment":"scroll","background-type":"","background-media":"","overlay-type":"","overlay-color":"","overlay-opacity":"","overlay-gradient":""},"tablet":{"background-color":"","background-image":"","background-repeat":"repeat","background-position":"center center","background-size":"auto","background-attachment":"scroll","background-type":"","background-media":"","overlay-type":"","overlay-color":"","overlay-opacity":"","overlay-gradient":""},"mobile":{"background-color":"","background-image":"","background-repeat":"repeat","background-position":"center center","background-size":"auto","background-attachment":"scroll","background-type":"","background-media":"","overlay-type":"","overlay-color":"","overlay-opacity":"","overlay-gradient":""}},"ast-content-background-meta":{"desktop":{"background-color":"var(--ast-global-color-5)","background-image":"","background-repeat":"repeat","background-position":"center center","background-size":"auto","background-attachment":"scroll","background-type":"","background-media":"","overlay-type":"","overlay-color":"","overlay-opacity":"","overlay-gradient":""},"tablet":{"background-color":"var(--ast-global-color-5)","background-image":"","background-repeat":"repeat","background-position":"center center","background-size":"auto","background-attachment":"scroll","background-type":"","background-media":"","overlay-type":"","overlay-color":"","overlay-opacity":"","overlay-gradient":""},"mobile":{"background-color":"var(--ast-global-color-5)","background-image":"","background-repeat":"repeat","background-position":"center center","background-size":"auto","background-attachment":"scroll","background-type":"","background-media":"","overlay-type":"","overlay-color":"","overlay-opacity":"","overlay-gradient":""}}},"product_brand":[],"product_cat":[47,430,40],"product_tag":[322,292,513,185,458,449,212,284,438,189,351,286,406,281],"class_list":{"0":"post-5520","1":"product","2":"type-product","3":"status-publish","4":"has-post-thumbnail","6":"product_cat-classic","7":"product_cat-men","8":"product_cat-mens-shoes","9":"product_tag-blue-leather-shoes","10":"product_tag-brown-leather-shoes","11":"product_tag-business-casual-shoes","12":"product_tag-calf-leather-shoes","13":"product_tag-cap-toe-shoes","14":"product_tag-casual-shoes","15":"product_tag-derby-shoes","16":"product_tag-dress-shoes","17":"product_tag-eva-sole","18":"product_tag-goat-leather-lining","19":"product_tag-leather-footwear","20":"product_tag-mens-leather-shoes","21":"product_tag-premium-shoes","22":"product_tag-wholesale-shoes","23":"desktop-align-center","24":"tablet-align-center","25":"mobile-align-center","27":"first","28":"instock","29":"shipping-taxable","30":"purchasable","31":"product-type-variable","32":"has-default-attributes"},"acf":[],"uagb_featured_image_src":{"full":["https:\/\/turkishtrade.co\/wp-content\/uploads\/2026\/01\/2400EJOMN00291-DARK-BROWN-Z_234.png",453,250,false],"thumbnail":["https:\/\/turkishtrade.co\/wp-content\/uploads\/2026\/01\/2400EJOMN00291-DARK-BROWN-Z_234-150x150.png",150,150,true],"medium":["https:\/\/turkishtrade.co\/wp-content\/uploads\/2026\/01\/2400EJOMN00291-DARK-BROWN-Z_234-300x166.png",300,166,true],"medium_large":["https:\/\/turkishtrade.co\/wp-content\/uploads\/2026\/01\/2400EJOMN00291-DARK-BROWN-Z_234.png",453,250,false],"large":["https:\/\/turkishtrade.co\/wp-content\/uploads\/2026\/01\/2400EJOMN00291-DARK-BROWN-Z_234.png",453,250,false],"1536x1536":["https:\/\/turkishtrade.co\/wp-content\/uploads\/2026\/01\/2400EJOMN00291-DARK-BROWN-Z_234.png",453,250,false],"2048x2048":["https:\/\/turkishtrade.co\/wp-content\/uploads\/2026\/01\/2400EJOMN00291-DARK-BROWN-Z_234.png",453,250,false],"trp-custom-language-flag":["https:\/\/turkishtrade.co\/wp-content\/uploads\/2026\/01\/2400EJOMN00291-DARK-BROWN-Z_234-18x10.png",18,10,true],"woocommerce_thumbnail":["https:\/\/turkishtrade.co\/wp-content\/uploads\/2026\/01\/2400EJOMN00291-DARK-BROWN-Z_234-400x250.png",400,250,true],"woocommerce_single":["https:\/\/turkishtrade.co\/wp-content\/uploads\/2026\/01\/2400EJOMN00291-DARK-BROWN-Z_234.png",453,250,false],"woocommerce_gallery_thumbnail":["https:\/\/turkishtrade.co\/wp-content\/uploads\/2026\/01\/2400EJOMN00291-DARK-BROWN-Z_234-100x100.png",100,100,true]},"uagb_author_info":{"display_name":"yaser olabi","author_link":"https:\/\/turkishtrade.co\/tr\/author\/"},"uagb_comment_info":0,"uagb_excerpt":"Expertly crafted from premium Calf Leather for a refined finish. Luxurious Goat Leather lining ensures superior comfort and breathability. Lightweight and flexible EVA sole provides all-day support with a classic 1-3cm heel. Classic Derby style with a sophisticated cap toe, suitable for both formal and casual wear. Available in a wide range of sizes: 39,&hellip;","_links":{"self":[{"href":"https:\/\/turkishtrade.co\/tr\/wp-json\/wp\/v2\/product\/5520","targetHints":{"allow":["GET"]}}],"collection":[{"href":"https:\/\/turkishtrade.co\/tr\/wp-json\/wp\/v2\/product"}],"about":[{"href":"https:\/\/turkishtrade.co\/tr\/wp-json\/wp\/v2\/types\/product"}],"wp:featuredmedia":[{"embeddable":true,"href":"https:\/\/turkishtrade.co\/tr\/wp-json\/wp\/v2\/media\/3709"}],"wp:attachment":[{"href":"https:\/\/turkishtrade.co\/tr\/wp-json\/wp\/v2\/media?parent=5520"}],"wp:term":[{"taxonomy":"product_brand","embeddable":true,"href":"https:\/\/turkishtrade.co\/tr\/wp-json\/wp\/v2\/product_brand?post=5520"},{"taxonomy":"product_cat","embeddable":true,"href":"https:\/\/turkishtrade.co\/tr\/wp-json\/wp\/v2\/product_cat?post=5520"},{"taxonomy":"product_tag","embeddable":true,"href":"https:\/\/turkishtrade.co\/tr\/wp-json\/wp\/v2\/product_tag?post=5520"}],"curies":[{"name":"wp","href":"https:\/\/api.w.org\/{rel}","templated":true}]}}