{"id":5506,"date":"2026-01-14T12:08:35","date_gmt":"2026-01-14T12:08:35","guid":{"rendered":"https:\/\/turkishtrade.co\/product\/men-s-leather-loafer\/"},"modified":"2026-04-09T19:32:25","modified_gmt":"2026-04-09T19:32:25","slug":"mens-leather-loafer","status":"publish","type":"product","link":"https:\/\/turkishtrade.co\/tr\/shop\/mens-leather-loafer\/","title":{"rendered":"Erkekler i\u00e7in Klasik Dana Derisi Loaferlar"},"content":{"rendered":"<p><strong>erkek deri\u0307 mokasen<\/strong><\/p>\n<p>Sofistike konfora ad\u0131m at\u0131n <strong>Erkekler i\u00e7in Klasik Dana Derisi Loaferlar<\/strong>, Zamans\u0131z stilin ve \u00fcst\u00fcn i\u015f\u00e7ili\u011fin timsali. Bu zarif <strong>erkek deri\u0307 mokasen<\/strong> ayakkab\u0131lar, hem esteti\u011fe hem de dayan\u0131kl\u0131l\u0131\u011fa de\u011fer veren se\u00e7ici beyefendiler i\u00e7in titizlikle tasarlanm\u0131\u015ft\u0131r. \u0130ster bir i\u015f toplant\u0131s\u0131na, ister rahat bir hafta sonu brunch'\u0131na ya da resmi bir etkinli\u011fe gidiyor olun, bu <strong>erkek deri\u0307 mokasen<\/strong> ayakkab\u0131lar \u00e7ok y\u00f6nl\u00fcl\u00fck ve \u015f\u0131kl\u0131\u011f\u0131n m\u00fckemmel bir kar\u0131\u015f\u0131m\u0131n\u0131 sunar.<\/p>\n<p>Her ad\u0131mda birinci s\u0131n\u0131f malzemelerin ve uzman yap\u0131n\u0131n yaratt\u0131\u011f\u0131 fark\u0131 deneyimleyin.<\/p>\n<p><h3>Benzersiz \u0130\u015f\u00e7ilik: Erkek Deri Loafer'\u0131m\u0131z\u0131n \u00d6z\u00fc<\/h3>\n<\/p>\n<p>Bizim <strong>erkek deri\u0307 mokasen<\/strong> koleksiyonu ola\u011fan\u00fcst\u00fc malzeme se\u00e7imiyle \u00f6ne \u00e7\u0131kar. D\u0131\u015f y\u00fczeyi, p\u00fcr\u00fczs\u00fcz dokusu, esnekli\u011fi ve zarif y\u00fczeyiyle bilinen l\u00fcks hakiki dana derisinden \u00fcretilmi\u015ftir. Bu y\u00fcksek kaliteli dana derisi, koltu\u011funuzun <strong>erkek deri\u0307 mokasen<\/strong> Ayakkab\u0131lar sadece m\u00fckemmel g\u00f6r\u00fcnmekle kalmaz, ayn\u0131 zamanda ya\u015fland\u0131k\u00e7a benzersiz bir patina geli\u015ftirerek zamana kar\u015f\u0131 da dayan\u0131kl\u0131d\u0131r.<\/p>\n<p>Sa\u011flam d\u0131\u015f y\u00fczeyi tamamlayan i\u00e7 k\u0131s\u0131m, ayaklar\u0131n\u0131z i\u00e7in inan\u0131lmaz derecede yumu\u015fak ve nefes alabilen bir ortam sunan esnek ke\u00e7i derisiyle astarlanm\u0131\u015ft\u0131r. Birinci s\u0131n\u0131f derilerin bu kombinasyonu e\u015fsiz bir konfor sa\u011flar ve g\u00fcn boyunca ayak sa\u011fl\u0131\u011f\u0131n\u0131n korunmas\u0131na yard\u0131mc\u0131 olur.<\/p>\n<p><h3>\u00dcst\u00fcn Konfor ve Kal\u0131c\u0131 Stil i\u00e7in Tasarland\u0131<\/h3>\n<\/p>\n<p>Konfor bizim i\u00e7in her \u015feyden \u00f6nemlidir <strong>erkek deri\u0307 mokasen<\/strong> tasar\u0131m. Her bir \u00e7ift, m\u00fckemmel yast\u0131klama ve destek sa\u011flamak \u00fczere tasarlanm\u0131\u015f hafif ancak son derece dayan\u0131kl\u0131 bir EVA tabana sahiptir. EVA taban esneklik ve \u015fok emilimi sunarak bu ayakkab\u0131lar\u0131 <strong>erkek deri\u0307 mokasen<\/strong> uzun s\u00fcreli kullan\u0131m i\u00e7in ideal ayakkab\u0131lar.<\/p>\n<p>1-3 cm'lik klasik topuk y\u00fcksekli\u011fine sahip bu mokasen ayakkab\u0131lar, konfordan \u00f6d\u00fcn vermeden sofistike bir profil \u00e7izer. Slip-on stili kullan\u0131m kolayl\u0131\u011f\u0131 sa\u011flar ve hareket halindeki erkekler i\u00e7in pratik bir se\u00e7imdir. Zamans\u0131z siyah ve zengin kahverengi renkleri bulunan bu mokasen ayakkab\u0131lar, \u00f6zel tak\u0131m elbiselerden \u015f\u0131k g\u00fcndelik k\u0131yafetlere kadar \u00e7ok \u00e7e\u015fitli k\u0131yafetleri zahmetsizce tamamlar.<\/p>\n<p><h3>Premium Erkek Deri Loafer'lar i\u00e7in Toptan Sat\u0131\u015f F\u0131rsat\u0131<\/h3>\n<\/p>\n<p>Perakendeciler ve i\u015fletmeler i\u00e7in <strong>erkek deri\u0307 mokasen<\/strong> ayakkab\u0131lar minimum 8 \u00e7ift sipari\u015fle toptan sat\u0131n al\u0131nabilir. Bu sayede m\u00fc\u015fterilerinize y\u00fcksek kaliteli ve \u015f\u0131k se\u00e7enekler sunarak ayakkab\u0131 koleksiyonunuza m\u00fckemmel bir katk\u0131 sa\u011flar. AB 39, 40, 41, 42, 43, 44 ve 45'i kapsayan geni\u015f bir ayak numaras\u0131 yelpazesine hitap ediyoruz.<\/p>\n<p>Kaliteye olan ba\u011fl\u0131l\u0131\u011f\u0131m\u0131z teslimat\u0131m\u0131za kadar uzan\u0131r; sipari\u015fler genellikle 12 g\u00fcn i\u00e7inde i\u015flenir ve standart kargo ge\u00e7i\u015f s\u00fcresine ek olarak g\u00f6nderilir. Bu zarif \u00fcr\u00fcnlere yat\u0131r\u0131m yap\u0131n <strong>erkek deri\u0307 mokasen<\/strong> ayakkab\u0131lar, her sofistike gard\u0131rop i\u00e7in ger\u00e7ek bir elyaf olan hem \u015f\u0131kl\u0131k hem de kal\u0131c\u0131 \u00e7ekicilik vaat eden bir \u00fcr\u00fcn sunuyor.<\/p>","protected":false},"excerpt":{"rendered":"<p>Birinci s\u0131n\u0131f Klasik Dana Derisi Loafer'lar\u0131m\u0131zla tarz\u0131n\u0131z\u0131 y\u00fckseltin:<\/p>\n<ul>\n<li><strong>Premium Malzeme:<\/strong> Hakiki dana derisinden d\u0131\u015f y\u00fczey ve yumu\u015fak ke\u00e7i derisinden i\u00e7 y\u00fczey ile \u00fcretilmi\u015ftir.<\/li>\n<li><strong>Konfor Taban:<\/strong> G\u00fcn boyu konfor i\u00e7in hafif ve dayan\u0131kl\u0131 EVA taban.<\/li>\n<li><strong>Klasik Tasar\u0131m:<\/strong> Rahat 1-3 cm topuk ile zamans\u0131z slip-on loafer stili.<\/li>\n<li><strong>Toplu Bulunabilirlik:<\/strong> Minimum 8 \u00e7ift sipari\u015f, toptan sat\u0131\u015f i\u00e7in ideal.<\/li>\n<li><strong>Mevcut Boyutlar:<\/strong> AB 39-45.<\/li>\n<\/ul>","protected":false},"featured_media":3699,"template":"","meta":{"_acf_changed":false,"_uag_custom_page_level_css":"","site-sidebar-layout":"default","site-content-layout":"","ast-site-content-layout":"default","site-content-style":"default","site-sidebar-style":"default","ast-global-header-display":"","ast-banner-title-visibility":"","ast-main-header-display":"","ast-hfb-above-header-display":"","ast-hfb-below-header-display":"","ast-hfb-mobile-header-display":"","site-post-title":"","ast-breadcrumbs-content":"","ast-featured-img":"","footer-sml-layout":"","ast-disable-related-posts":"","theme-transparent-header-meta":"","adv-header-id-meta":"","stick-header-meta":"","header-above-stick-meta":"","header-main-stick-meta":"","header-below-stick-meta":"","astra-migrate-meta-layouts":"default","ast-page-background-enabled":"default","ast-page-background-meta":{"desktop":{"background-color":"var(--ast-global-color-4)","background-image":"","background-repeat":"repeat","background-position":"center center","background-size":"auto","background-attachment":"scroll","background-type":"","background-media":"","overlay-type":"","overlay-color":"","overlay-opacity":"","overlay-gradient":""},"tablet":{"background-color":"","background-image":"","background-repeat":"repeat","background-position":"center center","background-size":"auto","background-attachment":"scroll","background-type":"","background-media":"","overlay-type":"","overlay-color":"","overlay-opacity":"","overlay-gradient":""},"mobile":{"background-color":"","background-image":"","background-repeat":"repeat","background-position":"center center","background-size":"auto","background-attachment":"scroll","background-type":"","background-media":"","overlay-type":"","overlay-color":"","overlay-opacity":"","overlay-gradient":""}},"ast-content-background-meta":{"desktop":{"background-color":"var(--ast-global-color-5)","background-image":"","background-repeat":"repeat","background-position":"center center","background-size":"auto","background-attachment":"scroll","background-type":"","background-media":"","overlay-type":"","overlay-color":"","overlay-opacity":"","overlay-gradient":""},"tablet":{"background-color":"var(--ast-global-color-5)","background-image":"","background-repeat":"repeat","background-position":"center center","background-size":"auto","background-attachment":"scroll","background-type":"","background-media":"","overlay-type":"","overlay-color":"","overlay-opacity":"","overlay-gradient":""},"mobile":{"background-color":"var(--ast-global-color-5)","background-image":"","background-repeat":"repeat","background-position":"center center","background-size":"auto","background-attachment":"scroll","background-type":"","background-media":"","overlay-type":"","overlay-color":"","overlay-opacity":"","overlay-gradient":""}}},"product_brand":[],"product_cat":[47,430,40],"product_tag":[513,185,457,438,352,189,719,184,281],"class_list":{"0":"post-5506","1":"product","2":"type-product","3":"status-publish","4":"has-post-thumbnail","6":"product_cat-classic","7":"product_cat-men","8":"product_cat-mens-shoes","9":"product_tag-business-casual-shoes","10":"product_tag-calf-leather-shoes","11":"product_tag-classic-loafers","12":"product_tag-eva-sole","13":"product_tag-formal-loafers","14":"product_tag-goat-leather-lining","15":"product_tag-mens-leather-loafers","16":"product_tag-slip-on-shoes","17":"product_tag-wholesale-shoes","18":"desktop-align-center","19":"tablet-align-center","20":"mobile-align-center","22":"first","23":"instock","24":"shipping-taxable","25":"purchasable","26":"product-type-variable","27":"has-default-attributes"},"acf":[],"uagb_featured_image_src":{"full":["https:\/\/turkishtrade.co\/wp-content\/uploads\/2026\/01\/2400EJOMN00283-DARK-BROWN-DKS_02.png",453,250,false],"thumbnail":["https:\/\/turkishtrade.co\/wp-content\/uploads\/2026\/01\/2400EJOMN00283-DARK-BROWN-DKS_02.png",150,83,false],"medium":["https:\/\/turkishtrade.co\/wp-content\/uploads\/2026\/01\/2400EJOMN00283-DARK-BROWN-DKS_02.png",300,166,false],"medium_large":["https:\/\/turkishtrade.co\/wp-content\/uploads\/2026\/01\/2400EJOMN00283-DARK-BROWN-DKS_02.png",453,250,false],"large":["https:\/\/turkishtrade.co\/wp-content\/uploads\/2026\/01\/2400EJOMN00283-DARK-BROWN-DKS_02.png",453,250,false],"1536x1536":["https:\/\/turkishtrade.co\/wp-content\/uploads\/2026\/01\/2400EJOMN00283-DARK-BROWN-DKS_02.png",453,250,false],"2048x2048":["https:\/\/turkishtrade.co\/wp-content\/uploads\/2026\/01\/2400EJOMN00283-DARK-BROWN-DKS_02.png",453,250,false],"trp-custom-language-flag":["https:\/\/turkishtrade.co\/wp-content\/uploads\/2026\/01\/2400EJOMN00283-DARK-BROWN-DKS_02.png",18,10,false],"woocommerce_thumbnail":["https:\/\/turkishtrade.co\/wp-content\/uploads\/2026\/01\/2400EJOMN00283-DARK-BROWN-DKS_02-400x250.png",400,250,true],"woocommerce_single":["https:\/\/turkishtrade.co\/wp-content\/uploads\/2026\/01\/2400EJOMN00283-DARK-BROWN-DKS_02.png",453,250,false],"woocommerce_gallery_thumbnail":["https:\/\/turkishtrade.co\/wp-content\/uploads\/2026\/01\/2400EJOMN00283-DARK-BROWN-DKS_02-100x100.png",100,100,true]},"uagb_author_info":{"display_name":"yaser olabi","author_link":"https:\/\/turkishtrade.co\/tr\/author\/"},"uagb_comment_info":0,"uagb_excerpt":"Elevate your style with our premium Classic Calf Leather Loafers: Premium Material: Crafted with genuine calf leather exterior and soft goat leather interior. Comfort Sole: Lightweight and durable EVA sole for all-day comfort. Classic Design: Timeless slip-on loafer style with a comfortable 1-3cm heel. Bulk Availability: Minimum order of 8 pairs, ideal for wholesale. Available&hellip;","_links":{"self":[{"href":"https:\/\/turkishtrade.co\/tr\/wp-json\/wp\/v2\/product\/5506","targetHints":{"allow":["GET"]}}],"collection":[{"href":"https:\/\/turkishtrade.co\/tr\/wp-json\/wp\/v2\/product"}],"about":[{"href":"https:\/\/turkishtrade.co\/tr\/wp-json\/wp\/v2\/types\/product"}],"wp:featuredmedia":[{"embeddable":true,"href":"https:\/\/turkishtrade.co\/tr\/wp-json\/wp\/v2\/media\/3699"}],"wp:attachment":[{"href":"https:\/\/turkishtrade.co\/tr\/wp-json\/wp\/v2\/media?parent=5506"}],"wp:term":[{"taxonomy":"product_brand","embeddable":true,"href":"https:\/\/turkishtrade.co\/tr\/wp-json\/wp\/v2\/product_brand?post=5506"},{"taxonomy":"product_cat","embeddable":true,"href":"https:\/\/turkishtrade.co\/tr\/wp-json\/wp\/v2\/product_cat?post=5506"},{"taxonomy":"product_tag","embeddable":true,"href":"https:\/\/turkishtrade.co\/tr\/wp-json\/wp\/v2\/product_tag?post=5506"}],"curies":[{"name":"wp","href":"https:\/\/api.w.org\/{rel}","templated":true}]}}