{"id":5503,"date":"2026-01-14T12:08:12","date_gmt":"2026-01-14T12:08:12","guid":{"rendered":"https:\/\/turkishtrade.co\/product\/men-casual-leather-loafers\/"},"modified":"2026-04-09T19:32:31","modified_gmt":"2026-04-09T19:32:31","slug":"mens-casual-leather-loafers-4","status":"publish","type":"product","link":"https:\/\/turkishtrade.co\/tr\/shop\/mens-casual-leather-loafers-4\/","title":{"rendered":"Erkek Premium Dana Derisi Loafer'lar"},"content":{"rendered":"<p><strong>Erkek G\u00fcnl\u00fck Deri Loafer'lar<\/strong><\/p>\n<p>Enfes tasar\u0131m\u0131m\u0131zla sofistike konforun \u00f6z\u00fcn\u00fc ke\u015ffedin <b>Erkek G\u00fcnl\u00fck Deri Loafer'lar<\/b>. Hem stile hem de \u00f6ze de\u011fer veren modern beyefendiler i\u00e7in tasarlanan bu mokasen ayakkab\u0131lar, \u00fcst\u00fcn i\u015f\u00e7ili\u011fin ve zamans\u0131z tasar\u0131m\u0131n bir kan\u0131t\u0131d\u0131r. Bu birinci s\u0131n\u0131f ayakkab\u0131lar\u0131n her bir \u00e7ifti <b>Erkek G\u00fcnl\u00fck Deri Loafer'lar<\/b> klasik esteti\u011fin ve \u00e7a\u011fda\u015f konforun benzersiz bir kar\u0131\u015f\u0131m\u0131n\u0131 sunarak her se\u00e7kin gard\u0131robun vazge\u00e7ilmez bir par\u00e7as\u0131 haline getiriyor.<\/p>\n<p>\u0130ster bir i\u015f toplant\u0131s\u0131, ister \u015f\u0131k bir etkinlik i\u00e7in giyiniyor olun, ister sadece zarif g\u00fcnl\u00fck ayakkab\u0131lar ar\u0131yor olun, bu \u00e7ok y\u00f6nl\u00fc <b>Erkek G\u00fcnl\u00fck Deri Loafer'lar<\/b> t\u00fcm cephelerde teslim edin.<\/p>\n<p><h3>Rakipsiz \u0130\u015f\u00e7ilik ve Birinci S\u0131n\u0131f Malzemeler<\/h3>\n<\/p>\n<p>Detaylara titizlikle \u00f6zen g\u00f6sterilerek \u00fcretilen bu l\u00fcks evlerin d\u0131\u015f cephesi <b>Erkek G\u00fcnl\u00fck Deri Loafer'lar<\/b> en iyi dana derisine sahiptir. Bu malzeme se\u00e7imi sadece \u00e7ok y\u00f6nl\u00fc kahverengi ve koyu kahverengi tonlar\u0131nda zengin, zarif bir g\u00f6r\u00fcn\u00fcm sa\u011flamakla kalmaz, ayn\u0131 zamanda ola\u011fan\u00fcst\u00fc dayan\u0131kl\u0131l\u0131k ve zaman i\u00e7inde aya\u011f\u0131n\u0131za uyum sa\u011flayan do\u011fal, nefes alabilir bir his sa\u011flar.<\/p>\n<p>Dana derisinin p\u00fcr\u00fczs\u00fcz, esnek dokusu bu deriyi <b>Erkek G\u00fcnl\u00fck Deri Loafer'lar<\/b> ger\u00e7ekten l\u00fcks bir dokunma deneyimi. Sa\u011flam d\u0131\u015f y\u00fczeyi tamamlayan i\u00e7 k\u0131s\u0131m, ola\u011fan\u00fcst\u00fc yumu\u015fakl\u0131\u011f\u0131 ve nefes alabilirli\u011fi ile tan\u0131nan yumu\u015fak ke\u00e7i derisi ile g\u00f6rkemli bir \u015fekilde astarlanm\u0131\u015ft\u0131r. Bu i\u00e7 astar \u00fcst\u00fcn konforu garanti eder, nemi uzakla\u015ft\u0131r\u0131r ve ayaklar\u0131n\u0131z\u0131 g\u00fcn boyunca rahat tutan eldiven benzeri bir uyum sa\u011flayarak bu ayakkab\u0131lar\u0131 giyme deneyimini ger\u00e7ekten geli\u015ftirir. <b>Erkek G\u00fcnl\u00fck Deri Loafer'lar<\/b>.<\/p>\n<p><h3>Konfor Stil ile Bulu\u015fuyor: M\u00fckemmel G\u00fcnl\u00fck Loafer<\/h3>\n<\/p>\n<p>Bu ola\u011fan\u00fcst\u00fc projelerin temeli <b>Erkek G\u00fcnl\u00fck Deri Loafer'lar<\/b> hafif EVA taban\u0131nda yatmaktad\u0131r. Bu yenilik\u00e7i malzeme m\u00fckemmel \u015fok emilimi ve esneklik sunarak her ad\u0131m\u0131n yast\u0131kl\u0131 ve rahat olmas\u0131n\u0131 sa\u011flar. 1-3 cm aras\u0131nda de\u011fi\u015fen al\u00e7ak topuk, dengeden veya rahat, ancak rafine, g\u00fcndelik \u00e7ekicilikten \u00f6d\u00fcn vermeden hafif bir y\u00fckseklik sa\u011flar.<\/p>\n<p>Klasik slip-on tasar\u0131m, zarif metalik toka detay\u0131yla zarif bir \u015fekilde zenginle\u015ftirilerek bu mokasen ayakkab\u0131lar\u0131 s\u0131radanl\u0131\u011f\u0131n \u00f6tesine ta\u015f\u0131yan sofistike bir dokunu\u015f kat\u0131yor. 39'dan 45'e kadar geni\u015f bir AB beden yelpazesinde mevcut olan bu \u015f\u0131k <b>Erkek G\u00fcnl\u00fck Deri Loafer'lar<\/b> geni\u015f bir m\u00fc\u015fteri kitlesine hitap ederek bir\u00e7ok ki\u015fi i\u00e7in m\u00fckemmel bir uyum sa\u011flar.<\/p>\n<p><h3>Toplu Sipari\u015fler ve Perakendeciler i\u00e7in \u0130deal<\/h3>\n<\/p>\n<p>Perakendeciler ve i\u015fletmeler i\u00e7in bu ola\u011fan\u00fcst\u00fc <b>Erkek G\u00fcnl\u00fck Deri Loafer'lar<\/b> \u00fcr\u00fcn tekliflerinizi geli\u015ftirmek i\u00e7in m\u00fckemmel bir f\u0131rsat sunar. Minimum 8 \u00e7ift sipari\u015f miktar\u0131 sunuyoruz, bu da m\u00fc\u015fteri taleplerinizi kar\u015f\u0131lamak i\u00e7in \u00e7e\u015fitli boyut ve renkleri stoklamay\u0131 uygun ve verimli hale getiriyor. Kolayla\u015ft\u0131r\u0131lm\u0131\u015f \u00fcretim ve g\u00fcvenilir sevkiyat s\u00fcrecimiz, yakla\u015f\u0131k 12 g\u00fcn art\u0131 sevkiyat teslim s\u00fcresi sa\u011flayarak envanterinizi derhal yenilemenize olanak tan\u0131r.<\/p>\n<p>M\u00fc\u015fterilerinizin hi\u00e7 \u015f\u00fcphesiz takdir edece\u011fi kalite, konfor ve kal\u0131c\u0131 stile yat\u0131r\u0131m yap\u0131n. Bunlar <b>Erkek G\u00fcnl\u00fck Deri Loafer'lar<\/b> sadece bir ayakkab\u0131dan daha fazlas\u0131d\u0131r; rafine konfor ve zamans\u0131z \u015f\u0131kl\u0131kta bir deneyimdir, \u00fcst\u00fcn kalite arayan profesyoneller veya stil bilincine sahip bireyler i\u00e7in m\u00fckemmeldir. <b>Erkek G\u00fcnl\u00fck Deri Loafer'lar<\/b>.<\/p>","protected":false},"excerpt":{"rendered":"<ul>\n<li>\u00dcst\u00fcn dayan\u0131kl\u0131l\u0131k ve stil i\u00e7in Premium Dana Derisi Saya<\/li>\n<li>\u00dcst\u00fcn konfor ve nefes alabilirlik i\u00e7in l\u00fcks ke\u00e7i derisi astar<\/li>\n<li>Yast\u0131kl\u0131 ad\u0131mlar ve t\u00fcm g\u00fcn kullan\u0131m i\u00e7in hafif EVA Taban<\/li>\n<li>Zarif toka detayl\u0131 klasik loafer tasar\u0131m\u0131<\/li>\n<li>Rahat Al\u00e7ak Topuk (1-3 cm)<\/li>\n<li>AB Bedenlerinde mevcuttur: 39, 40, 41, 42, 43, 44, 45<\/li>\n<li>Minimum Sipari\u015f Miktar\u0131: 8 \u00c7ift<\/li>\n<li>Teslimat S\u00fcresi: 12 g\u00fcn + nakliye<\/li>\n<\/ul>","protected":false},"featured_media":3697,"template":"","meta":{"_acf_changed":false,"_uag_custom_page_level_css":"","site-sidebar-layout":"default","site-content-layout":"","ast-site-content-layout":"default","site-content-style":"default","site-sidebar-style":"default","ast-global-header-display":"","ast-banner-title-visibility":"","ast-main-header-display":"","ast-hfb-above-header-display":"","ast-hfb-below-header-display":"","ast-hfb-mobile-header-display":"","site-post-title":"","ast-breadcrumbs-content":"","ast-featured-img":"","footer-sml-layout":"","ast-disable-related-posts":"","theme-transparent-header-meta":"","adv-header-id-meta":"","stick-header-meta":"","header-above-stick-meta":"","header-main-stick-meta":"","header-below-stick-meta":"","astra-migrate-meta-layouts":"default","ast-page-background-enabled":"default","ast-page-background-meta":{"desktop":{"background-color":"var(--ast-global-color-4)","background-image":"","background-repeat":"repeat","background-position":"center center","background-size":"auto","background-attachment":"scroll","background-type":"","background-media":"","overlay-type":"","overlay-color":"","overlay-opacity":"","overlay-gradient":""},"tablet":{"background-color":"","background-image":"","background-repeat":"repeat","background-position":"center center","background-size":"auto","background-attachment":"scroll","background-type":"","background-media":"","overlay-type":"","overlay-color":"","overlay-opacity":"","overlay-gradient":""},"mobile":{"background-color":"","background-image":"","background-repeat":"repeat","background-position":"center center","background-size":"auto","background-attachment":"scroll","background-type":"","background-media":"","overlay-type":"","overlay-color":"","overlay-opacity":"","overlay-gradient":""}},"ast-content-background-meta":{"desktop":{"background-color":"var(--ast-global-color-5)","background-image":"","background-repeat":"repeat","background-position":"center center","background-size":"auto","background-attachment":"scroll","background-type":"","background-media":"","overlay-type":"","overlay-color":"","overlay-opacity":"","overlay-gradient":""},"tablet":{"background-color":"var(--ast-global-color-5)","background-image":"","background-repeat":"repeat","background-position":"center center","background-size":"auto","background-attachment":"scroll","background-type":"","background-media":"","overlay-type":"","overlay-color":"","overlay-opacity":"","overlay-gradient":""},"mobile":{"background-color":"var(--ast-global-color-5)","background-image":"","background-repeat":"repeat","background-position":"center center","background-size":"auto","background-attachment":"scroll","background-type":"","background-media":"","overlay-type":"","overlay-color":"","overlay-opacity":"","overlay-gradient":""}}},"product_brand":[],"product_cat":[47,430,40],"product_tag":[949,147,315,202,449,950,725,284,438,189,215,198,186,184,456],"class_list":{"0":"post-5503","1":"product","2":"type-product","3":"status-publish","4":"has-post-thumbnail","6":"product_cat-classic","7":"product_cat-men","8":"product_cat-mens-shoes","9":"product_tag-b2b-footwear","10":"product_tag-brown-loafers","11":"product_tag-buckle-loafers","12":"product_tag-calf-leather","13":"product_tag-casual-shoes","14":"product_tag-comfort-loafers","15":"product_tag-dark-brown-loafers","16":"product_tag-dress-shoes","17":"product_tag-eva-sole","18":"product_tag-goat-leather-lining","19":"product_tag-leather-loafers","20":"product_tag-mens-fashion","21":"product_tag-mens-loafers","22":"product_tag-slip-on-shoes","23":"product_tag-wholesale-loafers","24":"desktop-align-center","25":"tablet-align-center","26":"mobile-align-center","28":"first","29":"instock","30":"shipping-taxable","31":"purchasable","32":"product-type-variable","33":"has-default-attributes"},"acf":[],"uagb_featured_image_src":{"full":["https:\/\/turkishtrade.co\/wp-content\/uploads\/2026\/01\/2400EJOMN00282-DARK-BROWN-Y_871.png",453,250,false],"thumbnail":["https:\/\/turkishtrade.co\/wp-content\/uploads\/2026\/01\/2400EJOMN00282-DARK-BROWN-Y_871-150x150.png",150,150,true],"medium":["https:\/\/turkishtrade.co\/wp-content\/uploads\/2026\/01\/2400EJOMN00282-DARK-BROWN-Y_871-300x166.png",300,166,true],"medium_large":["https:\/\/turkishtrade.co\/wp-content\/uploads\/2026\/01\/2400EJOMN00282-DARK-BROWN-Y_871.png",453,250,false],"large":["https:\/\/turkishtrade.co\/wp-content\/uploads\/2026\/01\/2400EJOMN00282-DARK-BROWN-Y_871.png",453,250,false],"1536x1536":["https:\/\/turkishtrade.co\/wp-content\/uploads\/2026\/01\/2400EJOMN00282-DARK-BROWN-Y_871.png",453,250,false],"2048x2048":["https:\/\/turkishtrade.co\/wp-content\/uploads\/2026\/01\/2400EJOMN00282-DARK-BROWN-Y_871.png",453,250,false],"trp-custom-language-flag":["https:\/\/turkishtrade.co\/wp-content\/uploads\/2026\/01\/2400EJOMN00282-DARK-BROWN-Y_871-18x10.png",18,10,true],"woocommerce_thumbnail":["https:\/\/turkishtrade.co\/wp-content\/uploads\/2026\/01\/2400EJOMN00282-DARK-BROWN-Y_871-400x250.png",400,250,true],"woocommerce_single":["https:\/\/turkishtrade.co\/wp-content\/uploads\/2026\/01\/2400EJOMN00282-DARK-BROWN-Y_871.png",453,250,false],"woocommerce_gallery_thumbnail":["https:\/\/turkishtrade.co\/wp-content\/uploads\/2026\/01\/2400EJOMN00282-DARK-BROWN-Y_871-100x100.png",100,100,true]},"uagb_author_info":{"display_name":"yaser olabi","author_link":"https:\/\/turkishtrade.co\/tr\/author\/"},"uagb_comment_info":0,"uagb_excerpt":"Premium Calf Leather Upper for superior durability and style Luxurious Goat Leather Lining for ultimate comfort and breathability Lightweight EVA Sole for cushioned steps and all-day wear Classic Loafer Design with elegant buckle detail Comfortable Low Heel (1-3 cm) Available in EU Sizes: 39, 40, 41, 42, 43, 44, 45 Minimum Order Quantity: 8 Pairs&hellip;","_links":{"self":[{"href":"https:\/\/turkishtrade.co\/tr\/wp-json\/wp\/v2\/product\/5503","targetHints":{"allow":["GET"]}}],"collection":[{"href":"https:\/\/turkishtrade.co\/tr\/wp-json\/wp\/v2\/product"}],"about":[{"href":"https:\/\/turkishtrade.co\/tr\/wp-json\/wp\/v2\/types\/product"}],"wp:featuredmedia":[{"embeddable":true,"href":"https:\/\/turkishtrade.co\/tr\/wp-json\/wp\/v2\/media\/3697"}],"wp:attachment":[{"href":"https:\/\/turkishtrade.co\/tr\/wp-json\/wp\/v2\/media?parent=5503"}],"wp:term":[{"taxonomy":"product_brand","embeddable":true,"href":"https:\/\/turkishtrade.co\/tr\/wp-json\/wp\/v2\/product_brand?post=5503"},{"taxonomy":"product_cat","embeddable":true,"href":"https:\/\/turkishtrade.co\/tr\/wp-json\/wp\/v2\/product_cat?post=5503"},{"taxonomy":"product_tag","embeddable":true,"href":"https:\/\/turkishtrade.co\/tr\/wp-json\/wp\/v2\/product_tag?post=5503"}],"curies":[{"name":"wp","href":"https:\/\/api.w.org\/{rel}","templated":true}]}}