{"id":5495,"date":"2026-01-14T12:07:15","date_gmt":"2026-01-14T12:07:15","guid":{"rendered":"https:\/\/turkishtrade.co\/product\/mens-leather-casual-loafers\/"},"modified":"2026-04-09T19:32:44","modified_gmt":"2026-04-09T19:32:44","slug":"mens-leather-casual-loafers","status":"publish","type":"product","link":"https:\/\/turkishtrade.co\/tr\/shop\/mens-leather-casual-loafers\/","title":{"rendered":"Premium Erkek Deri G\u00fcnl\u00fck Loafer'lar"},"content":{"rendered":"<p><strong>Erkek Deri G\u00fcnl\u00fck Loafer'lar<\/strong><\/p>\n<p>G\u00fcnl\u00fck stilinizi zarif \u00fcr\u00fcnlerimizle y\u00fckseltin <strong>Erkek Deri G\u00fcnl\u00fck Loafer'lar<\/strong>. Se\u00e7kin beyefendiler i\u00e7in tasarlanan bu mokasen ayakkab\u0131lar, zamans\u0131z \u015f\u0131kl\u0131\u011f\u0131 modern konforla harmanlayarak her gard\u0131robun vazge\u00e7ilmez bir par\u00e7as\u0131 haline geliyor. Detaylara titizlikle \u00f6zen g\u00f6sterilerek \u00fcretilen her bir \u00e7ift, \u00fcst\u00fcn sanat\u00e7\u0131l\u0131\u011f\u0131 ve \u00f6ne \u00e7\u0131kan kaliteye olan ba\u011fl\u0131l\u0131\u011f\u0131 yans\u0131t\u0131yor.<\/p>\n<h3>Rakipsiz Kalite ve Malzemeler<\/h3>\n<p>Premium \u00fcr\u00fcnlerimiz <strong>Erkek Deri G\u00fcnl\u00fck Loafer'lar<\/strong> esnek dokusu, ola\u011fan\u00fcst\u00fc dayan\u0131kl\u0131l\u0131\u011f\u0131 ve zarif g\u00f6r\u00fcn\u00fcm\u00fcyle tan\u0131nan hakiki dana derisinden yap\u0131lm\u0131\u015f bir d\u0131\u015f y\u00fczeye sahiptir. Bu y\u00fcksek kaliteli deri sadece l\u00fcks g\u00f6r\u00fcnmekle kalmaz, ayn\u0131 zamanda zamanla aya\u011f\u0131n\u0131za uyum sa\u011flayarak ki\u015fiye \u00f6zel bir uyum sa\u011flar. \u0130\u00e7 k\u0131sm\u0131 yumu\u015fak, nefes alabilen ke\u00e7i derisi ile astarlanm\u0131\u015ft\u0131r ve g\u00fcn boyunca maksimum konfor ve havaland\u0131rma sa\u011flar. Rahats\u0131z ayakkab\u0131lara elveda deyin; bu <strong>Erkek Deri G\u00fcnl\u00fck Loafer'lar<\/strong> \u00f6d\u00fcn vermeden s\u00fcrekli a\u015f\u0131nma i\u00e7in tasarlanm\u0131\u015ft\u0131r.<\/p>\n<h3>T\u00fcm G\u00fcn S\u00fcren Konfor<\/h3>\n<p>Hafif ve esnek EVA taban ile benzersiz bir y\u00fcr\u00fcy\u00fc\u015f konforu ya\u015fay\u0131n. Bu geli\u015fmi\u015f taban teknolojisi m\u00fckemmel \u015fok emilimi ve destek sa\u011flayarak saatlerce giyildikten sonra bile ayak yorgunlu\u011funu azalt\u0131r. Klasik 1-3 cm topuk y\u00fcksekli\u011fi, loafer'\u0131n geleneksel profilini korurken ince bir y\u00fckselti sunar. <strong>Erkek Deri G\u00fcnl\u00fck Loafer'lar<\/strong> Hem uzun s\u00fcre ayakta kalmak hem de aktif g\u00fcnler i\u00e7in m\u00fckemmeldir. \u0130ster \u015fehir sokaklar\u0131nda geziniyor ister hafta sonu dinleniyor olun, bu mokasen ayakkab\u0131lar ayaklar\u0131n\u0131z\u0131n ferah hissetmesini sa\u011flayacak.<\/p>\n<h3>Her Durum i\u00e7in \u00c7ok Y\u00f6nl\u00fc Stil<\/h3>\n<p>Bu \u015f\u0131k, slip-on tasar\u0131m ve zengin doku <strong>Erkek Deri G\u00fcnl\u00fck Loafer'lar<\/strong> onlar\u0131 inan\u0131lmaz derecede \u00e7ok y\u00f6nl\u00fc k\u0131l\u0131yor. G\u00fcnl\u00fck gezilerden yar\u0131 resmi etkinliklere zahmetsizce ge\u00e7i\u015f yaparlar. Rahat ama g\u00f6steri\u015fli bir g\u00f6r\u00fcn\u00fcm i\u00e7in chino veya jean pantolonlarla e\u015fle\u015ftirin ya da i\u015f ama\u00e7l\u0131 rahat bir kombin i\u00e7in \u00f6zel dikim pantolonlarla giydirin. Sade ve sofistike tasar\u0131mlar\u0131, \u00e7ok \u00e7e\u015fitli k\u0131yafetleri tamamlamalar\u0131n\u0131 sa\u011flayarak modaya \u00f6nem veren her birey i\u00e7in tercih sebebi olmalar\u0131n\u0131 sa\u011flar. Bu olmazsa olmazlarla stil ve pratikli\u011fin m\u00fckemmel kar\u0131\u015f\u0131m\u0131n\u0131 kucaklay\u0131n <strong>Erkek Deri G\u00fcnl\u00fck Loafer'lar<\/strong>.<\/p>\n<h3>Toptan Sat\u0131\u015f i\u00e7in Mevcut<\/h3>\n<p>Perakendeciler ve i\u015fletmeler i\u00e7in bu ola\u011fan\u00fcst\u00fc <strong>Erkek Deri G\u00fcnl\u00fck Loafer'lar<\/strong> minimum 8 \u00e7ift sipari\u015f miktar\u0131 ile toptan sat\u0131n al\u0131nabilir. Rekabet\u00e7i fiyatland\u0131rma ve etkin teslimat sunuyoruz; sipari\u015fler genellikle 12 g\u00fcn i\u00e7inde ve standart ta\u015f\u0131ma s\u00fcresiyle birlikte g\u00f6nderilir. Bu y\u00fcksek kaliteli ayakkab\u0131lar\u0131 stoklayarak m\u00fc\u015fterilerinizin en \u00fcst d\u00fczeyde konfor ve stil deneyimi ya\u015famas\u0131n\u0131 sa\u011flay\u0131n <strong>Erkek Deri G\u00fcnl\u00fck Loafer'lar<\/strong>. Detayl\u0131 fiyatland\u0131rma ve toplu sipari\u015finizi bug\u00fcn vermek i\u00e7in bizimle ileti\u015fime ge\u00e7in.<\/p>","protected":false},"excerpt":{"rendered":"<ul>\n<li><strong>\u00dcst\u00fcn \u0130\u015f\u00e7ilik:<\/strong> D\u0131\u015f y\u00fczeyi hakiki dana derisinden, i\u00e7 astar\u0131 ise yumu\u015fak ke\u00e7i derisinden el yap\u0131m\u0131 olarak \u00fcretilmi\u015ftir.<\/li>\n<li><strong>\u00dcst\u00fcn Konfor:<\/strong> G\u00fcn boyu konfor ve destek i\u00e7in hafif ve esnek EVA tabana sahiptir.<\/li>\n<li><strong>\u00c7ok Y\u00f6nl\u00fc Stil:<\/strong> Klasik loafer tasar\u0131m\u0131 hem g\u00fcndelik hem de yar\u0131 resmi durumlar i\u00e7in m\u00fckemmeldir.<\/li>\n<li><strong>\u0130deal Topuk Y\u00fcksekli\u011fi:<\/strong> Rahat y\u00fcr\u00fcy\u00fc\u015f ve zarif duru\u015f i\u00e7in ince 1-3 cm topuk.<\/li>\n<li><strong>Geni\u015f Boyut Aral\u0131\u011f\u0131:<\/strong> 39, 40, 41, 42, 43, 44 ve 45 bedenleri mevcuttur.<\/li>\n<li><strong>Toptan Sat\u0131\u015f:<\/strong> Minimum sipari\u015f miktar\u0131 8 \u00e7ifttir.<\/li>\n<li><strong>Etkili Teslimat:<\/strong> Sipari\u015fler genellikle 12 g\u00fcn i\u00e7inde, art\u0131 standart transit s\u00fcresi i\u00e7inde g\u00f6nderilir.<\/li>\n<\/ul>","protected":false},"featured_media":3691,"template":"","meta":{"_acf_changed":false,"_uag_custom_page_level_css":"","site-sidebar-layout":"default","site-content-layout":"","ast-site-content-layout":"default","site-content-style":"default","site-sidebar-style":"default","ast-global-header-display":"","ast-banner-title-visibility":"","ast-main-header-display":"","ast-hfb-above-header-display":"","ast-hfb-below-header-display":"","ast-hfb-mobile-header-display":"","site-post-title":"","ast-breadcrumbs-content":"","ast-featured-img":"","footer-sml-layout":"","ast-disable-related-posts":"","theme-transparent-header-meta":"default","adv-header-id-meta":"","stick-header-meta":"","header-above-stick-meta":"","header-main-stick-meta":"","header-below-stick-meta":"","astra-migrate-meta-layouts":"set","ast-page-background-enabled":"default","ast-page-background-meta":{"desktop":{"background-color":"var(--ast-global-color-4)","background-image":"","background-repeat":"repeat","background-position":"center center","background-size":"auto","background-attachment":"scroll","background-type":"","background-media":"","overlay-type":"","overlay-color":"","overlay-opacity":"","overlay-gradient":""},"tablet":{"background-color":"","background-image":"","background-repeat":"repeat","background-position":"center center","background-size":"auto","background-attachment":"scroll","background-type":"","background-media":"","overlay-type":"","overlay-color":"","overlay-opacity":"","overlay-gradient":""},"mobile":{"background-color":"","background-image":"","background-repeat":"repeat","background-position":"center center","background-size":"auto","background-attachment":"scroll","background-type":"","background-media":"","overlay-type":"","overlay-color":"","overlay-opacity":"","overlay-gradient":""}},"ast-content-background-meta":{"desktop":{"background-color":"var(--ast-global-color-5)","background-image":"","background-repeat":"repeat","background-position":"center center","background-size":"auto","background-attachment":"scroll","background-type":"","background-media":"","overlay-type":"","overlay-color":"","overlay-opacity":"","overlay-gradient":""},"tablet":{"background-color":"var(--ast-global-color-5)","background-image":"","background-repeat":"repeat","background-position":"center center","background-size":"auto","background-attachment":"scroll","background-type":"","background-media":"","overlay-type":"","overlay-color":"","overlay-opacity":"","overlay-gradient":""},"mobile":{"background-color":"var(--ast-global-color-5)","background-image":"","background-repeat":"repeat","background-position":"center center","background-size":"auto","background-attachment":"scroll","background-type":"","background-media":"","overlay-type":"","overlay-color":"","overlay-opacity":"","overlay-gradient":""}}},"product_brand":[],"product_cat":[47,430,40],"product_tag":[370,566,449,220,944,189,215,186,362,184,281],"class_list":{"0":"post-5495","1":"product","2":"type-product","3":"status-publish","4":"has-post-thumbnail","6":"product_cat-classic","7":"product_cat-men","8":"product_cat-mens-shoes","9":"product_tag-black-loafers","10":"product_tag-calfskin-shoes","11":"product_tag-casual-shoes","12":"product_tag-comfortable-loafers","13":"product_tag-dress-casual","14":"product_tag-goat-leather-lining","15":"product_tag-leather-loafers","16":"product_tag-mens-loafers","17":"product_tag-premium-footwear","18":"product_tag-slip-on-shoes","19":"product_tag-wholesale-shoes","20":"desktop-align-center","21":"tablet-align-center","22":"mobile-align-center","24":"first","25":"instock","26":"shipping-taxable","27":"purchasable","28":"product-type-variable","29":"has-default-attributes"},"acf":[],"uagb_featured_image_src":{"full":["https:\/\/turkishtrade.co\/wp-content\/uploads\/2026\/01\/2400EJOMN00279-BLACK-Y_871.png",453,250,false],"thumbnail":["https:\/\/turkishtrade.co\/wp-content\/uploads\/2026\/01\/2400EJOMN00279-BLACK-Y_871-150x150.png",150,150,true],"medium":["https:\/\/turkishtrade.co\/wp-content\/uploads\/2026\/01\/2400EJOMN00279-BLACK-Y_871-300x166.png",300,166,true],"medium_large":["https:\/\/turkishtrade.co\/wp-content\/uploads\/2026\/01\/2400EJOMN00279-BLACK-Y_871.png",453,250,false],"large":["https:\/\/turkishtrade.co\/wp-content\/uploads\/2026\/01\/2400EJOMN00279-BLACK-Y_871.png",453,250,false],"1536x1536":["https:\/\/turkishtrade.co\/wp-content\/uploads\/2026\/01\/2400EJOMN00279-BLACK-Y_871.png",453,250,false],"2048x2048":["https:\/\/turkishtrade.co\/wp-content\/uploads\/2026\/01\/2400EJOMN00279-BLACK-Y_871.png",453,250,false],"trp-custom-language-flag":["https:\/\/turkishtrade.co\/wp-content\/uploads\/2026\/01\/2400EJOMN00279-BLACK-Y_871-18x10.png",18,10,true],"woocommerce_thumbnail":["https:\/\/turkishtrade.co\/wp-content\/uploads\/2026\/01\/2400EJOMN00279-BLACK-Y_871-400x250.png",400,250,true],"woocommerce_single":["https:\/\/turkishtrade.co\/wp-content\/uploads\/2026\/01\/2400EJOMN00279-BLACK-Y_871.png",453,250,false],"woocommerce_gallery_thumbnail":["https:\/\/turkishtrade.co\/wp-content\/uploads\/2026\/01\/2400EJOMN00279-BLACK-Y_871-100x100.png",100,100,true]},"uagb_author_info":{"display_name":"yaser olabi","author_link":"https:\/\/turkishtrade.co\/tr\/author\/"},"uagb_comment_info":0,"uagb_excerpt":"Premium Craftsmanship: Handcrafted from genuine calfskin for the exterior and soft goat leather for the interior lining. Supreme Comfort: Features a lightweight and flexible EVA sole for all-day comfort and support. Versatile Style: Classic loafer design perfect for both casual and semi-formal occasions. Ideal Heel Height: Subtle 1-3 cm heel for comfortable walking and elegant&hellip;","_links":{"self":[{"href":"https:\/\/turkishtrade.co\/tr\/wp-json\/wp\/v2\/product\/5495","targetHints":{"allow":["GET"]}}],"collection":[{"href":"https:\/\/turkishtrade.co\/tr\/wp-json\/wp\/v2\/product"}],"about":[{"href":"https:\/\/turkishtrade.co\/tr\/wp-json\/wp\/v2\/types\/product"}],"wp:featuredmedia":[{"embeddable":true,"href":"https:\/\/turkishtrade.co\/tr\/wp-json\/wp\/v2\/media\/3691"}],"wp:attachment":[{"href":"https:\/\/turkishtrade.co\/tr\/wp-json\/wp\/v2\/media?parent=5495"}],"wp:term":[{"taxonomy":"product_brand","embeddable":true,"href":"https:\/\/turkishtrade.co\/tr\/wp-json\/wp\/v2\/product_brand?post=5495"},{"taxonomy":"product_cat","embeddable":true,"href":"https:\/\/turkishtrade.co\/tr\/wp-json\/wp\/v2\/product_cat?post=5495"},{"taxonomy":"product_tag","embeddable":true,"href":"https:\/\/turkishtrade.co\/tr\/wp-json\/wp\/v2\/product_tag?post=5495"}],"curies":[{"name":"wp","href":"https:\/\/api.w.org\/{rel}","templated":true}]}}