{"id":5492,"date":"2026-01-14T12:06:50","date_gmt":"2026-01-14T12:06:50","guid":{"rendered":"https:\/\/turkishtrade.co\/product\/calf-leather-derby-shoes\/"},"modified":"2026-04-09T19:32:50","modified_gmt":"2026-04-09T19:32:50","slug":"calf-leather-derby-shoes","status":"publish","type":"product","link":"https:\/\/turkishtrade.co\/tr\/shop\/calf-leather-derby-shoes\/","title":{"rendered":"Erkek Premium Dana Derisi Derby Ayakkab\u0131"},"content":{"rendered":"<p><strong>Dana Derisi Derby Ayakkab\u0131<\/strong><\/p>\n<p>Titizlikle haz\u0131rlanm\u0131\u015f \u00fcr\u00fcnlerimizle benzersiz bir sofistike ve konforlu ortama ad\u0131m at\u0131n <b>Dana Derisi Derby Ayakkab\u0131<\/b>. Modern beyefendiler i\u00e7in tasarlanan bu ayakkab\u0131lar, zamans\u0131z \u015f\u0131kl\u0131\u011f\u0131 \u00e7a\u011fda\u015f konforla harmanlayarak her se\u00e7kin gard\u0131robun vazge\u00e7ilmez bir par\u00e7as\u0131 haline geliyor. \u0130ster bir i\u015f toplant\u0131s\u0131na ister \u015f\u0131k ve rahat bir hafta sonu bulu\u015fmas\u0131na gidiyor olun, bu birinci s\u0131n\u0131f <b>dana derisi derby ayakkab\u0131<\/b> etkilemek i\u00e7in tasarlanm\u0131\u015ft\u0131r.<\/p>\n<h3>Ola\u011fan\u00fcst\u00fc Malzemeler ve \u00dcst\u00fcn \u0130\u015f\u00e7ilik<\/h3>\n<p>Her bir \u00e7iftimiz <b>dana derisi derby ayakkab\u0131<\/b> \u00fcst\u00fcn sanat ve kaliteli malzemelerin bir kan\u0131t\u0131d\u0131r. D\u0131\u015f y\u00fczeyi yumu\u015fak dokusu, dayan\u0131kl\u0131l\u0131\u011f\u0131 ve l\u00fcks g\u00f6r\u00fcn\u00fcm\u00fcyle tan\u0131nan 100% hakiki dana derisinden yap\u0131lm\u0131\u015ft\u0131r. Bu birinci s\u0131n\u0131f dana derisi, zaman i\u00e7inde g\u00fczel bir patina geli\u015ftirerek \u015f\u0131k bir y\u00fczey ve esneklik sa\u011flar. \u0130\u00e7 k\u0131s\u0131mda, ayaklar\u0131n\u0131z tam ke\u00e7i derisi astar ile en \u00fcst d\u00fczeyde konforu ya\u015fayacak. Ke\u00e7i derisi, ola\u011fan\u00fcst\u00fc nefes alabilirli\u011fi ve yumu\u015fak hissi ile \u00fcnl\u00fcd\u00fcr ve g\u00fcn boyunca ayaklar\u0131n\u0131z\u0131n serin ve kuru kalmas\u0131na yard\u0131mc\u0131 olur. Bu \u00f6zenli malzeme se\u00e7imi, ayakkab\u0131m\u0131z i\u00e7in hem uzun \u00f6m\u00fcrl\u00fcl\u00fc\u011f\u00fc hem de m\u00fckemmel bir kullan\u0131m deneyimini garanti eder. <b>dana derisi derby ayakkab\u0131<\/b>.<\/p>\n<h3>EVA Taban Teknolojisi ile E\u015fsiz Konfor<\/h3>\n<p>Konfor her \u015feyden \u00f6nemlidir ve <b>dana derisi derby ayakkab\u0131<\/b> teslim edin. Hafif ve esnek bir EVA tabana sahip olan bu ayakkab\u0131lar, her ad\u0131mda m\u00fckemmel yast\u0131klama ve \u015fok emilimi sa\u011flar. Dayan\u0131kl\u0131 EVA taban, uzun s\u00fcreli kullan\u0131m sa\u011flarken ayakkab\u0131y\u0131 inan\u0131lmaz derecede hafif tutar ve uzun s\u00fcrelerden sonra bile ayak yorgunlu\u011funu azalt\u0131r. 1-3 cm'lik ince topuk y\u00fcksekli\u011fi ile bu klasik <b>dana derisi derby ayakkab\u0131<\/b> konfordan \u00f6d\u00fcn vermeden dengeli bir destek ve zarif bir profil sunar. 39'dan 45'e kadar kapsaml\u0131 bir beden aral\u0131\u011f\u0131nda mevcut oldu\u011fundan, m\u00fckemmel uyumunuzu bulmak hi\u00e7 bu kadar kolay olmam\u0131\u015ft\u0131.<\/p>\n<h3>Her Durum i\u00e7in \u00c7ok Y\u00f6nl\u00fc Stil<\/h3>\n<p>Zarif moc-toe diki\u015flerle zenginle\u015ftirilmi\u015f klasik derby silueti, bu <b>dana derisi derby ayakkab\u0131<\/b> inan\u0131lmaz derecede \u00e7ok y\u00f6nl\u00fcd\u00fcr. Sofistike siyah ve zengin kahverengi renkleri ile \u00e7ok \u00e7e\u015fitli k\u0131yafetleri zahmetsizce tamamlar. Siyah\u0131 e\u015fle\u015ftirin <b>dana derisi derby ayakkab\u0131<\/b> Resmi bir g\u00f6r\u00fcn\u00fcm i\u00e7in keskin bir tak\u0131m elbise ile veya \u015f\u0131k ve rahat bir kombin i\u00e7in kahverengi se\u00e7ene\u011fi chino pantolonlarla kombinleyin. Uyarlanabilir tasar\u0131mlar\u0131, durum ne olursa olsun her zaman kusursuz bir \u015fekilde giyinmenizi sa\u011flar.<\/p>\n<h3>Toptan Sat\u0131\u015f F\u0131rsatlar\u0131 ve G\u00fcvenilir Teslimat<\/h3>\n<p>Perakendeciler ve i\u015fletmeler i\u00e7in \u015fu istisnai olanaklar\u0131 sunuyoruz <b>dana derisi derby ayakkab\u0131<\/b> Minimum 8 \u00e7ift sipari\u015f miktar\u0131 ile. Rekabet\u00e7i toptan fiyatland\u0131rma ve g\u00fcvenilir hizmetten yararlan\u0131n. \u00dcretim ve teslimat genellikle yakla\u015f\u0131k 12 g\u00fcn s\u00fcrer, art\u0131 nakliye s\u00fcresi, toplu sipari\u015fleriniz i\u00e7in kolayla\u015ft\u0131r\u0131lm\u0131\u015f bir s\u00fcre\u00e7 sa\u011flar. M\u00fc\u015fterilerinizin takdir edece\u011fi kaliteli ayakkab\u0131lara yat\u0131r\u0131m yap\u0131n.<\/p>","protected":false},"excerpt":{"rendered":"<ul>\n<li>Zarif bir d\u0131\u015f g\u00f6r\u00fcn\u00fcm ve kal\u0131c\u0131 \u015f\u0131kl\u0131k i\u00e7in birinci s\u0131n\u0131f dana derisinden \u00fcretilmi\u015ftir.<\/li>\n<li>\u00dcst\u00fcn konfor i\u00e7in yumu\u015fak ve nefes alabilen ke\u00e7i derisi i\u00e7 astar.<\/li>\n<li>G\u00fcn boyu yast\u0131klama ve esneklik i\u00e7in hafif ve \u015fok emici EVA taban.<\/li>\n<li>\u0130nce moc-toe diki\u015fli klasik derby silueti, sofistike siyah ve zengin kahverengi renklerde mevcuttur.<\/li>\n<li>M\u00fckemmel uyumu sa\u011flamak i\u00e7in 39 ila 45 aras\u0131nda kapsaml\u0131 beden aral\u0131\u011f\u0131.<\/li>\n<li>Minimum 8 \u00e7ift sipari\u015f miktar\u0131 mevcuttur, toplu al\u0131mlar ve perakende ortaklar i\u00e7in idealdir.<\/li>\n<li>Yakla\u015f\u0131k 12 g\u00fcn i\u00e7inde g\u00fcvenilir \u00fcretim ve teslimat, art\u0131 nakliye s\u00fcresi.<\/li>\n<\/ul>","protected":false},"featured_media":3690,"template":"","meta":{"_acf_changed":false,"_uag_custom_page_level_css":"","site-sidebar-layout":"default","site-content-layout":"","ast-site-content-layout":"default","site-content-style":"default","site-sidebar-style":"default","ast-global-header-display":"","ast-banner-title-visibility":"","ast-main-header-display":"","ast-hfb-above-header-display":"","ast-hfb-below-header-display":"","ast-hfb-mobile-header-display":"","site-post-title":"","ast-breadcrumbs-content":"","ast-featured-img":"","footer-sml-layout":"","ast-disable-related-posts":"","theme-transparent-header-meta":"","adv-header-id-meta":"","stick-header-meta":"","header-above-stick-meta":"","header-main-stick-meta":"","header-below-stick-meta":"","astra-migrate-meta-layouts":"default","ast-page-background-enabled":"default","ast-page-background-meta":{"desktop":{"background-color":"var(--ast-global-color-4)","background-image":"","background-repeat":"repeat","background-position":"center center","background-size":"auto","background-attachment":"scroll","background-type":"","background-media":"","overlay-type":"","overlay-color":"","overlay-opacity":"","overlay-gradient":""},"tablet":{"background-color":"","background-image":"","background-repeat":"repeat","background-position":"center center","background-size":"auto","background-attachment":"scroll","background-type":"","background-media":"","overlay-type":"","overlay-color":"","overlay-opacity":"","overlay-gradient":""},"mobile":{"background-color":"","background-image":"","background-repeat":"repeat","background-position":"center center","background-size":"auto","background-attachment":"scroll","background-type":"","background-media":"","overlay-type":"","overlay-color":"","overlay-opacity":"","overlay-gradient":""}},"ast-content-background-meta":{"desktop":{"background-color":"var(--ast-global-color-5)","background-image":"","background-repeat":"repeat","background-position":"center center","background-size":"auto","background-attachment":"scroll","background-type":"","background-media":"","overlay-type":"","overlay-color":"","overlay-opacity":"","overlay-gradient":""},"tablet":{"background-color":"var(--ast-global-color-5)","background-image":"","background-repeat":"repeat","background-position":"center center","background-size":"auto","background-attachment":"scroll","background-type":"","background-media":"","overlay-type":"","overlay-color":"","overlay-opacity":"","overlay-gradient":""},"mobile":{"background-color":"var(--ast-global-color-5)","background-image":"","background-repeat":"repeat","background-position":"center center","background-size":"auto","background-attachment":"scroll","background-type":"","background-media":"","overlay-type":"","overlay-color":"","overlay-opacity":"","overlay-gradient":""}}},"product_brand":[],"product_cat":[47,430,40],"product_tag":[407,613,405,943,754,319,212,287,251,189,351,324,286,318,280,262],"class_list":{"0":"post-5492","1":"product","2":"type-product","3":"status-publish","4":"has-post-thumbnail","6":"product_cat-classic","7":"product_cat-men","8":"product_cat-mens-shoes","9":"product_tag-black-derby-shoes","10":"product_tag-brown-derby-shoes","11":"product_tag-business-shoes","12":"product_tag-calf-leather-derby-shoes","13":"product_tag-classic-mens-shoes","14":"product_tag-comfortable-leather-shoes","15":"product_tag-derby-shoes","16":"product_tag-eva-sole-shoes","17":"product_tag-formal-shoes","18":"product_tag-goat-leather-lining","19":"product_tag-leather-footwear","20":"product_tag-mens-dress-shoes","21":"product_tag-mens-leather-shoes","22":"product_tag-moc-toe-shoes","23":"product_tag-smart-casual-shoes","24":"product_tag-wholesale-mens-shoes","25":"desktop-align-center","26":"tablet-align-center","27":"mobile-align-center","29":"first","30":"instock","31":"shipping-taxable","32":"purchasable","33":"product-type-variable","34":"has-default-attributes"},"acf":[],"uagb_featured_image_src":{"full":["https:\/\/turkishtrade.co\/wp-content\/uploads\/2026\/01\/2400EJOMN00276-DARK-BROWN-DKS_622-1-usd.png",453,250,false],"thumbnail":["https:\/\/turkishtrade.co\/wp-content\/uploads\/2026\/01\/2400EJOMN00276-DARK-BROWN-DKS_622-1-usd-150x150.png",150,150,true],"medium":["https:\/\/turkishtrade.co\/wp-content\/uploads\/2026\/01\/2400EJOMN00276-DARK-BROWN-DKS_622-1-usd-300x166.png",300,166,true],"medium_large":["https:\/\/turkishtrade.co\/wp-content\/uploads\/2026\/01\/2400EJOMN00276-DARK-BROWN-DKS_622-1-usd.png",453,250,false],"large":["https:\/\/turkishtrade.co\/wp-content\/uploads\/2026\/01\/2400EJOMN00276-DARK-BROWN-DKS_622-1-usd.png",453,250,false],"1536x1536":["https:\/\/turkishtrade.co\/wp-content\/uploads\/2026\/01\/2400EJOMN00276-DARK-BROWN-DKS_622-1-usd.png",453,250,false],"2048x2048":["https:\/\/turkishtrade.co\/wp-content\/uploads\/2026\/01\/2400EJOMN00276-DARK-BROWN-DKS_622-1-usd.png",453,250,false],"trp-custom-language-flag":["https:\/\/turkishtrade.co\/wp-content\/uploads\/2026\/01\/2400EJOMN00276-DARK-BROWN-DKS_622-1-usd-18x10.png",18,10,true],"woocommerce_thumbnail":["https:\/\/turkishtrade.co\/wp-content\/uploads\/2026\/01\/2400EJOMN00276-DARK-BROWN-DKS_622-1-usd-400x250.png",400,250,true],"woocommerce_single":["https:\/\/turkishtrade.co\/wp-content\/uploads\/2026\/01\/2400EJOMN00276-DARK-BROWN-DKS_622-1-usd.png",453,250,false],"woocommerce_gallery_thumbnail":["https:\/\/turkishtrade.co\/wp-content\/uploads\/2026\/01\/2400EJOMN00276-DARK-BROWN-DKS_622-1-usd-100x100.png",100,100,true]},"uagb_author_info":{"display_name":"yaser olabi","author_link":"https:\/\/turkishtrade.co\/tr\/author\/"},"uagb_comment_info":0,"uagb_excerpt":"Crafted from premium calf leather for a refined exterior and lasting elegance. Soft and breathable goat leather interior lining for superior comfort. Lightweight and shock-absorbing EVA sole for all-day cushioning and flexibility. Classic derby silhouette with subtle moc-toe stitching, available in sophisticated black and rich brown. Comprehensive size range from 39 to 45 to ensure&hellip;","_links":{"self":[{"href":"https:\/\/turkishtrade.co\/tr\/wp-json\/wp\/v2\/product\/5492","targetHints":{"allow":["GET"]}}],"collection":[{"href":"https:\/\/turkishtrade.co\/tr\/wp-json\/wp\/v2\/product"}],"about":[{"href":"https:\/\/turkishtrade.co\/tr\/wp-json\/wp\/v2\/types\/product"}],"wp:featuredmedia":[{"embeddable":true,"href":"https:\/\/turkishtrade.co\/tr\/wp-json\/wp\/v2\/media\/3690"}],"wp:attachment":[{"href":"https:\/\/turkishtrade.co\/tr\/wp-json\/wp\/v2\/media?parent=5492"}],"wp:term":[{"taxonomy":"product_brand","embeddable":true,"href":"https:\/\/turkishtrade.co\/tr\/wp-json\/wp\/v2\/product_brand?post=5492"},{"taxonomy":"product_cat","embeddable":true,"href":"https:\/\/turkishtrade.co\/tr\/wp-json\/wp\/v2\/product_cat?post=5492"},{"taxonomy":"product_tag","embeddable":true,"href":"https:\/\/turkishtrade.co\/tr\/wp-json\/wp\/v2\/product_tag?post=5492"}],"curies":[{"name":"wp","href":"https:\/\/api.w.org\/{rel}","templated":true}]}}