{"id":5489,"date":"2026-01-14T12:06:32","date_gmt":"2026-01-14T12:06:32","guid":{"rendered":"https:\/\/turkishtrade.co\/product\/mens-calf-leather-shoes-2\/"},"modified":"2026-04-09T19:32:56","modified_gmt":"2026-04-09T19:32:56","slug":"mens-calf-leather-shoes-2","status":"publish","type":"product","link":"https:\/\/turkishtrade.co\/tr\/shop\/mens-calf-leather-shoes-2\/","title":{"rendered":"Erkek Premium Dana Derisi Cap-Toe Derby Ayakkab\u0131"},"content":{"rendered":"<p><strong>Erkek Dana Derisi Ayakkab\u0131<\/strong><\/p>\n<p>\u00dcst\u00fcn kaliteli \u00fcr\u00fcnlerimizle zamans\u0131z stil ve konforun \u00f6z\u00fcn\u00fc ke\u015ffedin <strong>Erkek Dana Derisi Ayakkab\u0131<\/strong>. Se\u00e7kin beyefendiler i\u00e7in ustal\u0131kla \u00fcretilen bu ayakkab\u0131lar, klasik tasar\u0131m\u0131 modern i\u015flevsellikle kusursuz bir \u015fekilde harmanl\u0131yor. \u0130ster \u00f6nemli bir i\u015f toplant\u0131s\u0131na, ister resmi bir etkinli\u011fe gidiyor olun, ister sadece g\u00fcnl\u00fck \u015f\u0131k k\u0131yafetlerinizi y\u00fckseltmek istiyor olun, bu zarif <strong>Erkek Dana Derisi Ayakkab\u0131<\/strong> kal\u0131c\u0131 bir etki b\u0131rakmak i\u00e7in tasarlanm\u0131\u015ft\u0131r. Sofistike kap-parmak derby silueti, her gard\u0131roba \u00e7ok y\u00f6nl\u00fc bir katk\u0131 sa\u011flar ve kalite arayan her beyefendi i\u00e7in hem \u015f\u0131kl\u0131k hem de pratiklik vaat eder <strong>Erkek Dana Derisi Ayakkab\u0131<\/strong>.<\/p>\n<h3>Benzersiz \u0130\u015f\u00e7ilik ve \u00dcst\u00fcn Malzemeler<\/h3>\n<p>Kaliteye olan ba\u011fl\u0131l\u0131\u011f\u0131m\u0131z en iyi malzemelerin se\u00e7imiyle ba\u015flar. Bu ola\u011fan\u00fcst\u00fc modellerin d\u0131\u015f <strong>Erkek Dana Derisi Ayakkab\u0131<\/strong> hakiki dana derisinden titizlikle \u00fcretilmi\u015ftir. Esnek dokusu, ola\u011fan\u00fcst\u00fc dayan\u0131kl\u0131l\u0131\u011f\u0131 ve zarif damar\u0131 ile bilinen dana derisi, l\u00fcks bir his verir ve zamanla g\u00fczel bir patina geli\u015ftirerek ayakkab\u0131n\u0131z\u0131n ya\u015fland\u0131k\u00e7a daha iyi g\u00f6r\u00fcnmesini sa\u011flar. Bu \u00fcst\u00fcn d\u0131\u015f y\u00fczeyi tamamlayan l\u00fcks i\u00e7 k\u0131s\u0131m, tamamen yumu\u015fak ke\u00e7i derisiyle astarlanm\u0131\u015ft\u0131r. Bu i\u00e7 malzeme se\u00e7imi e\u015fsiz bir nefes alabilirlik ve pel\u00fc\u015f, konforlu bir deneyim sunarak ayaklar\u0131n\u0131z\u0131n g\u00fcn boyunca ferah hissetmesini sa\u011flar. \u00d6zenli yap\u0131s\u0131 aya\u011f\u0131n\u0131za tam oturmas\u0131n\u0131 garanti ederek her ad\u0131mda konforu art\u0131r\u0131r.<\/p>\n<h3>Konfor ve Dayan\u0131kl\u0131l\u0131k i\u00e7in Tasarland\u0131<\/h3>\n<p>Hafif ve esnek EVA taban sayesinde g\u00fcn boyu konforu ya\u015fay\u0131n. Bu yenilik\u00e7i taban malzemesi m\u00fckemmel \u015fok emilimi ve esneklik sunarak bu ayakkab\u0131lar\u0131 <strong>Erkek Dana Derisi Ayakkab\u0131<\/strong> uzun s\u00fcreli kullan\u0131m i\u00e7in idealdir. 1-3 cm'lik ince ama destekleyici topuk y\u00fcksekli\u011fi ile dengeden \u00f6d\u00fcn vermeden m\u00fckemmel bir y\u00fckselme sa\u011flar. Bu ayakkab\u0131lar\u0131n sa\u011flam yap\u0131s\u0131 <strong>Erkek Dana Derisi Ayakkab\u0131<\/strong> sadece \u015f\u0131k olmalar\u0131n\u0131 de\u011fil, ayn\u0131 zamanda g\u00fcnl\u00fck kullan\u0131m\u0131n zorluklar\u0131na dayanacak \u015fekilde \u00fcretilmelerini sa\u011flayarak ola\u011fan\u00fcst\u00fc de\u011fer ve uzun \u00f6m\u00fcr sunar. EU 39'dan 45'e kadar kapsaml\u0131 bir beden yelpazesinde mevcut oldu\u011fundan, m\u00fckemmel uyumunuzu bulmak zahmetsizdir.<\/p>\n<h3>Her Durum i\u00e7in \u00c7ok Y\u00f6nl\u00fc Stil<\/h3>\n<p>Zamans\u0131z derby ba\u011fc\u0131klar\u0131yla e\u015fle\u015ftirilen klasik kep-parmak tasar\u0131m\u0131, bu <strong>Erkek Dana Derisi Ayakkab\u0131<\/strong> inan\u0131lmaz derecede \u00e7ok y\u00f6nl\u00fcd\u00fcr. \u00d6zel dikim tak\u0131m elbiseler, \u015f\u0131k pantolonlar ve hatta g\u00f6steri\u015fli bir smart-casual g\u00f6r\u00fcn\u00fcm i\u00e7in birinci s\u0131n\u0131f denimlerle e\u015fle\u015ftirmek i\u00e7in m\u00fckemmeldir. Sofistike siyah ve zengin kahverengi (\u00fcr\u00fcn g\u00f6rsellerinde g\u00f6r\u00fcld\u00fc\u011f\u00fc gibi) gibi temel renklerde mevcut olan bu ayakkab\u0131lar, farkl\u0131 stil tercihlerine ve gard\u0131rop gereksinimlerine hitap eder. Bunlar sadece bir ayakkab\u0131dan daha fazlas\u0131d\u0131r; size y\u0131llarca iyi hizmet edecek kaliteli ayakkab\u0131lara yap\u0131lan bir yat\u0131r\u0131md\u0131r.<\/p>\n<h3>Toptan Sat\u0131\u015f F\u0131rsatlar\u0131 ve G\u00fcvenilir Teslimat<\/h3>\n<p>\u0130\u015fletmeler ve perakendeciler i\u00e7in bu premium <strong>Erkek Dana Derisi Ayakkab\u0131<\/strong> sadece 8 \u00e7ift minimum sipari\u015f miktar\u0131 ile toplu sat\u0131n alma i\u00e7in kullan\u0131labilir. Bu da onlar\u0131 ayakkab\u0131 koleksiyonunuzu geni\u015fletmek veya m\u00fc\u015fterilerinize y\u00fcksek kaliteli se\u00e7enekler sunmak i\u00e7in m\u00fckemmel bir se\u00e7im haline getirir. Standart teslimat s\u00fcresi olan 12 g\u00fcn ve nakliye ile verimli bir i\u015flem s\u00fcreci sa\u011flayarak bu ola\u011fan\u00fcst\u00fc <strong>Erkek Dana Derisi Ayakkab\u0131<\/strong> do\u011frudan kap\u0131n\u0131za kadar. En iyi hizmeti sunmaya kararl\u0131y\u0131z <strong>Erkek Dana Derisi Ayakkab\u0131<\/strong> g\u00fcvenilir hizmetle desteklenen i\u015f ihtiya\u00e7lar\u0131n\u0131z i\u00e7in.<\/p>","protected":false},"excerpt":{"rendered":"<ul>\n<li>Dayan\u0131kl\u0131l\u0131k ve sofistike stil i\u00e7in birinci s\u0131n\u0131f dana derisinden \u00fcretilmi\u015ftir.<\/li>\n<li>L\u00fcks ke\u00e7i derisi i\u00e7 k\u0131s\u0131m ola\u011fan\u00fcst\u00fc konfor ve nefes alabilirlik sa\u011flar.<\/li>\n<li>Hafif ve esnek EVA taban g\u00fcn boyu yast\u0131klama sa\u011flar.<\/li>\n<li>Hem resmi hem de smart-casual ortamlar i\u00e7in uygun klasik kap-toe derby tasar\u0131m\u0131.<\/li>\n<li>Kapsaml\u0131 bir beden aral\u0131\u011f\u0131nda mevcuttur: AB 39-45.<\/li>\n<li>Rahat 1-3 cm topuk y\u00fcksekli\u011fine sahiptir.<\/li>\n<li>Minimum sipari\u015f miktar\u0131: 8 \u00e7ift, toptan ve toplu al\u0131mlar i\u00e7in idealdir.<\/li>\n<li>Standart teslimat s\u00fcresi: 12 g\u00fcn + nakliye.<\/li>\n<\/ul>","protected":false},"featured_media":3688,"template":"","meta":{"_acf_changed":false,"_uag_custom_page_level_css":"","site-sidebar-layout":"default","site-content-layout":"","ast-site-content-layout":"default","site-content-style":"default","site-sidebar-style":"default","ast-global-header-display":"","ast-banner-title-visibility":"","ast-main-header-display":"","ast-hfb-above-header-display":"","ast-hfb-below-header-display":"","ast-hfb-mobile-header-display":"","site-post-title":"","ast-breadcrumbs-content":"","ast-featured-img":"","footer-sml-layout":"","ast-disable-related-posts":"","theme-transparent-header-meta":"default","adv-header-id-meta":"","stick-header-meta":"","header-above-stick-meta":"","header-main-stick-meta":"","header-below-stick-meta":"","astra-migrate-meta-layouts":"set","ast-page-background-enabled":"default","ast-page-background-meta":{"desktop":{"background-color":"var(--ast-global-color-4)","background-image":"","background-repeat":"repeat","background-position":"center center","background-size":"auto","background-attachment":"scroll","background-type":"","background-media":"","overlay-type":"","overlay-color":"","overlay-opacity":"","overlay-gradient":""},"tablet":{"background-color":"","background-image":"","background-repeat":"repeat","background-position":"center center","background-size":"auto","background-attachment":"scroll","background-type":"","background-media":"","overlay-type":"","overlay-color":"","overlay-opacity":"","overlay-gradient":""},"mobile":{"background-color":"","background-image":"","background-repeat":"repeat","background-position":"center center","background-size":"auto","background-attachment":"scroll","background-type":"","background-media":"","overlay-type":"","overlay-color":"","overlay-opacity":"","overlay-gradient":""}},"ast-content-background-meta":{"desktop":{"background-color":"var(--ast-global-color-5)","background-image":"","background-repeat":"repeat","background-position":"center center","background-size":"auto","background-attachment":"scroll","background-type":"","background-media":"","overlay-type":"","overlay-color":"","overlay-opacity":"","overlay-gradient":""},"tablet":{"background-color":"var(--ast-global-color-5)","background-image":"","background-repeat":"repeat","background-position":"center center","background-size":"auto","background-attachment":"scroll","background-type":"","background-media":"","overlay-type":"","overlay-color":"","overlay-opacity":"","overlay-gradient":""},"mobile":{"background-color":"var(--ast-global-color-5)","background-image":"","background-repeat":"repeat","background-position":"center center","background-size":"auto","background-attachment":"scroll","background-type":"","background-media":"","overlay-type":"","overlay-color":"","overlay-opacity":"","overlay-gradient":""}}},"product_brand":[],"product_cat":[47,430,40],"product_tag":[196,292,405,202,212,438,251,189,227,198,362,280,255,281],"class_list":{"0":"post-5489","1":"product","2":"type-product","3":"status-publish","4":"has-post-thumbnail","6":"product_cat-classic","7":"product_cat-men","8":"product_cat-mens-shoes","9":"product_tag-black-leather-shoes","10":"product_tag-brown-leather-shoes","11":"product_tag-business-shoes","12":"product_tag-calf-leather","13":"product_tag-derby-shoes","14":"product_tag-eva-sole","15":"product_tag-formal-shoes","16":"product_tag-goat-leather-lining","17":"product_tag-leather-shoes","18":"product_tag-mens-fashion","19":"product_tag-premium-footwear","20":"product_tag-smart-casual-shoes","21":"product_tag-turkish-leather-shoes","22":"product_tag-wholesale-shoes","23":"desktop-align-center","24":"tablet-align-center","25":"mobile-align-center","27":"first","28":"instock","29":"shipping-taxable","30":"purchasable","31":"product-type-variable","32":"has-default-attributes"},"acf":[],"uagb_featured_image_src":{"full":["https:\/\/turkishtrade.co\/wp-content\/uploads\/2026\/01\/2400EJOMN00257-BROWN-K_0078.png",453,250,false],"thumbnail":["https:\/\/turkishtrade.co\/wp-content\/uploads\/2026\/01\/2400EJOMN00257-BROWN-K_0078-150x150.png",150,150,true],"medium":["https:\/\/turkishtrade.co\/wp-content\/uploads\/2026\/01\/2400EJOMN00257-BROWN-K_0078-300x166.png",300,166,true],"medium_large":["https:\/\/turkishtrade.co\/wp-content\/uploads\/2026\/01\/2400EJOMN00257-BROWN-K_0078.png",453,250,false],"large":["https:\/\/turkishtrade.co\/wp-content\/uploads\/2026\/01\/2400EJOMN00257-BROWN-K_0078.png",453,250,false],"1536x1536":["https:\/\/turkishtrade.co\/wp-content\/uploads\/2026\/01\/2400EJOMN00257-BROWN-K_0078.png",453,250,false],"2048x2048":["https:\/\/turkishtrade.co\/wp-content\/uploads\/2026\/01\/2400EJOMN00257-BROWN-K_0078.png",453,250,false],"trp-custom-language-flag":["https:\/\/turkishtrade.co\/wp-content\/uploads\/2026\/01\/2400EJOMN00257-BROWN-K_0078-18x10.png",18,10,true],"woocommerce_thumbnail":["https:\/\/turkishtrade.co\/wp-content\/uploads\/2026\/01\/2400EJOMN00257-BROWN-K_0078-400x250.png",400,250,true],"woocommerce_single":["https:\/\/turkishtrade.co\/wp-content\/uploads\/2026\/01\/2400EJOMN00257-BROWN-K_0078.png",453,250,false],"woocommerce_gallery_thumbnail":["https:\/\/turkishtrade.co\/wp-content\/uploads\/2026\/01\/2400EJOMN00257-BROWN-K_0078-100x100.png",100,100,true]},"uagb_author_info":{"display_name":"yaser olabi","author_link":"https:\/\/turkishtrade.co\/tr\/author\/"},"uagb_comment_info":0,"uagb_excerpt":"Crafted from premium calf leather for durability and sophisticated style. Luxurious goat leather interior ensures exceptional comfort and breathability. Lightweight and flexible EVA sole provides all-day cushioning. Classic cap-toe derby design, suitable for both formal and smart-casual occasions. Available in a comprehensive size range: EU 39-45. Features a comfortable 1-3 cm heel height. Minimum order&hellip;","_links":{"self":[{"href":"https:\/\/turkishtrade.co\/tr\/wp-json\/wp\/v2\/product\/5489","targetHints":{"allow":["GET"]}}],"collection":[{"href":"https:\/\/turkishtrade.co\/tr\/wp-json\/wp\/v2\/product"}],"about":[{"href":"https:\/\/turkishtrade.co\/tr\/wp-json\/wp\/v2\/types\/product"}],"wp:featuredmedia":[{"embeddable":true,"href":"https:\/\/turkishtrade.co\/tr\/wp-json\/wp\/v2\/media\/3688"}],"wp:attachment":[{"href":"https:\/\/turkishtrade.co\/tr\/wp-json\/wp\/v2\/media?parent=5489"}],"wp:term":[{"taxonomy":"product_brand","embeddable":true,"href":"https:\/\/turkishtrade.co\/tr\/wp-json\/wp\/v2\/product_brand?post=5489"},{"taxonomy":"product_cat","embeddable":true,"href":"https:\/\/turkishtrade.co\/tr\/wp-json\/wp\/v2\/product_cat?post=5489"},{"taxonomy":"product_tag","embeddable":true,"href":"https:\/\/turkishtrade.co\/tr\/wp-json\/wp\/v2\/product_tag?post=5489"}],"curies":[{"name":"wp","href":"https:\/\/api.w.org\/{rel}","templated":true}]}}