{"id":5486,"date":"2026-01-14T12:06:12","date_gmt":"2026-01-14T12:06:12","guid":{"rendered":"https:\/\/turkishtrade.co\/product\/men-classic-leather-loafers\/"},"modified":"2026-04-09T19:33:01","modified_gmt":"2026-04-09T19:33:01","slug":"mens-classic-leather-loafers-dress","status":"publish","type":"product","link":"https:\/\/turkishtrade.co\/tr\/shop\/mens-classic-leather-loafers-dress\/","title":{"rendered":"EVA Tabanl\u0131 Premium Erkek Klasik Deri Loafer"},"content":{"rendered":"<p><strong>Erkek Klasik Deri Loafer'lar<\/strong><\/p>\n<p>Koleksiyonumuzla zamans\u0131z \u015f\u0131kl\u0131\u011fa ve benzersiz konfora ad\u0131m at\u0131n <strong>Erkek Klasik Deri Loafer'lar<\/strong>. Se\u00e7kin beyefendiler i\u00e7in tasarlanan bu zarif ayakkab\u0131lar, hem \u015f\u0131k hem de son derece rahat ayakkab\u0131lar yaratmak i\u00e7in geleneksel i\u015f\u00e7ili\u011fi modern malzemelerle harmanl\u0131yor. Her bir \u00e7iftimiz <strong>Erkek Klasik Deri Loafer'lar<\/strong> kalitenin bir kan\u0131t\u0131d\u0131r ve ister bir i\u015f toplant\u0131s\u0131nda ister s\u0131radan bir sosyal bulu\u015fmada kal\u0131c\u0131 bir izlenim b\u0131rakman\u0131z\u0131 sa\u011flar.<\/p>\n<p>Bizim <strong>Erkek Klasik Deri Loafer'lar<\/strong> sadece en iyi malzemeler kullan\u0131larak titizlikle \u00fcretilmi\u015ftir. D\u0131\u015f y\u00fczeyinde yumu\u015fak dokusu, sa\u011flaml\u0131\u011f\u0131 ve zarif y\u00fczeyiyle tan\u0131nan birinci s\u0131n\u0131f hakiki dana derisi kullan\u0131lm\u0131\u015ft\u0131r. Bu y\u00fcksek kaliteli deri sadece sofistike bir g\u00f6r\u00fcn\u00fcm sa\u011flamakla kalmaz, ayn\u0131 zamanda mokasenlerinizin uzun \u00f6m\u00fcrl\u00fc olmas\u0131n\u0131 da sa\u011flar. Aya\u011f\u0131n\u0131z\u0131 saran l\u00fcks Ke\u00e7i Derisi astar, ola\u011fan\u00fcst\u00fc nefes alabilirlik ve zaman i\u00e7inde aya\u011f\u0131n\u0131za uyum sa\u011flayan pel\u00fc\u015f bir his sunar. Bu malzeme kombinasyonu, her ad\u0131mda ger\u00e7ek bir l\u00fcks deneyimini garanti eder.<\/p>\n<h3>Rakipsiz Konfor ve \u00c7ok Y\u00f6nl\u00fcl\u00fck<\/h3>\n<p>Konfor her \u015feyden \u00f6nemlidir ve bu <strong>Erkek Klasik Deri Loafer'lar<\/strong> hayal k\u0131r\u0131kl\u0131\u011f\u0131na u\u011fratmaz. Hafif EVA taban\u0131 \u00fcst\u00fcn yast\u0131klama ve esneklik sunarak uzun s\u00fcreli kullan\u0131mdan sonra bile ayak yorgunlu\u011funu azalt\u0131r. Dayan\u0131kl\u0131 yap\u0131s\u0131 m\u00fckemmel tutu\u015f sa\u011flayarak bu mokasen ayakkab\u0131y\u0131 \u00e7e\u015fitli ortamlar i\u00e7in uygun hale getirir. Zevkli ba\u011fc\u0131k detaylar\u0131 ve ince perforasyonlarla tamamlanan klasik loafer tasar\u0131m\u0131, bu ayakkab\u0131lar\u0131 inan\u0131lmaz derecede \u00e7ok y\u00f6nl\u00fc hale getirir. Resmi etkinlikler i\u00e7in keskin bir tak\u0131m elbisenin m\u00fckemmel tamamlay\u0131c\u0131s\u0131d\u0131r, ancak g\u00f6steri\u015fli bir g\u00fcndelik g\u00f6r\u00fcn\u00fcm i\u00e7in chino pantolonlar veya ak\u0131ll\u0131 kot pantolonlarla da ayn\u0131 derecede uyumludur. Bu uyarlanabilir ve \u015f\u0131k ayakkab\u0131larla ayakkab\u0131 koleksiyonunuzu geli\u015ftirin <strong>Erkek Klasik Deri Loafer'lar<\/strong>.<\/p>\n<p>Toptan sat\u0131\u015f ortaklar\u0131m\u0131z i\u00e7in kalite ve tutarl\u0131l\u0131\u011f\u0131n \u00f6nemini biliyoruz. \u0130\u015fte bu y\u00fczden bu premium <strong>Erkek Klasik Deri Loafer'lar<\/strong> minimum 8 \u00e7ift sipari\u015f kar\u015f\u0131l\u0131\u011f\u0131nda, 12 g\u00fcn art\u0131 nakliye ile g\u00fcvenilir bir teslimat s\u00fcresiyle mevcuttur. 39'dan 45'e kadar geni\u015f bir beden yelpazesinde sunulan bu \u00fcr\u00fcnlerle, s\u0131ra d\u0131\u015f\u0131 erkek klasik deri mokasen ayakkab\u0131 arayan geni\u015f bir m\u00fc\u015fteri kitlesine hitap edebilirsiniz. Klasik \u00e7ekicili\u011fi \u00e7a\u011fda\u015f konfor ve dayan\u0131kl\u0131l\u0131kla birle\u015ftiren ayakkab\u0131lara yat\u0131r\u0131m yap\u0131n. Bizim <strong>Erkek Klasik Deri Loafer'lar<\/strong> erkek stilinin ve kalitesinin zirvesini temsil eder ve her sat\u0131n al\u0131mda memnuniyet vaat eder.<\/p>","protected":false},"excerpt":{"rendered":"<ul>\n<li>Ustal\u0131kla haz\u0131rlanm\u0131\u015f Erkek Klasik Deri Loafer'lar<\/li>\n<li>\u00dcst\u00fcn dayan\u0131kl\u0131l\u0131k ve stil i\u00e7in Premium Dana Derisi (Dana Derisi) d\u0131\u015f y\u00fczey<\/li>\n<li>Ola\u011fan\u00fcst\u00fc konfor i\u00e7in l\u00fcks Ke\u00e7i Derisi (Ke\u00e7i Derisi) i\u00e7 astar<\/li>\n<li>T\u00fcm g\u00fcn kullan\u0131m i\u00e7in hafif ve esnek EVA Taban (Taban)<\/li>\n<li>Kapsaml\u0131 bir beden aral\u0131\u011f\u0131nda mevcuttur: AB 39-45<\/li>\n<li>Hem sofistike k\u0131yafetler hem de \u015f\u0131k ve g\u00fcndelik durumlar i\u00e7in ideal<\/li>\n<li>Minimum sipari\u015f miktar\u0131: 8 \u00e7ift (Toptan Sat\u0131\u015f)<\/li>\n<li>Teslimat S\u00fcresi: 12 g\u00fcn + nakliye<\/li>\n<\/ul>","protected":false},"featured_media":3686,"template":"","meta":{"_acf_changed":false,"_uag_custom_page_level_css":"","site-sidebar-layout":"default","site-content-layout":"","ast-site-content-layout":"default","site-content-style":"default","site-sidebar-style":"default","ast-global-header-display":"","ast-banner-title-visibility":"","ast-main-header-display":"","ast-hfb-above-header-display":"","ast-hfb-below-header-display":"","ast-hfb-mobile-header-display":"","site-post-title":"","ast-breadcrumbs-content":"","ast-featured-img":"","footer-sml-layout":"","ast-disable-related-posts":"","theme-transparent-header-meta":"default","adv-header-id-meta":"","stick-header-meta":"","header-above-stick-meta":"","header-main-stick-meta":"","header-below-stick-meta":"","astra-migrate-meta-layouts":"set","ast-page-background-enabled":"default","ast-page-background-meta":{"desktop":{"background-color":"var(--ast-global-color-4)","background-image":"","background-repeat":"repeat","background-position":"center center","background-size":"auto","background-attachment":"scroll","background-type":"","background-media":"","overlay-type":"","overlay-color":"","overlay-opacity":"","overlay-gradient":""},"tablet":{"background-color":"","background-image":"","background-repeat":"repeat","background-position":"center center","background-size":"auto","background-attachment":"scroll","background-type":"","background-media":"","overlay-type":"","overlay-color":"","overlay-opacity":"","overlay-gradient":""},"mobile":{"background-color":"","background-image":"","background-repeat":"repeat","background-position":"center center","background-size":"auto","background-attachment":"scroll","background-type":"","background-media":"","overlay-type":"","overlay-color":"","overlay-opacity":"","overlay-gradient":""}},"ast-content-background-meta":{"desktop":{"background-color":"var(--ast-global-color-5)","background-image":"","background-repeat":"repeat","background-position":"center center","background-size":"auto","background-attachment":"scroll","background-type":"","background-media":"","overlay-type":"","overlay-color":"","overlay-opacity":"","overlay-gradient":""},"tablet":{"background-color":"var(--ast-global-color-5)","background-image":"","background-repeat":"repeat","background-position":"center center","background-size":"auto","background-attachment":"scroll","background-type":"","background-media":"","overlay-type":"","overlay-color":"","overlay-opacity":"","overlay-gradient":""},"mobile":{"background-color":"var(--ast-global-color-5)","background-image":"","background-repeat":"repeat","background-position":"center center","background-size":"auto","background-attachment":"scroll","background-type":"","background-media":"","overlay-type":"","overlay-color":"","overlay-opacity":"","overlay-gradient":""}}},"product_brand":[],"product_cat":[47,430,40],"product_tag":[942,582,449,457,220,284,438,251,437,941,227,198,709,281],"class_list":{"0":"post-5486","1":"product","2":"type-product","3":"status-publish","4":"has-post-thumbnail","6":"product_cat-classic","7":"product_cat-men","8":"product_cat-mens-shoes","9":"product_tag-brogue-detail","10":"product_tag-calfskin","11":"product_tag-casual-shoes","12":"product_tag-classic-loafers","13":"product_tag-comfortable-loafers","14":"product_tag-dress-shoes","15":"product_tag-eva-sole","16":"product_tag-formal-shoes","17":"product_tag-goat-leather","18":"product_tag-lace-up-loafers","19":"product_tag-leather-shoes","20":"product_tag-mens-fashion","21":"product_tag-quality-footwear","22":"product_tag-wholesale-shoes","23":"desktop-align-center","24":"tablet-align-center","25":"mobile-align-center","27":"first","28":"instock","29":"shipping-taxable","30":"purchasable","31":"product-type-variable","32":"has-default-attributes"},"acf":[],"uagb_featured_image_src":{"full":["https:\/\/turkishtrade.co\/wp-content\/uploads\/2026\/01\/2400EJOMN00247-DARK-BROWN-Y_621-1-USD.png",453,250,false],"thumbnail":["https:\/\/turkishtrade.co\/wp-content\/uploads\/2026\/01\/2400EJOMN00247-DARK-BROWN-Y_621-1-USD-150x150.png",150,150,true],"medium":["https:\/\/turkishtrade.co\/wp-content\/uploads\/2026\/01\/2400EJOMN00247-DARK-BROWN-Y_621-1-USD-300x166.png",300,166,true],"medium_large":["https:\/\/turkishtrade.co\/wp-content\/uploads\/2026\/01\/2400EJOMN00247-DARK-BROWN-Y_621-1-USD.png",453,250,false],"large":["https:\/\/turkishtrade.co\/wp-content\/uploads\/2026\/01\/2400EJOMN00247-DARK-BROWN-Y_621-1-USD.png",453,250,false],"1536x1536":["https:\/\/turkishtrade.co\/wp-content\/uploads\/2026\/01\/2400EJOMN00247-DARK-BROWN-Y_621-1-USD.png",453,250,false],"2048x2048":["https:\/\/turkishtrade.co\/wp-content\/uploads\/2026\/01\/2400EJOMN00247-DARK-BROWN-Y_621-1-USD.png",453,250,false],"trp-custom-language-flag":["https:\/\/turkishtrade.co\/wp-content\/uploads\/2026\/01\/2400EJOMN00247-DARK-BROWN-Y_621-1-USD-18x10.png",18,10,true],"woocommerce_thumbnail":["https:\/\/turkishtrade.co\/wp-content\/uploads\/2026\/01\/2400EJOMN00247-DARK-BROWN-Y_621-1-USD-400x250.png",400,250,true],"woocommerce_single":["https:\/\/turkishtrade.co\/wp-content\/uploads\/2026\/01\/2400EJOMN00247-DARK-BROWN-Y_621-1-USD.png",453,250,false],"woocommerce_gallery_thumbnail":["https:\/\/turkishtrade.co\/wp-content\/uploads\/2026\/01\/2400EJOMN00247-DARK-BROWN-Y_621-1-USD-100x100.png",100,100,true]},"uagb_author_info":{"display_name":"yaser olabi","author_link":"https:\/\/turkishtrade.co\/tr\/author\/"},"uagb_comment_info":0,"uagb_excerpt":"Expertly crafted Men's Classic Leather Loafers Premium Calfskin (Dana Derisi) outer surface for superior durability and style Luxurious Goat Leather (Ke\u00e7i Derisi) inner lining for exceptional comfort Lightweight and flexible EVA Sole (Taban) for all-day wear Available in a comprehensive size range: EU 39-45 Ideal for both sophisticated dress and smart-casual occasions Minimum order quantity:&hellip;","_links":{"self":[{"href":"https:\/\/turkishtrade.co\/tr\/wp-json\/wp\/v2\/product\/5486","targetHints":{"allow":["GET"]}}],"collection":[{"href":"https:\/\/turkishtrade.co\/tr\/wp-json\/wp\/v2\/product"}],"about":[{"href":"https:\/\/turkishtrade.co\/tr\/wp-json\/wp\/v2\/types\/product"}],"wp:featuredmedia":[{"embeddable":true,"href":"https:\/\/turkishtrade.co\/tr\/wp-json\/wp\/v2\/media\/3686"}],"wp:attachment":[{"href":"https:\/\/turkishtrade.co\/tr\/wp-json\/wp\/v2\/media?parent=5486"}],"wp:term":[{"taxonomy":"product_brand","embeddable":true,"href":"https:\/\/turkishtrade.co\/tr\/wp-json\/wp\/v2\/product_brand?post=5486"},{"taxonomy":"product_cat","embeddable":true,"href":"https:\/\/turkishtrade.co\/tr\/wp-json\/wp\/v2\/product_cat?post=5486"},{"taxonomy":"product_tag","embeddable":true,"href":"https:\/\/turkishtrade.co\/tr\/wp-json\/wp\/v2\/product_tag?post=5486"}],"curies":[{"name":"wp","href":"https:\/\/api.w.org\/{rel}","templated":true}]}}