{"id":5478,"date":"2026-01-14T12:05:11","date_gmt":"2026-01-14T12:05:11","guid":{"rendered":"https:\/\/turkishtrade.co\/product\/mens-brown-leather-derby-shoes-3\/"},"modified":"2026-04-09T19:33:12","modified_gmt":"2026-04-09T19:33:12","slug":"mens-brown-leather-derby-shoes-3","status":"publish","type":"product","link":"https:\/\/turkishtrade.co\/tr\/shop\/mens-brown-leather-derby-shoes-3\/","title":{"rendered":"Klasik Erkek Kahverengi Dana Derisi Derby Ayakkab\u0131"},"content":{"rendered":"<p><strong>Erkek Kahverengi Deri Derby Ayakkab\u0131<\/strong><\/p>\n<p>Bu <strong>Erkek Kahverengi Deri Derby Ayakkab\u0131<\/strong> zamans\u0131z \u015f\u0131kl\u0131\u011f\u0131n ve \u00fcst\u00fcn i\u015f\u00e7ili\u011fin bir \u00f6rne\u011fidir. Hem stil hem de konfora de\u011fer veren modern beyefendiler i\u00e7in tasarlanan bu klasik <strong>Erkek Kahverengi Deri Derby Ayakkab\u0131<\/strong> her sofistike gard\u0131rop i\u00e7in olmazsa olmaz bir eklentidir. Her bir \u00e7ift, benzersiz bir kullan\u0131m deneyimi sunmak i\u00e7in titizlikle \u00fcretilmi\u015ftir ve gitti\u011finiz her yerde kal\u0131c\u0131 bir etki b\u0131rakman\u0131z\u0131 sa\u011flar. Bunlar sadece ayakkab\u0131 de\u011fil; kal\u0131c\u0131 stil ve kaliteli ayakkab\u0131lara yap\u0131lan bir yat\u0131r\u0131md\u0131r.<\/p>\n<h3>E\u015fsiz \u0130\u015f\u00e7ilik ve Birinci S\u0131n\u0131f Malzemeler<\/h3>\n<p>Enfes \u00fcr\u00fcnlerimizle ger\u00e7ek kalitenin yaratt\u0131\u011f\u0131 fark\u0131 ya\u015fay\u0131n <strong>Erkek Kahverengi Deri Derby Ayakkab\u0131<\/strong>. D\u0131\u015f y\u00fczey, esnek dokusu, zengin cilas\u0131 ve ola\u011fan\u00fcst\u00fc dayan\u0131kl\u0131l\u0131\u011f\u0131yla bilinen birinci s\u0131n\u0131f dana derisinden ustal\u0131kla \u00fcretilmi\u015ftir. Bu zarif deri zaman i\u00e7inde g\u00fczel bir patina geli\u015ftirir ve \u00e7antan\u0131za benzersiz bir karakter katar. <strong>Erkek Kahverengi Deri Derby Ayakkab\u0131<\/strong>. Sa\u011flam d\u0131\u015f y\u00fczeyi tamamlayan i\u00e7 k\u0131s\u0131m inan\u0131lmaz yumu\u015fak ke\u00e7i derisiyle astarlanm\u0131\u015ft\u0131r ve aya\u011f\u0131n\u0131za p\u00fcr\u00fczs\u00fcz, nefes alabilir ve l\u00fcks bir his verir. \u00dcst d\u00fczey derilerin bu kombinasyonu maksimum konfor sa\u011flar ve s\u0131cakl\u0131\u011f\u0131 d\u00fczenlemeye yard\u0131mc\u0131 olarak ayaklar\u0131n\u0131z\u0131n g\u00fcn boyunca ferah hissetmesini sa\u011flar. Diki\u015f ve kaplamalardaki detaylara g\u00f6sterilen \u00f6zen, bu muhte\u015fem ayakkab\u0131lar\u0131n yarat\u0131lmas\u0131ndaki zanaatk\u00e2r becerisini vurgular.<\/p>\n<p>&nbsp;<\/p>\n<h3>Derby Ayakkab\u0131lar\u0131m\u0131zla Kal\u0131c\u0131 Tarza Yat\u0131r\u0131m Yap\u0131n<\/h3>\n<p>Premium \u00fcr\u00fcn\u00fcm\u00fcz\u00fc se\u00e7mek <strong>Erkek Kahverengi Deri Derby Ayakkab\u0131<\/strong> geleneksel ayakkab\u0131c\u0131l\u0131k de\u011ferlerini \u00e7a\u011fda\u015f konforla birle\u015ftiren bir \u00fcr\u00fcn\u00fc tercih etmek anlam\u0131na gelir. Zamans\u0131z Derby silueti, zengin kahverengi dana derisiyle birle\u015fti\u011finde bu ayakkab\u0131lar\u0131n y\u0131llarca \u015f\u0131k bir elyaf olarak kalmas\u0131n\u0131 sa\u011flar. 39'dan 45'e kadar kapsaml\u0131 bir beden yelpazesinde mevcut oldu\u011fundan, m\u00fckemmel uyumunuzu bulmak \u00e7ok kolay. Y\u00fcksek kaliteli ayakkab\u0131 stoklamak isteyen i\u015fletmeler i\u00e7in bu zarif <strong>Erkek Kahverengi Deri Derby Ayakkab\u0131<\/strong> minimum 8 \u00e7ift sipari\u015f miktar\u0131 ile toptan sat\u0131\u015f i\u00e7in mevcuttur. Bu ola\u011fan\u00fcst\u00fc ayakkab\u0131larla ayakkab\u0131 koleksiyonunuzu geli\u015ftirin veya se\u00e7ici m\u00fc\u015fterilerinize klasik stil ve konforun en iyisini sunun <strong>Erkek Kahverengi Deri Derby Ayakkab\u0131<\/strong>.<\/p>","protected":false},"excerpt":{"rendered":"<ul>\n<li><strong>Premium Malzeme:<\/strong> \u00dcst\u00fcn konfor ve nefes alabilirlik i\u00e7in l\u00fcks dana derisi d\u0131\u015f y\u00fczey ve yumu\u015fak ke\u00e7i derisi i\u00e7 k\u0131s\u0131m.<\/li>\n<li><strong>Dayan\u0131kl\u0131 Taban:<\/strong> Uzun \u00f6m\u00fcrl\u00fc kullan\u0131m ve m\u00fckemmel yast\u0131klama i\u00e7in hafif ama sa\u011flam EVA taban.<\/li>\n<li><strong>Klasik Tasar\u0131m:<\/strong> Zarif ba\u011fc\u0131kl\u0131 Derby stili, hem resmi hem de \u015f\u0131k g\u00fcndelik durumlar i\u00e7in m\u00fckemmeldir.<\/li>\n<li><strong>Rahat Topuk:<\/strong> Yorulmadan t\u00fcm g\u00fcn kullan\u0131m i\u00e7in 1-3 cm'lik rahat topuk y\u00fcksekli\u011fine sahiptir.<\/li>\n<li><strong>Mevcut Boyutlar:<\/strong> Her beyefendiye m\u00fckemmel uyum sa\u011flamak i\u00e7in 39 ila 45 aras\u0131nda geni\u015f bir aral\u0131k.<\/li>\n<li><strong>Toplu Bulunabilirlik:<\/strong> Minimum 8 \u00e7ift sipari\u015f, toptan ve perakende sat\u0131\u015f ortaklar\u0131 i\u00e7in idealdir.<\/li>\n<\/ul>","protected":false},"featured_media":3680,"template":"","meta":{"_acf_changed":false,"_uag_custom_page_level_css":"","site-sidebar-layout":"default","site-content-layout":"","ast-site-content-layout":"default","site-content-style":"default","site-sidebar-style":"default","ast-global-header-display":"","ast-banner-title-visibility":"","ast-main-header-display":"","ast-hfb-above-header-display":"","ast-hfb-below-header-display":"","ast-hfb-mobile-header-display":"","site-post-title":"","ast-breadcrumbs-content":"","ast-featured-img":"","footer-sml-layout":"","ast-disable-related-posts":"","theme-transparent-header-meta":"default","adv-header-id-meta":"","stick-header-meta":"","header-above-stick-meta":"","header-main-stick-meta":"","header-below-stick-meta":"","astra-migrate-meta-layouts":"set","ast-page-background-enabled":"default","ast-page-background-meta":{"desktop":{"background-color":"var(--ast-global-color-4)","background-image":"","background-repeat":"repeat","background-position":"center center","background-size":"auto","background-attachment":"scroll","background-type":"","background-media":"","overlay-type":"","overlay-color":"","overlay-opacity":"","overlay-gradient":""},"tablet":{"background-color":"","background-image":"","background-repeat":"repeat","background-position":"center center","background-size":"auto","background-attachment":"scroll","background-type":"","background-media":"","overlay-type":"","overlay-color":"","overlay-opacity":"","overlay-gradient":""},"mobile":{"background-color":"","background-image":"","background-repeat":"repeat","background-position":"center center","background-size":"auto","background-attachment":"scroll","background-type":"","background-media":"","overlay-type":"","overlay-color":"","overlay-opacity":"","overlay-gradient":""}},"ast-content-background-meta":{"desktop":{"background-color":"var(--ast-global-color-5)","background-image":"","background-repeat":"repeat","background-position":"center center","background-size":"auto","background-attachment":"scroll","background-type":"","background-media":"","overlay-type":"","overlay-color":"","overlay-opacity":"","overlay-gradient":""},"tablet":{"background-color":"var(--ast-global-color-5)","background-image":"","background-repeat":"repeat","background-position":"center center","background-size":"auto","background-attachment":"scroll","background-type":"","background-media":"","overlay-type":"","overlay-color":"","overlay-opacity":"","overlay-gradient":""},"mobile":{"background-color":"var(--ast-global-color-5)","background-image":"","background-repeat":"repeat","background-position":"center center","background-size":"auto","background-attachment":"scroll","background-type":"","background-media":"","overlay-type":"","overlay-color":"","overlay-opacity":"","overlay-gradient":""}}},"product_brand":[],"product_cat":[47,430,40],"product_tag":[613,405,185,754,480,438,251,189,324,198,286,362,280,281],"class_list":{"0":"post-5478","1":"product","2":"type-product","3":"status-publish","4":"has-post-thumbnail","6":"product_cat-classic","7":"product_cat-men","8":"product_cat-mens-shoes","9":"product_tag-brown-derby-shoes","10":"product_tag-business-shoes","11":"product_tag-calf-leather-shoes","12":"product_tag-classic-mens-shoes","13":"product_tag-elegant-shoes","14":"product_tag-eva-sole","15":"product_tag-formal-shoes","16":"product_tag-goat-leather-lining","17":"product_tag-mens-dress-shoes","18":"product_tag-mens-fashion","19":"product_tag-mens-leather-shoes","20":"product_tag-premium-footwear","21":"product_tag-smart-casual-shoes","22":"product_tag-wholesale-shoes","23":"desktop-align-center","24":"tablet-align-center","25":"mobile-align-center","27":"first","28":"instock","29":"shipping-taxable","30":"purchasable","31":"product-type-variable","32":"has-default-attributes"},"acf":[],"uagb_featured_image_src":{"full":["https:\/\/turkishtrade.co\/wp-content\/uploads\/2026\/01\/2400EJOMN00126-BROWN-K_875.png",453,250,false],"thumbnail":["https:\/\/turkishtrade.co\/wp-content\/uploads\/2026\/01\/2400EJOMN00126-BROWN-K_875.png",150,83,false],"medium":["https:\/\/turkishtrade.co\/wp-content\/uploads\/2026\/01\/2400EJOMN00126-BROWN-K_875.png",300,166,false],"medium_large":["https:\/\/turkishtrade.co\/wp-content\/uploads\/2026\/01\/2400EJOMN00126-BROWN-K_875.png",453,250,false],"large":["https:\/\/turkishtrade.co\/wp-content\/uploads\/2026\/01\/2400EJOMN00126-BROWN-K_875.png",453,250,false],"1536x1536":["https:\/\/turkishtrade.co\/wp-content\/uploads\/2026\/01\/2400EJOMN00126-BROWN-K_875.png",453,250,false],"2048x2048":["https:\/\/turkishtrade.co\/wp-content\/uploads\/2026\/01\/2400EJOMN00126-BROWN-K_875.png",453,250,false],"trp-custom-language-flag":["https:\/\/turkishtrade.co\/wp-content\/uploads\/2026\/01\/2400EJOMN00126-BROWN-K_875.png",18,10,false],"woocommerce_thumbnail":["https:\/\/turkishtrade.co\/wp-content\/uploads\/2026\/01\/2400EJOMN00126-BROWN-K_875-400x250.png",400,250,true],"woocommerce_single":["https:\/\/turkishtrade.co\/wp-content\/uploads\/2026\/01\/2400EJOMN00126-BROWN-K_875.png",453,250,false],"woocommerce_gallery_thumbnail":["https:\/\/turkishtrade.co\/wp-content\/uploads\/2026\/01\/2400EJOMN00126-BROWN-K_875-100x100.png",100,100,true]},"uagb_author_info":{"display_name":"yaser olabi","author_link":"https:\/\/turkishtrade.co\/tr\/author\/"},"uagb_comment_info":0,"uagb_excerpt":"Premium Material: Luxurious calf leather exterior and soft goat leather interior for superior comfort and breathability. Durable Sole: Lightweight yet robust EVA sole for long-lasting wear and excellent cushioning. Classic Design: Elegant lace-up Derby style perfect for both formal and smart-casual occasions. Comfortable Heel: Features a comfortable 1-3 cm heel height for all-day wear without&hellip;","_links":{"self":[{"href":"https:\/\/turkishtrade.co\/tr\/wp-json\/wp\/v2\/product\/5478","targetHints":{"allow":["GET"]}}],"collection":[{"href":"https:\/\/turkishtrade.co\/tr\/wp-json\/wp\/v2\/product"}],"about":[{"href":"https:\/\/turkishtrade.co\/tr\/wp-json\/wp\/v2\/types\/product"}],"wp:featuredmedia":[{"embeddable":true,"href":"https:\/\/turkishtrade.co\/tr\/wp-json\/wp\/v2\/media\/3680"}],"wp:attachment":[{"href":"https:\/\/turkishtrade.co\/tr\/wp-json\/wp\/v2\/media?parent=5478"}],"wp:term":[{"taxonomy":"product_brand","embeddable":true,"href":"https:\/\/turkishtrade.co\/tr\/wp-json\/wp\/v2\/product_brand?post=5478"},{"taxonomy":"product_cat","embeddable":true,"href":"https:\/\/turkishtrade.co\/tr\/wp-json\/wp\/v2\/product_cat?post=5478"},{"taxonomy":"product_tag","embeddable":true,"href":"https:\/\/turkishtrade.co\/tr\/wp-json\/wp\/v2\/product_tag?post=5478"}],"curies":[{"name":"wp","href":"https:\/\/api.w.org\/{rel}","templated":true}]}}