{"id":5476,"date":"2026-01-14T12:04:55","date_gmt":"2026-01-14T12:04:55","guid":{"rendered":"https:\/\/turkishtrade.co\/product\/men-s-leather-monk-strap-shoes\/"},"modified":"2026-04-09T19:33:14","modified_gmt":"2026-04-09T19:33:14","slug":"mens-leather-monk-strap-shoes-4","status":"publish","type":"product","link":"https:\/\/turkishtrade.co\/tr\/shop\/mens-leather-monk-strap-shoes-4\/","title":{"rendered":"Premium Kahverengi Dana Derisi Tekli Monk Kay\u0131\u015fl\u0131 Ayakkab\u0131"},"content":{"rendered":"<p><strong>Erkek Deri Monk Strap Ayakkab\u0131<\/strong><\/p>\n<p>\u00dcst\u00fcn kaliteli \u00fcr\u00fcnlerimizle gard\u0131robunuzu <b>Erkek Deri Monk Strap Ayakkab\u0131<\/b>, klasik stil ve modern konforun m\u00fckemmel bir kar\u0131\u015f\u0131m\u0131d\u0131r. Sofistike bireyler i\u00e7in tasarlanan bu ayakkab\u0131lar sadece bir ayakkab\u0131 de\u011fil; zarafet ve kalitenin ifadesidir. Bu ola\u011fan\u00fcst\u00fc ayakkab\u0131lar\u0131n her bir \u00e7ifti <b>erkek tek kay\u0131\u015fl\u0131 ayakkab\u0131<\/b> \u00fcst\u00fcn i\u015f\u00e7ili\u011fin bir kan\u0131t\u0131d\u0131r ve ister i\u015f ister resmi ortamlarda g\u00fcvenle d\u0131\u015far\u0131 \u00e7\u0131kman\u0131z\u0131 sa\u011flar.<\/p>\n<h3>Rakipsiz \u0130\u015f\u00e7ilik ve Birinci S\u0131n\u0131f Malzemeler<\/h3>\n<p>Tek kay\u0131\u015fl\u0131 ayakkab\u0131lar\u0131m\u0131z yaln\u0131zca en iyi malzemeler kullan\u0131larak titizlikle \u00fcretilmi\u015ftir. D\u0131\u015f y\u00fczey, p\u00fcr\u00fczs\u00fcz dokusu, dayan\u0131kl\u0131l\u0131\u011f\u0131 ve l\u00fcks g\u00f6r\u00fcn\u00fcm\u00fcyle tan\u0131nan esnek dana derisinden \u00fcretilmi\u015ftir. Bu y\u00fcksek kaliteli dana derisi, ayakkab\u0131lar\u0131n\u0131z\u0131n <b>erkek deri tek kay\u0131\u015fl\u0131 ayakkab\u0131<\/b> sadece zarif g\u00f6r\u00fcnmekle kalmaz, ayn\u0131 zamanda a\u015f\u0131nma ile zengin bir patina geli\u015ftirerek zamana kar\u015f\u0131 da dayan\u0131kl\u0131d\u0131r. Sa\u011flam d\u0131\u015f y\u00fczeyi tamamlayan i\u00e7 k\u0131s\u0131m, benzersiz bir konfor ve nefes alabilirlik d\u00fczeyi sa\u011flayan yumu\u015fak ke\u00e7i derisiyle astarlanm\u0131\u015ft\u0131r. Bu \u00f6zenli kombinasyon, g\u00fcn boyunca keyifli bir kullan\u0131m deneyimini garanti ederek bu ayakkab\u0131lar\u0131 <b>deri tek kay\u0131\u015fl\u0131 ayakkab\u0131<\/b> ayaklar\u0131n\u0131z i\u00e7in ger\u00e7ek bir zevk.<\/p>\n<h3>Konfor ve Stil i\u00e7in Tasarland\u0131<\/h3>\n<p>Bunlar\u0131n se\u00e7kin tasar\u0131m\u0131 <b>erkek deri tek kay\u0131\u015fl\u0131 ayakkab\u0131<\/b> klasik tek tokaya sahiptir ve geleneksel ba\u011fc\u0131kl\u0131 ayakkab\u0131lardan ay\u0131ran \u015f\u0131k, minimalist bir estetik sunar. Zengin kahverengi tonu \u00e7ok y\u00f6nl\u00fcl\u00fck katarak keskin i\u015f tak\u0131mlar\u0131ndan daha rahat, \u015f\u0131k g\u00fcndelik k\u0131yafetlere kadar geni\u015f bir yelpazedeki k\u0131yafetlerle e\u015fle\u015ftirmek i\u00e7in ideal bir se\u00e7imdir. Microlight taban, hafif esneklik ve m\u00fckemmel tutu\u015f i\u00e7in tasarlanm\u0131\u015ft\u0131r ve her ad\u0131mda denge ve kolayl\u0131k sa\u011flar. 1-3 cm'lik rahat topuk y\u00fcksekli\u011fi ile bu ayakkab\u0131lar, konfordan \u00f6d\u00fcn vermeden do\u011fru y\u00fckseli\u015fi sa\u011flar.<\/p>\n<h3>Dikkatli Al\u0131c\u0131lar i\u00e7in Mevcut<\/h3>\n<p>Bu ince i\u015f\u00e7ilikle \u00fcretilmi\u015f \u00fcr\u00fcnlerle benzersiz konforu ya\u015fay\u0131n <b>erkek deri tek kay\u0131\u015fl\u0131 ayakkab\u0131<\/b>, Her beyefendiye m\u00fckemmel bir uyum sa\u011flamak i\u00e7in 39 ila 45 aras\u0131nda kapsaml\u0131 bir beden aral\u0131\u011f\u0131nda mevcuttur. M\u00fc\u015fterilerine birinci s\u0131n\u0131f ayakkab\u0131lar sunmak isteyen perakendeciler ve i\u015fletmeler i\u00e7in bu l\u00fcks ayakkab\u0131lar\u0131, botlar hari\u00e7, \u00e7ift ba\u015f\u0131na USD gibi rekabet\u00e7i bir fiyatla sunuyoruz. Minimum 8 \u00e7iftlik toptan sipari\u015fleri kar\u015f\u0131layarak y\u00fcksek kaliteli, talep g\u00f6ren ayakkab\u0131lar\u0131 stoklaman\u0131z\u0131 kolayla\u015ft\u0131r\u0131yoruz. Enfes sipari\u015finizi garantilemek i\u00e7in 12 g\u00fcn art\u0131 nakliye i\u00e7inde verimli teslimat bekleyin <b>erkek deri tek kay\u0131\u015fl\u0131 ayakkab\u0131<\/b> size hemen ula\u015f\u0131r.<\/p>","protected":false},"excerpt":{"rendered":"<p>Se\u00e7kin beyefendiler i\u00e7in titizlikle haz\u0131rlanm\u0131\u015f zarif erkek deri tek kay\u0131\u015fl\u0131 ayakkab\u0131lar\u0131m\u0131zla \u00fcst\u00fcn konforu ve zamans\u0131z stili deneyimleyin.<\/p>\n<ul>\n<li>Kal\u0131c\u0131 \u015f\u0131kl\u0131k ve dayan\u0131kl\u0131l\u0131k i\u00e7in Premium Dana Derisi D\u0131\u015f Y\u00fczey<\/li>\n<li>\u00dcst\u00fcn konfor i\u00e7in yumu\u015fak, nefes alabilen ke\u00e7i derisi i\u00e7 k\u0131s\u0131m<\/li>\n<li>Esnek ve kolay kullan\u0131m i\u00e7in hafif Microlight Taban<\/li>\n<li>Zarif tokal\u0131 \u015e\u0131k Tek Monk Kay\u0131\u015f Tasar\u0131m\u0131<\/li>\n<li>1-3 cm Rahat Topuk Y\u00fcksekli\u011fi<\/li>\n<li>Kapsaml\u0131 bir beden yelpazesinde mevcuttur: 39-45<\/li>\n<li>Toplu Kullan\u0131labilirlik: Minimum Sipari\u015f Miktar\u0131 8 \u00c7ift<\/li>\n<li>Etkili Teslimat: 12 G\u00fcn + Kargo<\/li>\n<\/ul>","protected":false},"featured_media":3642,"template":"","meta":{"_acf_changed":false,"_uag_custom_page_level_css":"","site-sidebar-layout":"default","site-content-layout":"","ast-site-content-layout":"default","site-content-style":"default","site-sidebar-style":"default","ast-global-header-display":"","ast-banner-title-visibility":"","ast-main-header-display":"","ast-hfb-above-header-display":"","ast-hfb-below-header-display":"","ast-hfb-mobile-header-display":"","site-post-title":"","ast-breadcrumbs-content":"","ast-featured-img":"","footer-sml-layout":"","ast-disable-related-posts":"","theme-transparent-header-meta":"default","adv-header-id-meta":"","stick-header-meta":"","header-above-stick-meta":"","header-main-stick-meta":"","header-below-stick-meta":"","astra-migrate-meta-layouts":"set","ast-page-background-enabled":"default","ast-page-background-meta":{"desktop":{"background-color":"var(--ast-global-color-4)","background-image":"","background-repeat":"repeat","background-position":"center center","background-size":"auto","background-attachment":"scroll","background-type":"","background-media":"","overlay-type":"","overlay-color":"","overlay-opacity":"","overlay-gradient":""},"tablet":{"background-color":"","background-image":"","background-repeat":"repeat","background-position":"center center","background-size":"auto","background-attachment":"scroll","background-type":"","background-media":"","overlay-type":"","overlay-color":"","overlay-opacity":"","overlay-gradient":""},"mobile":{"background-color":"","background-image":"","background-repeat":"repeat","background-position":"center center","background-size":"auto","background-attachment":"scroll","background-type":"","background-media":"","overlay-type":"","overlay-color":"","overlay-opacity":"","overlay-gradient":""}},"ast-content-background-meta":{"desktop":{"background-color":"var(--ast-global-color-5)","background-image":"","background-repeat":"repeat","background-position":"center center","background-size":"auto","background-attachment":"scroll","background-type":"","background-media":"","overlay-type":"","overlay-color":"","overlay-opacity":"","overlay-gradient":""},"tablet":{"background-color":"var(--ast-global-color-5)","background-image":"","background-repeat":"repeat","background-position":"center center","background-size":"auto","background-attachment":"scroll","background-type":"","background-media":"","overlay-type":"","overlay-color":"","overlay-opacity":"","overlay-gradient":""},"mobile":{"background-color":"var(--ast-global-color-5)","background-image":"","background-repeat":"repeat","background-position":"center center","background-size":"auto","background-attachment":"scroll","background-type":"","background-media":"","overlay-type":"","overlay-color":"","overlay-opacity":"","overlay-gradient":""}}},"product_brand":[],"product_cat":[48,47,49,430,40],"product_tag":[218,405,185,454,251,189,351,324,466,261,787,858,281],"class_list":{"0":"post-5476","1":"product","2":"type-product","3":"status-publish","4":"has-post-thumbnail","6":"product_cat-casual","7":"product_cat-classic","8":"product_cat-loafer","9":"product_cat-men","10":"product_cat-mens-shoes","11":"product_tag-brown-shoes","12":"product_tag-business-shoes","13":"product_tag-calf-leather-shoes","14":"product_tag-elegant-footwear","15":"product_tag-formal-shoes","16":"product_tag-goat-leather-lining","17":"product_tag-leather-footwear","18":"product_tag-mens-dress-shoes","19":"product_tag-microlight-sole","20":"product_tag-monk-strap-shoes","21":"product_tag-premium-mens-shoes","22":"product_tag-single-monk","23":"product_tag-wholesale-shoes","24":"desktop-align-center","25":"tablet-align-center","26":"mobile-align-center","28":"first","29":"instock","30":"shipping-taxable","31":"purchasable","32":"product-type-variable","33":"has-default-attributes"},"acf":[],"uagb_featured_image_src":{"full":["https:\/\/turkishtrade.co\/wp-content\/uploads\/2026\/01\/2400EJOMN00423-BROWN-Y_12573.png",453,250,false],"thumbnail":["https:\/\/turkishtrade.co\/wp-content\/uploads\/2026\/01\/2400EJOMN00423-BROWN-Y_12573-150x150.png",150,150,true],"medium":["https:\/\/turkishtrade.co\/wp-content\/uploads\/2026\/01\/2400EJOMN00423-BROWN-Y_12573-300x166.png",300,166,true],"medium_large":["https:\/\/turkishtrade.co\/wp-content\/uploads\/2026\/01\/2400EJOMN00423-BROWN-Y_12573.png",453,250,false],"large":["https:\/\/turkishtrade.co\/wp-content\/uploads\/2026\/01\/2400EJOMN00423-BROWN-Y_12573.png",453,250,false],"1536x1536":["https:\/\/turkishtrade.co\/wp-content\/uploads\/2026\/01\/2400EJOMN00423-BROWN-Y_12573.png",453,250,false],"2048x2048":["https:\/\/turkishtrade.co\/wp-content\/uploads\/2026\/01\/2400EJOMN00423-BROWN-Y_12573.png",453,250,false],"trp-custom-language-flag":["https:\/\/turkishtrade.co\/wp-content\/uploads\/2026\/01\/2400EJOMN00423-BROWN-Y_12573-18x10.png",18,10,true],"woocommerce_thumbnail":["https:\/\/turkishtrade.co\/wp-content\/uploads\/2026\/01\/2400EJOMN00423-BROWN-Y_12573-400x250.png",400,250,true],"woocommerce_single":["https:\/\/turkishtrade.co\/wp-content\/uploads\/2026\/01\/2400EJOMN00423-BROWN-Y_12573.png",453,250,false],"woocommerce_gallery_thumbnail":["https:\/\/turkishtrade.co\/wp-content\/uploads\/2026\/01\/2400EJOMN00423-BROWN-Y_12573-100x100.png",100,100,true]},"uagb_author_info":{"display_name":"yaser olabi","author_link":"https:\/\/turkishtrade.co\/tr\/author\/"},"uagb_comment_info":0,"uagb_excerpt":"Experience superior comfort and timeless style with our exquisite men's leather monk strap shoes, meticulously crafted for the discerning gentleman. Premium Calf Leather Exterior for lasting elegance and durability Soft, Breathable Goat Leather Interior for ultimate comfort Lightweight Microlight Sole for flexible and easy wear Stylish Single Monk Strap Design with a refined buckle Comfortable&hellip;","_links":{"self":[{"href":"https:\/\/turkishtrade.co\/tr\/wp-json\/wp\/v2\/product\/5476","targetHints":{"allow":["GET"]}}],"collection":[{"href":"https:\/\/turkishtrade.co\/tr\/wp-json\/wp\/v2\/product"}],"about":[{"href":"https:\/\/turkishtrade.co\/tr\/wp-json\/wp\/v2\/types\/product"}],"wp:featuredmedia":[{"embeddable":true,"href":"https:\/\/turkishtrade.co\/tr\/wp-json\/wp\/v2\/media\/3642"}],"wp:attachment":[{"href":"https:\/\/turkishtrade.co\/tr\/wp-json\/wp\/v2\/media?parent=5476"}],"wp:term":[{"taxonomy":"product_brand","embeddable":true,"href":"https:\/\/turkishtrade.co\/tr\/wp-json\/wp\/v2\/product_brand?post=5476"},{"taxonomy":"product_cat","embeddable":true,"href":"https:\/\/turkishtrade.co\/tr\/wp-json\/wp\/v2\/product_cat?post=5476"},{"taxonomy":"product_tag","embeddable":true,"href":"https:\/\/turkishtrade.co\/tr\/wp-json\/wp\/v2\/product_tag?post=5476"}],"curies":[{"name":"wp","href":"https:\/\/api.w.org\/{rel}","templated":true}]}}