{"id":5471,"date":"2026-01-14T12:04:16","date_gmt":"2026-01-14T12:04:16","guid":{"rendered":"https:\/\/turkishtrade.co\/product\/mens-black-patent-loafer-2\/"},"modified":"2026-04-09T19:33:23","modified_gmt":"2026-04-09T19:33:23","slug":"mens-black-patent-loafer-2","status":"publish","type":"product","link":"https:\/\/turkishtrade.co\/tr\/shop\/mens-black-patent-loafer-2\/","title":{"rendered":"Erkek L\u00fcks Siyah Rugan Tokal\u0131 Loafer"},"content":{"rendered":"<p><strong>Erkek Siyah Patent Loafer<\/strong><\/p>\n<p>Enfes \u00fcr\u00fcnlerimizle benzersiz bir sofistike ortama ad\u0131m at\u0131n <strong>Erkek Siyah Rugan Loafer<\/strong>. Se\u00e7kin beyefendiler i\u00e7in tasarlanan bu l\u00fcks mokasen ayakkab\u0131lar, klasik stili modern zarafetle zahmetsizce harmanl\u0131yor. Bu birinci s\u0131n\u0131f ayakkab\u0131lar\u0131n her bir \u00e7ifti <strong>erkek si\u0307yah rugan mokasen<\/strong> titizlikle haz\u0131rlanm\u0131\u015f, \u00fcst\u00fcn sanat ve detaylara g\u00f6sterilen \u00f6zen sergilenmi\u015ftir.<\/p>\n<p>Bu \u00e7arp\u0131c\u0131 ayakkab\u0131lar\u0131n d\u0131\u015f y\u00fczeyi y\u00fcksek kaliteli dana derisinden \u00fcretilmi\u015ftir ve dikkat \u00e7eken parlak rugan bir y\u00fczey elde etmek i\u00e7in ustal\u0131kla i\u015flenmi\u015ftir. Zengin siyah tonu, \u015f\u0131k tasar\u0131m\u0131 m\u00fckemmel bir \u015fekilde tamamlayarak bu ayakkab\u0131lar\u0131 <strong>erkek si\u0307yah rugan mokasen<\/strong> Resmi etkinlikler, i\u015f toplant\u0131lar\u0131 veya kal\u0131c\u0131 bir izlenim b\u0131rakman\u0131n \u00f6nemli oldu\u011fu her durum i\u00e7in ideal bir se\u00e7imdir. Ayakkab\u0131n\u0131n vampir k\u0131sm\u0131n\u0131 s\u00fcsleyen alt\u0131n tonlu toka, genel esteti\u011fe zarif bir zenginlik ve benzersizlik kat\u0131yor.<\/p>\n<h3>Rakipsiz Konfor ve Kalite<\/h3>\n<p>Konfor her \u015feyden \u00f6nemlidir, bu nedenle i\u00e7 k\u0131s\u0131m esnek ke\u00e7i derisiyle kaplanm\u0131\u015ft\u0131r ve zamanla aya\u011f\u0131n\u0131za uyum sa\u011flayan yumu\u015fak, nefes alabilen ve inan\u0131lmaz rahat bir uyum sa\u011flar. Mikro hafif taban, esneklik veya a\u011f\u0131rl\u0131ktan \u00f6d\u00fcn vermeden m\u00fckemmel dayan\u0131kl\u0131l\u0131k sunarak g\u00fcn boyunca hareket kolayl\u0131\u011f\u0131 sa\u011flar. Topuk y\u00fcksekli\u011fi 1-3 cm aras\u0131nda de\u011fi\u015fen bu mokasen ayakkab\u0131, sofistike profilini korurken hafif bir y\u00fckselti sa\u011flar.<\/p>\n<h3>M\u00fckemmel Uyum, M\u00fckemmel Durum<\/h3>\n<p>39'dan 45'e kadar geni\u015f bir beden yelpazesinde sunulan bu l\u00fcks <strong>erkek si\u0307yah rugan mokasen<\/strong> geni\u015f bir m\u00fc\u015fteri yelpazesine uyacak \u015fekilde tasarlanm\u0131\u015ft\u0131r. \u0130ster siyah kravatl\u0131 bir etkinlik, ister bir d\u00fc\u011f\u00fcn i\u00e7in giyiniyor olun, ister sadece g\u00fcnl\u00fck i\u015f k\u0131yafetinizi y\u00fckseltiyor olun, bu mokasenler m\u00fckemmel bir se\u00e7imdir. Onlar sadece ayakkab\u0131 de\u011fil; rafine bir zevkin ve kal\u0131c\u0131 kalitenin ifadesidir.<\/p>\n<h3>Perakendeciler i\u00e7in Toplu Bulunabilirlik<\/h3>\n<p>Perakendeciler ve toplu al\u0131c\u0131lar i\u00e7in bu istisnai \u00fcr\u00fcnler <strong>erkek si\u0307yah rugan mokasen<\/strong> minimum 8 \u00e7ift sipari\u015f miktar\u0131yla sunulur ve envanterinizi ger\u00e7ekten birinci s\u0131n\u0131f bir \u00fcr\u00fcnle stoklayabilmenizi sa\u011flar. Sadece rugan mokasenlerimizin sunabilece\u011fi l\u00fcks, konfor ve zamans\u0131z stilin birle\u015fimini deneyimleyin. Bug\u00fcn sipari\u015f verin ve ayakkab\u0131 koleksiyonunuza bu muhte\u015fem eklemeleri almak i\u00e7in \u00fcretim ve nakliye i\u00e7in 12 g\u00fcn bekleyin.<\/p>","protected":false},"excerpt":{"rendered":"<ul>\n<li><b>D\u0131\u015far\u0131dan:<\/b> Patent Kaplamal\u0131 Premium Dana Derisi<\/li>\n<li><b>\u0130\u00e7 mekan:<\/b> Yumu\u015fak Ke\u00e7i Derisi Astar<\/li>\n<li><b>Taban:<\/b> Hafif Mikrolight<\/li>\n<li><b>Topuk Y\u00fcksekli\u011fi:<\/b> Hafif y\u00fckselme i\u00e7in 1-3 cm<\/li>\n<li><b>Mevcut Boyutlar:<\/b> 39, 40, 41, 42, 43, 44, 45<\/li>\n<li><b>Minimum Sipari\u015f Miktar\u0131:<\/b> 8 \u00c7ift<\/li>\n<li><b>Teslim S\u00fcresi:<\/b> 12 G\u00fcn + Kargo<\/li>\n<\/ul>","protected":false},"featured_media":3676,"template":"","meta":{"_acf_changed":false,"_uag_custom_page_level_css":"","site-sidebar-layout":"default","site-content-layout":"","ast-site-content-layout":"default","site-content-style":"default","site-sidebar-style":"default","ast-global-header-display":"","ast-banner-title-visibility":"","ast-main-header-display":"","ast-hfb-above-header-display":"","ast-hfb-below-header-display":"","ast-hfb-mobile-header-display":"","site-post-title":"","ast-breadcrumbs-content":"","ast-featured-img":"","footer-sml-layout":"","ast-disable-related-posts":"","theme-transparent-header-meta":"default","adv-header-id-meta":"","stick-header-meta":"","header-above-stick-meta":"","header-main-stick-meta":"","header-below-stick-meta":"","astra-migrate-meta-layouts":"set","ast-page-background-enabled":"default","ast-page-background-meta":{"desktop":{"background-color":"var(--ast-global-color-4)","background-image":"","background-repeat":"repeat","background-position":"center center","background-size":"auto","background-attachment":"scroll","background-type":"","background-media":"","overlay-type":"","overlay-color":"","overlay-opacity":"","overlay-gradient":""},"tablet":{"background-color":"","background-image":"","background-repeat":"repeat","background-position":"center center","background-size":"auto","background-attachment":"scroll","background-type":"","background-media":"","overlay-type":"","overlay-color":"","overlay-opacity":"","overlay-gradient":""},"mobile":{"background-color":"","background-image":"","background-repeat":"repeat","background-position":"center center","background-size":"auto","background-attachment":"scroll","background-type":"","background-media":"","overlay-type":"","overlay-color":"","overlay-opacity":"","overlay-gradient":""}},"ast-content-background-meta":{"desktop":{"background-color":"var(--ast-global-color-5)","background-image":"","background-repeat":"repeat","background-position":"center center","background-size":"auto","background-attachment":"scroll","background-type":"","background-media":"","overlay-type":"","overlay-color":"","overlay-opacity":"","overlay-gradient":""},"tablet":{"background-color":"var(--ast-global-color-5)","background-image":"","background-repeat":"repeat","background-position":"center center","background-size":"auto","background-attachment":"scroll","background-type":"","background-media":"","overlay-type":"","overlay-color":"","overlay-opacity":"","overlay-gradient":""},"mobile":{"background-color":"var(--ast-global-color-5)","background-image":"","background-repeat":"repeat","background-position":"center center","background-size":"auto","background-attachment":"scroll","background-type":"","background-media":"","overlay-type":"","overlay-color":"","overlay-opacity":"","overlay-gradient":""}}},"product_brand":[],"product_cat":[48,47,49,430,40],"product_tag":[668,315,202,284,480,251,437,217,198,186,466,917,281],"class_list":{"0":"post-5471","1":"product","2":"type-product","3":"status-publish","4":"has-post-thumbnail","6":"product_cat-casual","7":"product_cat-classic","8":"product_cat-loafer","9":"product_cat-men","10":"product_cat-mens-shoes","11":"product_tag-black-patent-leather","12":"product_tag-buckle-loafers","13":"product_tag-calf-leather","14":"product_tag-dress-shoes","15":"product_tag-elegant-shoes","16":"product_tag-formal-shoes","17":"product_tag-goat-leather","18":"product_tag-luxury-footwear","19":"product_tag-mens-fashion","20":"product_tag-mens-loafers","21":"product_tag-microlight-sole","22":"product_tag-premium-quality","23":"product_tag-wholesale-shoes","24":"desktop-align-center","25":"tablet-align-center","26":"mobile-align-center","28":"first","29":"instock","30":"shipping-taxable","31":"purchasable","32":"product-type-variable","33":"has-default-attributes"},"acf":[],"uagb_featured_image_src":{"full":["https:\/\/turkishtrade.co\/wp-content\/uploads\/2026\/01\/2400EJOMN00193-BLACK-SL_01.png",453,250,false],"thumbnail":["https:\/\/turkishtrade.co\/wp-content\/uploads\/2026\/01\/2400EJOMN00193-BLACK-SL_01-150x150.png",150,150,true],"medium":["https:\/\/turkishtrade.co\/wp-content\/uploads\/2026\/01\/2400EJOMN00193-BLACK-SL_01-300x166.png",300,166,true],"medium_large":["https:\/\/turkishtrade.co\/wp-content\/uploads\/2026\/01\/2400EJOMN00193-BLACK-SL_01.png",453,250,false],"large":["https:\/\/turkishtrade.co\/wp-content\/uploads\/2026\/01\/2400EJOMN00193-BLACK-SL_01.png",453,250,false],"1536x1536":["https:\/\/turkishtrade.co\/wp-content\/uploads\/2026\/01\/2400EJOMN00193-BLACK-SL_01.png",453,250,false],"2048x2048":["https:\/\/turkishtrade.co\/wp-content\/uploads\/2026\/01\/2400EJOMN00193-BLACK-SL_01.png",453,250,false],"trp-custom-language-flag":["https:\/\/turkishtrade.co\/wp-content\/uploads\/2026\/01\/2400EJOMN00193-BLACK-SL_01-18x10.png",18,10,true],"woocommerce_thumbnail":["https:\/\/turkishtrade.co\/wp-content\/uploads\/2026\/01\/2400EJOMN00193-BLACK-SL_01-400x250.png",400,250,true],"woocommerce_single":["https:\/\/turkishtrade.co\/wp-content\/uploads\/2026\/01\/2400EJOMN00193-BLACK-SL_01.png",453,250,false],"woocommerce_gallery_thumbnail":["https:\/\/turkishtrade.co\/wp-content\/uploads\/2026\/01\/2400EJOMN00193-BLACK-SL_01-100x100.png",100,100,true]},"uagb_author_info":{"display_name":"yaser olabi","author_link":"https:\/\/turkishtrade.co\/tr\/author\/"},"uagb_comment_info":0,"uagb_excerpt":"Exterior: Premium Calf Leather with Patent Finish Interior: Soft Goat Leather Lining Sole: Lightweight Microlight Heel Height: 1-3 cm for subtle elevation Available Sizes: 39, 40, 41, 42, 43, 44, 45 Minimum Order Quantity: 8 Pairs Lead Time: 12 Days + Shipping","_links":{"self":[{"href":"https:\/\/turkishtrade.co\/tr\/wp-json\/wp\/v2\/product\/5471","targetHints":{"allow":["GET"]}}],"collection":[{"href":"https:\/\/turkishtrade.co\/tr\/wp-json\/wp\/v2\/product"}],"about":[{"href":"https:\/\/turkishtrade.co\/tr\/wp-json\/wp\/v2\/types\/product"}],"wp:featuredmedia":[{"embeddable":true,"href":"https:\/\/turkishtrade.co\/tr\/wp-json\/wp\/v2\/media\/3676"}],"wp:attachment":[{"href":"https:\/\/turkishtrade.co\/tr\/wp-json\/wp\/v2\/media?parent=5471"}],"wp:term":[{"taxonomy":"product_brand","embeddable":true,"href":"https:\/\/turkishtrade.co\/tr\/wp-json\/wp\/v2\/product_brand?post=5471"},{"taxonomy":"product_cat","embeddable":true,"href":"https:\/\/turkishtrade.co\/tr\/wp-json\/wp\/v2\/product_cat?post=5471"},{"taxonomy":"product_tag","embeddable":true,"href":"https:\/\/turkishtrade.co\/tr\/wp-json\/wp\/v2\/product_tag?post=5471"}],"curies":[{"name":"wp","href":"https:\/\/api.w.org\/{rel}","templated":true}]}}