{"id":5469,"date":"2026-01-14T12:04:00","date_gmt":"2026-01-14T12:04:00","guid":{"rendered":"https:\/\/turkishtrade.co\/product\/mens-leather-horsebit-loafers-2\/"},"modified":"2026-04-09T19:33:25","modified_gmt":"2026-04-09T19:33:25","slug":"mens-leather-horsebit-loafers-2","status":"publish","type":"product","link":"https:\/\/turkishtrade.co\/tr\/shop\/mens-leather-horsebit-loafers-2\/","title":{"rendered":"Microlight Tabanl\u0131 Erkek Deri Horsebit Loafer"},"content":{"rendered":"<p><strong>Erkek Deri Horsebit Loafer<\/strong><\/p>\n<p>Klasik tarz\u0131n ve modern konforun \u00f6z\u00fcn\u00fc zarif tasar\u0131m\u0131m\u0131zla ke\u015ffedin <strong>Erkek Deri Horsebit Loafer<\/strong>. Se\u00e7kin beyefendiler i\u00e7in tasarlanan bu birinci s\u0131n\u0131f mokasen ayakkab\u0131lar, geleneksel i\u015f\u00e7ili\u011fi \u00e7a\u011fda\u015f zarafetle kusursuz bir \u015fekilde harmanl\u0131yor. Bunlar\u0131n her bir \u00e7ifti <strong>Erkek Deri Horsebit Loafer<\/strong> kalitenin bir kan\u0131t\u0131d\u0131r, d\u0131\u015far\u0131ya g\u00fcvenle ve benzersiz bir tarzla \u00e7\u0131kman\u0131z\u0131 sa\u011flar.<\/p>\n<h3>E\u015fsiz Kalite ve \u0130\u015f\u00e7ilik<\/h3>\n<p>Bizim <strong>Erkek Deri Horsebit Loafer<\/strong> sadece en iyi malzemeler kullan\u0131larak titizlikle \u00fcretilmi\u015ftir. D\u0131\u015f y\u00fczey, dayan\u0131kl\u0131l\u0131\u011f\u0131 ve l\u00fcks g\u00f6r\u00fcn\u00fcm\u00fcyle bilinen ve ya\u015fland\u0131k\u00e7a daha da iyi hale gelen zengin, esnek dana derisine sahiptir. Bu sa\u011flam d\u0131\u015f kabu\u011fu tamamlayan pel\u00fc\u015f ke\u00e7i derisi i\u00e7 k\u0131s\u0131m, g\u00fcn boyunca ayaklar\u0131n\u0131z\u0131 \u015f\u0131martan inan\u0131lmaz yumu\u015fak ve nefes alabilen bir astar sa\u011flar. Bu kombinasyon maksimum konfor ve uzun \u00f6m\u00fcrl\u00fcl\u00fck sa\u011flayarak bu mokasen ayakkab\u0131lar\u0131 gard\u0131robunuz i\u00e7in ak\u0131ll\u0131ca bir yat\u0131r\u0131m haline getirir.<\/p>\n<h3>Sofistike Tasar\u0131m ve \u00dcst\u00fcn Konfor<\/h3>\n<p>S\u0131rt k\u0131sm\u0131n\u0131 s\u00fcsleyen ay\u0131rt edici alt\u0131n tonlu at nal\u0131 detay\u0131, bu mokasen ayakkab\u0131y\u0131 basit bir slip-ons'tan bir statement par\u00e7as\u0131na y\u00fckselterek rafine bir sofistike dokunu\u015f katar. \u015e\u0131k tasar\u0131m, g\u00f6steri\u015fli bir g\u00f6r\u00fcn\u00fcmden \u00f6d\u00fcn vermeden optimum esneklik ve yast\u0131klama i\u00e7in tasarlanan hafif Microlight taban ile daha da geli\u015ftirilmi\u015ftir. Rahat 1-3 cm topuk y\u00fcksekli\u011fine sahip bu mokasen ayakkab\u0131lar, ince bir y\u00fckselti ve m\u00fckemmel destek sunarak ister ofiste, ister resmi bir etkinlikte veya g\u00fcndelik bir toplant\u0131da olun, uzun s\u00fcreli kullan\u0131m i\u00e7in m\u00fckemmeldir. 39'dan 45'e kadar kapsaml\u0131 bir beden yelpazesinde mevcut oldu\u011fundan, m\u00fckemmel uyumunuzu bulmak zahmetsizdir.<\/p>\n<h3>\u0130\u015fletmeler i\u00e7in Toptan Sat\u0131\u015f Avantaj\u0131<\/h3>\n<p>M\u00fc\u015fterilerine birinci s\u0131n\u0131f ayakkab\u0131lar sunmak isteyen i\u015fletmeler i\u00e7in <strong>Erkek Deri Horsebit Loafer<\/strong> toplu al\u0131m i\u00e7in mevcuttur. Minimum 8 \u00e7iftlik bir sipari\u015fe ihtiya\u00e7 duyuyoruz ve bu y\u00fcksek talep g\u00f6ren \u00fcr\u00fcnleri verimli bir \u015fekilde stoklaman\u0131za olanak tan\u0131yoruz. \u00c7ift ba\u015f\u0131na sadece USD ile rekabet\u00e7i toptan fiyatland\u0131rman\u0131n keyfini \u00e7\u0131kar\u0131n. Sipari\u015finiz, standart kargo teslim s\u00fcresine ek olarak 12 g\u00fcn i\u00e7inde i\u015fleme al\u0131nacak ve g\u00f6nderime haz\u0131r hale gelecektir. Bu zamans\u0131z ve aranan \u00fcr\u00fcnlerle envanterinizi y\u00fckseltin <strong>Erkek Deri Horsebit Loafer<\/strong>, M\u00fc\u015fterilerinizi etkilemeyi ve \u00fcr\u00fcn sunumunuzu geli\u015ftirmeyi garanti eder. Bug\u00fcn kaliteye, konfora ve stile yat\u0131r\u0131m yap\u0131n.<\/p>","protected":false},"excerpt":{"rendered":"<ul>\n<li>Premium Dana Derisi D\u0131\u015f Y\u00fczey<\/li>\n<li>L\u00fcks Ke\u00e7i Derisi \u0130\u00e7 Mekan<\/li>\n<li>Konfor odakl\u0131 Microlight Taban<\/li>\n<li>Zarif Alt\u0131n At Kemeri Detay\u0131<\/li>\n<li>Topuk Y\u00fcksekli\u011fi: 1-3 cm<\/li>\n<li>Bedenlerde mevcuttur: 39-45<\/li>\n<li>Minimum Sipari\u015f Miktar\u0131: 8 \u00c7ift<\/li>\n<li>Toptan Sat\u0131\u015f Fiyat\u0131: \u00c7ift ba\u015f\u0131na USD<\/li>\n<li>Teslimat S\u00fcresi: 12 G\u00fcn + Kargo<\/li>\n<\/ul>","protected":false},"featured_media":3675,"template":"","meta":{"_acf_changed":false,"_uag_custom_page_level_css":"","site-sidebar-layout":"default","site-content-layout":"","ast-site-content-layout":"default","site-content-style":"default","site-sidebar-style":"default","ast-global-header-display":"","ast-banner-title-visibility":"","ast-main-header-display":"","ast-hfb-above-header-display":"","ast-hfb-below-header-display":"","ast-hfb-mobile-header-display":"","site-post-title":"","ast-breadcrumbs-content":"","ast-featured-img":"","footer-sml-layout":"","ast-disable-related-posts":"","theme-transparent-header-meta":"default","adv-header-id-meta":"","stick-header-meta":"","header-above-stick-meta":"","header-main-stick-meta":"","header-below-stick-meta":"","astra-migrate-meta-layouts":"set","ast-page-background-enabled":"default","ast-page-background-meta":{"desktop":{"background-color":"var(--ast-global-color-4)","background-image":"","background-repeat":"repeat","background-position":"center center","background-size":"auto","background-attachment":"scroll","background-type":"","background-media":"","overlay-type":"","overlay-color":"","overlay-opacity":"","overlay-gradient":""},"tablet":{"background-color":"","background-image":"","background-repeat":"repeat","background-position":"center center","background-size":"auto","background-attachment":"scroll","background-type":"","background-media":"","overlay-type":"","overlay-color":"","overlay-opacity":"","overlay-gradient":""},"mobile":{"background-color":"","background-image":"","background-repeat":"repeat","background-position":"center center","background-size":"auto","background-attachment":"scroll","background-type":"","background-media":"","overlay-type":"","overlay-color":"","overlay-opacity":"","overlay-gradient":""}},"ast-content-background-meta":{"desktop":{"background-color":"var(--ast-global-color-5)","background-image":"","background-repeat":"repeat","background-position":"center center","background-size":"auto","background-attachment":"scroll","background-type":"","background-media":"","overlay-type":"","overlay-color":"","overlay-opacity":"","overlay-gradient":""},"tablet":{"background-color":"var(--ast-global-color-5)","background-image":"","background-repeat":"repeat","background-position":"center center","background-size":"auto","background-attachment":"scroll","background-type":"","background-media":"","overlay-type":"","overlay-color":"","overlay-opacity":"","overlay-gradient":""},"mobile":{"background-color":"var(--ast-global-color-5)","background-image":"","background-repeat":"repeat","background-position":"center center","background-size":"auto","background-attachment":"scroll","background-type":"","background-media":"","overlay-type":"","overlay-color":"","overlay-opacity":"","overlay-gradient":""}}},"product_brand":[],"product_cat":[48,47,49,430,40],"product_tag":[370,185,284,189,327,215,198,186,466,184,281],"class_list":{"0":"post-5469","1":"product","2":"type-product","3":"status-publish","4":"has-post-thumbnail","6":"product_cat-casual","7":"product_cat-classic","8":"product_cat-loafer","9":"product_cat-men","10":"product_cat-mens-shoes","11":"product_tag-black-loafers","12":"product_tag-calf-leather-shoes","13":"product_tag-dress-shoes","14":"product_tag-goat-leather-lining","15":"product_tag-horsebit-loafers","16":"product_tag-leather-loafers","17":"product_tag-mens-fashion","18":"product_tag-mens-loafers","19":"product_tag-microlight-sole","20":"product_tag-slip-on-shoes","21":"product_tag-wholesale-shoes","22":"desktop-align-center","23":"tablet-align-center","24":"mobile-align-center","26":"first","27":"instock","28":"shipping-taxable","29":"purchasable","30":"product-type-variable","31":"has-default-attributes"},"acf":[],"uagb_featured_image_src":{"full":["https:\/\/turkishtrade.co\/wp-content\/uploads\/2026\/01\/2400EJOMN00192-BLACK-4SL_01.png",453,250,false],"thumbnail":["https:\/\/turkishtrade.co\/wp-content\/uploads\/2026\/01\/2400EJOMN00192-BLACK-4SL_01-150x150.png",150,150,true],"medium":["https:\/\/turkishtrade.co\/wp-content\/uploads\/2026\/01\/2400EJOMN00192-BLACK-4SL_01-300x166.png",300,166,true],"medium_large":["https:\/\/turkishtrade.co\/wp-content\/uploads\/2026\/01\/2400EJOMN00192-BLACK-4SL_01.png",453,250,false],"large":["https:\/\/turkishtrade.co\/wp-content\/uploads\/2026\/01\/2400EJOMN00192-BLACK-4SL_01.png",453,250,false],"1536x1536":["https:\/\/turkishtrade.co\/wp-content\/uploads\/2026\/01\/2400EJOMN00192-BLACK-4SL_01.png",453,250,false],"2048x2048":["https:\/\/turkishtrade.co\/wp-content\/uploads\/2026\/01\/2400EJOMN00192-BLACK-4SL_01.png",453,250,false],"trp-custom-language-flag":["https:\/\/turkishtrade.co\/wp-content\/uploads\/2026\/01\/2400EJOMN00192-BLACK-4SL_01-18x10.png",18,10,true],"woocommerce_thumbnail":["https:\/\/turkishtrade.co\/wp-content\/uploads\/2026\/01\/2400EJOMN00192-BLACK-4SL_01-400x250.png",400,250,true],"woocommerce_single":["https:\/\/turkishtrade.co\/wp-content\/uploads\/2026\/01\/2400EJOMN00192-BLACK-4SL_01.png",453,250,false],"woocommerce_gallery_thumbnail":["https:\/\/turkishtrade.co\/wp-content\/uploads\/2026\/01\/2400EJOMN00192-BLACK-4SL_01-100x100.png",100,100,true]},"uagb_author_info":{"display_name":"yaser olabi","author_link":"https:\/\/turkishtrade.co\/tr\/author\/"},"uagb_comment_info":0,"uagb_excerpt":"Premium Calf Leather Exterior Luxurious Goat Leather Interior Comfort-driven Microlight Sole Elegant Gold Horsebit Detail Heel Height: 1-3 cm Available in Sizes: 39-45 Minimum Order Quantity: 8 Pairs Wholesale Price: USD per pair Delivery Time: 12 Days + Shipping","_links":{"self":[{"href":"https:\/\/turkishtrade.co\/tr\/wp-json\/wp\/v2\/product\/5469","targetHints":{"allow":["GET"]}}],"collection":[{"href":"https:\/\/turkishtrade.co\/tr\/wp-json\/wp\/v2\/product"}],"about":[{"href":"https:\/\/turkishtrade.co\/tr\/wp-json\/wp\/v2\/types\/product"}],"wp:featuredmedia":[{"embeddable":true,"href":"https:\/\/turkishtrade.co\/tr\/wp-json\/wp\/v2\/media\/3675"}],"wp:attachment":[{"href":"https:\/\/turkishtrade.co\/tr\/wp-json\/wp\/v2\/media?parent=5469"}],"wp:term":[{"taxonomy":"product_brand","embeddable":true,"href":"https:\/\/turkishtrade.co\/tr\/wp-json\/wp\/v2\/product_brand?post=5469"},{"taxonomy":"product_cat","embeddable":true,"href":"https:\/\/turkishtrade.co\/tr\/wp-json\/wp\/v2\/product_cat?post=5469"},{"taxonomy":"product_tag","embeddable":true,"href":"https:\/\/turkishtrade.co\/tr\/wp-json\/wp\/v2\/product_tag?post=5469"}],"curies":[{"name":"wp","href":"https:\/\/api.w.org\/{rel}","templated":true}]}}